{"id":27148,"date":"2025-03-08T15:25:08","date_gmt":"2025-03-08T15:25:08","guid":{"rendered":"https:\/\/repairandshop.ch\/google-pixel-7\/"},"modified":"2025-10-07T13:40:48","modified_gmt":"2025-10-07T13:40:48","slug":"google-pixel-7-repair","status":"publish","type":"page","link":"https:\/\/repairandshop.ch\/en\/google-pixel-7-repair\/","title":{"rendered":"Google Pixel 7"},"content":{"rendered":"\t\t<div data-elementor-type=\"wp-page\" data-elementor-id=\"27148\" class=\"elementor elementor-27148 elementor-16992\" data-elementor-settings=\"{&quot;ha_cmc_init_switcher&quot;:&quot;no&quot;}\" data-elementor-post-type=\"page\">\n\t\t\t\t<div class=\"elementor-element elementor-element-12d9f10 e-con-full e-flex e-con e-parent\" data-id=\"12d9f10\" data-element_type=\"container\" data-e-type=\"container\" data-settings=\"{&quot;background_background&quot;:&quot;classic&quot;,&quot;_ha_eqh_enable&quot;:false}\">\n\t\t<div class=\"elementor-element elementor-element-9b8d134 e-con-full e-flex e-con e-child\" data-id=\"9b8d134\" data-element_type=\"container\" data-e-type=\"container\" data-settings=\"{&quot;_ha_eqh_enable&quot;:false}\">\n\t\t\t\t<div class=\"elementor-element elementor-element-eb4352f elementor-widget elementor-widget-heading\" data-id=\"eb4352f\" data-element_type=\"widget\" data-e-type=\"widget\" data-widget_type=\"heading.default\">\n\t\t\t\t<div class=\"elementor-widget-container\">\n\t\t\t\t\t<h2 class=\"elementor-heading-title elementor-size-default\">Google Pixel 7 repair<\/h2>\t\t\t\t<\/div>\n\t\t\t\t<\/div>\n\t\t\t\t<div class=\"elementor-element elementor-element-44eb389 elementor-widget elementor-widget-image\" data-id=\"44eb389\" data-element_type=\"widget\" data-e-type=\"widget\" data-widget_type=\"image.default\">\n\t\t\t\t<div class=\"elementor-widget-container\">\n\t\t\t\t\t\t\t\t\t\t\t\t\t\t\t<img loading=\"lazy\" decoding=\"async\" width=\"300\" height=\"300\" src=\"https:\/\/repairandshop.ch\/wp-content\/uploads\/2025\/03\/Google-Pixel-7-reparatur-express-basel-zuerich-bern-luzern-300x300-1.jpeg\" class=\"attachment-large size-large wp-image-26399\" alt=\"\" srcset=\"https:\/\/repairandshop.ch\/wp-content\/uploads\/2025\/03\/Google-Pixel-7-reparatur-express-basel-zuerich-bern-luzern-300x300-1.jpeg 300w, https:\/\/repairandshop.ch\/wp-content\/uploads\/2025\/03\/Google-Pixel-7-reparatur-express-basel-zuerich-bern-luzern-300x300-1-150x150.jpeg 150w\" sizes=\"auto, (max-width: 300px) 100vw, 300px\" \/>\t\t\t\t\t\t\t\t\t\t\t\t\t\t\t<\/div>\n\t\t\t\t<\/div>\n\t\t\t\t<\/div>\n\t\t<div class=\"elementor-element elementor-element-ffcaace e-con-full e-flex e-con e-child\" data-id=\"ffcaace\" data-element_type=\"container\" data-e-type=\"container\" data-settings=\"{&quot;_ha_eqh_enable&quot;:false}\">\n\t\t\t\t<div class=\"elementor-element elementor-element-0bd0628 color-scheme-inherit text-left elementor-widget elementor-widget-text-editor\" data-id=\"0bd0628\" data-element_type=\"widget\" data-e-type=\"widget\" data-widget_type=\"text-editor.default\">\n\t\t\t\t<div class=\"elementor-widget-container\">\n\t\t\t\t\t\t\t\t\t<h3><strong>Google Pixel 7 repair prices:<\/strong><\/h3><table class=\" alignleft\" width=\"663\"><tbody><tr><td>Display replacement<\/td><td>299 CHF<\/td><\/tr><tr><td>Battery replacement<\/td><td>159 CHF<\/td><\/tr><tr><td>Back<\/td><td>229 CHF<\/td><\/tr><tr><td>Software \/ Update<\/td><td> 39 CHF<\/td><\/tr><tr><td>Other repairs on request<\/td><td>xx.x<\/td><\/tr><\/tbody><\/table><p> <\/p>\t\t\t\t\t\t\t\t<\/div>\n\t\t\t\t<\/div>\n\t\t\t\t<\/div>\n\t\t\t\t<\/div>\n\t\t<div class=\"wd-negative-gap elementor-element elementor-element-92d3a26 e-flex e-con-boxed e-con e-parent\" data-id=\"92d3a26\" data-element_type=\"container\" data-e-type=\"container\" data-settings=\"{&quot;background_background&quot;:&quot;classic&quot;,&quot;_ha_eqh_enable&quot;:false}\">\n\t\t\t\t\t<div class=\"e-con-inner\">\n\t\t<div class=\"elementor-element elementor-element-ccd29b3 e-con-full e-flex e-con e-child\" data-id=\"ccd29b3\" data-element_type=\"container\" data-e-type=\"container\" data-settings=\"{&quot;_ha_eqh_enable&quot;:false}\">\n\t\t\t\t<div class=\"elementor-element elementor-element-d0a2651 elementor-align-justify elementor-widget elementor-widget-button\" data-id=\"d0a2651\" data-element_type=\"widget\" data-e-type=\"widget\" data-widget_type=\"button.default\">\n\t\t\t\t<div class=\"elementor-widget-container\">\n\t\t\t\t\t\t\t\t\t<div class=\"elementor-button-wrapper\">\n\t\t\t\t\t<a class=\"elementor-button elementor-button-link elementor-size-sm\" href=\"https:\/\/repairandshop.ch\/zur-reparatur-vorbeibringen\/\">\n\t\t\t\t\t\t<span class=\"elementor-button-content-wrapper\">\n\t\t\t\t\t\t<span class=\"elementor-button-icon\">\n\t\t\t\t<svg aria-hidden=\"true\" class=\"e-font-icon-svg e-fas-map-marker-alt\" viewBox=\"0 0 384 512\" xmlns=\"http:\/\/www.w3.org\/2000\/svg\"><path d=\"M172.268 501.67C26.97 291.031 0 269.413 0 192 0 85.961 85.961 0 192 0s192 85.961 192 192c0 77.413-26.97 99.031-172.268 309.67-9.535 13.774-29.93 13.773-39.464 0zM192 272c44.183 0 80-35.817 80-80s-35.817-80-80-80-80 35.817-80 80 35.817 80 80 80z\"><\/path><\/svg>\t\t\t<\/span>\n\t\t\t\t\t\t\t\t\t<span class=\"elementor-button-text\">Bring in for repair<\/span>\n\t\t\t\t\t<\/span>\n\t\t\t\t\t<\/a>\n\t\t\t\t<\/div>\n\t\t\t\t\t\t\t\t<\/div>\n\t\t\t\t<\/div>\n\t\t\t\t<\/div>\n\t\t<div class=\"elementor-element elementor-element-c084f3b e-con-full e-flex e-con e-child\" data-id=\"c084f3b\" data-element_type=\"container\" data-e-type=\"container\" data-settings=\"{&quot;_ha_eqh_enable&quot;:false}\">\n\t\t\t\t<div class=\"elementor-element elementor-element-e591d1e elementor-align-justify elementor-widget elementor-widget-button\" data-id=\"e591d1e\" data-element_type=\"widget\" data-e-type=\"widget\" data-widget_type=\"button.default\">\n\t\t\t\t<div class=\"elementor-widget-container\">\n\t\t\t\t\t\t\t\t\t<div class=\"elementor-button-wrapper\">\n\t\t\t\t\t<a class=\"elementor-button elementor-button-link elementor-size-sm\" href=\"https:\/\/repairandshop.ch\/zur-reparatur-einsenden\/\">\n\t\t\t\t\t\t<span class=\"elementor-button-content-wrapper\">\n\t\t\t\t\t\t<span class=\"elementor-button-icon\">\n\t\t\t\t<svg aria-hidden=\"true\" class=\"e-font-icon-svg e-fas-shopping-cart\" viewBox=\"0 0 576 512\" xmlns=\"http:\/\/www.w3.org\/2000\/svg\"><path d=\"M528.12 301.319l47.273-208C578.806 78.301 567.391 64 551.99 64H159.208l-9.166-44.81C147.758 8.021 137.93 0 126.529 0H24C10.745 0 0 10.745 0 24v16c0 13.255 10.745 24 24 24h69.883l70.248 343.435C147.325 417.1 136 435.222 136 456c0 30.928 25.072 56 56 56s56-25.072 56-56c0-15.674-6.447-29.835-16.824-40h209.647C430.447 426.165 424 440.326 424 456c0 30.928 25.072 56 56 56s56-25.072 56-56c0-22.172-12.888-41.332-31.579-50.405l5.517-24.276c3.413-15.018-8.002-29.319-23.403-29.319H218.117l-6.545-32h293.145c11.206 0 20.92-7.754 23.403-18.681z\"><\/path><\/svg>\t\t\t<\/span>\n\t\t\t\t\t\t\t\t\t<span class=\"elementor-button-text\">Send in for repair<\/span>\n\t\t\t\t\t<\/span>\n\t\t\t\t\t<\/a>\n\t\t\t\t<\/div>\n\t\t\t\t\t\t\t\t<\/div>\n\t\t\t\t<\/div>\n\t\t\t\t<\/div>\n\t\t\t\t\t<\/div>\n\t\t\t\t<\/div>\n\t\t<div class=\"wd-negative-gap elementor-element elementor-element-f550af3 e-flex e-con-boxed e-con e-parent\" data-id=\"f550af3\" data-element_type=\"container\" data-e-type=\"container\" data-settings=\"{&quot;_ha_eqh_enable&quot;:false}\">\n\t\t\t\t\t<div class=\"e-con-inner\">\n\t\t\t\t<div class=\"elementor-element elementor-element-4cb1b4e elementor-widget elementor-widget-wd_text_block\" data-id=\"4cb1b4e\" data-element_type=\"widget\" data-e-type=\"widget\" data-widget_type=\"wd_text_block.default\">\n\t\t\t\t<div class=\"elementor-widget-container\">\n\t\t\t\t\t\t\t<div class=\"wd-text-block reset-last-child text-left\">\n\t\t\t\n\t\t\t<div class=\"fl-row fl-row-full-width fl-row-bg-none fl-node-6149d743c157a fl-row-custom-height fl-row-align-center\" data-node=\"6149d743c157a\"><div class=\"fl-row-content-wrap\"><div class=\"fl-row-content fl-row-full-width fl-node-content\"><div class=\"fl-col-group fl-node-6149d743ca4f4\" data-node=\"6149d743ca4f4\"><div class=\"fl-col fl-node-6149d743ca5a9 fl-col-bg-color\" data-node=\"6149d743ca5a9\"><div class=\"fl-col-content fl-node-content\"><div class=\"fl-module fl-module-rich-text fl-node-6149d743c0ddd\" data-node=\"6149d743c0ddd\"><div class=\"fl-module-content fl-node-content\"><div class=\"fl-rich-text\"><div class=\"fl-row fl-row-fixed-width fl-row-bg-none fl-node-eu1sbzolt2y8 fl-row-default-height fl-row-align-center\" data-node=\"eu1sbzolt2y8\"><div class=\"fl-row-content-wrap\"><div class=\"fl-row-content fl-row-fixed-width fl-node-content\"><div class=\"fl-col-group fl-node-biuk1x2rl8zc\" data-node=\"biuk1x2rl8zc\"><div class=\"fl-col fl-node-8nhfulatc7ei fl-col-bg-color\" data-node=\"8nhfulatc7ei\"><div class=\"fl-col-content fl-node-content\"><div class=\"fl-module fl-module-cta fl-node-qdikw1jr36hl\" data-node=\"qdikw1jr36hl\"><div class=\"fl-module-content fl-node-content\"><div class=\"fl-cta-wrap fl-cta-inline\"><div class=\"fl-cta-text\"><div class=\"fl-row fl-row-fixed-width fl-row-bg-none fl-node-z0usp5yfa6kx fl-row-default-height fl-row-align-center\" data-node=\"z0usp5yfa6kx\"><div class=\"fl-row-content-wrap\"><div class=\"fl-row-content fl-row-fixed-width fl-node-content\"><div class=\"fl-col-group fl-node-45vmxyb3fwil\" data-node=\"45vmxyb3fwil\"><div class=\"fl-col fl-node-8geyvf2j3rt5 fl-col-bg-color\" data-node=\"8geyvf2j3rt5\"><div class=\"fl-col-content fl-node-content\"><div class=\"fl-module fl-module-rich-text fl-node-cx78byotgn0f\" data-node=\"cx78byotgn0f\"><div class=\"fl-module-content fl-node-content\"><div class=\"fl-rich-text\"><div class=\"fl-row fl-row-fixed-width fl-row-bg-none fl-node-5df65a09b6ba5 fl-row-default-height fl-row-align-center\" data-node=\"5df65a09b6ba5\"><div class=\"fl-row-content-wrap\"><div class=\"fl-row-content fl-row-fixed-width fl-node-content\"><div class=\"fl-col-group fl-node-5df65a09ba1d8\" data-node=\"5df65a09ba1d8\"><div class=\"fl-col fl-node-5df65a09ba264 fl-col-bg-color\" data-node=\"5df65a09ba264\"><div class=\"fl-col-content fl-node-content\"><div class=\"fl-module fl-module-rich-text fl-node-5df65a09b687e\" data-node=\"5df65a09b687e\"><div class=\"fl-module-content fl-node-content\"><div class=\"fl-rich-text\"><div class=\"fl-row fl-row-fixed-width fl-row-bg-none fl-node-5df65a09b6ba5 fl-row-default-height fl-row-align-center\" data-node=\"5df65a09b6ba5\"><div class=\"fl-row-content-wrap\"><div class=\"fl-row-content fl-row-fixed-width fl-node-content\"><div class=\"fl-col-group fl-node-5df65a09ba1d8\" data-node=\"5df65a09ba1d8\"><div class=\"fl-col fl-node-5df65a09ba264 fl-col-bg-color\" data-node=\"5df65a09ba264\"><div class=\"fl-col-content fl-node-content\"><div class=\"fl-module fl-module-rich-text fl-node-5df65a09b687e\" data-node=\"5df65a09b687e\"><div class=\"fl-module-content fl-node-content\"><div class=\"fl-rich-text\"><h2 data-start=\"0\" data-end=\"90\"><strong data-start=\"0\" data-end=\"90\">Google Pixel 7 repair service - Switzerland-wide repair service for your Google Pixel<\/strong><\/h2><p class=\"\" data-start=\"92\" data-end=\"269\">Do you need a repair for your Google Pixel? We offer a fast, reliable and Switzerland-wide repair service for all Google Pixel models, including:<\/p><ul data-start=\"271\" data-end=\"512\"><li class=\"\" data-start=\"271\" data-end=\"290\"><p class=\"\" data-start=\"273\" data-end=\"290\">Google Pixel 5 5G<\/p><\/li><li class=\"\" data-start=\"291\" data-end=\"311\"><p class=\"\" data-start=\"293\" data-end=\"311\">Google Pixel 4a 5G<\/p><\/li><li class=\"\" data-start=\"312\" data-end=\"329\"><p class=\"\" data-start=\"314\" data-end=\"329\">Google Pixel 4a<\/p><\/li><li class=\"\" data-start=\"330\" data-end=\"349\"><p class=\"\" data-start=\"332\" data-end=\"349\">Google Pixel 4 XL<\/p><\/li><li class=\"\" data-start=\"350\" data-end=\"366\"><p class=\"\" data-start=\"352\" data-end=\"366\">Google Pixel 4<\/p><\/li><li class=\"\" data-start=\"367\" data-end=\"387\"><p class=\"\" data-start=\"369\" data-end=\"387\">Google Pixel 3a XL<\/p><\/li><li class=\"\" data-start=\"388\" data-end=\"405\"><p class=\"\" data-start=\"390\" data-end=\"405\">Google Pixel 3a<\/p><\/li><li class=\"\" data-start=\"406\" data-end=\"425\"><p class=\"\" data-start=\"408\" data-end=\"425\">Google Pixel 3 XL<\/p><\/li><li class=\"\" data-start=\"426\" data-end=\"442\"><p class=\"\" data-start=\"428\" data-end=\"442\">Google Pixel 3<\/p><\/li><li class=\"\" data-start=\"443\" data-end=\"462\"><p class=\"\" data-start=\"445\" data-end=\"462\">Google Pixel 2 XL<\/p><\/li><li class=\"\" data-start=\"463\" data-end=\"479\"><p class=\"\" data-start=\"465\" data-end=\"479\">Google Pixel 2<\/p><\/li><li class=\"\" data-start=\"480\" data-end=\"497\"><p class=\"\" data-start=\"482\" data-end=\"497\">Google Pixel XL<\/p><\/li><li class=\"\" data-start=\"498\" data-end=\"512\"><p class=\"\" data-start=\"500\" data-end=\"512\">Google Pixel<\/p><\/li><\/ul><p class=\"\" data-start=\"514\" data-end=\"608\">Have your Google Pixel professionally repaired by our Switzerland-wide repair service.<\/p><h3 data-start=\"610\" data-end=\"679\"><strong data-start=\"610\" data-end=\"679\">Repair in Switzerland - From Zurich to Geneva and beyond<\/strong><\/h3><p class=\"\" data-start=\"681\" data-end=\"1227\">Whether you live in Zurich, Geneva, Basel, Lausanne, Bern, Winterthur, Lucerne, St. Gallen, Lugano, Biel\/Bienne, Thun, K\u00f6niz, La Chaux-de-Fonds, Schaffhausen, Fribourg, Chur, Neuch\u00e2tel, Vernier, Uster, Sion, Lancy, Yverdon-les-Bains, Zug, D\u00fcbendorf, Montreux, Frauenfeld, Dietikon, Wetzikon, Rapperswil-Jona, Meyrin or Bellinzona - we offer you a professional repair for your Google Pixel throughout Switzerland. We are your contact when it comes to repairing a damaged Google Pixel quickly and professionally.<\/p><h3 data-start=\"1229\" data-end=\"1281\"><strong data-start=\"1229\" data-end=\"1281\">Free damage analysis and cost estimate<\/strong><\/h3><p class=\"\" data-start=\"1283\" data-end=\"1635\">As soon as we receive your device, we immediately carry out a detailed damage analysis to determine which parts need to be replaced. The repair work is precisely documented and included in detail in our transparent cost estimate. There are no costs for you for the damage analysis and cost estimate.<\/p><p class=\"\" data-start=\"1637\" data-end=\"1749\">Many of our customers choose us because we offer our services at unbeatable prices.<\/p><h3 data-start=\"1751\" data-end=\"1780\"><strong data-start=\"1751\" data-end=\"1780\">Google Pixel repairs:<\/strong><\/h3><ul data-start=\"1782\" data-end=\"2050\"><li class=\"\" data-start=\"1782\" data-end=\"1877\"><p class=\"\" data-start=\"1784\" data-end=\"1877\"><strong data-start=\"1784\" data-end=\"1816\">Google Pixel battery repair:<\/strong> Have the battery changed or replace it if the battery is flat.<\/p><\/li><li class=\"\" data-start=\"1878\" data-end=\"1977\"><p class=\"\" data-start=\"1880\" data-end=\"1977\"><strong data-start=\"1880\" data-end=\"1915\">Google Pixel display repair:<\/strong> Display detached or damaged? We'll take care of it!<\/p><\/li><li class=\"\" data-start=\"1978\" data-end=\"2050\"><p class=\"\" data-start=\"1980\" data-end=\"2050\"><strong data-start=\"1980\" data-end=\"2009\">Google Pixel 7 repair:<\/strong> All repairs for the Google Pixel 7.<\/p><\/li><\/ul><h3 data-start=\"2052\" data-end=\"2096\"><strong data-start=\"2052\" data-end=\"2096\">Online repair - simple and free of charge<\/strong><\/h3><p class=\"\" data-start=\"2098\" data-end=\"2360\">Send your device to us conveniently. We will send you a free DHL parcel label by e-mail, which you can print out and stick on the securely packed parcel. You can then simply drop off the parcel at a DHL parcel center or Packstation.<\/p><h3 data-start=\"2362\" data-end=\"2406\"><strong data-start=\"2362\" data-end=\"2406\">Repair service for various devices<\/strong><\/h3><p class=\"\" data-start=\"2408\" data-end=\"2632\">In addition to Google Pixel, we also repair other devices such as iPhones, Samsung Galaxy, tablets, notebooks and PCs. Our repair service is available throughout Switzerland and we offer a quick solution for all types of damage.<\/p><h4 data-start=\"2634\" data-end=\"2674\"><strong data-start=\"2634\" data-end=\"2674\">6 months warranty on your repair<\/strong><\/h4><p class=\"\" data-start=\"2676\" data-end=\"2830\">We offer you a 6-month guarantee on all repairs carried out. If there are any problems, you can return your device at any time.<\/p><\/div><\/div><\/div><\/div><\/div><\/div><\/div><\/div><\/div><\/div><\/div><\/div><\/div><\/div><\/div><\/div><\/div><\/div><\/div><\/div><\/div><\/div><\/div><\/div><\/div><\/div><\/div><\/div><\/div><\/div><\/div><\/div><\/div><\/div><\/div><\/div><\/div><\/div><\/div><\/div><\/div><\/div><\/div><\/div><\/div><\/div>\n\t\t\t\t\t<\/div>\n\t\t\t\t\t\t<\/div>\n\t\t\t\t<\/div>\n\t\t\t\t\t<\/div>\n\t\t\t\t<\/div>\n\t\t\t\t<\/div>\n\t\t\n    <div class=\"xs_social_share_widget xs_share_url after_content \t\tmain_content  wslu-style-1 wslu-share-box-shaped wslu-fill-colored wslu-none wslu-share-horizontal wslu-theme-font-no wslu-main_content\">\n\n\t\t\n        <ul>\n\t\t\t        <\/ul>\n    <\/div> \n","protected":false},"excerpt":{"rendered":"<p>Google Pixel 7 repair Google Pixel 7 repair prices: Display replacement 299 CHF Battery replacement 159 CHF Back 229 CHF<\/p>\n","protected":false},"author":1,"featured_media":26402,"parent":0,"menu_order":0,"comment_status":"closed","ping_status":"closed","template":"","meta":{"postBodyCss":"","postBodyMargin":[],"postBodyPadding":[],"postBodyBackground":{"backgroundType":"classic","gradient":""},"footnotes":""},"class_list":["post-27148","page","type-page","status-publish","has-post-thumbnail","hentry"],"yoast_head":"<!-- This site is optimized with the Yoast SEO Premium plugin v26.8 (Yoast SEO v27.3) - https:\/\/yoast.com\/product\/yoast-seo-premium-wordpress\/ -->\n<title>Google Pixel 7 repair service in Switzerland<\/title>\n<meta name=\"description\" content=\"Fast and reliable Google Pixel 7 repair in Switzerland. Trusted Pixel phone repair shop for screen, battery, and water damage. Book now!\" \/>\n<meta name=\"robots\" content=\"index, follow, max-snippet:-1, max-image-preview:large, max-video-preview:-1\" \/>\n<link rel=\"canonical\" href=\"https:\/\/repairandshop.ch\/en\/google-pixel-7-repair\/\" \/>\n<meta property=\"og:locale\" content=\"en_US\" \/>\n<meta property=\"og:type\" content=\"article\" \/>\n<meta property=\"og:title\" content=\"Google Pixel 7\" \/>\n<meta property=\"og:description\" content=\"Fast and reliable Google Pixel 7 repair in Switzerland. Trusted Pixel phone repair shop for screen, battery, and water damage. Book now!\" \/>\n<meta property=\"og:url\" content=\"https:\/\/repairandshop.ch\/en\/google-pixel-7-repair\/\" \/>\n<meta property=\"og:site_name\" content=\"repair and shop\" \/>\n<meta property=\"article:modified_time\" content=\"2025-10-07T13:40:48+00:00\" \/>\n<meta property=\"og:image\" content=\"https:\/\/repairandshop.ch\/wp-content\/uploads\/2025\/03\/Google-Pixel-7-reparatur-express-basel-zuerich-bern-luzern-300x300-1.jpeg\" \/>\n<meta name=\"twitter:card\" content=\"summary_large_image\" \/>\n<meta name=\"twitter:label1\" content=\"Est. reading time\" \/>\n\t<meta name=\"twitter:data1\" content=\"3 minutes\" \/>\n<!-- \/ Yoast SEO Premium plugin. -->","yoast_head_json":{"title":"Google Pixel 7 repair service in Switzerland","description":"Fast and reliable Google Pixel 7 repair in Switzerland. Trusted Pixel phone repair shop for screen, battery, and water damage. Book now!","robots":{"index":"index","follow":"follow","max-snippet":"max-snippet:-1","max-image-preview":"max-image-preview:large","max-video-preview":"max-video-preview:-1"},"canonical":"https:\/\/repairandshop.ch\/en\/google-pixel-7-repair\/","og_locale":"en_US","og_type":"article","og_title":"Google Pixel 7","og_description":"Fast and reliable Google Pixel 7 repair in Switzerland. Trusted Pixel phone repair shop for screen, battery, and water damage. Book now!","og_url":"https:\/\/repairandshop.ch\/en\/google-pixel-7-repair\/","og_site_name":"repair and shop","article_modified_time":"2025-10-07T13:40:48+00:00","og_image":[{"url":"https:\/\/repairandshop.ch\/wp-content\/uploads\/2025\/03\/Google-Pixel-7-reparatur-express-basel-zuerich-bern-luzern-300x300-1.jpeg","type":"","width":"","height":""}],"twitter_card":"summary_large_image","twitter_misc":{"Est. reading time":"3 minutes"},"schema":{"@context":"https:\/\/schema.org","@graph":[{"@type":"WebPage","@id":"https:\/\/repairandshop.ch\/en\/google-pixel-7-repair\/","url":"https:\/\/repairandshop.ch\/en\/google-pixel-7-repair\/","name":"Google Pixel 7 repair service in Switzerland","isPartOf":{"@id":"https:\/\/repairandshop.ch\/en\/#website"},"primaryImageOfPage":{"@id":"https:\/\/repairandshop.ch\/en\/google-pixel-7-repair\/#primaryimage"},"image":{"@id":"https:\/\/repairandshop.ch\/en\/google-pixel-7-repair\/#primaryimage"},"thumbnailUrl":"https:\/\/repairandshop.ch\/wp-content\/uploads\/2025\/03\/google-pixel-7-pro-reparatur-1.png","datePublished":"2025-03-08T15:25:08+00:00","dateModified":"2025-10-07T13:40:48+00:00","description":"Fast and reliable Google Pixel 7 repair in Switzerland. Trusted Pixel phone repair shop for screen, battery, and water damage. Book now!","breadcrumb":{"@id":"https:\/\/repairandshop.ch\/en\/google-pixel-7-repair\/#breadcrumb"},"inLanguage":"en-US","potentialAction":[{"@type":"ReadAction","target":["https:\/\/repairandshop.ch\/en\/google-pixel-7-repair\/"]}]},{"@type":"ImageObject","inLanguage":"en-US","@id":"https:\/\/repairandshop.ch\/en\/google-pixel-7-repair\/#primaryimage","url":"https:\/\/repairandshop.ch\/wp-content\/uploads\/2025\/03\/google-pixel-7-pro-reparatur-1.png","contentUrl":"https:\/\/repairandshop.ch\/wp-content\/uploads\/2025\/03\/google-pixel-7-pro-reparatur-1.png","width":300,"height":300,"caption":"https:\/\/prnt.sc\/j6zjNfzUn2dI"},{"@type":"BreadcrumbList","@id":"https:\/\/repairandshop.ch\/en\/google-pixel-7-repair\/#breadcrumb","itemListElement":[{"@type":"ListItem","position":1,"name":"Home","item":"https:\/\/repairandshop.ch\/en\/"},{"@type":"ListItem","position":2,"name":"Google Pixel 7"}]},{"@type":"WebSite","@id":"https:\/\/repairandshop.ch\/en\/#website","url":"https:\/\/repairandshop.ch\/en\/","name":"Repair And Shop","description":"","publisher":{"@id":"https:\/\/repairandshop.ch\/en\/#organization"},"potentialAction":[{"@type":"SearchAction","target":{"@type":"EntryPoint","urlTemplate":"https:\/\/repairandshop.ch\/en\/?s={search_term_string}"},"query-input":{"@type":"PropertyValueSpecification","valueRequired":true,"valueName":"search_term_string"}}],"inLanguage":"en-US"},{"@type":"Organization","@id":"https:\/\/repairandshop.ch\/en\/#organization","name":"Repair And Shop","url":"https:\/\/repairandshop.ch\/en\/","logo":{"@type":"ImageObject","inLanguage":"en-US","@id":"https:\/\/repairandshop.ch\/en\/#\/schema\/logo\/image\/","url":"https:\/\/repairandshop.ch\/wp-content\/uploads\/2025\/02\/RepairandShop-Logo.png","contentUrl":"https:\/\/repairandshop.ch\/wp-content\/uploads\/2025\/02\/RepairandShop-Logo.png","width":834,"height":193,"caption":"Repair And Shop"},"image":{"@id":"https:\/\/repairandshop.ch\/en\/#\/schema\/logo\/image\/"}}]}},"_links":{"self":[{"href":"https:\/\/repairandshop.ch\/en\/wp-json\/wp\/v2\/pages\/27148","targetHints":{"allow":["GET"]}}],"collection":[{"href":"https:\/\/repairandshop.ch\/en\/wp-json\/wp\/v2\/pages"}],"about":[{"href":"https:\/\/repairandshop.ch\/en\/wp-json\/wp\/v2\/types\/page"}],"author":[{"embeddable":true,"href":"https:\/\/repairandshop.ch\/en\/wp-json\/wp\/v2\/users\/1"}],"replies":[{"embeddable":true,"href":"https:\/\/repairandshop.ch\/en\/wp-json\/wp\/v2\/comments?post=27148"}],"version-history":[{"count":0,"href":"https:\/\/repairandshop.ch\/en\/wp-json\/wp\/v2\/pages\/27148\/revisions"}],"wp:featuredmedia":[{"embeddable":true,"href":"https:\/\/repairandshop.ch\/en\/wp-json\/wp\/v2\/media\/26402"}],"wp:attachment":[{"href":"https:\/\/repairandshop.ch\/en\/wp-json\/wp\/v2\/media?parent=27148"}],"curies":[{"name":"wp","href":"https:\/\/api.w.org\/{rel}","templated":true}]}}