{"id":27172,"date":"2025-03-08T15:23:39","date_gmt":"2025-03-08T15:23:39","guid":{"rendered":"https:\/\/repairandshop.ch\/google-pixel-8-pro\/"},"modified":"2025-10-07T13:37:08","modified_gmt":"2025-10-07T13:37:08","slug":"google-pixel-8-pro-repair","status":"publish","type":"page","link":"https:\/\/repairandshop.ch\/en\/google-pixel-8-pro-repair\/","title":{"rendered":"Google Pixel 8 Pro"},"content":{"rendered":"\t\t<div data-elementor-type=\"wp-page\" data-elementor-id=\"27172\" class=\"elementor elementor-27172 elementor-16982\" data-elementor-post-type=\"page\">\n\t\t\t\t<div class=\"elementor-element elementor-element-12d9f10 e-con-full e-flex e-con e-parent\" data-id=\"12d9f10\" data-element_type=\"container\" data-e-type=\"container\" data-settings=\"{&quot;background_background&quot;:&quot;classic&quot;,&quot;_ha_eqh_enable&quot;:false}\">\n\t\t<div class=\"elementor-element elementor-element-9b8d134 e-con-full e-flex e-con e-child\" data-id=\"9b8d134\" data-element_type=\"container\" data-e-type=\"container\" data-settings=\"{&quot;_ha_eqh_enable&quot;:false}\">\n\t\t\t\t<div class=\"elementor-element elementor-element-eb4352f elementor-widget elementor-widget-heading\" data-id=\"eb4352f\" data-element_type=\"widget\" data-e-type=\"widget\" data-widget_type=\"heading.default\">\n\t\t\t\t<div class=\"elementor-widget-container\">\n\t\t\t\t\t<h2 class=\"elementor-heading-title elementor-size-default\">Google Pixel 8 Pro repair  <\/h2>\t\t\t\t<\/div>\n\t\t\t\t<\/div>\n\t\t\t\t<div class=\"elementor-element elementor-element-44eb389 elementor-widget elementor-widget-image\" data-id=\"44eb389\" data-element_type=\"widget\" data-e-type=\"widget\" data-widget_type=\"image.default\">\n\t\t\t\t<div class=\"elementor-widget-container\">\n\t\t\t\t\t\t\t\t\t\t\t\t\t\t\t<img loading=\"lazy\" decoding=\"async\" width=\"300\" height=\"300\" src=\"https:\/\/repairandshop.ch\/wp-content\/uploads\/2025\/03\/google-pixel-8-pro-repair-basel-zurich-freiburg-germany-switzerland-displayrepair-1.png\" class=\"attachment-large size-large wp-image-26411\" alt=\"Google Pixel 8 Pro Reparatur\" srcset=\"https:\/\/repairandshop.ch\/wp-content\/uploads\/2025\/03\/google-pixel-8-pro-repair-basel-zurich-freiburg-germany-switzerland-displayrepair-1.png 300w, https:\/\/repairandshop.ch\/wp-content\/uploads\/2025\/03\/google-pixel-8-pro-repair-basel-zurich-freiburg-germany-switzerland-displayrepair-1-150x150.png 150w\" sizes=\"auto, (max-width: 300px) 100vw, 300px\" \/>\t\t\t\t\t\t\t\t\t\t\t\t\t\t\t<\/div>\n\t\t\t\t<\/div>\n\t\t\t\t<\/div>\n\t\t<div class=\"elementor-element elementor-element-ffcaace e-con-full e-flex e-con e-child\" data-id=\"ffcaace\" data-element_type=\"container\" data-e-type=\"container\" data-settings=\"{&quot;_ha_eqh_enable&quot;:false}\">\n\t\t\t\t<div class=\"elementor-element elementor-element-0bd0628 color-scheme-inherit text-left elementor-widget elementor-widget-text-editor\" data-id=\"0bd0628\" data-element_type=\"widget\" data-e-type=\"widget\" data-widget_type=\"text-editor.default\">\n\t\t\t\t<div class=\"elementor-widget-container\">\n\t\t\t\t\t\t\t\t\t<h3><strong>Google Pixel repair prices:<\/strong><\/h3><table class=\" alignleft\" width=\"663\"><tbody><tr><td>Google Pixel 8 Pro display replacement<\/td><td>499 CHF<\/td><\/tr><tr><td>Google Pixel 8 Pro battery replacement<\/td><td>159 CHF<\/td><\/tr><tr><td>Google Pixel 8 Pro back cover<\/td><td>259 CHF<\/td><\/tr><tr><td>Google Pixel 8 Pro Software \/ Update<\/td><td> 39 CHF<\/td><\/tr><tr><td>Other repairs on request<\/td><td>xx.x<\/td><\/tr><\/tbody><\/table><p> <\/p>\t\t\t\t\t\t\t\t<\/div>\n\t\t\t\t<\/div>\n\t\t\t\t<\/div>\n\t\t\t\t<\/div>\n\t\t<div class=\"wd-negative-gap elementor-element elementor-element-92d3a26 e-flex e-con-boxed e-con e-parent\" data-id=\"92d3a26\" data-element_type=\"container\" data-e-type=\"container\" data-settings=\"{&quot;background_background&quot;:&quot;classic&quot;,&quot;_ha_eqh_enable&quot;:false}\">\n\t\t\t\t\t<div class=\"e-con-inner\">\n\t\t<div class=\"elementor-element elementor-element-ccd29b3 e-con-full e-flex e-con e-child\" data-id=\"ccd29b3\" data-element_type=\"container\" data-e-type=\"container\" data-settings=\"{&quot;_ha_eqh_enable&quot;:false}\">\n\t\t\t\t<div class=\"elementor-element elementor-element-d0a2651 elementor-align-justify elementor-widget elementor-widget-button\" data-id=\"d0a2651\" data-element_type=\"widget\" data-e-type=\"widget\" data-widget_type=\"button.default\">\n\t\t\t\t<div class=\"elementor-widget-container\">\n\t\t\t\t\t\t\t\t\t<div class=\"elementor-button-wrapper\">\n\t\t\t\t\t<a class=\"elementor-button elementor-button-link elementor-size-sm\" href=\"https:\/\/repairandshop.ch\/zur-reparatur-vorbeibringen\/\">\n\t\t\t\t\t\t<span class=\"elementor-button-content-wrapper\">\n\t\t\t\t\t\t<span class=\"elementor-button-icon\">\n\t\t\t\t<svg aria-hidden=\"true\" class=\"e-font-icon-svg e-fas-map-marker-alt\" viewBox=\"0 0 384 512\" xmlns=\"http:\/\/www.w3.org\/2000\/svg\"><path d=\"M172.268 501.67C26.97 291.031 0 269.413 0 192 0 85.961 85.961 0 192 0s192 85.961 192 192c0 77.413-26.97 99.031-172.268 309.67-9.535 13.774-29.93 13.773-39.464 0zM192 272c44.183 0 80-35.817 80-80s-35.817-80-80-80-80 35.817-80 80 35.817 80 80 80z\"><\/path><\/svg>\t\t\t<\/span>\n\t\t\t\t\t\t\t\t\t<span class=\"elementor-button-text\">Bring in for repair<\/span>\n\t\t\t\t\t<\/span>\n\t\t\t\t\t<\/a>\n\t\t\t\t<\/div>\n\t\t\t\t\t\t\t\t<\/div>\n\t\t\t\t<\/div>\n\t\t\t\t<\/div>\n\t\t<div class=\"elementor-element elementor-element-c084f3b e-con-full e-flex e-con e-child\" data-id=\"c084f3b\" data-element_type=\"container\" data-e-type=\"container\" data-settings=\"{&quot;_ha_eqh_enable&quot;:false}\">\n\t\t\t\t<div class=\"elementor-element elementor-element-e591d1e elementor-align-justify elementor-widget elementor-widget-button\" data-id=\"e591d1e\" data-element_type=\"widget\" data-e-type=\"widget\" data-widget_type=\"button.default\">\n\t\t\t\t<div class=\"elementor-widget-container\">\n\t\t\t\t\t\t\t\t\t<div class=\"elementor-button-wrapper\">\n\t\t\t\t\t<a class=\"elementor-button elementor-button-link elementor-size-sm\" href=\"https:\/\/repairandshop.ch\/zur-reparatur-einsenden\/\">\n\t\t\t\t\t\t<span class=\"elementor-button-content-wrapper\">\n\t\t\t\t\t\t<span class=\"elementor-button-icon\">\n\t\t\t\t<svg aria-hidden=\"true\" class=\"e-font-icon-svg e-fas-shopping-cart\" viewBox=\"0 0 576 512\" xmlns=\"http:\/\/www.w3.org\/2000\/svg\"><path d=\"M528.12 301.319l47.273-208C578.806 78.301 567.391 64 551.99 64H159.208l-9.166-44.81C147.758 8.021 137.93 0 126.529 0H24C10.745 0 0 10.745 0 24v16c0 13.255 10.745 24 24 24h69.883l70.248 343.435C147.325 417.1 136 435.222 136 456c0 30.928 25.072 56 56 56s56-25.072 56-56c0-15.674-6.447-29.835-16.824-40h209.647C430.447 426.165 424 440.326 424 456c0 30.928 25.072 56 56 56s56-25.072 56-56c0-22.172-12.888-41.332-31.579-50.405l5.517-24.276c3.413-15.018-8.002-29.319-23.403-29.319H218.117l-6.545-32h293.145c11.206 0 20.92-7.754 23.403-18.681z\"><\/path><\/svg>\t\t\t<\/span>\n\t\t\t\t\t\t\t\t\t<span class=\"elementor-button-text\">Send in for repair<\/span>\n\t\t\t\t\t<\/span>\n\t\t\t\t\t<\/a>\n\t\t\t\t<\/div>\n\t\t\t\t\t\t\t\t<\/div>\n\t\t\t\t<\/div>\n\t\t\t\t<\/div>\n\t\t\t\t\t<\/div>\n\t\t\t\t<\/div>\n\t\t<div class=\"wd-negative-gap elementor-element elementor-element-4854544 e-flex e-con-boxed e-con e-parent\" data-id=\"4854544\" data-element_type=\"container\" data-e-type=\"container\" data-settings=\"{&quot;_ha_eqh_enable&quot;:false}\">\n\t\t\t\t\t<div class=\"e-con-inner\">\n\t\t\t\t<div class=\"elementor-element elementor-element-8c22e71 elementor-widget elementor-widget-wd_text_block\" data-id=\"8c22e71\" data-element_type=\"widget\" data-e-type=\"widget\" data-widget_type=\"wd_text_block.default\">\n\t\t\t\t<div class=\"elementor-widget-container\">\n\t\t\t\t\t\t\t<div class=\"wd-text-block reset-last-child text-left\">\n\t\t\t\n\t\t\t<div class=\"fl-row fl-row-full-width fl-row-bg-none fl-node-6149d743c157a fl-row-custom-height fl-row-align-center\" data-node=\"6149d743c157a\"><div class=\"fl-row-content-wrap\"><div class=\"fl-row-content fl-row-full-width fl-node-content\"><div class=\"fl-col-group fl-node-6149d743ca4f4\" data-node=\"6149d743ca4f4\"><div class=\"fl-col fl-node-6149d743ca5a9 fl-col-bg-color\" data-node=\"6149d743ca5a9\"><div class=\"fl-col-content fl-node-content\"><div class=\"fl-module fl-module-rich-text fl-node-6149d743c0ddd\" data-node=\"6149d743c0ddd\"><div class=\"fl-module-content fl-node-content\"><div class=\"fl-rich-text\"><div class=\"fl-row fl-row-fixed-width fl-row-bg-none fl-node-eu1sbzolt2y8 fl-row-default-height fl-row-align-center\" data-node=\"eu1sbzolt2y8\"><div class=\"fl-row-content-wrap\"><div class=\"fl-row-content fl-row-fixed-width fl-node-content\"><div class=\"fl-col-group fl-node-biuk1x2rl8zc\" data-node=\"biuk1x2rl8zc\"><div class=\"fl-col fl-node-8nhfulatc7ei fl-col-bg-color\" data-node=\"8nhfulatc7ei\"><div class=\"fl-col-content fl-node-content\"><div class=\"fl-module fl-module-cta fl-node-qdikw1jr36hl\" data-node=\"qdikw1jr36hl\"><div class=\"fl-module-content fl-node-content\"><div class=\"fl-cta-wrap fl-cta-inline\"><div class=\"fl-cta-text\"><div class=\"fl-row fl-row-fixed-width fl-row-bg-none fl-node-z0usp5yfa6kx fl-row-default-height fl-row-align-center\" data-node=\"z0usp5yfa6kx\"><div class=\"fl-row-content-wrap\"><div class=\"fl-row-content fl-row-fixed-width fl-node-content\"><div class=\"fl-col-group fl-node-45vmxyb3fwil\" data-node=\"45vmxyb3fwil\"><div class=\"fl-col fl-node-8geyvf2j3rt5 fl-col-bg-color\" data-node=\"8geyvf2j3rt5\"><div class=\"fl-col-content fl-node-content\"><div class=\"fl-module fl-module-rich-text fl-node-cx78byotgn0f\" data-node=\"cx78byotgn0f\"><div class=\"fl-module-content fl-node-content\"><div class=\"fl-rich-text\"><div class=\"fl-row fl-row-fixed-width fl-row-bg-none fl-node-5df65a09b6ba5 fl-row-default-height fl-row-align-center\" data-node=\"5df65a09b6ba5\"><div class=\"fl-row-content-wrap\"><div class=\"fl-row-content fl-row-fixed-width fl-node-content\"><div class=\"fl-col-group fl-node-5df65a09ba1d8\" data-node=\"5df65a09ba1d8\"><div class=\"fl-col fl-node-5df65a09ba264 fl-col-bg-color\" data-node=\"5df65a09ba264\"><div class=\"fl-col-content fl-node-content\"><div class=\"fl-module fl-module-rich-text fl-node-5df65a09b687e\" data-node=\"5df65a09b687e\"><div class=\"fl-module-content fl-node-content\"><div class=\"fl-rich-text\"><div class=\"fl-row fl-row-fixed-width fl-row-bg-none fl-node-5df65a09b6ba5 fl-row-default-height fl-row-align-center\" data-node=\"5df65a09b6ba5\"><div class=\"fl-row-content-wrap\"><div class=\"fl-row-content fl-row-fixed-width fl-node-content\"><div class=\"fl-col-group fl-node-5df65a09ba1d8\" data-node=\"5df65a09ba1d8\"><div class=\"fl-col fl-node-5df65a09ba264 fl-col-bg-color\" data-node=\"5df65a09ba264\"><div class=\"fl-col-content fl-node-content\"><div class=\"fl-module fl-module-rich-text fl-node-5df65a09b687e\" data-node=\"5df65a09b687e\"><div class=\"fl-module-content fl-node-content\"><div class=\"fl-rich-text\"><h2 class=\"\" data-start=\"67\" data-end=\"121\">Google Pixel 8 Pro repair service in Switzerland<\/h2><p class=\"\" data-start=\"123\" data-end=\"308\">Do you need a fast and reliable repair for your Google Pixel? Our repair service offers professional repairs for the following models throughout Switzerland:<\/p><ul data-start=\"310\" data-end=\"577\"><li class=\"\" data-start=\"310\" data-end=\"331\"><p class=\"\" data-start=\"312\" data-end=\"331\">Google Pixel 5 5G<\/p><\/li><li class=\"\" data-start=\"332\" data-end=\"354\"><p class=\"\" data-start=\"334\" data-end=\"354\">Google Pixel 4a 5G<\/p><\/li><li class=\"\" data-start=\"355\" data-end=\"374\"><p class=\"\" data-start=\"357\" data-end=\"374\">Google Pixel 4a<\/p><\/li><li class=\"\" data-start=\"375\" data-end=\"396\"><p class=\"\" data-start=\"377\" data-end=\"396\">Google Pixel 4 XL<\/p><\/li><li class=\"\" data-start=\"397\" data-end=\"415\"><p class=\"\" data-start=\"399\" data-end=\"415\">Google Pixel 4<\/p><\/li><li class=\"\" data-start=\"416\" data-end=\"438\"><p class=\"\" data-start=\"418\" data-end=\"438\">Google Pixel 3a XL<\/p><\/li><li class=\"\" data-start=\"439\" data-end=\"458\"><p class=\"\" data-start=\"441\" data-end=\"458\">Google Pixel 3a<\/p><\/li><li class=\"\" data-start=\"459\" data-end=\"480\"><p class=\"\" data-start=\"461\" data-end=\"480\">Google Pixel 3 XL<\/p><\/li><li class=\"\" data-start=\"481\" data-end=\"499\"><p class=\"\" data-start=\"483\" data-end=\"499\">Google Pixel 3<\/p><\/li><li class=\"\" data-start=\"500\" data-end=\"521\"><p class=\"\" data-start=\"502\" data-end=\"521\">Google Pixel 2 XL<\/p><\/li><li class=\"\" data-start=\"522\" data-end=\"540\"><p class=\"\" data-start=\"524\" data-end=\"540\">Google Pixel 2<\/p><\/li><li class=\"\" data-start=\"541\" data-end=\"560\"><p class=\"\" data-start=\"543\" data-end=\"560\">Google Pixel XL<\/p><\/li><li class=\"\" data-start=\"561\" data-end=\"577\"><p class=\"\" data-start=\"563\" data-end=\"577\">Google Pixel<\/p><\/li><\/ul><h2 class=\"\" data-start=\"579\" data-end=\"626\">Google Pixel repair service in Switzerland<\/h2><p class=\"\" data-start=\"628\" data-end=\"1015\">Whether you live in Zurich, Geneva, Basel, Lausanne, Bern, Winterthur, Lucerne, St. Gallen, Lugano, Biel\/Bienne, Thun, K\u00f6niz, La Chaux-de-Fonds, Schaffhausen, Fribourg, Chur, Neuch\u00e2tel, Vernier, Uster, Sion, Lancy, Yverdon-les-Bains, Zug, D\u00fcbendorf, Montreux, Frauenfeld, Dietikon, Wetzikon, Rapperswil-Jona, Meyrin or Bellinzona, our repair service is available to you nationwide.<\/p><h2 class=\"\" data-start=\"1017\" data-end=\"1036\">Repair process<\/h2><p class=\"\" data-start=\"1038\" data-end=\"1454\">As soon as we receive your device, we carry out a detailed damage analysis to determine which parts need to be repaired or replaced. All repair work is documented and included in a transparent cost estimate. The damage analysis and cost estimate are free of charge for you. Our customers appreciate our good price-performance ratio and fast service.<\/p><h2 class=\"\" data-start=\"1456\" data-end=\"1482\">Online repair service<\/h2><ul data-start=\"1484\" data-end=\"1768\"><li class=\"\" data-start=\"1484\" data-end=\"1768\"><p class=\"\" data-start=\"1486\" data-end=\"1768\">Free return + free return shipping<br data-start=\"1535\" data-end=\"1538\">You will receive a prepaid DHL parcel label from us by email, which you can simply print out and stick on your well-packed parcel. You can then conveniently drop off the parcel at a DHL parcel center or packing station.<\/p><\/li><\/ul><p class=\"\" data-start=\"1770\" data-end=\"1920\">Entrust us with your Google Pixel repair and benefit from a reliable, fast and affordable service throughout Switzerland.<\/p><\/div><\/div><\/div><\/div><\/div><\/div><\/div><\/div><\/div><\/div><\/div><\/div><\/div><\/div><\/div><\/div><\/div><\/div><\/div><\/div><\/div><\/div><\/div><\/div><\/div><\/div><\/div><\/div><\/div><\/div><\/div><\/div><\/div><\/div><\/div><\/div><\/div><\/div><\/div><\/div><\/div><\/div><\/div><\/div><\/div><\/div>\n\t\t\t\t\t<\/div>\n\t\t\t\t\t\t<\/div>\n\t\t\t\t<\/div>\n\t\t\t\t\t<\/div>\n\t\t\t\t<\/div>\n\t\t\t\t<\/div>\n\t\t\n    <div class=\"xs_social_share_widget xs_share_url after_content \t\tmain_content  wslu-style-1 wslu-share-box-shaped wslu-fill-colored wslu-none wslu-share-horizontal wslu-theme-font-no wslu-main_content\">\n\n\t\t\n        <ul>\n\t\t\t        <\/ul>\n    <\/div> \n","protected":false},"excerpt":{"rendered":"<p>Google Pixel 8 Pro repair Google Pixel repair prices: Google Pixel 8 Pro display replacement 499 CHF Google Pixel 8<\/p>\n","protected":false},"author":1,"featured_media":26411,"parent":0,"menu_order":0,"comment_status":"closed","ping_status":"closed","template":"","meta":{"postBodyCss":"","postBodyMargin":[],"postBodyPadding":[],"postBodyBackground":{"backgroundType":"classic","gradient":""},"footnotes":""},"class_list":["post-27172","page","type-page","status-publish","has-post-thumbnail","hentry"],"yoast_head":"<!-- This site is optimized with the Yoast SEO Premium plugin v26.8 (Yoast SEO v27.3) - https:\/\/yoast.com\/product\/yoast-seo-premium-wordpress\/ -->\n<title>Trusted Pixel 8 Pro Repair Shop in Switzerland<\/title>\n<meta name=\"description\" content=\"Need Google Pixel 8 Pro phone repair? Our Swiss repair shop offers expert screen, battery &amp; camera fixes with genuine parts and fast service.\" \/>\n<meta name=\"robots\" content=\"index, follow, max-snippet:-1, max-image-preview:large, max-video-preview:-1\" \/>\n<link rel=\"canonical\" href=\"https:\/\/repairandshop.ch\/en\/google-pixel-8-pro-repair\/\" \/>\n<meta property=\"og:locale\" content=\"en_US\" \/>\n<meta property=\"og:type\" content=\"article\" \/>\n<meta property=\"og:title\" content=\"Google Pixel 8 Pro\" \/>\n<meta property=\"og:description\" content=\"Need Google Pixel 8 Pro phone repair? Our Swiss repair shop offers expert screen, battery &amp; camera fixes with genuine parts and fast service.\" \/>\n<meta property=\"og:url\" content=\"https:\/\/repairandshop.ch\/en\/google-pixel-8-pro-repair\/\" \/>\n<meta property=\"og:site_name\" content=\"repair and shop\" \/>\n<meta property=\"article:modified_time\" content=\"2025-10-07T13:37:08+00:00\" \/>\n<meta property=\"og:image\" content=\"https:\/\/repairandshop.ch\/wp-content\/uploads\/2025\/03\/google-pixel-8-pro-repair-basel-zurich-freiburg-germany-switzerland-displayrepair-1.png\" \/>\n<meta name=\"twitter:card\" content=\"summary_large_image\" \/>\n<meta name=\"twitter:label1\" content=\"Est. reading time\" \/>\n\t<meta name=\"twitter:data1\" content=\"2 minutes\" \/>\n<!-- \/ Yoast SEO Premium plugin. -->","yoast_head_json":{"title":"Trusted Pixel 8 Pro Repair Shop in Switzerland","description":"Need Google Pixel 8 Pro phone repair? Our Swiss repair shop offers expert screen, battery & camera fixes with genuine parts and fast service.","robots":{"index":"index","follow":"follow","max-snippet":"max-snippet:-1","max-image-preview":"max-image-preview:large","max-video-preview":"max-video-preview:-1"},"canonical":"https:\/\/repairandshop.ch\/en\/google-pixel-8-pro-repair\/","og_locale":"en_US","og_type":"article","og_title":"Google Pixel 8 Pro","og_description":"Need Google Pixel 8 Pro phone repair? Our Swiss repair shop offers expert screen, battery & camera fixes with genuine parts and fast service.","og_url":"https:\/\/repairandshop.ch\/en\/google-pixel-8-pro-repair\/","og_site_name":"repair and shop","article_modified_time":"2025-10-07T13:37:08+00:00","og_image":[{"url":"https:\/\/repairandshop.ch\/wp-content\/uploads\/2025\/03\/google-pixel-8-pro-repair-basel-zurich-freiburg-germany-switzerland-displayrepair-1.png","type":"","width":"","height":""}],"twitter_card":"summary_large_image","twitter_misc":{"Est. reading time":"2 minutes"},"schema":{"@context":"https:\/\/schema.org","@graph":[{"@type":"WebPage","@id":"https:\/\/repairandshop.ch\/en\/google-pixel-8-pro-repair\/","url":"https:\/\/repairandshop.ch\/en\/google-pixel-8-pro-repair\/","name":"Trusted Pixel 8 Pro Repair Shop in Switzerland","isPartOf":{"@id":"https:\/\/repairandshop.ch\/en\/#website"},"primaryImageOfPage":{"@id":"https:\/\/repairandshop.ch\/en\/google-pixel-8-pro-repair\/#primaryimage"},"image":{"@id":"https:\/\/repairandshop.ch\/en\/google-pixel-8-pro-repair\/#primaryimage"},"thumbnailUrl":"https:\/\/repairandshop.ch\/wp-content\/uploads\/2025\/03\/google-pixel-8-pro-repair-basel-zurich-freiburg-germany-switzerland-displayrepair-1.png","datePublished":"2025-03-08T15:23:39+00:00","dateModified":"2025-10-07T13:37:08+00:00","description":"Need Google Pixel 8 Pro phone repair? Our Swiss repair shop offers expert screen, battery & camera fixes with genuine parts and fast service.","breadcrumb":{"@id":"https:\/\/repairandshop.ch\/en\/google-pixel-8-pro-repair\/#breadcrumb"},"inLanguage":"en-US","potentialAction":[{"@type":"ReadAction","target":["https:\/\/repairandshop.ch\/en\/google-pixel-8-pro-repair\/"]}]},{"@type":"ImageObject","inLanguage":"en-US","@id":"https:\/\/repairandshop.ch\/en\/google-pixel-8-pro-repair\/#primaryimage","url":"https:\/\/repairandshop.ch\/wp-content\/uploads\/2025\/03\/google-pixel-8-pro-repair-basel-zurich-freiburg-germany-switzerland-displayrepair-1.png","contentUrl":"https:\/\/repairandshop.ch\/wp-content\/uploads\/2025\/03\/google-pixel-8-pro-repair-basel-zurich-freiburg-germany-switzerland-displayrepair-1.png","width":300,"height":300,"caption":"Google Pixel 8 Pro Reparatur"},{"@type":"BreadcrumbList","@id":"https:\/\/repairandshop.ch\/en\/google-pixel-8-pro-repair\/#breadcrumb","itemListElement":[{"@type":"ListItem","position":1,"name":"Home","item":"https:\/\/repairandshop.ch\/en\/"},{"@type":"ListItem","position":2,"name":"Google Pixel 8 Pro"}]},{"@type":"WebSite","@id":"https:\/\/repairandshop.ch\/en\/#website","url":"https:\/\/repairandshop.ch\/en\/","name":"Repair And Shop","description":"","publisher":{"@id":"https:\/\/repairandshop.ch\/en\/#organization"},"potentialAction":[{"@type":"SearchAction","target":{"@type":"EntryPoint","urlTemplate":"https:\/\/repairandshop.ch\/en\/?s={search_term_string}"},"query-input":{"@type":"PropertyValueSpecification","valueRequired":true,"valueName":"search_term_string"}}],"inLanguage":"en-US"},{"@type":"Organization","@id":"https:\/\/repairandshop.ch\/en\/#organization","name":"Repair And Shop","url":"https:\/\/repairandshop.ch\/en\/","logo":{"@type":"ImageObject","inLanguage":"en-US","@id":"https:\/\/repairandshop.ch\/en\/#\/schema\/logo\/image\/","url":"https:\/\/repairandshop.ch\/wp-content\/uploads\/2025\/02\/RepairandShop-Logo.png","contentUrl":"https:\/\/repairandshop.ch\/wp-content\/uploads\/2025\/02\/RepairandShop-Logo.png","width":834,"height":193,"caption":"Repair And Shop"},"image":{"@id":"https:\/\/repairandshop.ch\/en\/#\/schema\/logo\/image\/"}}]}},"_links":{"self":[{"href":"https:\/\/repairandshop.ch\/en\/wp-json\/wp\/v2\/pages\/27172","targetHints":{"allow":["GET"]}}],"collection":[{"href":"https:\/\/repairandshop.ch\/en\/wp-json\/wp\/v2\/pages"}],"about":[{"href":"https:\/\/repairandshop.ch\/en\/wp-json\/wp\/v2\/types\/page"}],"author":[{"embeddable":true,"href":"https:\/\/repairandshop.ch\/en\/wp-json\/wp\/v2\/users\/1"}],"replies":[{"embeddable":true,"href":"https:\/\/repairandshop.ch\/en\/wp-json\/wp\/v2\/comments?post=27172"}],"version-history":[{"count":0,"href":"https:\/\/repairandshop.ch\/en\/wp-json\/wp\/v2\/pages\/27172\/revisions"}],"wp:featuredmedia":[{"embeddable":true,"href":"https:\/\/repairandshop.ch\/en\/wp-json\/wp\/v2\/media\/26411"}],"wp:attachment":[{"href":"https:\/\/repairandshop.ch\/en\/wp-json\/wp\/v2\/media?parent=27172"}],"curies":[{"name":"wp","href":"https:\/\/api.w.org\/{rel}","templated":true}]}}