{"id":28802,"date":"2025-03-08T15:04:24","date_gmt":"2025-03-08T15:04:24","guid":{"rendered":"https:\/\/repairandshop.ch\/microsoft-surface\/surface-book-2\/"},"modified":"2025-05-18T21:17:32","modified_gmt":"2025-05-18T21:17:32","slug":"surface-book-2","status":"publish","type":"page","link":"https:\/\/repairandshop.ch\/en\/microsoft-surface\/surface-book-2\/","title":{"rendered":"Surface Book 2"},"content":{"rendered":"\t\t<div data-elementor-type=\"wp-page\" data-elementor-id=\"28802\" class=\"elementor elementor-28802 elementor-16916\" data-elementor-post-type=\"page\">\n\t\t\t\t<div class=\"wd-negative-gap elementor-element elementor-element-28aff64 e-flex e-con-boxed e-con e-parent\" data-id=\"28aff64\" data-element_type=\"container\" data-e-type=\"container\" data-settings=\"{&quot;_ha_eqh_enable&quot;:false}\">\n\t\t\t\t\t<div class=\"e-con-inner\">\n\t\t\t\t<div class=\"elementor-element elementor-element-9ac07f8 elementor-widget elementor-widget-heading\" data-id=\"9ac07f8\" data-element_type=\"widget\" data-e-type=\"widget\" data-widget_type=\"heading.default\">\n\t\t\t\t<div class=\"elementor-widget-container\">\n\t\t\t\t\t<h2 class=\"elementor-heading-title elementor-size-default\">Book 2 Repair<\/h2>\t\t\t\t<\/div>\n\t\t\t\t<\/div>\n\t\t\t\t\t<\/div>\n\t\t\t\t<\/div>\n\t\t<div class=\"wd-negative-gap elementor-element elementor-element-c4693bd e-flex e-con-boxed e-con e-parent\" data-id=\"c4693bd\" data-element_type=\"container\" data-e-type=\"container\" data-settings=\"{&quot;background_background&quot;:&quot;classic&quot;,&quot;_ha_eqh_enable&quot;:false}\">\n\t\t\t\t\t<div class=\"e-con-inner\">\n\t\t<div class=\"elementor-element elementor-element-5a5c95a e-con-full e-flex e-con e-child\" data-id=\"5a5c95a\" data-element_type=\"container\" data-e-type=\"container\" data-settings=\"{&quot;_ha_eqh_enable&quot;:false}\">\n\t\t\t\t<div class=\"elementor-element elementor-element-ca082a0 elementor-widget elementor-widget-heading\" data-id=\"ca082a0\" data-element_type=\"widget\" data-e-type=\"widget\" data-widget_type=\"heading.default\">\n\t\t\t\t<div class=\"elementor-widget-container\">\n\t\t\t\t\t<h2 class=\"elementor-heading-title elementor-size-default\">Surface Book 2 Repair<\/h2>\t\t\t\t<\/div>\n\t\t\t\t<\/div>\n\t\t\t\t<div class=\"elementor-element elementor-element-b7d08b0 elementor-widget elementor-widget-image\" data-id=\"b7d08b0\" data-element_type=\"widget\" data-e-type=\"widget\" data-widget_type=\"image.default\">\n\t\t\t\t<div class=\"elementor-widget-container\">\n\t\t\t\t\t\t\t\t\t\t\t\t\t\t\t<img loading=\"lazy\" decoding=\"async\" width=\"300\" height=\"300\" src=\"https:\/\/repairandshop.ch\/wp-content\/uploads\/2025\/03\/microsoft-surface-book-3-repair-1.jpg\" class=\"attachment-large size-large wp-image-26354\" alt=\"\" srcset=\"https:\/\/repairandshop.ch\/wp-content\/uploads\/2025\/03\/microsoft-surface-book-3-repair-1.jpg 300w, https:\/\/repairandshop.ch\/wp-content\/uploads\/2025\/03\/microsoft-surface-book-3-repair-1-150x150.jpg 150w\" sizes=\"auto, (max-width: 300px) 100vw, 300px\" \/>\t\t\t\t\t\t\t\t\t\t\t\t\t\t\t<\/div>\n\t\t\t\t<\/div>\n\t\t\t\t<div class=\"elementor-element elementor-element-db56abf elementor-widget elementor-widget-wd_text_block\" data-id=\"db56abf\" data-element_type=\"widget\" data-e-type=\"widget\" data-widget_type=\"wd_text_block.default\">\n\t\t\t\t<div class=\"elementor-widget-container\">\n\t\t\t\t\t\t\t<div class=\"wd-text-block reset-last-child text-center\">\n\t\t\t\n\t\t\t<p>Modell:<br>1806 - 1832<\/p>\n\t\t\t\t\t<\/div>\n\t\t\t\t\t\t<\/div>\n\t\t\t\t<\/div>\n\t\t\t\t<\/div>\n\t\t<div class=\"elementor-element elementor-element-025d350 e-con-full e-flex e-con e-child\" data-id=\"025d350\" data-element_type=\"container\" data-e-type=\"container\" data-settings=\"{&quot;_ha_eqh_enable&quot;:false}\">\n\t\t<div class=\"elementor-element elementor-element-a79f8ec e-con-full e-flex e-con e-child\" data-id=\"a79f8ec\" data-element_type=\"container\" data-e-type=\"container\" data-settings=\"{&quot;_ha_eqh_enable&quot;:false}\">\n\t\t\t\t<div class=\"elementor-element elementor-element-86d63d3 elementor-widget elementor-widget-wd_text_block\" data-id=\"86d63d3\" data-element_type=\"widget\" data-e-type=\"widget\" data-widget_type=\"wd_text_block.default\">\n\t\t\t\t<div class=\"elementor-widget-container\">\n\t\t\t\t\t\t\t<div class=\"wd-text-block reset-last-child text-left\">\n\t\t\t\n\t\t\t<h3 class=\"fl-callout-title\"><span class=\"fl-callout-title-text\">Repair prices at a glance:<\/span><\/h3><div class=\"fl-callout-text-wrap\"><div class=\"fl-callout-text\"><table class=\" alignleft\" width=\"663\"><tbody><tr><td>Surface Book 2 Display Replacement 13.5\"<\/td><td>359 CHF<\/td><\/tr><tr><td>Surface Book 2 Display Replacement 15\"<\/td><td>499 CHF<\/td><\/tr><tr><td>Surface Book 2 display unit battery replacement 13.5\"<\/td><td>249 CHF<\/td><\/tr><tr><td>Surface Book 2 Display Unit Battery Replacement 15\"<\/td><td>349 CHF<\/td><\/tr><tr><td>Surface Book 2 battery replacement keyboard \/ keyboard 13.5\"<\/td><td>249 CHF<\/td><\/tr><tr><td>Surface Book 2 battery replacement keyboard 15\"<\/td><td>299 CHF<\/td><\/tr><tr><td>Surface Book 2 Keyboard Water Damage Cleaning<\/td><td>99 CHF<\/td><\/tr><tr><td>Surface Book 2 repair charging electronics<\/td><td>399 CHF<\/td><\/tr><tr><td>Surface Book 2 hard disk upgrade 500GB data transfer<\/td><td>399 CHF<\/td><\/tr><tr><td>Surface Book 2 hard disk upgrade 1000GB incl. data transfer <\/td><td>499 CHF<\/td><\/tr><tr><td>Surface Book 2 Windows installation \/ repair.<\/td><td>99 CHF<\/td><\/tr><\/tbody><\/table><\/div><\/div><p> <\/p>\n\t\t\t\t\t<\/div>\n\t\t\t\t\t\t<\/div>\n\t\t\t\t<\/div>\n\t\t\t\t<\/div>\n\t\t\t\t<\/div>\n\t\t\t\t\t<\/div>\n\t\t\t\t<\/div>\n\t\t<div class=\"wd-negative-gap elementor-element elementor-element-e196aa3 e-flex e-con-boxed e-con e-parent\" data-id=\"e196aa3\" data-element_type=\"container\" data-e-type=\"container\" data-settings=\"{&quot;_ha_eqh_enable&quot;:false}\">\n\t\t\t\t\t<div class=\"e-con-inner\">\n\t\t<div class=\"elementor-element elementor-element-2428ff9 e-con-full e-flex e-con e-child\" data-id=\"2428ff9\" data-element_type=\"container\" data-e-type=\"container\" data-settings=\"{&quot;_ha_eqh_enable&quot;:false}\">\n\t\t\t\t<div class=\"elementor-element elementor-element-b52364e elementor-align-justify elementor-widget elementor-widget-button\" data-id=\"b52364e\" data-element_type=\"widget\" data-e-type=\"widget\" data-widget_type=\"button.default\">\n\t\t\t\t<div class=\"elementor-widget-container\">\n\t\t\t\t\t\t\t\t\t<div class=\"elementor-button-wrapper\">\n\t\t\t\t\t<a class=\"elementor-button elementor-button-link elementor-size-sm\" href=\"https:\/\/repairandshop.ch\/en\/contact-us\/\">\n\t\t\t\t\t\t<span class=\"elementor-button-content-wrapper\">\n\t\t\t\t\t\t\t\t\t<span class=\"elementor-button-text\">Contact us<\/span>\n\t\t\t\t\t<\/span>\n\t\t\t\t\t<\/a>\n\t\t\t\t<\/div>\n\t\t\t\t\t\t\t\t<\/div>\n\t\t\t\t<\/div>\n\t\t\t\t<\/div>\n\t\t<div class=\"elementor-element elementor-element-42aaa7a e-con-full e-flex e-con e-child\" data-id=\"42aaa7a\" data-element_type=\"container\" data-e-type=\"container\" data-settings=\"{&quot;_ha_eqh_enable&quot;:false}\">\n\t\t\t\t<div class=\"elementor-element elementor-element-778faf0 elementor-align-justify elementor-widget elementor-widget-button\" data-id=\"778faf0\" data-element_type=\"widget\" data-e-type=\"widget\" data-widget_type=\"button.default\">\n\t\t\t\t<div class=\"elementor-widget-container\">\n\t\t\t\t\t\t\t\t\t<div class=\"elementor-button-wrapper\">\n\t\t\t\t\t<a class=\"elementor-button elementor-button-link elementor-size-sm\" href=\"#\">\n\t\t\t\t\t\t<span class=\"elementor-button-content-wrapper\">\n\t\t\t\t\t\t\t\t\t<span class=\"elementor-button-text\">Information<\/span>\n\t\t\t\t\t<\/span>\n\t\t\t\t\t<\/a>\n\t\t\t\t<\/div>\n\t\t\t\t\t\t\t\t<\/div>\n\t\t\t\t<\/div>\n\t\t\t\t<\/div>\n\t\t\t\t\t<\/div>\n\t\t\t\t<\/div>\n\t\t<div class=\"wd-negative-gap elementor-element elementor-element-11f5869 e-grid e-con-boxed e-con e-parent\" data-id=\"11f5869\" data-element_type=\"container\" data-e-type=\"container\" data-settings=\"{&quot;_ha_eqh_enable&quot;:false}\">\n\t\t\t\t\t<div class=\"e-con-inner\">\n\t\t\t\t<div class=\"elementor-element elementor-element-ca50c07 elementor-widget elementor-widget-wd_text_block\" data-id=\"ca50c07\" data-element_type=\"widget\" data-e-type=\"widget\" data-widget_type=\"wd_text_block.default\">\n\t\t\t\t<div class=\"elementor-widget-container\">\n\t\t\t\t\t\t\t<div class=\"wd-text-block reset-last-child text-left\">\n\t\t\t\n\t\t\t<h3><strong>Display replacement for Surface Book 2<\/strong><\/h3><p>Mechanical or liquid damage can cause your Surface Book 2 to stop displaying images. We offer you a quick and professional solution by professionally replacing the defective display. <\/p>\n\t\t\t\t\t<\/div>\n\t\t\t\t\t\t<\/div>\n\t\t\t\t<\/div>\n\t\t\t\t<div class=\"elementor-element elementor-element-e9d5746 elementor-widget elementor-widget-wd_text_block\" data-id=\"e9d5746\" data-element_type=\"widget\" data-e-type=\"widget\" data-widget_type=\"wd_text_block.default\">\n\t\t\t\t<div class=\"elementor-widget-container\">\n\t\t\t\t\t\t\t<div class=\"wd-text-block reset-last-child text-left\">\n\t\t\t\n\t\t\t<h3><strong>Battery replacement \/ exchange for Surface Book 2<\/strong><\/h3><p>The Surface Book 2 is equipped with two batteries - one behind the glass shelf and another in the keyboard. We offer you a fast and professional replacement of the keyboard battery at a transparent fixed price. <\/p>\n\t\t\t\t\t<\/div>\n\t\t\t\t\t\t<\/div>\n\t\t\t\t<\/div>\n\t\t\t\t<div class=\"elementor-element elementor-element-dfa4e7f elementor-widget elementor-widget-wd_text_block\" data-id=\"dfa4e7f\" data-element_type=\"widget\" data-e-type=\"widget\" data-widget_type=\"wd_text_block.default\">\n\t\t\t\t<div class=\"elementor-widget-container\">\n\t\t\t\t\t\t\t<div class=\"wd-text-block reset-last-child text-left\">\n\t\t\t\n\t\t\t<h3><strong>Memory expansion for Surface Book 2<\/strong><\/h3><p>If the memory of your Surface Book 2 is no longer sufficient, we offer a professional memory expansion. Choose from three different hard disk capacities: 512GB, 1TB or 2TB. Prices vary depending on whether a display change is required or not.  <\/p>\n\t\t\t\t\t<\/div>\n\t\t\t\t\t\t<\/div>\n\t\t\t\t<\/div>\n\t\t\t\t<div class=\"elementor-element elementor-element-ca2e2df elementor-widget elementor-widget-wd_text_block\" data-id=\"ca2e2df\" data-element_type=\"widget\" data-e-type=\"widget\" data-widget_type=\"wd_text_block.default\">\n\t\t\t\t<div class=\"elementor-widget-container\">\n\t\t\t\t\t\t\t<div class=\"wd-text-block reset-last-child text-left\">\n\t\t\t\n\t\t\t<h3><strong>Windows Installation and Repair for Surface Book 2<\/strong><\/h3><p>We offer professional troubleshooting for your Surface Book 2, including installing the latest Windows operating system build and updating the firmware and drivers. After our service, your Surface Book will run optimally and efficiently again. <\/p>\n\t\t\t\t\t<\/div>\n\t\t\t\t\t\t<\/div>\n\t\t\t\t<\/div>\n\t\t\t\t<div class=\"elementor-element elementor-element-ebb2dff elementor-widget elementor-widget-wd_text_block\" data-id=\"ebb2dff\" data-element_type=\"widget\" data-e-type=\"widget\" data-widget_type=\"wd_text_block.default\">\n\t\t\t\t<div class=\"elementor-widget-container\">\n\t\t\t\t\t\t\t<div class=\"wd-text-block reset-last-child text-left\">\n\t\t\t\n\t\t\t<div class=\"fl-module fl-module-callout fl-node-5df22e7770d35\" data-node=\"5df22e7770d35\"><div class=\"fl-module-content fl-node-content\"><div class=\"fl-callout fl-callout-has-photo fl-callout-photo-above-title\"><div class=\"fl-callout-content\"><h3><strong>Microsoft Surface Book 2 interior cleaning<\/strong><\/h3><p>Our service ensures that the internal components of your Surface Book 2 work perfectly again with a thorough, professional cleaning. We take into account possible dusty or wet conditions to ensure the optimal performance of your device. <\/p><\/div><\/div><\/div><\/div>\n\t\t\t\t\t<\/div>\n\t\t\t\t\t\t<\/div>\n\t\t\t\t<\/div>\n\t\t\t\t<div class=\"elementor-element elementor-element-9c0eff7 elementor-widget elementor-widget-wd_text_block\" data-id=\"9c0eff7\" data-element_type=\"widget\" data-e-type=\"widget\" data-widget_type=\"wd_text_block.default\">\n\t\t\t\t<div class=\"elementor-widget-container\">\n\t\t\t\t\t\t\t<div class=\"wd-text-block reset-last-child text-left\">\n\t\t\t\n\t\t\t<h3><strong>Diagnosing and fixing hardware problems for Surface Book 2<\/strong><\/h3><p>Our specialist technicians specialize in diagnosing and fixing hardware problems with Surface Books. We analyze defective screens, faulty keyboards and problems with ports or other components. After a thorough diagnosis, we find the cause of the problem and repair it professionally to restore the optimum functionality of your device.  <\/p>\n\t\t\t\t\t<\/div>\n\t\t\t\t\t\t<\/div>\n\t\t\t\t<\/div>\n\t\t\t\t\t<\/div>\n\t\t\t\t<\/div>\n\t\t<div class=\"wd-negative-gap elementor-element elementor-element-459933d e-flex e-con-boxed e-con e-parent\" data-id=\"459933d\" data-element_type=\"container\" data-e-type=\"container\" data-settings=\"{&quot;_ha_eqh_enable&quot;:false}\">\n\t\t\t\t\t<div class=\"e-con-inner\">\n\t\t\t\t<div class=\"elementor-element elementor-element-91db15d elementor-widget elementor-widget-wd_text_block\" data-id=\"91db15d\" data-element_type=\"widget\" data-e-type=\"widget\" data-widget_type=\"wd_text_block.default\">\n\t\t\t\t<div class=\"elementor-widget-container\">\n\t\t\t\t\t\t\t<div class=\"wd-text-block reset-last-child text-left\">\n\t\t\t\n\t\t\t<div class=\"fl-row fl-row-fixed-width fl-row-bg-none fl-node-5df65a09b6ba5 fl-row-default-height fl-row-align-center\" data-node=\"5df65a09b6ba5\"><div class=\"fl-row-content-wrap\"><div class=\"fl-row-content fl-row-fixed-width fl-node-content\"><div class=\"fl-col-group fl-node-5df65a09ba1d8\" data-node=\"5df65a09ba1d8\"><div class=\"fl-col fl-node-5df65a09ba264 fl-col-bg-color\" data-node=\"5df65a09ba264\"><div class=\"fl-col-content fl-node-content\"><div class=\"fl-module fl-module-rich-text fl-node-5df65a09b687e\" data-node=\"5df65a09b687e\"><div class=\"fl-module-content fl-node-content\"><div class=\"fl-rich-text\"><h2><strong>Switzerland-wide Microsoft Surface Book 2 repair service<\/strong><\/h2><p>We offer a comprehensive repair service for Microsoft Surface devices, including the following models:<\/p><p>\u2013 Surface Pro Serie<br>\u2013 Surface Go Serie<br>\u2013 Surface Book Serie<br>\u2013 Surface Laptop Serie<br>\u2013 Surface Studio Serie<\/p><p>Have your Microsoft Surface repaired by our professional repair service in Switzerland.<\/p><h3><strong>Microsoft laptop repair in the following cities<\/strong><\/h3><p>Zurich, Geneva, Basel, Lausanne, Bern, Urtenen-Sch\u00f6nb\u00fchl, M\u00fcnsingen, Thun, Interlaken, Langnau im Emmental, Winterthur, Lucerne, St. Gallen, Lugano, Biel, Fribourg, Appenzell, Glarus, Graub\u00fcnden, Chur, Jura, Lucerne Emmen, Neuchatel, Nidwalden, Obwalden, Schaffhausen, Schwyz, Einsiedeln, Solothurn, Thurgau, Ticino, Uri, Vaud, Valais, Zug.<\/p><p>Our service covers repairs for computers, tablets, cell phones, iPhones, as well as Microsoft Surface Pro and Surface Book \u2013 in Switzerland.<\/p><h3><strong>Repair procedure<\/strong><\/h3><ol><li><p>We receive your parcel and analyze the damage.<\/p><\/li><li><p>We determine which parts need to be replaced.<\/p><\/li><li><p>All work carried out is documented in detail and included in our detailed cost estimate.<\/p><\/li><\/ol><p><strong>There are no costs for you for the damage analysis and the preparation of the cost estimate.<\/strong><\/p><h4><strong>Frequent repairs<\/strong><\/h4><ul><li><p>Surface Book 2 Battery Replacement<\/p><\/li><li><p>Change Surface battery<\/p><\/li><li><p>Bloated Surface battery<\/p><\/li><li><p>Surface Book Display Reparatur<\/p><\/li><li><p>Further Surface repairs<\/p><\/li><\/ul><p>Our customers appreciate our attractive and inexpensive repair service!<\/p><\/div><\/div><\/div><\/div><\/div><\/div><\/div><\/div><\/div>\n\t\t\t\t\t<\/div>\n\t\t\t\t\t\t<\/div>\n\t\t\t\t<\/div>\n\t\t\t\t\t<\/div>\n\t\t\t\t<\/div>\n\t\t\t\t<\/div>\n\t\t\n    <div class=\"xs_social_share_widget xs_share_url after_content \t\tmain_content  wslu-style-1 wslu-share-box-shaped wslu-fill-colored wslu-none wslu-share-horizontal wslu-theme-font-no wslu-main_content\">\n\n\t\t\n        <ul>\n\t\t\t        <\/ul>\n    <\/div> \n","protected":false},"excerpt":{"rendered":"<p>Book 2 Repair Surface Book 2 Repair Modell:1806 &#8211; 1832 Repair prices at a glance: Surface Book 2 Display Replacement<\/p>\n","protected":false},"author":1,"featured_media":0,"parent":28798,"menu_order":0,"comment_status":"closed","ping_status":"closed","template":"","meta":{"postBodyCss":"","postBodyMargin":[],"postBodyPadding":[],"postBodyBackground":{"backgroundType":"classic","gradient":""},"footnotes":""},"class_list":["post-28802","page","type-page","status-publish","hentry"],"yoast_head":"<!-- This site is optimized with the Yoast SEO Premium plugin v26.8 (Yoast SEO v27.3) - https:\/\/yoast.com\/product\/yoast-seo-premium-wordpress\/ -->\n<title>Microsoft Surface Book 2 Repair \u2013 Fast Service<\/title>\n<meta name=\"description\" content=\"Microsoft Surface Book 2 repair - Fast, reliable and professional. Your service partner for fast and high-quality repairs.\" \/>\n<meta name=\"robots\" content=\"index, follow, max-snippet:-1, max-image-preview:large, max-video-preview:-1\" \/>\n<link rel=\"canonical\" href=\"https:\/\/repairandshop.ch\/en\/microsoft-surface\/surface-book-2\/\" \/>\n<meta property=\"og:locale\" content=\"en_US\" \/>\n<meta property=\"og:type\" content=\"article\" \/>\n<meta property=\"og:title\" content=\"Surface Book 2\" \/>\n<meta property=\"og:description\" content=\"Microsoft Surface Book 2 repair - Fast, reliable and professional. Your service partner for fast and high-quality repairs.\" \/>\n<meta property=\"og:url\" content=\"https:\/\/repairandshop.ch\/en\/microsoft-surface\/surface-book-2\/\" \/>\n<meta property=\"og:site_name\" content=\"repair and shop\" \/>\n<meta property=\"article:modified_time\" content=\"2025-05-18T21:17:32+00:00\" \/>\n<meta property=\"og:image\" content=\"https:\/\/repairandshop.ch\/wp-content\/uploads\/2025\/03\/microsoft-surface-book-3-repair-1.jpg\" \/>\n\t<meta property=\"og:image:width\" content=\"300\" \/>\n\t<meta property=\"og:image:height\" content=\"300\" \/>\n\t<meta property=\"og:image:type\" content=\"image\/jpeg\" \/>\n<meta name=\"twitter:card\" content=\"summary_large_image\" \/>\n<meta name=\"twitter:label1\" content=\"Est. reading time\" \/>\n\t<meta name=\"twitter:data1\" content=\"3 minutes\" \/>\n<!-- \/ Yoast SEO Premium plugin. -->","yoast_head_json":{"title":"Microsoft Surface Book 2 Repair \u2013 Fast Service","description":"Microsoft Surface Book 2 repair - Fast, reliable and professional. Your service partner for fast and high-quality repairs.","robots":{"index":"index","follow":"follow","max-snippet":"max-snippet:-1","max-image-preview":"max-image-preview:large","max-video-preview":"max-video-preview:-1"},"canonical":"https:\/\/repairandshop.ch\/en\/microsoft-surface\/surface-book-2\/","og_locale":"en_US","og_type":"article","og_title":"Surface Book 2","og_description":"Microsoft Surface Book 2 repair - Fast, reliable and professional. Your service partner for fast and high-quality repairs.","og_url":"https:\/\/repairandshop.ch\/en\/microsoft-surface\/surface-book-2\/","og_site_name":"repair and shop","article_modified_time":"2025-05-18T21:17:32+00:00","og_image":[{"width":300,"height":300,"url":"https:\/\/repairandshop.ch\/wp-content\/uploads\/2025\/03\/microsoft-surface-book-3-repair-1.jpg","type":"image\/jpeg"}],"twitter_card":"summary_large_image","twitter_misc":{"Est. reading time":"3 minutes"},"schema":{"@context":"https:\/\/schema.org","@graph":[{"@type":"WebPage","@id":"https:\/\/repairandshop.ch\/en\/microsoft-surface\/surface-book-2\/","url":"https:\/\/repairandshop.ch\/en\/microsoft-surface\/surface-book-2\/","name":"Microsoft Surface Book 2 Repair \u2013 Fast Service","isPartOf":{"@id":"https:\/\/repairandshop.ch\/en\/#website"},"primaryImageOfPage":{"@id":"https:\/\/repairandshop.ch\/en\/microsoft-surface\/surface-book-2\/#primaryimage"},"image":{"@id":"https:\/\/repairandshop.ch\/en\/microsoft-surface\/surface-book-2\/#primaryimage"},"thumbnailUrl":"https:\/\/repairandshop.ch\/wp-content\/uploads\/2025\/03\/microsoft-surface-book-3-repair-1.jpg","datePublished":"2025-03-08T15:04:24+00:00","dateModified":"2025-05-18T21:17:32+00:00","description":"Microsoft Surface Book 2 repair - Fast, reliable and professional. Your service partner for fast and high-quality repairs.","breadcrumb":{"@id":"https:\/\/repairandshop.ch\/en\/microsoft-surface\/surface-book-2\/#breadcrumb"},"inLanguage":"en-US","potentialAction":[{"@type":"ReadAction","target":["https:\/\/repairandshop.ch\/en\/microsoft-surface\/surface-book-2\/"]}]},{"@type":"ImageObject","inLanguage":"en-US","@id":"https:\/\/repairandshop.ch\/en\/microsoft-surface\/surface-book-2\/#primaryimage","url":"https:\/\/repairandshop.ch\/wp-content\/uploads\/2025\/03\/microsoft-surface-book-3-repair-1.jpg","contentUrl":"https:\/\/repairandshop.ch\/wp-content\/uploads\/2025\/03\/microsoft-surface-book-3-repair-1.jpg"},{"@type":"BreadcrumbList","@id":"https:\/\/repairandshop.ch\/en\/microsoft-surface\/surface-book-2\/#breadcrumb","itemListElement":[{"@type":"ListItem","position":1,"name":"Home","item":"https:\/\/repairandshop.ch\/en\/"},{"@type":"ListItem","position":2,"name":"Microsoft Surface","item":"https:\/\/repairandshop.ch\/en\/microsoft-surface\/"},{"@type":"ListItem","position":3,"name":"Surface Book 2"}]},{"@type":"WebSite","@id":"https:\/\/repairandshop.ch\/en\/#website","url":"https:\/\/repairandshop.ch\/en\/","name":"Repair And Shop","description":"","publisher":{"@id":"https:\/\/repairandshop.ch\/en\/#organization"},"potentialAction":[{"@type":"SearchAction","target":{"@type":"EntryPoint","urlTemplate":"https:\/\/repairandshop.ch\/en\/?s={search_term_string}"},"query-input":{"@type":"PropertyValueSpecification","valueRequired":true,"valueName":"search_term_string"}}],"inLanguage":"en-US"},{"@type":"Organization","@id":"https:\/\/repairandshop.ch\/en\/#organization","name":"Repair And Shop","url":"https:\/\/repairandshop.ch\/en\/","logo":{"@type":"ImageObject","inLanguage":"en-US","@id":"https:\/\/repairandshop.ch\/en\/#\/schema\/logo\/image\/","url":"https:\/\/repairandshop.ch\/wp-content\/uploads\/2025\/02\/RepairandShop-Logo.png","contentUrl":"https:\/\/repairandshop.ch\/wp-content\/uploads\/2025\/02\/RepairandShop-Logo.png","width":834,"height":193,"caption":"Repair And Shop"},"image":{"@id":"https:\/\/repairandshop.ch\/en\/#\/schema\/logo\/image\/"}}]}},"_links":{"self":[{"href":"https:\/\/repairandshop.ch\/en\/wp-json\/wp\/v2\/pages\/28802","targetHints":{"allow":["GET"]}}],"collection":[{"href":"https:\/\/repairandshop.ch\/en\/wp-json\/wp\/v2\/pages"}],"about":[{"href":"https:\/\/repairandshop.ch\/en\/wp-json\/wp\/v2\/types\/page"}],"author":[{"embeddable":true,"href":"https:\/\/repairandshop.ch\/en\/wp-json\/wp\/v2\/users\/1"}],"replies":[{"embeddable":true,"href":"https:\/\/repairandshop.ch\/en\/wp-json\/wp\/v2\/comments?post=28802"}],"version-history":[{"count":0,"href":"https:\/\/repairandshop.ch\/en\/wp-json\/wp\/v2\/pages\/28802\/revisions"}],"up":[{"embeddable":true,"href":"https:\/\/repairandshop.ch\/en\/wp-json\/wp\/v2\/pages\/28798"}],"wp:attachment":[{"href":"https:\/\/repairandshop.ch\/en\/wp-json\/wp\/v2\/media?parent=28802"}],"curies":[{"name":"wp","href":"https:\/\/api.w.org\/{rel}","templated":true}]}}