{"id":28832,"date":"2025-03-08T15:01:58","date_gmt":"2025-03-08T15:01:58","guid":{"rendered":"https:\/\/repairandshop.ch\/microsoft-surface\/surface-laptop-studio\/"},"modified":"2025-05-18T21:25:46","modified_gmt":"2025-05-18T21:25:46","slug":"surface-laptop-studio","status":"publish","type":"page","link":"https:\/\/repairandshop.ch\/en\/microsoft-surface\/surface-laptop-studio\/","title":{"rendered":"Surface Laptop Studio"},"content":{"rendered":"\t\t<div data-elementor-type=\"wp-page\" data-elementor-id=\"28832\" class=\"elementor elementor-28832 elementor-16899\" data-elementor-post-type=\"page\">\n\t\t\t\t<div class=\"wd-negative-gap elementor-element elementor-element-28aff64 e-flex e-con-boxed e-con e-parent\" data-id=\"28aff64\" data-element_type=\"container\" data-e-type=\"container\" data-settings=\"{&quot;_ha_eqh_enable&quot;:false}\">\n\t\t\t\t\t<div class=\"e-con-inner\">\n\t\t\t\t<div class=\"elementor-element elementor-element-9ac07f8 elementor-widget elementor-widget-heading\" data-id=\"9ac07f8\" data-element_type=\"widget\" data-e-type=\"widget\" data-widget_type=\"heading.default\">\n\t\t\t\t<div class=\"elementor-widget-container\">\n\t\t\t\t\t<h2 class=\"elementor-heading-title elementor-size-default\"> Laptop Studio Repair<\/h2>\t\t\t\t<\/div>\n\t\t\t\t<\/div>\n\t\t\t\t\t<\/div>\n\t\t\t\t<\/div>\n\t\t<div class=\"wd-negative-gap elementor-element elementor-element-c4693bd e-flex e-con-boxed e-con e-parent\" data-id=\"c4693bd\" data-element_type=\"container\" data-e-type=\"container\" data-settings=\"{&quot;background_background&quot;:&quot;classic&quot;,&quot;_ha_eqh_enable&quot;:false}\">\n\t\t\t\t\t<div class=\"e-con-inner\">\n\t\t<div class=\"elementor-element elementor-element-5a5c95a e-con-full e-flex e-con e-child\" data-id=\"5a5c95a\" data-element_type=\"container\" data-e-type=\"container\" data-settings=\"{&quot;_ha_eqh_enable&quot;:false}\">\n\t\t\t\t<div class=\"elementor-element elementor-element-ca082a0 elementor-widget elementor-widget-heading\" data-id=\"ca082a0\" data-element_type=\"widget\" data-e-type=\"widget\" data-widget_type=\"heading.default\">\n\t\t\t\t<div class=\"elementor-widget-container\">\n\t\t\t\t\t<h2 class=\"elementor-heading-title elementor-size-default\">Surface Laptop Studio repair<\/h2>\t\t\t\t<\/div>\n\t\t\t\t<\/div>\n\t\t\t\t<div class=\"elementor-element elementor-element-b7d08b0 elementor-widget elementor-widget-image\" data-id=\"b7d08b0\" data-element_type=\"widget\" data-e-type=\"widget\" data-widget_type=\"image.default\">\n\t\t\t\t<div class=\"elementor-widget-container\">\n\t\t\t\t\t\t\t\t\t\t\t\t\t\t\t<img loading=\"lazy\" decoding=\"async\" width=\"300\" height=\"300\" src=\"https:\/\/repairandshop.ch\/wp-content\/uploads\/2025\/03\/Surface-Laptop-1.png\" class=\"attachment-large size-large wp-image-26351\" alt=\"\" srcset=\"https:\/\/repairandshop.ch\/wp-content\/uploads\/2025\/03\/Surface-Laptop-1.png 300w, https:\/\/repairandshop.ch\/wp-content\/uploads\/2025\/03\/Surface-Laptop-1-150x150.png 150w\" sizes=\"auto, (max-width: 300px) 100vw, 300px\" \/>\t\t\t\t\t\t\t\t\t\t\t\t\t\t\t<\/div>\n\t\t\t\t<\/div>\n\t\t\t\t<div class=\"elementor-element elementor-element-db56abf elementor-widget elementor-widget-wd_text_block\" data-id=\"db56abf\" data-element_type=\"widget\" data-e-type=\"widget\" data-widget_type=\"wd_text_block.default\">\n\t\t\t\t<div class=\"elementor-widget-container\">\n\t\t\t\t\t\t\t<div class=\"wd-text-block reset-last-child text-center\">\n\t\t\t\n\t\t\t<p>Model: 1964<\/p><p> <\/p>\n\t\t\t\t\t<\/div>\n\t\t\t\t\t\t<\/div>\n\t\t\t\t<\/div>\n\t\t\t\t<\/div>\n\t\t<div class=\"elementor-element elementor-element-025d350 e-con-full e-flex e-con e-child\" data-id=\"025d350\" data-element_type=\"container\" data-e-type=\"container\" data-settings=\"{&quot;_ha_eqh_enable&quot;:false}\">\n\t\t<div class=\"elementor-element elementor-element-a79f8ec e-con-full e-flex e-con e-child\" data-id=\"a79f8ec\" data-element_type=\"container\" data-e-type=\"container\" data-settings=\"{&quot;_ha_eqh_enable&quot;:false}\">\n\t\t\t\t<div class=\"elementor-element elementor-element-c687f1e elementor-widget elementor-widget-heading\" data-id=\"c687f1e\" data-element_type=\"widget\" data-e-type=\"widget\" data-widget_type=\"heading.default\">\n\t\t\t\t<div class=\"elementor-widget-container\">\n\t\t\t\t\t<h2 class=\"elementor-heading-title elementor-size-default\">Repair prices at a glance:<\/h2>\t\t\t\t<\/div>\n\t\t\t\t<\/div>\n\t\t\t\t<\/div>\n\t\t<div class=\"elementor-element elementor-element-45dd486 e-con-full e-flex e-con e-child\" data-id=\"45dd486\" data-element_type=\"container\" data-e-type=\"container\" data-settings=\"{&quot;_ha_eqh_enable&quot;:false}\">\n\t\t\t\t<div class=\"elementor-element elementor-element-86d63d3 elementor-widget elementor-widget-wd_text_block\" data-id=\"86d63d3\" data-element_type=\"widget\" data-e-type=\"widget\" data-widget_type=\"wd_text_block.default\">\n\t\t\t\t<div class=\"elementor-widget-container\">\n\t\t\t\t\t\t\t<div class=\"wd-text-block reset-last-child text-center\">\n\t\t\t\n\t\t\t<table class=\" alignleft\" width=\"663\"><tbody><tr><td>Surface Laptop Studio Display Replacement 14.4\"<\/td><td>899 CHF<\/td><\/tr><tr><td>Surface Laptop Studio battery replacement<\/td><td>399 CHF<\/td><\/tr><tr><td>Surface Laptop Studio Repair Charging Electronics<\/td><td>499 CHF<\/td><\/tr><tr><td>Surface Laptop Studio Windows installation \/ repair.<\/td><td>99 CHF<\/td><\/tr><\/tbody><\/table><p> <\/p>\n\t\t\t\t\t<\/div>\n\t\t\t\t\t\t<\/div>\n\t\t\t\t<\/div>\n\t\t\t\t<\/div>\n\t\t\t\t<\/div>\n\t\t\t\t\t<\/div>\n\t\t\t\t<\/div>\n\t\t<div class=\"wd-negative-gap elementor-element elementor-element-e196aa3 e-flex e-con-boxed e-con e-parent\" data-id=\"e196aa3\" data-element_type=\"container\" data-e-type=\"container\" data-settings=\"{&quot;_ha_eqh_enable&quot;:false}\">\n\t\t\t\t\t<div class=\"e-con-inner\">\n\t\t<div class=\"elementor-element elementor-element-2428ff9 e-con-full e-flex e-con e-child\" data-id=\"2428ff9\" data-element_type=\"container\" data-e-type=\"container\" data-settings=\"{&quot;_ha_eqh_enable&quot;:false}\">\n\t\t\t\t<div class=\"elementor-element elementor-element-b52364e elementor-align-justify elementor-widget elementor-widget-button\" data-id=\"b52364e\" data-element_type=\"widget\" data-e-type=\"widget\" data-widget_type=\"button.default\">\n\t\t\t\t<div class=\"elementor-widget-container\">\n\t\t\t\t\t\t\t\t\t<div class=\"elementor-button-wrapper\">\n\t\t\t\t\t<a class=\"elementor-button elementor-button-link elementor-size-sm\" href=\"https:\/\/repairandshop.ch\/en\/contact-us\/\">\n\t\t\t\t\t\t<span class=\"elementor-button-content-wrapper\">\n\t\t\t\t\t\t\t\t\t<span class=\"elementor-button-text\">Contact us<\/span>\n\t\t\t\t\t<\/span>\n\t\t\t\t\t<\/a>\n\t\t\t\t<\/div>\n\t\t\t\t\t\t\t\t<\/div>\n\t\t\t\t<\/div>\n\t\t\t\t<\/div>\n\t\t<div class=\"elementor-element elementor-element-42aaa7a e-con-full e-flex e-con e-child\" data-id=\"42aaa7a\" data-element_type=\"container\" data-e-type=\"container\" data-settings=\"{&quot;_ha_eqh_enable&quot;:false}\">\n\t\t\t\t<div class=\"elementor-element elementor-element-778faf0 elementor-align-justify elementor-widget elementor-widget-button\" data-id=\"778faf0\" data-element_type=\"widget\" data-e-type=\"widget\" data-widget_type=\"button.default\">\n\t\t\t\t<div class=\"elementor-widget-container\">\n\t\t\t\t\t\t\t\t\t<div class=\"elementor-button-wrapper\">\n\t\t\t\t\t<a class=\"elementor-button elementor-button-link elementor-size-sm\" href=\"#\">\n\t\t\t\t\t\t<span class=\"elementor-button-content-wrapper\">\n\t\t\t\t\t\t\t\t\t<span class=\"elementor-button-text\">Information<\/span>\n\t\t\t\t\t<\/span>\n\t\t\t\t\t<\/a>\n\t\t\t\t<\/div>\n\t\t\t\t\t\t\t\t<\/div>\n\t\t\t\t<\/div>\n\t\t\t\t<\/div>\n\t\t\t\t\t<\/div>\n\t\t\t\t<\/div>\n\t\t<div class=\"wd-negative-gap elementor-element elementor-element-731d4cb e-grid e-con-boxed e-con e-parent\" data-id=\"731d4cb\" data-element_type=\"container\" data-e-type=\"container\" data-settings=\"{&quot;_ha_eqh_enable&quot;:false}\">\n\t\t\t\t\t<div class=\"e-con-inner\">\n\t\t\t\t<div class=\"elementor-element elementor-element-1d2c1a5 elementor-widget elementor-widget-wd_text_block\" data-id=\"1d2c1a5\" data-element_type=\"widget\" data-e-type=\"widget\" data-widget_type=\"wd_text_block.default\">\n\t\t\t\t<div class=\"elementor-widget-container\">\n\t\t\t\t\t\t\t<div class=\"wd-text-block reset-last-child text-left\">\n\t\t\t\n\t\t\t<h2><strong>Display replacement for Surface Laptop Studio<\/strong><\/h2><p>Mechanical or liquid damage can cause your Surface Laptop Studio to stop displaying images. We offer you a quick and professional solution by professionally replacing the defective display. <\/p>\n\t\t\t\t\t<\/div>\n\t\t\t\t\t\t<\/div>\n\t\t\t\t<\/div>\n\t\t\t\t<div class=\"elementor-element elementor-element-d3b6697 elementor-widget elementor-widget-wd_text_block\" data-id=\"d3b6697\" data-element_type=\"widget\" data-e-type=\"widget\" data-widget_type=\"wd_text_block.default\">\n\t\t\t\t<div class=\"elementor-widget-container\">\n\t\t\t\t\t\t\t<div class=\"wd-text-block reset-last-child text-left\">\n\t\t\t\n\t\t\t<h3><strong>Battery replacement \/ exchange for Surface Laptop Studio<\/strong><\/h3><p>The Surface Laptop Studio is equipped with two batteries - one behind the glass shelf and another in the keyboard. We offer a fast and professional keyboard battery replacement at a fixed price to restore the performance of your device. <\/p>\n\t\t\t\t\t<\/div>\n\t\t\t\t\t\t<\/div>\n\t\t\t\t<\/div>\n\t\t\t\t\t<\/div>\n\t\t\t\t<\/div>\n\t\t<div class=\"wd-negative-gap elementor-element elementor-element-4eb5a40 e-flex e-con-boxed e-con e-parent\" data-id=\"4eb5a40\" data-element_type=\"container\" data-e-type=\"container\" data-settings=\"{&quot;_ha_eqh_enable&quot;:false}\">\n\t\t\t\t\t<div class=\"e-con-inner\">\n\t\t\t\t<div class=\"elementor-element elementor-element-81e3f53 elementor-widget elementor-widget-wd_text_block\" data-id=\"81e3f53\" data-element_type=\"widget\" data-e-type=\"widget\" data-widget_type=\"wd_text_block.default\">\n\t\t\t\t<div class=\"elementor-widget-container\">\n\t\t\t\t\t\t\t<div class=\"wd-text-block reset-last-child text-left\">\n\t\t\t\n\t\t\t<h3><strong>Windows Installation and Repair for Surface Laptop Studio<\/strong><\/h3><p>We offer professional troubleshooting for your Surface Laptop Studio. This includes installing the latest operating system build and updating the firmware and drivers. After our service, your Surface Laptop Studio will run optimally and efficiently again.  <\/p>\n\t\t\t\t\t<\/div>\n\t\t\t\t\t\t<\/div>\n\t\t\t\t<\/div>\n\t\t\t\t\t<\/div>\n\t\t\t\t<\/div>\n\t\t<div class=\"wd-negative-gap elementor-element elementor-element-fd0a997 e-grid e-con-boxed e-con e-parent\" data-id=\"fd0a997\" data-element_type=\"container\" data-e-type=\"container\" data-settings=\"{&quot;_ha_eqh_enable&quot;:false}\">\n\t\t\t\t\t<div class=\"e-con-inner\">\n\t\t\t\t<div class=\"elementor-element elementor-element-0b39491 elementor-widget elementor-widget-wd_text_block\" data-id=\"0b39491\" data-element_type=\"widget\" data-e-type=\"widget\" data-widget_type=\"wd_text_block.default\">\n\t\t\t\t<div class=\"elementor-widget-container\">\n\t\t\t\t\t\t\t<div class=\"wd-text-block reset-last-child text-left\">\n\t\t\t\n\t\t\t<h3><strong>Microsoft Surface Laptop Studio interior cleaning<\/strong><\/h3><p>Our service ensures that the internal components of your Surface Laptop Studio work perfectly again with a thorough, professional cleaning. We take into account possible dusty or wet conditions to ensure the optimal performance of your device. <\/p>\n\t\t\t\t\t<\/div>\n\t\t\t\t\t\t<\/div>\n\t\t\t\t<\/div>\n\t\t\t\t<div class=\"elementor-element elementor-element-68ff373 elementor-widget elementor-widget-wd_text_block\" data-id=\"68ff373\" data-element_type=\"widget\" data-e-type=\"widget\" data-widget_type=\"wd_text_block.default\">\n\t\t\t\t<div class=\"elementor-widget-container\">\n\t\t\t\t\t\t\t<div class=\"wd-text-block reset-last-child text-left\">\n\t\t\t\n\t\t\t<h3><strong>Diagnosing and fixing hardware problems for Surface Laptop Studio<\/strong><\/h3><p>Our specialist technicians specialize in diagnosing and fixing hardware problems with Surface Laptop Studio devices. We analyze defective screens, faulty keyboards and problems with connections or other components. After a thorough fault analysis, we find the cause of the problem and repair it professionally to restore the optimum functionality of your device.  <\/p>\n\t\t\t\t\t<\/div>\n\t\t\t\t\t\t<\/div>\n\t\t\t\t<\/div>\n\t\t\t\t\t<\/div>\n\t\t\t\t<\/div>\n\t\t<div class=\"wd-negative-gap elementor-element elementor-element-935129c e-flex e-con-boxed e-con e-parent\" data-id=\"935129c\" data-element_type=\"container\" data-e-type=\"container\" data-settings=\"{&quot;_ha_eqh_enable&quot;:false}\">\n\t\t\t\t\t<div class=\"e-con-inner\">\n\t\t\t\t<div class=\"elementor-element elementor-element-d8908ce elementor-widget elementor-widget-wd_text_block\" data-id=\"d8908ce\" data-element_type=\"widget\" data-e-type=\"widget\" data-widget_type=\"wd_text_block.default\">\n\t\t\t\t<div class=\"elementor-widget-container\">\n\t\t\t\t\t\t\t<div class=\"wd-text-block reset-last-child text-left\">\n\t\t\t\n\t\t\t<div class=\"fl-row fl-row-fixed-width fl-row-bg-none fl-node-5df65a09b6ba5 fl-row-default-height fl-row-align-center\" data-node=\"5df65a09b6ba5\"><div class=\"fl-row-content-wrap\"><div class=\"fl-row-content fl-row-fixed-width fl-node-content\"><div class=\"fl-col-group fl-node-5df65a09ba1d8\" data-node=\"5df65a09ba1d8\"><div class=\"fl-col fl-node-5df65a09ba264 fl-col-bg-color\" data-node=\"5df65a09ba264\"><div class=\"fl-col-content fl-node-content\"><div class=\"fl-module fl-module-rich-text fl-node-5df65a09b687e\" data-node=\"5df65a09b687e\"><div class=\"fl-module-content fl-node-content\"><div class=\"fl-rich-text\"><h2><strong>Switzerland-wide Microsoft Surface Laptop Studio repair service<\/strong><\/h2><p>We offer a comprehensive repair service for Microsoft Surface devices, including the following models:<\/p><p>\u2013 Surface Pro Serie<br>\u2013 Surface Go Serie<br>\u2013 Surface Book Serie<br>\u2013 Surface Laptop Serie<br>\u2013 Surface Studio Serie<\/p><p>Have your Microsoft Surface repaired by our professional laptop repair service in Switzerland.<\/p><h3><strong>Microsoft laptop repair in the following cities<\/strong><\/h3><p>Zurich, Geneva, Basel, Lausanne, Bern, Urtenen-Sch\u00f6nb\u00fchl, M\u00fcnsingen, Thun, Interlaken, Langnau im Emmental, Winterthur, Lucerne, St. Gallen, Lugano, Biel, Fribourg, Appenzell, Glarus, Graub\u00fcnden, Chur, Jura, Lucerne Emmen, Neuchatel, Nidwalden, Obwalden, Schaffhausen, Schwyz, Einsiedeln, Solothurn, Thurgau, Ticino, Uri, Vaud, Valais, Zug.<\/p><p>We repair computers, tablets, cell phones, iPhones, as well as Microsoft Surface Pro and Surface Book \u2013 in Switzerland.<\/p><h3><strong>Repair procedure<\/strong><\/h3><ol><li><p>We receive your parcel and analyze the damage.<\/p><\/li><li><p>We determine which parts need to be replaced.<\/p><\/li><li><p>All work carried out is documented in detail and included in our detailed cost estimate.<\/p><\/li><\/ol><p><strong>There are no costs for you for the damage analysis and the preparation of the cost estimate.<\/strong><\/p><h4><strong>Frequent repairs<\/strong><\/h4><ul><li><p>Surface Laptop Studio Battery Replacement<\/p><\/li><li><p>Change Surface battery<\/p><\/li><li><p>Bloated Surface battery<\/p><\/li><li><p>Surface Laptop Studio Display Repair<\/p><\/li><li><p>Further Surface repairs<\/p><\/li><li><p>Defective Surface battery replacement<\/p><\/li><\/ul><p>Our customers appreciate our attractive and inexpensive repair service!<\/p><\/div><\/div><\/div><\/div><\/div><\/div><\/div><\/div><\/div>\n\t\t\t\t\t<\/div>\n\t\t\t\t\t\t<\/div>\n\t\t\t\t<\/div>\n\t\t\t\t\t<\/div>\n\t\t\t\t<\/div>\n\t\t\t\t<\/div>\n\t\t\n    <div class=\"xs_social_share_widget xs_share_url after_content \t\tmain_content  wslu-style-1 wslu-share-box-shaped wslu-fill-colored wslu-none wslu-share-horizontal wslu-theme-font-no wslu-main_content\">\n\n\t\t\n        <ul>\n\t\t\t        <\/ul>\n    <\/div> \n","protected":false},"excerpt":{"rendered":"<p>Laptop Studio Repair Surface Laptop Studio repair Model: 1964 Repair prices at a glance: Surface Laptop Studio Display Replacement 14.4&#8243;<\/p>\n","protected":false},"author":1,"featured_media":0,"parent":28798,"menu_order":0,"comment_status":"closed","ping_status":"closed","template":"","meta":{"postBodyCss":"","postBodyMargin":[],"postBodyPadding":[],"postBodyBackground":{"backgroundType":"classic","gradient":""},"footnotes":""},"class_list":["post-28832","page","type-page","status-publish","hentry"],"yoast_head":"<!-- This site is optimized with the Yoast SEO Premium plugin v26.8 (Yoast SEO v27.3) - https:\/\/yoast.com\/product\/yoast-seo-premium-wordpress\/ -->\n<title>Microsoft Surface Laptop Studio Repair Service in Switzerland<\/title>\n<meta name=\"description\" content=\"Professional Microsoft Surface Laptop Studio repair service in Switzerland - Fast and reliable repairs for your device.\" \/>\n<meta name=\"robots\" content=\"index, follow, max-snippet:-1, max-image-preview:large, max-video-preview:-1\" \/>\n<link rel=\"canonical\" href=\"https:\/\/repairandshop.ch\/en\/microsoft-surface\/surface-laptop-studio\/\" \/>\n<meta property=\"og:locale\" content=\"en_US\" \/>\n<meta property=\"og:type\" content=\"article\" \/>\n<meta property=\"og:title\" content=\"Surface Laptop Studio\" \/>\n<meta property=\"og:description\" content=\"Professional Microsoft Surface Laptop Studio repair service in Switzerland - Fast and reliable repairs for your device.\" \/>\n<meta property=\"og:url\" content=\"https:\/\/repairandshop.ch\/en\/microsoft-surface\/surface-laptop-studio\/\" \/>\n<meta property=\"og:site_name\" content=\"repair and shop\" \/>\n<meta property=\"article:modified_time\" content=\"2025-05-18T21:25:46+00:00\" \/>\n<meta property=\"og:image\" content=\"https:\/\/repairandshop.ch\/wp-content\/uploads\/2025\/03\/Surface-Laptop-1.png\" \/>\n\t<meta property=\"og:image:width\" content=\"300\" \/>\n\t<meta property=\"og:image:height\" content=\"300\" \/>\n\t<meta property=\"og:image:type\" content=\"image\/png\" \/>\n<meta name=\"twitter:card\" content=\"summary_large_image\" \/>\n<meta name=\"twitter:label1\" content=\"Est. reading time\" \/>\n\t<meta name=\"twitter:data1\" content=\"2 minutes\" \/>\n<!-- \/ Yoast SEO Premium plugin. -->","yoast_head_json":{"title":"Microsoft Surface Laptop Studio Repair Service in Switzerland","description":"Professional Microsoft Surface Laptop Studio repair service in Switzerland - Fast and reliable repairs for your device.","robots":{"index":"index","follow":"follow","max-snippet":"max-snippet:-1","max-image-preview":"max-image-preview:large","max-video-preview":"max-video-preview:-1"},"canonical":"https:\/\/repairandshop.ch\/en\/microsoft-surface\/surface-laptop-studio\/","og_locale":"en_US","og_type":"article","og_title":"Surface Laptop Studio","og_description":"Professional Microsoft Surface Laptop Studio repair service in Switzerland - Fast and reliable repairs for your device.","og_url":"https:\/\/repairandshop.ch\/en\/microsoft-surface\/surface-laptop-studio\/","og_site_name":"repair and shop","article_modified_time":"2025-05-18T21:25:46+00:00","og_image":[{"width":300,"height":300,"url":"https:\/\/repairandshop.ch\/wp-content\/uploads\/2025\/03\/Surface-Laptop-1.png","type":"image\/png"}],"twitter_card":"summary_large_image","twitter_misc":{"Est. reading time":"2 minutes"},"schema":{"@context":"https:\/\/schema.org","@graph":[{"@type":"WebPage","@id":"https:\/\/repairandshop.ch\/en\/microsoft-surface\/surface-laptop-studio\/","url":"https:\/\/repairandshop.ch\/en\/microsoft-surface\/surface-laptop-studio\/","name":"Microsoft Surface Laptop Studio Repair Service in Switzerland","isPartOf":{"@id":"https:\/\/repairandshop.ch\/en\/#website"},"primaryImageOfPage":{"@id":"https:\/\/repairandshop.ch\/en\/microsoft-surface\/surface-laptop-studio\/#primaryimage"},"image":{"@id":"https:\/\/repairandshop.ch\/en\/microsoft-surface\/surface-laptop-studio\/#primaryimage"},"thumbnailUrl":"https:\/\/repairandshop.ch\/wp-content\/uploads\/2025\/03\/Surface-Laptop-1.png","datePublished":"2025-03-08T15:01:58+00:00","dateModified":"2025-05-18T21:25:46+00:00","description":"Professional Microsoft Surface Laptop Studio repair service in Switzerland - Fast and reliable repairs for your device.","breadcrumb":{"@id":"https:\/\/repairandshop.ch\/en\/microsoft-surface\/surface-laptop-studio\/#breadcrumb"},"inLanguage":"en-US","potentialAction":[{"@type":"ReadAction","target":["https:\/\/repairandshop.ch\/en\/microsoft-surface\/surface-laptop-studio\/"]}]},{"@type":"ImageObject","inLanguage":"en-US","@id":"https:\/\/repairandshop.ch\/en\/microsoft-surface\/surface-laptop-studio\/#primaryimage","url":"https:\/\/repairandshop.ch\/wp-content\/uploads\/2025\/03\/Surface-Laptop-1.png","contentUrl":"https:\/\/repairandshop.ch\/wp-content\/uploads\/2025\/03\/Surface-Laptop-1.png"},{"@type":"BreadcrumbList","@id":"https:\/\/repairandshop.ch\/en\/microsoft-surface\/surface-laptop-studio\/#breadcrumb","itemListElement":[{"@type":"ListItem","position":1,"name":"Home","item":"https:\/\/repairandshop.ch\/en\/"},{"@type":"ListItem","position":2,"name":"Microsoft Surface","item":"https:\/\/repairandshop.ch\/en\/microsoft-surface\/"},{"@type":"ListItem","position":3,"name":"Surface Laptop Studio"}]},{"@type":"WebSite","@id":"https:\/\/repairandshop.ch\/en\/#website","url":"https:\/\/repairandshop.ch\/en\/","name":"Repair And Shop","description":"","publisher":{"@id":"https:\/\/repairandshop.ch\/en\/#organization"},"potentialAction":[{"@type":"SearchAction","target":{"@type":"EntryPoint","urlTemplate":"https:\/\/repairandshop.ch\/en\/?s={search_term_string}"},"query-input":{"@type":"PropertyValueSpecification","valueRequired":true,"valueName":"search_term_string"}}],"inLanguage":"en-US"},{"@type":"Organization","@id":"https:\/\/repairandshop.ch\/en\/#organization","name":"Repair And Shop","url":"https:\/\/repairandshop.ch\/en\/","logo":{"@type":"ImageObject","inLanguage":"en-US","@id":"https:\/\/repairandshop.ch\/en\/#\/schema\/logo\/image\/","url":"https:\/\/repairandshop.ch\/wp-content\/uploads\/2025\/02\/RepairandShop-Logo.png","contentUrl":"https:\/\/repairandshop.ch\/wp-content\/uploads\/2025\/02\/RepairandShop-Logo.png","width":834,"height":193,"caption":"Repair And Shop"},"image":{"@id":"https:\/\/repairandshop.ch\/en\/#\/schema\/logo\/image\/"}}]}},"_links":{"self":[{"href":"https:\/\/repairandshop.ch\/en\/wp-json\/wp\/v2\/pages\/28832","targetHints":{"allow":["GET"]}}],"collection":[{"href":"https:\/\/repairandshop.ch\/en\/wp-json\/wp\/v2\/pages"}],"about":[{"href":"https:\/\/repairandshop.ch\/en\/wp-json\/wp\/v2\/types\/page"}],"author":[{"embeddable":true,"href":"https:\/\/repairandshop.ch\/en\/wp-json\/wp\/v2\/users\/1"}],"replies":[{"embeddable":true,"href":"https:\/\/repairandshop.ch\/en\/wp-json\/wp\/v2\/comments?post=28832"}],"version-history":[{"count":0,"href":"https:\/\/repairandshop.ch\/en\/wp-json\/wp\/v2\/pages\/28832\/revisions"}],"up":[{"embeddable":true,"href":"https:\/\/repairandshop.ch\/en\/wp-json\/wp\/v2\/pages\/28798"}],"wp:attachment":[{"href":"https:\/\/repairandshop.ch\/en\/wp-json\/wp\/v2\/media?parent=28832"}],"curies":[{"name":"wp","href":"https:\/\/api.w.org\/{rel}","templated":true}]}}