{"id":30382,"date":"2025-03-10T18:33:59","date_gmt":"2025-03-10T18:33:59","guid":{"rendered":"https:\/\/repairandshop.ch\/samsung-repair-2\/galaxy-z-series-repair-2\/samsung-z-flip-3-sm-f711b\/"},"modified":"2025-10-03T21:35:57","modified_gmt":"2025-10-03T21:35:57","slug":"samsung-z-flip-3-repair","status":"publish","type":"page","link":"https:\/\/repairandshop.ch\/en\/samsung\/galaxy-z-series\/samsung-z-flip-3-repair\/","title":{"rendered":"Samsung Z Flip 3 (SM-F711B)"},"content":{"rendered":"\t\t<div data-elementor-type=\"wp-page\" data-elementor-id=\"30382\" class=\"elementor elementor-30382 elementor-17953\" data-elementor-post-type=\"page\">\n\t\t\t\t<div class=\"wd-negative-gap elementor-element elementor-element-c4693bd e-flex e-con-boxed e-con e-parent\" data-id=\"c4693bd\" data-element_type=\"container\" data-e-type=\"container\" data-settings=\"{&quot;background_background&quot;:&quot;classic&quot;,&quot;_ha_eqh_enable&quot;:false}\">\n\t\t\t\t\t<div class=\"e-con-inner\">\n\t\t<div class=\"elementor-element elementor-element-5a5c95a e-con-full e-flex e-con e-child\" data-id=\"5a5c95a\" data-element_type=\"container\" data-e-type=\"container\" data-settings=\"{&quot;_ha_eqh_enable&quot;:false}\">\n\t\t\t\t<div class=\"elementor-element elementor-element-b0bf2bc elementor-widget elementor-widget-heading\" data-id=\"b0bf2bc\" data-element_type=\"widget\" data-e-type=\"widget\" data-widget_type=\"heading.default\">\n\t\t\t\t<div class=\"elementor-widget-container\">\n\t\t\t\t\t<h2 class=\"elementor-heading-title elementor-size-default\">Samsung Galaxy Z Flip 3\n<\/h2>\t\t\t\t<\/div>\n\t\t\t\t<\/div>\n\t\t\t\t<div class=\"elementor-element elementor-element-b7d08b0 elementor-widget elementor-widget-image\" data-id=\"b7d08b0\" data-element_type=\"widget\" data-e-type=\"widget\" data-widget_type=\"image.default\">\n\t\t\t\t<div class=\"elementor-widget-container\">\n\t\t\t\t\t\t\t\t\t\t\t\t\t\t\t<img loading=\"lazy\" decoding=\"async\" width=\"300\" height=\"300\" src=\"https:\/\/repairandshop.ch\/wp-content\/uploads\/2025\/03\/Samsung-Galaxy-Z-Flip3-reparatur-300x300-1.jpeg\" class=\"attachment-large size-large wp-image-26441\" alt=\"Samsung Galaxy Z Flip 3 Reparatur\" srcset=\"https:\/\/repairandshop.ch\/wp-content\/uploads\/2025\/03\/Samsung-Galaxy-Z-Flip3-reparatur-300x300-1.jpeg 300w, https:\/\/repairandshop.ch\/wp-content\/uploads\/2025\/03\/Samsung-Galaxy-Z-Flip3-reparatur-300x300-1-150x150.jpeg 150w\" sizes=\"auto, (max-width: 300px) 100vw, 300px\" \/>\t\t\t\t\t\t\t\t\t\t\t\t\t\t\t<\/div>\n\t\t\t\t<\/div>\n\t\t\t\t<\/div>\n\t\t<div class=\"elementor-element elementor-element-025d350 e-con-full e-flex e-con e-child\" data-id=\"025d350\" data-element_type=\"container\" data-e-type=\"container\" data-settings=\"{&quot;_ha_eqh_enable&quot;:false}\">\n\t\t\t\t<div class=\"elementor-element elementor-element-9f49d26 elementor-widget elementor-widget-wd_text_block\" data-id=\"9f49d26\" data-element_type=\"widget\" data-e-type=\"widget\" data-widget_type=\"wd_text_block.default\">\n\t\t\t\t<div class=\"elementor-widget-container\">\n\t\t\t\t\t\t\t<div class=\"wd-text-block reset-last-child text-left\">\n\t\t\t\n\t\t\t<h3><strong>Galaxy Z Flip 3 repair prices:<\/strong><\/h3><table class=\" alignleft\" width=\"663\"><tbody><tr><td>Main display replacement<\/td><td>599 CHF<\/td><\/tr><tr><td>Backcover Display Exchange<\/td><td>249 CHF<\/td><\/tr><tr><td>Back cover exchange<\/td><td>99 CHF<\/td><\/tr><tr><td>Battery replacement<\/td><td>159 CHF<\/td><\/tr><tr><td>Back<\/td><td>169 CHF<\/td><\/tr><tr><td>Software \/ Update<\/td><td> 39 CHF<\/td><\/tr><tr><td>Other repairs on request<\/td><td>xx.x<\/td><\/tr><\/tbody><\/table>\n\t\t\t\t\t<\/div>\n\t\t\t\t\t\t<\/div>\n\t\t\t\t<\/div>\n\t\t\t\t<\/div>\n\t\t\t\t\t<\/div>\n\t\t\t\t<\/div>\n\t\t<div class=\"wd-negative-gap elementor-element elementor-element-e196aa3 e-flex e-con-boxed e-con e-parent\" data-id=\"e196aa3\" data-element_type=\"container\" data-e-type=\"container\" data-settings=\"{&quot;_ha_eqh_enable&quot;:false}\">\n\t\t\t\t\t<div class=\"e-con-inner\">\n\t\t<div class=\"elementor-element elementor-element-2428ff9 e-con-full e-flex e-con e-child\" data-id=\"2428ff9\" data-element_type=\"container\" data-e-type=\"container\" data-settings=\"{&quot;_ha_eqh_enable&quot;:false}\">\n\t\t\t\t<div class=\"elementor-element elementor-element-b52364e elementor-align-justify elementor-widget elementor-widget-button\" data-id=\"b52364e\" data-element_type=\"widget\" data-e-type=\"widget\" data-widget_type=\"button.default\">\n\t\t\t\t<div class=\"elementor-widget-container\">\n\t\t\t\t\t\t\t\t\t<div class=\"elementor-button-wrapper\">\n\t\t\t\t\t<a class=\"elementor-button elementor-button-link elementor-size-sm\" href=\"https:\/\/repairandshop.ch\/en\/contact-us\/\">\n\t\t\t\t\t\t<span class=\"elementor-button-content-wrapper\">\n\t\t\t\t\t\t\t\t\t<span class=\"elementor-button-text\">Contact us<\/span>\n\t\t\t\t\t<\/span>\n\t\t\t\t\t<\/a>\n\t\t\t\t<\/div>\n\t\t\t\t\t\t\t\t<\/div>\n\t\t\t\t<\/div>\n\t\t\t\t<\/div>\n\t\t<div class=\"elementor-element elementor-element-42aaa7a e-con-full e-flex e-con e-child\" data-id=\"42aaa7a\" data-element_type=\"container\" data-e-type=\"container\" data-settings=\"{&quot;_ha_eqh_enable&quot;:false}\">\n\t\t\t\t<div class=\"elementor-element elementor-element-778faf0 elementor-align-justify elementor-widget elementor-widget-button\" data-id=\"778faf0\" data-element_type=\"widget\" data-e-type=\"widget\" data-widget_type=\"button.default\">\n\t\t\t\t<div class=\"elementor-widget-container\">\n\t\t\t\t\t\t\t\t\t<div class=\"elementor-button-wrapper\">\n\t\t\t\t\t<a class=\"elementor-button elementor-button-link elementor-size-sm\" href=\"#\">\n\t\t\t\t\t\t<span class=\"elementor-button-content-wrapper\">\n\t\t\t\t\t\t\t\t\t<span class=\"elementor-button-text\">Information<\/span>\n\t\t\t\t\t<\/span>\n\t\t\t\t\t<\/a>\n\t\t\t\t<\/div>\n\t\t\t\t\t\t\t\t<\/div>\n\t\t\t\t<\/div>\n\t\t\t\t<\/div>\n\t\t\t\t\t<\/div>\n\t\t\t\t<\/div>\n\t\t<div class=\"wd-negative-gap elementor-element elementor-element-043249e e-flex e-con-boxed e-con e-parent\" data-id=\"043249e\" data-element_type=\"container\" data-e-type=\"container\" data-settings=\"{&quot;_ha_eqh_enable&quot;:false}\">\n\t\t\t\t\t<div class=\"e-con-inner\">\n\t\t\t\t<div class=\"elementor-element elementor-element-743c201 elementor-widget elementor-widget-wd_text_block\" data-id=\"743c201\" data-element_type=\"widget\" data-e-type=\"widget\" data-widget_type=\"wd_text_block.default\">\n\t\t\t\t<div class=\"elementor-widget-container\">\n\t\t\t\t\t\t\t<div class=\"wd-text-block reset-last-child text-left\">\n\t\t\t\n\t\t\t<div class=\"fl-row fl-row-fixed-width fl-row-bg-none fl-node-5df65a09b6ba5 fl-row-default-height fl-row-align-center\" data-node=\"5df65a09b6ba5\"><div class=\"fl-row-content-wrap\"><div class=\"fl-row-content fl-row-fixed-width fl-node-content\"><div class=\"fl-col-group fl-node-5df65a09ba1d8\" data-node=\"5df65a09ba1d8\"><div class=\"fl-col fl-node-5df65a09ba264 fl-col-bg-color\" data-node=\"5df65a09ba264\"><div class=\"fl-col-content fl-node-content\"><div class=\"fl-module fl-module-rich-text fl-node-5df65a09b687e\" data-node=\"5df65a09b687e\"><div class=\"fl-module-content fl-node-content\"><div class=\"fl-rich-text\"><div class=\"fl-row fl-row-fixed-width fl-row-bg-none fl-node-z0usp5yfa6kx fl-row-default-height fl-row-align-center\" data-node=\"z0usp5yfa6kx\"><div class=\"fl-row-content-wrap\"><div class=\"fl-row-content fl-row-fixed-width fl-node-content\"><div class=\"fl-col-group fl-node-45vmxyb3fwil\" data-node=\"45vmxyb3fwil\"><div class=\"fl-col fl-node-8geyvf2j3rt5 fl-col-bg-color\" data-node=\"8geyvf2j3rt5\"><div class=\"fl-col-content fl-node-content\"><div class=\"fl-module fl-module-rich-text fl-node-cx78byotgn0f\" data-node=\"cx78byotgn0f\"><div class=\"fl-module-content fl-node-content\"><div class=\"fl-rich-text\"><h1 class=\"\" data-start=\"277\" data-end=\"334\">Switzerland-wide Samsung Galaxy Z series repair service<\/h1><p class=\"\" data-start=\"336\" data-end=\"408\"><strong data-start=\"336\" data-end=\"408\">Professional repair for the following Samsung Galaxy Z models:<\/strong><\/p><ul data-start=\"410\" data-end=\"577\"><li class=\"\" data-start=\"410\" data-end=\"437\"><p class=\"\" data-start=\"412\" data-end=\"437\">Samsung Galaxy Z Flip 6<\/p><\/li><li class=\"\" data-start=\"438\" data-end=\"465\"><p class=\"\" data-start=\"440\" data-end=\"465\">Samsung Galaxy Z Flip 5<\/p><\/li><li class=\"\" data-start=\"466\" data-end=\"493\"><p class=\"\" data-start=\"468\" data-end=\"493\">Samsung Galaxy Z Flip 4<\/p><\/li><li class=\"\" data-start=\"494\" data-end=\"521\"><p class=\"\" data-start=\"496\" data-end=\"521\">Samsung Galaxy Z Flip 3<\/p><\/li><li class=\"\" data-start=\"522\" data-end=\"549\"><p class=\"\" data-start=\"524\" data-end=\"549\">Samsung Galaxy Z Fold 4<\/p><\/li><li class=\"\" data-start=\"550\" data-end=\"577\"><p class=\"\" data-start=\"552\" data-end=\"577\">Samsung Galaxy Z Fold 3<\/p><\/li><\/ul><p class=\"\" data-start=\"579\" data-end=\"725\"><strong data-start=\"582\" data-end=\"725\">Have your Samsung Galaxy Z device repaired quickly and reliably by our experienced repair service throughout Switzerland.<\/strong><\/p><h2 class=\"\" data-start=\"732\" data-end=\"769\">Locations throughout Switzerland<\/h2><p class=\"\" data-start=\"771\" data-end=\"1163\">We are there for you throughout Switzerland, including in:<br data-start=\"821\" data-end=\"824\">Zurich, Geneva, Basel, Lausanne, Bern, Urtenen-Sch\u00f6nb\u00fchl, M\u00fcnsingen, Thun, Interlaken, Langnau im Emmental, Winterthur, Lucerne, St. Gallen, Lugano, Biel, Fribourg, Appenzell, Glarus, Grisons, Chur, Jura, Lucerne Emmen, Neuch\u00e2tel, Nidwalden, Obwalden, Schaff. Gallen, Lugano, Biel, Fribourg, Appenzell, Glarus, Graub\u00fcnden, Chur, Jura, Lucerne Emmen, Neuch\u00e2tel, Nidwalden, Obwalden, Schaffhausen, Schwyz, Einsiedeln, Solothurn, Thurgau, Ticino, Uri, Vaud, Valais and Zug.<\/p><h2 class=\"\" data-start=\"1170\" data-end=\"1224\">Repair process - transparent &amp; customer-friendly<\/h2><p class=\"\" data-start=\"1226\" data-end=\"1386\">As soon as we receive your package, we carry out a comprehensive damage analysis to determine which components need to be replaced or repaired.<\/p><p class=\"\" data-start=\"1388\" data-end=\"1729\">\u2714\ufe0f All repair work is documented in detail and summarized in a transparent, <strong data-start=\"1474\" data-end=\"1507\">free cost estimate<\/strong>.<br data-start=\"1524\" data-end=\"1527\">\u2714\ufe0f There are <strong data-start=\"1579\" data-end=\"1599\">no costs<\/strong> for the analysis and quotation.<br data-start=\"1600\" data-end=\"1603\">\u2714\ufe0f Many customers choose us because of our <strong data-start=\"1672\" data-end=\"1694\">attractive prices<\/strong> and reliable service.<\/p><h2 class=\"\" data-start=\"1736\" data-end=\"1778\">Frequent Samsung repairs with us:<\/h2><ul data-start=\"1780\" data-end=\"2073\"><li class=\"\" data-start=\"1780\" data-end=\"1809\"><p class=\"\" data-start=\"1782\" data-end=\"1809\"><strong data-start=\"1782\" data-end=\"1807\">Replace Samsung battery<\/strong><\/p><\/li><li class=\"\" data-start=\"1810\" data-end=\"1876\"><p class=\"\" data-start=\"1812\" data-end=\"1876\"><strong data-start=\"1812\" data-end=\"1874\">Defective or inflated battery? Have it replaced safely now! <\/strong><\/p><\/li><li class=\"\" data-start=\"1877\" data-end=\"1951\"><p class=\"\" data-start=\"1879\" data-end=\"1951\"><strong data-start=\"1879\" data-end=\"1949\">Display comes loose or doesn't respond? We repair it professionally! <\/strong><\/p><\/li><li class=\"\" data-start=\"1952\" data-end=\"2017\"><p class=\"\" data-start=\"1954\" data-end=\"2017\"><strong data-start=\"1954\" data-end=\"2015\">Samsung display repair for glass breakage or pixel errors<\/strong><\/p><\/li><li class=\"\" data-start=\"2018\" data-end=\"2073\"><p class=\"\" data-start=\"2020\" data-end=\"2073\"><strong data-start=\"2020\" data-end=\"2073\">More technical errors? We'll find the solution! <\/strong><\/p><\/li><\/ul><h2 class=\"\" data-start=\"2080\" data-end=\"2137\">Online repair service with free return shipping<\/h2><p class=\"\" data-start=\"2139\" data-end=\"2289\">Order your repair conveniently online.<br data-start=\"2189\" data-end=\"2192\">Simply send in your device and benefit from <strong data-start=\"2227\" data-end=\"2276\">free return shipping within Switzerland<\/strong>.<\/p><\/div><\/div><\/div><\/div><\/div><\/div><\/div><\/div><\/div><\/div><\/div><\/div><\/div><\/div><\/div><\/div><\/div><\/div>\n\t\t\t\t\t<\/div>\n\t\t\t\t\t\t<\/div>\n\t\t\t\t<\/div>\n\t\t\t\t\t<\/div>\n\t\t\t\t<\/div>\n\t\t\t\t<\/div>\n\t\t\n    <div class=\"xs_social_share_widget xs_share_url after_content \t\tmain_content  wslu-style-1 wslu-share-box-shaped wslu-fill-colored wslu-none wslu-share-horizontal wslu-theme-font-no wslu-main_content\">\n\n\t\t\n        <ul>\n\t\t\t        <\/ul>\n    <\/div> \n","protected":false},"excerpt":{"rendered":"<p>Samsung Galaxy Z Flip 3 Galaxy Z Flip 3 repair prices: Main display replacement 599 CHF Backcover Display Exchange 249<\/p>\n","protected":false},"author":1,"featured_media":26441,"parent":30380,"menu_order":0,"comment_status":"closed","ping_status":"closed","template":"","meta":{"postBodyCss":"","postBodyMargin":[],"postBodyPadding":[],"postBodyBackground":{"backgroundType":"classic","gradient":""},"footnotes":""},"class_list":["post-30382","page","type-page","status-publish","has-post-thumbnail","hentry"],"yoast_head":"<!-- This site is optimized with the Yoast SEO Premium plugin v26.8 (Yoast SEO v27.3) - https:\/\/yoast.com\/product\/yoast-seo-premium-wordpress\/ -->\n<title>Samsung Z Flip 3 repair - Fast service<\/title>\n<meta name=\"description\" content=\"Do you need a Samsung Z Flip 3 repair? Our fast and reliable service will ensure your device is repaired professionally.\" \/>\n<meta name=\"robots\" content=\"index, follow, max-snippet:-1, max-image-preview:large, max-video-preview:-1\" \/>\n<link rel=\"canonical\" href=\"https:\/\/repairandshop.ch\/en\/samsung\/galaxy-z-series\/samsung-z-flip-3-repair\/\" \/>\n<meta property=\"og:locale\" content=\"en_US\" \/>\n<meta property=\"og:type\" content=\"article\" \/>\n<meta property=\"og:title\" content=\"Samsung Z Flip 3 (SM-F711B)\" \/>\n<meta property=\"og:description\" content=\"Do you need a Samsung Z Flip 3 repair? Our fast and reliable service will ensure your device is repaired professionally.\" \/>\n<meta property=\"og:url\" content=\"https:\/\/repairandshop.ch\/en\/samsung\/galaxy-z-series\/samsung-z-flip-3-repair\/\" \/>\n<meta property=\"og:site_name\" content=\"repair and shop\" \/>\n<meta property=\"article:modified_time\" content=\"2025-10-03T21:35:57+00:00\" \/>\n<meta property=\"og:image\" content=\"https:\/\/repairandshop.ch\/wp-content\/uploads\/2025\/03\/Samsung-Galaxy-Z-Flip3-reparatur-300x300-1.jpeg\" \/>\n\t<meta property=\"og:image:width\" content=\"300\" \/>\n\t<meta property=\"og:image:height\" content=\"300\" \/>\n\t<meta property=\"og:image:type\" content=\"image\/jpeg\" \/>\n<meta name=\"twitter:card\" content=\"summary_large_image\" \/>\n<meta name=\"twitter:label1\" content=\"Est. reading time\" \/>\n\t<meta name=\"twitter:data1\" content=\"1 minute\" \/>\n<!-- \/ Yoast SEO Premium plugin. -->","yoast_head_json":{"title":"Samsung Z Flip 3 repair - Fast service","description":"Do you need a Samsung Z Flip 3 repair? Our fast and reliable service will ensure your device is repaired professionally.","robots":{"index":"index","follow":"follow","max-snippet":"max-snippet:-1","max-image-preview":"max-image-preview:large","max-video-preview":"max-video-preview:-1"},"canonical":"https:\/\/repairandshop.ch\/en\/samsung\/galaxy-z-series\/samsung-z-flip-3-repair\/","og_locale":"en_US","og_type":"article","og_title":"Samsung Z Flip 3 (SM-F711B)","og_description":"Do you need a Samsung Z Flip 3 repair? Our fast and reliable service will ensure your device is repaired professionally.","og_url":"https:\/\/repairandshop.ch\/en\/samsung\/galaxy-z-series\/samsung-z-flip-3-repair\/","og_site_name":"repair and shop","article_modified_time":"2025-10-03T21:35:57+00:00","og_image":[{"width":300,"height":300,"url":"https:\/\/repairandshop.ch\/wp-content\/uploads\/2025\/03\/Samsung-Galaxy-Z-Flip3-reparatur-300x300-1.jpeg","type":"image\/jpeg"}],"twitter_card":"summary_large_image","twitter_misc":{"Est. reading time":"1 minute"},"schema":{"@context":"https:\/\/schema.org","@graph":[{"@type":"WebPage","@id":"https:\/\/repairandshop.ch\/en\/samsung\/galaxy-z-series\/samsung-z-flip-3-repair\/","url":"https:\/\/repairandshop.ch\/en\/samsung\/galaxy-z-series\/samsung-z-flip-3-repair\/","name":"Samsung Z Flip 3 repair - Fast service","isPartOf":{"@id":"https:\/\/repairandshop.ch\/en\/#website"},"primaryImageOfPage":{"@id":"https:\/\/repairandshop.ch\/en\/samsung\/galaxy-z-series\/samsung-z-flip-3-repair\/#primaryimage"},"image":{"@id":"https:\/\/repairandshop.ch\/en\/samsung\/galaxy-z-series\/samsung-z-flip-3-repair\/#primaryimage"},"thumbnailUrl":"https:\/\/repairandshop.ch\/wp-content\/uploads\/2025\/03\/Samsung-Galaxy-Z-Flip3-reparatur-300x300-1.jpeg","datePublished":"2025-03-10T18:33:59+00:00","dateModified":"2025-10-03T21:35:57+00:00","description":"Do you need a Samsung Z Flip 3 repair? Our fast and reliable service will ensure your device is repaired professionally.","breadcrumb":{"@id":"https:\/\/repairandshop.ch\/en\/samsung\/galaxy-z-series\/samsung-z-flip-3-repair\/#breadcrumb"},"inLanguage":"en-US","potentialAction":[{"@type":"ReadAction","target":["https:\/\/repairandshop.ch\/en\/samsung\/galaxy-z-series\/samsung-z-flip-3-repair\/"]}]},{"@type":"ImageObject","inLanguage":"en-US","@id":"https:\/\/repairandshop.ch\/en\/samsung\/galaxy-z-series\/samsung-z-flip-3-repair\/#primaryimage","url":"https:\/\/repairandshop.ch\/wp-content\/uploads\/2025\/03\/Samsung-Galaxy-Z-Flip3-reparatur-300x300-1.jpeg","contentUrl":"https:\/\/repairandshop.ch\/wp-content\/uploads\/2025\/03\/Samsung-Galaxy-Z-Flip3-reparatur-300x300-1.jpeg","width":300,"height":300,"caption":"Samsung Galaxy Z Flip 3 Reparatur"},{"@type":"BreadcrumbList","@id":"https:\/\/repairandshop.ch\/en\/samsung\/galaxy-z-series\/samsung-z-flip-3-repair\/#breadcrumb","itemListElement":[{"@type":"ListItem","position":1,"name":"Home","item":"https:\/\/repairandshop.ch\/en\/"},{"@type":"ListItem","position":2,"name":"Samsung repair","item":"https:\/\/repairandshop.ch\/en\/samsung\/"},{"@type":"ListItem","position":3,"name":"Galaxy Z Series Repair","item":"https:\/\/repairandshop.ch\/en\/samsung\/galaxy-z-series\/"},{"@type":"ListItem","position":4,"name":"Samsung Z Flip 3 (SM-F711B)"}]},{"@type":"WebSite","@id":"https:\/\/repairandshop.ch\/en\/#website","url":"https:\/\/repairandshop.ch\/en\/","name":"Repair And Shop","description":"","publisher":{"@id":"https:\/\/repairandshop.ch\/en\/#organization"},"potentialAction":[{"@type":"SearchAction","target":{"@type":"EntryPoint","urlTemplate":"https:\/\/repairandshop.ch\/en\/?s={search_term_string}"},"query-input":{"@type":"PropertyValueSpecification","valueRequired":true,"valueName":"search_term_string"}}],"inLanguage":"en-US"},{"@type":"Organization","@id":"https:\/\/repairandshop.ch\/en\/#organization","name":"Repair And Shop","url":"https:\/\/repairandshop.ch\/en\/","logo":{"@type":"ImageObject","inLanguage":"en-US","@id":"https:\/\/repairandshop.ch\/en\/#\/schema\/logo\/image\/","url":"https:\/\/repairandshop.ch\/wp-content\/uploads\/2025\/02\/RepairandShop-Logo.png","contentUrl":"https:\/\/repairandshop.ch\/wp-content\/uploads\/2025\/02\/RepairandShop-Logo.png","width":834,"height":193,"caption":"Repair And Shop"},"image":{"@id":"https:\/\/repairandshop.ch\/en\/#\/schema\/logo\/image\/"}}]}},"_links":{"self":[{"href":"https:\/\/repairandshop.ch\/en\/wp-json\/wp\/v2\/pages\/30382","targetHints":{"allow":["GET"]}}],"collection":[{"href":"https:\/\/repairandshop.ch\/en\/wp-json\/wp\/v2\/pages"}],"about":[{"href":"https:\/\/repairandshop.ch\/en\/wp-json\/wp\/v2\/types\/page"}],"author":[{"embeddable":true,"href":"https:\/\/repairandshop.ch\/en\/wp-json\/wp\/v2\/users\/1"}],"replies":[{"embeddable":true,"href":"https:\/\/repairandshop.ch\/en\/wp-json\/wp\/v2\/comments?post=30382"}],"version-history":[{"count":0,"href":"https:\/\/repairandshop.ch\/en\/wp-json\/wp\/v2\/pages\/30382\/revisions"}],"up":[{"embeddable":true,"href":"https:\/\/repairandshop.ch\/en\/wp-json\/wp\/v2\/pages\/30380"}],"wp:featuredmedia":[{"embeddable":true,"href":"https:\/\/repairandshop.ch\/en\/wp-json\/wp\/v2\/media\/26441"}],"wp:attachment":[{"href":"https:\/\/repairandshop.ch\/en\/wp-json\/wp\/v2\/media?parent=30382"}],"curies":[{"name":"wp","href":"https:\/\/api.w.org\/{rel}","templated":true}]}}