{"id":30386,"date":"2025-03-10T18:28:40","date_gmt":"2025-03-10T18:28:40","guid":{"rendered":"https:\/\/repairandshop.ch\/samsung-repair-2\/galaxy-z-series-repair-2\/samsung-z-flip-4-sm-f721b\/"},"modified":"2025-10-03T21:35:35","modified_gmt":"2025-10-03T21:35:35","slug":"samsung-z-flip-4-repair","status":"publish","type":"page","link":"https:\/\/repairandshop.ch\/en\/samsung\/galaxy-z-series\/samsung-z-flip-4-repair\/","title":{"rendered":"Samsung Z Flip 4 (SM-F721B)"},"content":{"rendered":"\t\t<div data-elementor-type=\"wp-page\" data-elementor-id=\"30386\" class=\"elementor elementor-30386 elementor-17948\" data-elementor-post-type=\"page\">\n\t\t\t\t<div class=\"wd-negative-gap elementor-element elementor-element-c4693bd e-flex e-con-boxed e-con e-parent\" data-id=\"c4693bd\" data-element_type=\"container\" data-e-type=\"container\" data-settings=\"{&quot;background_background&quot;:&quot;classic&quot;,&quot;_ha_eqh_enable&quot;:false}\">\n\t\t\t\t\t<div class=\"e-con-inner\">\n\t\t<div class=\"elementor-element elementor-element-5a5c95a e-con-full e-flex e-con e-child\" data-id=\"5a5c95a\" data-element_type=\"container\" data-e-type=\"container\" data-settings=\"{&quot;_ha_eqh_enable&quot;:false}\">\n\t\t\t\t<div class=\"elementor-element elementor-element-b0bf2bc elementor-widget elementor-widget-heading\" data-id=\"b0bf2bc\" data-element_type=\"widget\" data-e-type=\"widget\" data-widget_type=\"heading.default\">\n\t\t\t\t<div class=\"elementor-widget-container\">\n\t\t\t\t\t<h2 class=\"elementor-heading-title elementor-size-default\">Samsung Galaxy Z Flip 4<\/h2>\t\t\t\t<\/div>\n\t\t\t\t<\/div>\n\t\t\t\t<div class=\"elementor-element elementor-element-b7d08b0 elementor-widget elementor-widget-image\" data-id=\"b7d08b0\" data-element_type=\"widget\" data-e-type=\"widget\" data-widget_type=\"image.default\">\n\t\t\t\t<div class=\"elementor-widget-container\">\n\t\t\t\t\t\t\t\t\t\t\t\t\t\t\t<img loading=\"lazy\" decoding=\"async\" width=\"300\" height=\"300\" src=\"https:\/\/repairandshop.ch\/wp-content\/uploads\/2025\/03\/samsung-z-serie-reparatur-basel-zuerich-bern-luzern-300x300-1.jpeg\" class=\"attachment-large size-large wp-image-26438\" alt=\"Samsung Galaxy Z Flip 4 Reparatur\n\nSamsung Galaxy Z Flip 4 Reparaturpreise:\nGalaxy Z Flip 4 Display\n699 CHF\nGalaxy Z Flip 4 Backcover Display Austausch\n249 CHF\nGalaxy Z Flip 4 Akkuwechsel\n159 CHF\nGalaxy Z Flip 4 R\u00fcckseite\n169 CHF\nGalaxy Z Flip 4 Software \/ Update\n39 CHF\" srcset=\"https:\/\/repairandshop.ch\/wp-content\/uploads\/2025\/03\/samsung-z-serie-reparatur-basel-zuerich-bern-luzern-300x300-1.jpeg 300w, https:\/\/repairandshop.ch\/wp-content\/uploads\/2025\/03\/samsung-z-serie-reparatur-basel-zuerich-bern-luzern-300x300-1-150x150.jpeg 150w\" sizes=\"auto, (max-width: 300px) 100vw, 300px\" \/>\t\t\t\t\t\t\t\t\t\t\t\t\t\t\t<\/div>\n\t\t\t\t<\/div>\n\t\t\t\t<\/div>\n\t\t<div class=\"elementor-element elementor-element-025d350 e-con-full e-flex e-con e-child\" data-id=\"025d350\" data-element_type=\"container\" data-e-type=\"container\" data-settings=\"{&quot;_ha_eqh_enable&quot;:false}\">\n\t\t\t\t<div class=\"elementor-element elementor-element-9f49d26 elementor-widget elementor-widget-wd_text_block\" data-id=\"9f49d26\" data-element_type=\"widget\" data-e-type=\"widget\" data-widget_type=\"wd_text_block.default\">\n\t\t\t\t<div class=\"elementor-widget-container\">\n\t\t\t\t\t\t\t<div class=\"wd-text-block reset-last-child text-left\">\n\t\t\t\n\t\t\t<h3><strong>Galaxy Z Flip 4 repair prices:<\/strong><\/h3><table class=\" alignleft\" width=\"663\"><tbody><tr><td>Main display replacement<\/td><td>699 CHF<\/td><\/tr><tr><td>Backcover Display Exchange<\/td><td>249 CHF<\/td><\/tr><tr><td>Back cover exchange<\/td><td>99 CHF<\/td><\/tr><tr><td>Battery replacement<\/td><td>159 CHF<\/td><\/tr><tr><td>Back<\/td><td>169 CHF<\/td><\/tr><tr><td>Software \/ Update<\/td><td> 39 CHF<\/td><\/tr><tr><td>Other repairs on request<\/td><td>xx.x<\/td><\/tr><\/tbody><\/table>\n\t\t\t\t\t<\/div>\n\t\t\t\t\t\t<\/div>\n\t\t\t\t<\/div>\n\t\t\t\t<\/div>\n\t\t\t\t\t<\/div>\n\t\t\t\t<\/div>\n\t\t<div class=\"wd-negative-gap elementor-element elementor-element-e196aa3 e-flex e-con-boxed e-con e-parent\" data-id=\"e196aa3\" data-element_type=\"container\" data-e-type=\"container\" data-settings=\"{&quot;_ha_eqh_enable&quot;:false}\">\n\t\t\t\t\t<div class=\"e-con-inner\">\n\t\t<div class=\"elementor-element elementor-element-2428ff9 e-con-full e-flex e-con e-child\" data-id=\"2428ff9\" data-element_type=\"container\" data-e-type=\"container\" data-settings=\"{&quot;_ha_eqh_enable&quot;:false}\">\n\t\t\t\t<div class=\"elementor-element elementor-element-b52364e elementor-align-justify elementor-widget elementor-widget-button\" data-id=\"b52364e\" data-element_type=\"widget\" data-e-type=\"widget\" data-widget_type=\"button.default\">\n\t\t\t\t<div class=\"elementor-widget-container\">\n\t\t\t\t\t\t\t\t\t<div class=\"elementor-button-wrapper\">\n\t\t\t\t\t<a class=\"elementor-button elementor-button-link elementor-size-sm\" href=\"https:\/\/repairandshop.ch\/en\/contact-us\/\">\n\t\t\t\t\t\t<span class=\"elementor-button-content-wrapper\">\n\t\t\t\t\t\t\t\t\t<span class=\"elementor-button-text\">Contact us<\/span>\n\t\t\t\t\t<\/span>\n\t\t\t\t\t<\/a>\n\t\t\t\t<\/div>\n\t\t\t\t\t\t\t\t<\/div>\n\t\t\t\t<\/div>\n\t\t\t\t<\/div>\n\t\t<div class=\"elementor-element elementor-element-42aaa7a e-con-full e-flex e-con e-child\" data-id=\"42aaa7a\" data-element_type=\"container\" data-e-type=\"container\" data-settings=\"{&quot;_ha_eqh_enable&quot;:false}\">\n\t\t\t\t<div class=\"elementor-element elementor-element-778faf0 elementor-align-justify elementor-widget elementor-widget-button\" data-id=\"778faf0\" data-element_type=\"widget\" data-e-type=\"widget\" data-widget_type=\"button.default\">\n\t\t\t\t<div class=\"elementor-widget-container\">\n\t\t\t\t\t\t\t\t\t<div class=\"elementor-button-wrapper\">\n\t\t\t\t\t<a class=\"elementor-button elementor-button-link elementor-size-sm\" href=\"#\">\n\t\t\t\t\t\t<span class=\"elementor-button-content-wrapper\">\n\t\t\t\t\t\t\t\t\t<span class=\"elementor-button-text\">Information<\/span>\n\t\t\t\t\t<\/span>\n\t\t\t\t\t<\/a>\n\t\t\t\t<\/div>\n\t\t\t\t\t\t\t\t<\/div>\n\t\t\t\t<\/div>\n\t\t\t\t<\/div>\n\t\t\t\t\t<\/div>\n\t\t\t\t<\/div>\n\t\t<div class=\"wd-negative-gap elementor-element elementor-element-043249e e-flex e-con-boxed e-con e-parent\" data-id=\"043249e\" data-element_type=\"container\" data-e-type=\"container\" data-settings=\"{&quot;_ha_eqh_enable&quot;:false}\">\n\t\t\t\t\t<div class=\"e-con-inner\">\n\t\t\t\t<div class=\"elementor-element elementor-element-743c201 elementor-widget elementor-widget-wd_text_block\" data-id=\"743c201\" data-element_type=\"widget\" data-e-type=\"widget\" data-widget_type=\"wd_text_block.default\">\n\t\t\t\t<div class=\"elementor-widget-container\">\n\t\t\t\t\t\t\t<div class=\"wd-text-block reset-last-child text-left\">\n\t\t\t\n\t\t\t<div class=\"fl-row fl-row-fixed-width fl-row-bg-none fl-node-5df65a09b6ba5 fl-row-default-height fl-row-align-center\" data-node=\"5df65a09b6ba5\"><div class=\"fl-row-content-wrap\"><div class=\"fl-row-content fl-row-fixed-width fl-node-content\"><div class=\"fl-col-group fl-node-5df65a09ba1d8\" data-node=\"5df65a09ba1d8\"><div class=\"fl-col fl-node-5df65a09ba264 fl-col-bg-color\" data-node=\"5df65a09ba264\"><div class=\"fl-col-content fl-node-content\"><div class=\"fl-module fl-module-rich-text fl-node-5df65a09b687e\" data-node=\"5df65a09b687e\"><div class=\"fl-module-content fl-node-content\"><div class=\"fl-rich-text\"><div class=\"fl-row fl-row-fixed-width fl-row-bg-none fl-node-z0usp5yfa6kx fl-row-default-height fl-row-align-center\" data-node=\"z0usp5yfa6kx\"><div class=\"fl-row-content-wrap\"><div class=\"fl-row-content fl-row-fixed-width fl-node-content\"><div class=\"fl-col-group fl-node-45vmxyb3fwil\" data-node=\"45vmxyb3fwil\"><div class=\"fl-col fl-node-8geyvf2j3rt5 fl-col-bg-color\" data-node=\"8geyvf2j3rt5\"><div class=\"fl-col-content fl-node-content\"><div class=\"fl-module fl-module-rich-text fl-node-cx78byotgn0f\" data-node=\"cx78byotgn0f\"><div class=\"fl-module-content fl-node-content\"><div class=\"fl-rich-text\"><h1 class=\"\" data-start=\"166\" data-end=\"234\"><strong data-start=\"170\" data-end=\"234\">Samsung Galaxy Z Series Repair \u2013 Switzerland-wide specialist service<\/strong><\/h1><p class=\"\" data-start=\"236\" data-end=\"343\">We offer professional repairs throughout Switzerland for the following <strong data-start=\"311\" data-end=\"339\">Samsung Galaxy Z models<\/strong>:<\/p><ul data-start=\"345\" data-end=\"534\"><li class=\"\" data-start=\"345\" data-end=\"376\"><p class=\"\" data-start=\"347\" data-end=\"376\"><strong data-start=\"347\" data-end=\"374\">Samsung Galaxy Z Flip 6<\/strong><\/p><\/li><li class=\"\" data-start=\"377\" data-end=\"408\"><p class=\"\" data-start=\"379\" data-end=\"408\"><strong data-start=\"379\" data-end=\"406\">Samsung Galaxy Z Flip 5<\/strong><\/p><\/li><li class=\"\" data-start=\"409\" data-end=\"440\"><p class=\"\" data-start=\"411\" data-end=\"440\"><strong data-start=\"411\" data-end=\"438\">Samsung Galaxy Z Flip 4<\/strong><\/p><\/li><li class=\"\" data-start=\"441\" data-end=\"472\"><p class=\"\" data-start=\"443\" data-end=\"472\"><strong data-start=\"443\" data-end=\"470\">Samsung Galaxy Z Flip 3<\/strong><\/p><\/li><li class=\"\" data-start=\"473\" data-end=\"504\"><p class=\"\" data-start=\"475\" data-end=\"504\"><strong data-start=\"475\" data-end=\"502\">Samsung Galaxy Z Fold 4<\/strong><\/p><\/li><li class=\"\" data-start=\"505\" data-end=\"534\"><p class=\"\" data-start=\"507\" data-end=\"534\"><strong data-start=\"507\" data-end=\"534\">Samsung Galaxy Z Fold 3<\/strong><\/p><\/li><\/ul><p class=\"\" data-start=\"536\" data-end=\"687\"><strong data-start=\"539\" data-end=\"687\">Have your Samsung Galaxy Z device professionally repaired by our Switzerland-wide cell phone repair service - quickly, safely and reliably.<\/strong><\/p><h2 class=\"\" data-start=\"694\" data-end=\"744\"><strong data-start=\"700\" data-end=\"744\">Repair locations throughout Switzerland<\/strong><\/h2><p class=\"\" data-start=\"746\" data-end=\"1082\">Zurich, Geneva, Basel, Lausanne, Bern, Urtenen-Sch\u00f6nb\u00fchl, M\u00fcnsingen, Thun, Interlaken, Langnau im Emmental, Winterthur, Lucerne, St. Gallen, Lugano, Biel, Fribourg, Appenzell, Glarus, Graub\u00fcnden, Chur, Jura, Lucerne Emmen, Neuch\u00e2tel, Nidwalden, Obwalden, Schaffhausen, Schwyz, Einsiedeln, Solothurn, Thurgau, Ticino, Uri, Vaud, Valais, Zug.<\/p><h2 class=\"\" data-start=\"1089\" data-end=\"1143\"><strong data-start=\"1095\" data-end=\"1143\">Repair process - fast &amp; transparent<\/strong><\/h2><p class=\"\" data-start=\"1145\" data-end=\"1456\">As soon as we receive your package, our technicians will immediately begin a detailed damage analysis. We check which parts need to be replaced.<br data-start=\"1314\" data-end=\"1317\">All necessary work is carefully documented and included in a <strong data-start=\"1398\" data-end=\"1451\">free and non-binding cost estimate<\/strong>. <\/p><p class=\"\" data-start=\"1458\" data-end=\"1535\"> There are <strong data-start=\"1510\" data-end=\"1526\">no costs<\/strong> for you for the analysis and offer preparation!<\/p><p class=\"\" data-start=\"1537\" data-end=\"1655\">Many of our customers choose us because we offer high-quality repairs <strong data-start=\"1620\" data-end=\"1645\">at unbeatable prices<\/strong>.<\/p><h2 class=\"\" data-start=\"1662\" data-end=\"1718\"><strong data-start=\"1668\" data-end=\"1718\">Typical Samsung Galaxy Z repairs with us:<\/strong><\/h2><ul data-start=\"1720\" data-end=\"2016\"><li class=\"\" data-start=\"1720\" data-end=\"1749\"><p class=\"\" data-start=\"1722\" data-end=\"1749\"><strong data-start=\"1722\" data-end=\"1747\">Replace Samsung battery<\/strong><\/p><\/li><li class=\"\" data-start=\"1750\" data-end=\"1800\"><p class=\"\" data-start=\"1752\" data-end=\"1800\"><strong data-start=\"1752\" data-end=\"1798\">Have the battery replaced (also in case of inflation)<\/strong><\/p><\/li><li class=\"\" data-start=\"1801\" data-end=\"1879\"><p class=\"\" data-start=\"1803\" data-end=\"1879\"><strong data-start=\"1803\" data-end=\"1877\">Display comes loose or does not respond? - We repair it professionally <\/strong><\/p><\/li><li class=\"\" data-start=\"1880\" data-end=\"1955\"><p class=\"\" data-start=\"1882\" data-end=\"1955\"><strong data-start=\"1882\" data-end=\"1953\">Professional Samsung display repair for glass breakage or faults<\/strong><\/p><\/li><li class=\"\" data-start=\"1956\" data-end=\"2016\"><p class=\"\" data-start=\"1958\" data-end=\"2016\"><strong data-start=\"1958\" data-end=\"2016\">We reliably repair water damage and total losses<\/strong><\/p><\/li><\/ul><h2 class=\"\" data-start=\"2023\" data-end=\"2077\"><strong data-start=\"2029\" data-end=\"2077\">Online repair with free return shipment<\/strong><\/h2><p class=\"\" data-start=\"2079\" data-end=\"2275\">Simply order your repair online - send in your device by post and benefit from <strong data-start=\"2190\" data-end=\"2239\">free return shipping within Switzerland<\/strong>.<br data-start=\"2240\" data-end=\"2243\"><strong data-start=\"2243\" data-end=\"2275\">Fast. Safe. Stress-free.<\/strong><\/p><\/div><\/div><\/div><\/div><\/div><\/div><\/div><\/div><\/div><\/div><\/div><\/div><\/div><\/div><\/div><\/div><\/div><\/div>\n\t\t\t\t\t<\/div>\n\t\t\t\t\t\t<\/div>\n\t\t\t\t<\/div>\n\t\t\t\t\t<\/div>\n\t\t\t\t<\/div>\n\t\t\t\t<\/div>\n\t\t\n    <div class=\"xs_social_share_widget xs_share_url after_content \t\tmain_content  wslu-style-1 wslu-share-box-shaped wslu-fill-colored wslu-none wslu-share-horizontal wslu-theme-font-no wslu-main_content\">\n\n\t\t\n        <ul>\n\t\t\t        <\/ul>\n    <\/div> \n","protected":false},"excerpt":{"rendered":"<p>Samsung Galaxy Z Flip 4 Galaxy Z Flip 4 repair prices: Main display replacement 699 CHF Backcover Display Exchange 249<\/p>\n","protected":false},"author":1,"featured_media":70009,"parent":30380,"menu_order":0,"comment_status":"closed","ping_status":"closed","template":"","meta":{"postBodyCss":"","postBodyMargin":[],"postBodyPadding":[],"postBodyBackground":{"backgroundType":"classic","gradient":""},"footnotes":""},"class_list":["post-30386","page","type-page","status-publish","has-post-thumbnail","hentry"],"yoast_head":"<!-- This site is optimized with the Yoast SEO Premium plugin v26.8 (Yoast SEO v27.3) - https:\/\/yoast.com\/product\/yoast-seo-premium-wordpress\/ -->\n<title>Samsung Z Flip 4 repair - Fast service<\/title>\n<meta name=\"description\" content=\"Do you need a Samsung Z Flip 4 repair? Our fast and reliable service ensures a professional repair of your device.\" \/>\n<meta name=\"robots\" content=\"index, follow, max-snippet:-1, max-image-preview:large, max-video-preview:-1\" \/>\n<link rel=\"canonical\" href=\"https:\/\/repairandshop.ch\/en\/samsung\/galaxy-z-series\/samsung-z-flip-4-repair\/\" \/>\n<meta property=\"og:locale\" content=\"en_US\" \/>\n<meta property=\"og:type\" content=\"article\" \/>\n<meta property=\"og:title\" content=\"Samsung Z Flip 4 (SM-F721B)\" \/>\n<meta property=\"og:description\" content=\"Do you need a Samsung Z Flip 4 repair? Our fast and reliable service ensures a professional repair of your device.\" \/>\n<meta property=\"og:url\" content=\"https:\/\/repairandshop.ch\/en\/samsung\/galaxy-z-series\/samsung-z-flip-4-repair\/\" \/>\n<meta property=\"og:site_name\" content=\"repair and shop\" \/>\n<meta property=\"article:modified_time\" content=\"2025-10-03T21:35:35+00:00\" \/>\n<meta property=\"og:image\" content=\"https:\/\/repairandshop.ch\/wp-content\/uploads\/2025\/03\/samsung-z-serie-reparatur-basel-zuerich-bern-luzern-300x300-1.jpeg\" \/>\n\t<meta property=\"og:image:width\" content=\"300\" \/>\n\t<meta property=\"og:image:height\" content=\"300\" \/>\n\t<meta property=\"og:image:type\" content=\"image\/jpeg\" \/>\n<meta name=\"twitter:card\" content=\"summary_large_image\" \/>\n<meta name=\"twitter:label1\" content=\"Est. reading time\" \/>\n\t<meta name=\"twitter:data1\" content=\"1 minute\" \/>\n<!-- \/ Yoast SEO Premium plugin. -->","yoast_head_json":{"title":"Samsung Z Flip 4 repair - Fast service","description":"Do you need a Samsung Z Flip 4 repair? Our fast and reliable service ensures a professional repair of your device.","robots":{"index":"index","follow":"follow","max-snippet":"max-snippet:-1","max-image-preview":"max-image-preview:large","max-video-preview":"max-video-preview:-1"},"canonical":"https:\/\/repairandshop.ch\/en\/samsung\/galaxy-z-series\/samsung-z-flip-4-repair\/","og_locale":"en_US","og_type":"article","og_title":"Samsung Z Flip 4 (SM-F721B)","og_description":"Do you need a Samsung Z Flip 4 repair? Our fast and reliable service ensures a professional repair of your device.","og_url":"https:\/\/repairandshop.ch\/en\/samsung\/galaxy-z-series\/samsung-z-flip-4-repair\/","og_site_name":"repair and shop","article_modified_time":"2025-10-03T21:35:35+00:00","og_image":[{"width":300,"height":300,"url":"https:\/\/repairandshop.ch\/wp-content\/uploads\/2025\/03\/samsung-z-serie-reparatur-basel-zuerich-bern-luzern-300x300-1.jpeg","type":"image\/jpeg"}],"twitter_card":"summary_large_image","twitter_misc":{"Est. reading time":"1 minute"},"schema":{"@context":"https:\/\/schema.org","@graph":[{"@type":"WebPage","@id":"https:\/\/repairandshop.ch\/en\/samsung\/galaxy-z-series\/samsung-z-flip-4-repair\/","url":"https:\/\/repairandshop.ch\/en\/samsung\/galaxy-z-series\/samsung-z-flip-4-repair\/","name":"Samsung Z Flip 4 repair - Fast service","isPartOf":{"@id":"https:\/\/repairandshop.ch\/en\/#website"},"primaryImageOfPage":{"@id":"https:\/\/repairandshop.ch\/en\/samsung\/galaxy-z-series\/samsung-z-flip-4-repair\/#primaryimage"},"image":{"@id":"https:\/\/repairandshop.ch\/en\/samsung\/galaxy-z-series\/samsung-z-flip-4-repair\/#primaryimage"},"thumbnailUrl":"https:\/\/repairandshop.ch\/wp-content\/uploads\/2025\/10\/Samsung-Z-Flip-4.jpg","datePublished":"2025-03-10T18:28:40+00:00","dateModified":"2025-10-03T21:35:35+00:00","description":"Do you need a Samsung Z Flip 4 repair? Our fast and reliable service ensures a professional repair of your device.","breadcrumb":{"@id":"https:\/\/repairandshop.ch\/en\/samsung\/galaxy-z-series\/samsung-z-flip-4-repair\/#breadcrumb"},"inLanguage":"en-US","potentialAction":[{"@type":"ReadAction","target":["https:\/\/repairandshop.ch\/en\/samsung\/galaxy-z-series\/samsung-z-flip-4-repair\/"]}]},{"@type":"ImageObject","inLanguage":"en-US","@id":"https:\/\/repairandshop.ch\/en\/samsung\/galaxy-z-series\/samsung-z-flip-4-repair\/#primaryimage","url":"https:\/\/repairandshop.ch\/wp-content\/uploads\/2025\/10\/Samsung-Z-Flip-4.jpg","contentUrl":"https:\/\/repairandshop.ch\/wp-content\/uploads\/2025\/10\/Samsung-Z-Flip-4.jpg","width":1000,"height":1000},{"@type":"BreadcrumbList","@id":"https:\/\/repairandshop.ch\/en\/samsung\/galaxy-z-series\/samsung-z-flip-4-repair\/#breadcrumb","itemListElement":[{"@type":"ListItem","position":1,"name":"Home","item":"https:\/\/repairandshop.ch\/en\/"},{"@type":"ListItem","position":2,"name":"Samsung repair","item":"https:\/\/repairandshop.ch\/en\/samsung\/"},{"@type":"ListItem","position":3,"name":"Galaxy Z Series Repair","item":"https:\/\/repairandshop.ch\/en\/samsung\/galaxy-z-series\/"},{"@type":"ListItem","position":4,"name":"Samsung Z Flip 4 (SM-F721B)"}]},{"@type":"WebSite","@id":"https:\/\/repairandshop.ch\/en\/#website","url":"https:\/\/repairandshop.ch\/en\/","name":"Repair And Shop","description":"","publisher":{"@id":"https:\/\/repairandshop.ch\/en\/#organization"},"potentialAction":[{"@type":"SearchAction","target":{"@type":"EntryPoint","urlTemplate":"https:\/\/repairandshop.ch\/en\/?s={search_term_string}"},"query-input":{"@type":"PropertyValueSpecification","valueRequired":true,"valueName":"search_term_string"}}],"inLanguage":"en-US"},{"@type":"Organization","@id":"https:\/\/repairandshop.ch\/en\/#organization","name":"Repair And Shop","url":"https:\/\/repairandshop.ch\/en\/","logo":{"@type":"ImageObject","inLanguage":"en-US","@id":"https:\/\/repairandshop.ch\/en\/#\/schema\/logo\/image\/","url":"https:\/\/repairandshop.ch\/wp-content\/uploads\/2025\/02\/RepairandShop-Logo.png","contentUrl":"https:\/\/repairandshop.ch\/wp-content\/uploads\/2025\/02\/RepairandShop-Logo.png","width":834,"height":193,"caption":"Repair And Shop"},"image":{"@id":"https:\/\/repairandshop.ch\/en\/#\/schema\/logo\/image\/"}}]}},"_links":{"self":[{"href":"https:\/\/repairandshop.ch\/en\/wp-json\/wp\/v2\/pages\/30386","targetHints":{"allow":["GET"]}}],"collection":[{"href":"https:\/\/repairandshop.ch\/en\/wp-json\/wp\/v2\/pages"}],"about":[{"href":"https:\/\/repairandshop.ch\/en\/wp-json\/wp\/v2\/types\/page"}],"author":[{"embeddable":true,"href":"https:\/\/repairandshop.ch\/en\/wp-json\/wp\/v2\/users\/1"}],"replies":[{"embeddable":true,"href":"https:\/\/repairandshop.ch\/en\/wp-json\/wp\/v2\/comments?post=30386"}],"version-history":[{"count":0,"href":"https:\/\/repairandshop.ch\/en\/wp-json\/wp\/v2\/pages\/30386\/revisions"}],"up":[{"embeddable":true,"href":"https:\/\/repairandshop.ch\/en\/wp-json\/wp\/v2\/pages\/30380"}],"wp:featuredmedia":[{"embeddable":true,"href":"https:\/\/repairandshop.ch\/en\/wp-json\/wp\/v2\/media\/70009"}],"wp:attachment":[{"href":"https:\/\/repairandshop.ch\/en\/wp-json\/wp\/v2\/media?parent=30386"}],"curies":[{"name":"wp","href":"https:\/\/api.w.org\/{rel}","templated":true}]}}