{"id":30390,"date":"2025-03-10T18:02:26","date_gmt":"2025-03-10T18:02:26","guid":{"rendered":"https:\/\/repairandshop.ch\/samsung-repair-2\/galaxy-z-series-repair-2\/samsung-z-flip-6-sm-f741b\/"},"modified":"2025-10-03T21:34:33","modified_gmt":"2025-10-03T21:34:33","slug":"samsung-z-flip-6-repair","status":"publish","type":"page","link":"https:\/\/repairandshop.ch\/en\/samsung\/galaxy-z-series\/samsung-z-flip-6-repair\/","title":{"rendered":"Samsung Z Flip 6 (SM-F741B)"},"content":{"rendered":"\t\t<div data-elementor-type=\"wp-page\" data-elementor-id=\"30390\" class=\"elementor elementor-30390 elementor-17637\" data-elementor-post-type=\"page\">\n\t\t\t\t<div class=\"wd-negative-gap elementor-element elementor-element-c4693bd e-flex e-con-boxed e-con e-parent\" data-id=\"c4693bd\" data-element_type=\"container\" data-e-type=\"container\" data-settings=\"{&quot;background_background&quot;:&quot;classic&quot;,&quot;_ha_eqh_enable&quot;:false}\">\n\t\t\t\t\t<div class=\"e-con-inner\">\n\t\t<div class=\"elementor-element elementor-element-5a5c95a e-con-full e-flex e-con e-child\" data-id=\"5a5c95a\" data-element_type=\"container\" data-e-type=\"container\" data-settings=\"{&quot;_ha_eqh_enable&quot;:false}\">\n\t\t\t\t<div class=\"elementor-element elementor-element-b0bf2bc elementor-widget elementor-widget-heading\" data-id=\"b0bf2bc\" data-element_type=\"widget\" data-e-type=\"widget\" data-widget_type=\"heading.default\">\n\t\t\t\t<div class=\"elementor-widget-container\">\n\t\t\t\t\t<h2 class=\"elementor-heading-title elementor-size-default\">Galaxy Z Flip 6<\/h2>\t\t\t\t<\/div>\n\t\t\t\t<\/div>\n\t\t\t\t<div class=\"elementor-element elementor-element-b7d08b0 elementor-widget elementor-widget-image\" data-id=\"b7d08b0\" data-element_type=\"widget\" data-e-type=\"widget\" data-widget_type=\"image.default\">\n\t\t\t\t<div class=\"elementor-widget-container\">\n\t\t\t\t\t\t\t\t\t\t\t\t\t\t\t<img loading=\"lazy\" decoding=\"async\" width=\"300\" height=\"300\" src=\"https:\/\/repairandshop.ch\/wp-content\/uploads\/2025\/03\/samsung-galaxy-z-flip6.png\" class=\"attachment-large size-large wp-image-26432\" alt=\"Samsung Galaxy Z Flip 6 Reparatur\" srcset=\"https:\/\/repairandshop.ch\/wp-content\/uploads\/2025\/03\/samsung-galaxy-z-flip6.png 300w, https:\/\/repairandshop.ch\/wp-content\/uploads\/2025\/03\/samsung-galaxy-z-flip6-150x150.png 150w\" sizes=\"auto, (max-width: 300px) 100vw, 300px\" \/>\t\t\t\t\t\t\t\t\t\t\t\t\t\t\t<\/div>\n\t\t\t\t<\/div>\n\t\t\t\t<\/div>\n\t\t<div class=\"elementor-element elementor-element-025d350 e-con-full e-flex e-con e-child\" data-id=\"025d350\" data-element_type=\"container\" data-e-type=\"container\" data-settings=\"{&quot;_ha_eqh_enable&quot;:false}\">\n\t\t\t\t<div class=\"elementor-element elementor-element-9f49d26 elementor-widget elementor-widget-wd_text_block\" data-id=\"9f49d26\" data-element_type=\"widget\" data-e-type=\"widget\" data-widget_type=\"wd_text_block.default\">\n\t\t\t\t<div class=\"elementor-widget-container\">\n\t\t\t\t\t\t\t<div class=\"wd-text-block reset-last-child text-left\">\n\t\t\t\n\t\t\t<h3><strong>Repair prices:<\/strong><\/h3><table class=\" alignleft\" width=\"663\"><tbody><tr><td>Galaxy Z Flip 6 Display<\/td><td>569 CHF<\/td><\/tr><tr><td>Galaxy Z Flip 6 Backcover Display<\/td><td>249 CHF<\/td><\/tr><tr><td>Galaxy Z Flip 6 back cover<\/td><td>99 CHF<\/td><\/tr><tr><td>Galaxy Z Flip 6 Battery<\/td><td>159 CHF<\/td><\/tr><tr><td>Galaxy Z Flip 6 Microphone<\/td><td>99 CHF<\/td><\/tr><tr><td>Galaxy Z Flip 6 charging socket<\/td><td>99 CHF<\/td><\/tr><tr><td>Galaxy Z Flip 6 speaker<\/td><td>99 CHF<\/td><\/tr><tr><td>Galaxy Z Flip 6 earpiece<\/td><td>99 CHF<\/td><\/tr><tr><td>Galaxy Z Flip 6 Camera (Front)<\/td><td>99 CHF<\/td><\/tr><tr><td>Galaxy Z Flip 6 Camera (Rear)<\/td><td>199 CHF<\/td><\/tr><tr><td>Galaxy Z Flip 6 Software \/ Update<\/td><td>39 CHF<\/td><\/tr><tr><td>Other repairs on request<\/td><td>xx.x<\/td><\/tr><\/tbody><\/table>\n\t\t\t\t\t<\/div>\n\t\t\t\t\t\t<\/div>\n\t\t\t\t<\/div>\n\t\t\t\t<\/div>\n\t\t\t\t\t<\/div>\n\t\t\t\t<\/div>\n\t\t<div class=\"wd-negative-gap elementor-element elementor-element-e196aa3 e-flex e-con-boxed e-con e-parent\" data-id=\"e196aa3\" data-element_type=\"container\" data-e-type=\"container\" data-settings=\"{&quot;_ha_eqh_enable&quot;:false}\">\n\t\t\t\t\t<div class=\"e-con-inner\">\n\t\t<div class=\"elementor-element elementor-element-2428ff9 e-con-full e-flex e-con e-child\" data-id=\"2428ff9\" data-element_type=\"container\" data-e-type=\"container\" data-settings=\"{&quot;_ha_eqh_enable&quot;:false}\">\n\t\t\t\t<div class=\"elementor-element elementor-element-b52364e elementor-align-justify elementor-widget elementor-widget-button\" data-id=\"b52364e\" data-element_type=\"widget\" data-e-type=\"widget\" data-widget_type=\"button.default\">\n\t\t\t\t<div class=\"elementor-widget-container\">\n\t\t\t\t\t\t\t\t\t<div class=\"elementor-button-wrapper\">\n\t\t\t\t\t<a class=\"elementor-button elementor-button-link elementor-size-sm\" href=\"https:\/\/repairandshop.ch\/en\/contact-us\/\">\n\t\t\t\t\t\t<span class=\"elementor-button-content-wrapper\">\n\t\t\t\t\t\t\t\t\t<span class=\"elementor-button-text\">Contact us<\/span>\n\t\t\t\t\t<\/span>\n\t\t\t\t\t<\/a>\n\t\t\t\t<\/div>\n\t\t\t\t\t\t\t\t<\/div>\n\t\t\t\t<\/div>\n\t\t\t\t<\/div>\n\t\t<div class=\"elementor-element elementor-element-42aaa7a e-con-full e-flex e-con e-child\" data-id=\"42aaa7a\" data-element_type=\"container\" data-e-type=\"container\" data-settings=\"{&quot;_ha_eqh_enable&quot;:false}\">\n\t\t\t\t<div class=\"elementor-element elementor-element-778faf0 elementor-align-justify elementor-widget elementor-widget-button\" data-id=\"778faf0\" data-element_type=\"widget\" data-e-type=\"widget\" data-widget_type=\"button.default\">\n\t\t\t\t<div class=\"elementor-widget-container\">\n\t\t\t\t\t\t\t\t\t<div class=\"elementor-button-wrapper\">\n\t\t\t\t\t<a class=\"elementor-button elementor-button-link elementor-size-sm\" href=\"#\">\n\t\t\t\t\t\t<span class=\"elementor-button-content-wrapper\">\n\t\t\t\t\t\t\t\t\t<span class=\"elementor-button-text\">Information<\/span>\n\t\t\t\t\t<\/span>\n\t\t\t\t\t<\/a>\n\t\t\t\t<\/div>\n\t\t\t\t\t\t\t\t<\/div>\n\t\t\t\t<\/div>\n\t\t\t\t<\/div>\n\t\t\t\t\t<\/div>\n\t\t\t\t<\/div>\n\t\t<div class=\"wd-negative-gap elementor-element elementor-element-043249e e-flex e-con-boxed e-con e-parent\" data-id=\"043249e\" data-element_type=\"container\" data-e-type=\"container\" data-settings=\"{&quot;_ha_eqh_enable&quot;:false}\">\n\t\t\t\t\t<div class=\"e-con-inner\">\n\t\t\t\t<div class=\"elementor-element elementor-element-743c201 elementor-widget elementor-widget-wd_text_block\" data-id=\"743c201\" data-element_type=\"widget\" data-e-type=\"widget\" data-widget_type=\"wd_text_block.default\">\n\t\t\t\t<div class=\"elementor-widget-container\">\n\t\t\t\t\t\t\t<div class=\"wd-text-block reset-last-child text-left\">\n\t\t\t\n\t\t\t<div class=\"fl-row fl-row-fixed-width fl-row-bg-none fl-node-5df65a09b6ba5 fl-row-default-height fl-row-align-center\" data-node=\"5df65a09b6ba5\">\n<div class=\"fl-row-content-wrap\">\n<div class=\"fl-row-content fl-row-fixed-width fl-node-content\">\n<div class=\"fl-col-group fl-node-5df65a09ba1d8\" data-node=\"5df65a09ba1d8\">\n<div class=\"fl-col fl-node-5df65a09ba264 fl-col-bg-color\" data-node=\"5df65a09ba264\">\n<div class=\"fl-col-content fl-node-content\">\n<div class=\"fl-module fl-module-rich-text fl-node-5df65a09b687e\" data-node=\"5df65a09b687e\">\n<div class=\"fl-module-content fl-node-content\">\n<div class=\"fl-rich-text\">\n<div class=\"fl-row fl-row-fixed-width fl-row-bg-none fl-node-z0usp5yfa6kx fl-row-default-height fl-row-align-center\" data-node=\"z0usp5yfa6kx\">\n<div class=\"fl-row-content-wrap\">\n<div class=\"fl-row-content fl-row-fixed-width fl-node-content\">\n<div class=\"fl-col-group fl-node-45vmxyb3fwil\" data-node=\"45vmxyb3fwil\">\n<div class=\"fl-col fl-node-8geyvf2j3rt5 fl-col-bg-color\" data-node=\"8geyvf2j3rt5\">\n<div class=\"fl-col-content fl-node-content\">\n<div class=\"fl-module fl-module-rich-text fl-node-cx78byotgn0f\" data-node=\"cx78byotgn0f\">\n<div class=\"fl-module-content fl-node-content\">\n<div class=\"fl-rich-text\">\n<h1 class=\"\" data-start=\"131\" data-end=\"197\"><strong data-start=\"133\" data-end=\"197\">Samsung Galaxy Z Series Repair \u2013 Switzerland-wide specialist service<\/strong><\/h1>\n<p class=\"\" data-start=\"199\" data-end=\"289\"><strong data-start=\"199\" data-end=\"289\">Professional repair service in Switzerland for the following Samsung Galaxy Z models:<\/strong><\/p>\n<ul data-start=\"291\" data-end=\"458\">\n<li class=\"\" data-start=\"291\" data-end=\"318\">\n<p class=\"\" data-start=\"293\" data-end=\"318\">Samsung Galaxy Z Flip 6<\/p>\n<\/li>\n<li class=\"\" data-start=\"319\" data-end=\"346\">\n<p class=\"\" data-start=\"321\" data-end=\"346\">Samsung Galaxy Z Flip 5<\/p>\n<\/li>\n<li class=\"\" data-start=\"347\" data-end=\"374\">\n<p class=\"\" data-start=\"349\" data-end=\"374\">Samsung Galaxy Z Flip 4<\/p>\n<\/li>\n<li class=\"\" data-start=\"375\" data-end=\"402\">\n<p class=\"\" data-start=\"377\" data-end=\"402\">Samsung Galaxy Z Flip 3<\/p>\n<\/li>\n<li class=\"\" data-start=\"403\" data-end=\"430\">\n<p class=\"\" data-start=\"405\" data-end=\"430\">Samsung Galaxy Z Fold 4<\/p>\n<\/li>\n<li class=\"\" data-start=\"431\" data-end=\"458\">\n<p class=\"\" data-start=\"433\" data-end=\"458\">Samsung Galaxy Z Fold 3<\/p>\n<\/li>\n<\/ul>\n<p class=\"\" data-start=\"460\" data-end=\"617\">Have your defective Samsung Galaxy Z device repaired quickly and reliably by our Switzerland-wide repair service - <strong data-start=\"591\" data-end=\"616\">directly in Switzerland<\/strong>.<\/p>\n<hr class=\"\" data-start=\"619\" data-end=\"622\">\n<h2 class=\"\" data-start=\"624\" data-end=\"673\"><strong data-start=\"627\" data-end=\"673\">Repair locations throughout Switzerland<\/strong><\/h2>\n<p class=\"\" data-start=\"675\" data-end=\"1011\">Zurich, Geneva, Basel, Lausanne, Bern, Urtenen-Sch\u00f6nb\u00fchl, M\u00fcnsingen, Thun, Interlaken, Langnau im Emmental, Winterthur, Lucerne, St. Gallen, Lugano, Biel, Fribourg, Appenzell, Glarus, Graub\u00fcnden, Chur, Jura, Lucerne Emmen, Neuch\u00e2tel, Nidwalden, Obwalden, Schaffhausen, Schwyz, Einsiedeln, Solothurn, Thurgau, Ticino, Uri, Vaud, Valais, Zug.<\/p>\n<hr class=\"\" data-start=\"1013\" data-end=\"1016\">\n<h2 class=\"\" data-start=\"1018\" data-end=\"1055\"><strong data-start=\"1021\" data-end=\"1055\">Procedure for your Samsung repair<\/strong><\/h2>\n<p class=\"\" data-start=\"1057\" data-end=\"1347\">Upon receipt of your device, our experienced technicians will immediately start analyzing the damage. We check exactly which components are affected and need to be repaired or replaced.<br data-start=\"1250\" data-end=\"1253\">All steps are documented and recorded in a <strong data-start=\"1300\" data-end=\"1333\">free cost estimate<\/strong>. <\/p>\n<hr class=\"\" data-start=\"1349\" data-end=\"1352\">\n<h2 class=\"\" data-start=\"1354\" data-end=\"1382\"><strong data-start=\"1357\" data-end=\"1382\">Your advantages with us<\/strong><\/h2>\n<ul data-start=\"1384\" data-end=\"1603\">\n<li class=\"\" data-start=\"1384\" data-end=\"1418\">\n<p class=\"\" data-start=\"1386\" data-end=\"1418\">Switzerland-wide repair service<\/p>\n<\/li>\n<li class=\"\" data-start=\"1419\" data-end=\"1459\">\n<p class=\"\" data-start=\"1421\" data-end=\"1459\">Professional analysis &amp; documentation<\/p>\n<\/li>\n<li class=\"\" data-start=\"1460\" data-end=\"1502\">\n<p class=\"\" data-start=\"1462\" data-end=\"1502\"><strong data-start=\"1462\" data-end=\"1500\">No costs for cost estimate<\/strong><\/p>\n<\/li>\n<li class=\"\" data-start=\"1503\" data-end=\"1551\">\n<p class=\"\" data-start=\"1505\" data-end=\"1551\">Transparent prices without hidden fees<\/p>\n<\/li>\n<li class=\"\" data-start=\"1552\" data-end=\"1603\">\n<p class=\"\" data-start=\"1554\" data-end=\"1603\"><strong data-start=\"1554\" data-end=\"1603\">Free return shipping within Switzerland<\/strong><\/p>\n<\/li>\n<\/ul>\n<hr class=\"\" data-start=\"1605\" data-end=\"1608\">\n<h2 class=\"\" data-start=\"1610\" data-end=\"1645\"><strong data-start=\"1613\" data-end=\"1645\">Typical Samsung repairs<\/strong><\/h2>\n<ul data-start=\"1647\" data-end=\"1892\">\n<li class=\"\" data-start=\"1647\" data-end=\"1676\">\n<p class=\"\" data-start=\"1649\" data-end=\"1676\"><strong data-start=\"1649\" data-end=\"1674\">Replace Samsung battery<\/strong><\/p>\n<\/li>\n<li class=\"\" data-start=\"1677\" data-end=\"1732\">\n<p class=\"\" data-start=\"1679\" data-end=\"1732\"><strong data-start=\"1679\" data-end=\"1730\">Bloated battery? Have it changed safely now<\/strong><\/p>\n<\/li>\n<li class=\"\" data-start=\"1733\" data-end=\"1779\">\n<p class=\"\" data-start=\"1735\" data-end=\"1779\"><strong data-start=\"1735\" data-end=\"1777\">Display comes loose? \u2013 We fix it<\/strong><\/p>\n<\/li>\n<li class=\"\" data-start=\"1780\" data-end=\"1836\">\n<p class=\"\" data-start=\"1782\" data-end=\"1836\"><strong data-start=\"1782\" data-end=\"1834\">Samsung display repair in the event of breakage or faults<\/strong><\/p>\n<\/li>\n<li class=\"\" data-start=\"1837\" data-end=\"1892\">\n<p class=\"\" data-start=\"1839\" data-end=\"1892\"><strong data-start=\"1839\" data-end=\"1892\">Repair of water damage and total failure<\/strong><\/p>\n<\/li>\n<\/ul>\n<hr class=\"\" data-start=\"1894\" data-end=\"1897\">\n<h2 class=\"\" data-start=\"1899\" data-end=\"1944\"><strong data-start=\"1902\" data-end=\"1944\">Book Samsung repairs conveniently online<\/strong><\/h2>\n<p class=\"\" data-start=\"1946\" data-end=\"2050\">Simply order online - send in the device - take advantage of <strong data-start=\"1993\" data-end=\"2042\">free return shipping within Switzerland<\/strong>.<\/p>\n<\/div>\n<\/div>\n<\/div>\n<\/div>\n<\/div>\n<\/div>\n<\/div>\n<\/div>\n<\/div>\n<\/div>\n<\/div>\n<\/div>\n<\/div>\n<\/div>\n<\/div>\n<\/div>\n<\/div>\n<\/div>\n\n\t\t\t\t\t<\/div>\n\t\t\t\t\t\t<\/div>\n\t\t\t\t<\/div>\n\t\t\t\t\t<\/div>\n\t\t\t\t<\/div>\n\t\t\t\t<\/div>\n\t\t\n    <div class=\"xs_social_share_widget xs_share_url after_content \t\tmain_content  wslu-style-1 wslu-share-box-shaped wslu-fill-colored wslu-none wslu-share-horizontal wslu-theme-font-no wslu-main_content\">\n\n\t\t\n        <ul>\n\t\t\t        <\/ul>\n    <\/div> \n","protected":false},"excerpt":{"rendered":"<p>Galaxy Z Flip 6 Repair prices: Galaxy Z Flip 6 Display 569 CHF Galaxy Z Flip 6 Backcover Display 249<\/p>\n","protected":false},"author":1,"featured_media":26432,"parent":30380,"menu_order":0,"comment_status":"closed","ping_status":"closed","template":"","meta":{"postBodyCss":"","postBodyMargin":[],"postBodyPadding":[],"postBodyBackground":{"backgroundType":"classic","gradient":""},"footnotes":""},"class_list":["post-30390","page","type-page","status-publish","has-post-thumbnail","hentry"],"yoast_head":"<!-- This site is optimized with the Yoast SEO Premium plugin v26.8 (Yoast SEO v27.3) - https:\/\/yoast.com\/product\/yoast-seo-premium-wordpress\/ -->\n<title>Samsung Z Flip 6 repair - Fast service<\/title>\n<meta name=\"description\" content=\"Do you need a Samsung Z Flip 6 repair? Our fast and reliable service ensures a professional repair of your device.\" \/>\n<meta name=\"robots\" content=\"index, follow, max-snippet:-1, max-image-preview:large, max-video-preview:-1\" \/>\n<link rel=\"canonical\" href=\"https:\/\/repairandshop.ch\/en\/samsung\/galaxy-z-series\/samsung-z-flip-6-repair\/\" \/>\n<meta property=\"og:locale\" content=\"en_US\" \/>\n<meta property=\"og:type\" content=\"article\" \/>\n<meta property=\"og:title\" content=\"Samsung Z Flip 6 (SM-F741B)\" \/>\n<meta property=\"og:description\" content=\"Do you need a Samsung Z Flip 6 repair? Our fast and reliable service ensures a professional repair of your device.\" \/>\n<meta property=\"og:url\" content=\"https:\/\/repairandshop.ch\/en\/samsung\/galaxy-z-series\/samsung-z-flip-6-repair\/\" \/>\n<meta property=\"og:site_name\" content=\"repair and shop\" \/>\n<meta property=\"article:modified_time\" content=\"2025-10-03T21:34:33+00:00\" \/>\n<meta property=\"og:image\" content=\"https:\/\/repairandshop.ch\/wp-content\/uploads\/2025\/03\/samsung-galaxy-z-flip6.png\" \/>\n\t<meta property=\"og:image:width\" content=\"300\" \/>\n\t<meta property=\"og:image:height\" content=\"300\" \/>\n\t<meta property=\"og:image:type\" content=\"image\/png\" \/>\n<meta name=\"twitter:card\" content=\"summary_large_image\" \/>\n<meta name=\"twitter:label1\" content=\"Est. reading time\" \/>\n\t<meta name=\"twitter:data1\" content=\"2 minutes\" \/>\n<!-- \/ Yoast SEO Premium plugin. -->","yoast_head_json":{"title":"Samsung Z Flip 6 repair - Fast service","description":"Do you need a Samsung Z Flip 6 repair? Our fast and reliable service ensures a professional repair of your device.","robots":{"index":"index","follow":"follow","max-snippet":"max-snippet:-1","max-image-preview":"max-image-preview:large","max-video-preview":"max-video-preview:-1"},"canonical":"https:\/\/repairandshop.ch\/en\/samsung\/galaxy-z-series\/samsung-z-flip-6-repair\/","og_locale":"en_US","og_type":"article","og_title":"Samsung Z Flip 6 (SM-F741B)","og_description":"Do you need a Samsung Z Flip 6 repair? Our fast and reliable service ensures a professional repair of your device.","og_url":"https:\/\/repairandshop.ch\/en\/samsung\/galaxy-z-series\/samsung-z-flip-6-repair\/","og_site_name":"repair and shop","article_modified_time":"2025-10-03T21:34:33+00:00","og_image":[{"width":300,"height":300,"url":"https:\/\/repairandshop.ch\/wp-content\/uploads\/2025\/03\/samsung-galaxy-z-flip6.png","type":"image\/png"}],"twitter_card":"summary_large_image","twitter_misc":{"Est. reading time":"2 minutes"},"schema":{"@context":"https:\/\/schema.org","@graph":[{"@type":"WebPage","@id":"https:\/\/repairandshop.ch\/en\/samsung\/galaxy-z-series\/samsung-z-flip-6-repair\/","url":"https:\/\/repairandshop.ch\/en\/samsung\/galaxy-z-series\/samsung-z-flip-6-repair\/","name":"Samsung Z Flip 6 repair - Fast service","isPartOf":{"@id":"https:\/\/repairandshop.ch\/en\/#website"},"primaryImageOfPage":{"@id":"https:\/\/repairandshop.ch\/en\/samsung\/galaxy-z-series\/samsung-z-flip-6-repair\/#primaryimage"},"image":{"@id":"https:\/\/repairandshop.ch\/en\/samsung\/galaxy-z-series\/samsung-z-flip-6-repair\/#primaryimage"},"thumbnailUrl":"https:\/\/repairandshop.ch\/wp-content\/uploads\/2025\/03\/samsung-galaxy-z-flip6.png","datePublished":"2025-03-10T18:02:26+00:00","dateModified":"2025-10-03T21:34:33+00:00","description":"Do you need a Samsung Z Flip 6 repair? Our fast and reliable service ensures a professional repair of your device.","breadcrumb":{"@id":"https:\/\/repairandshop.ch\/en\/samsung\/galaxy-z-series\/samsung-z-flip-6-repair\/#breadcrumb"},"inLanguage":"en-US","potentialAction":[{"@type":"ReadAction","target":["https:\/\/repairandshop.ch\/en\/samsung\/galaxy-z-series\/samsung-z-flip-6-repair\/"]}]},{"@type":"ImageObject","inLanguage":"en-US","@id":"https:\/\/repairandshop.ch\/en\/samsung\/galaxy-z-series\/samsung-z-flip-6-repair\/#primaryimage","url":"https:\/\/repairandshop.ch\/wp-content\/uploads\/2025\/03\/samsung-galaxy-z-flip6.png","contentUrl":"https:\/\/repairandshop.ch\/wp-content\/uploads\/2025\/03\/samsung-galaxy-z-flip6.png","width":300,"height":300,"caption":"Samsung Galaxy Z Flip 6 Reparatur"},{"@type":"BreadcrumbList","@id":"https:\/\/repairandshop.ch\/en\/samsung\/galaxy-z-series\/samsung-z-flip-6-repair\/#breadcrumb","itemListElement":[{"@type":"ListItem","position":1,"name":"Home","item":"https:\/\/repairandshop.ch\/en\/"},{"@type":"ListItem","position":2,"name":"Samsung repair","item":"https:\/\/repairandshop.ch\/en\/samsung\/"},{"@type":"ListItem","position":3,"name":"Galaxy Z Series Repair","item":"https:\/\/repairandshop.ch\/en\/samsung\/galaxy-z-series\/"},{"@type":"ListItem","position":4,"name":"Samsung Z Flip 6 (SM-F741B)"}]},{"@type":"WebSite","@id":"https:\/\/repairandshop.ch\/en\/#website","url":"https:\/\/repairandshop.ch\/en\/","name":"Repair And Shop","description":"","publisher":{"@id":"https:\/\/repairandshop.ch\/en\/#organization"},"potentialAction":[{"@type":"SearchAction","target":{"@type":"EntryPoint","urlTemplate":"https:\/\/repairandshop.ch\/en\/?s={search_term_string}"},"query-input":{"@type":"PropertyValueSpecification","valueRequired":true,"valueName":"search_term_string"}}],"inLanguage":"en-US"},{"@type":"Organization","@id":"https:\/\/repairandshop.ch\/en\/#organization","name":"Repair And Shop","url":"https:\/\/repairandshop.ch\/en\/","logo":{"@type":"ImageObject","inLanguage":"en-US","@id":"https:\/\/repairandshop.ch\/en\/#\/schema\/logo\/image\/","url":"https:\/\/repairandshop.ch\/wp-content\/uploads\/2025\/02\/RepairandShop-Logo.png","contentUrl":"https:\/\/repairandshop.ch\/wp-content\/uploads\/2025\/02\/RepairandShop-Logo.png","width":834,"height":193,"caption":"Repair And Shop"},"image":{"@id":"https:\/\/repairandshop.ch\/en\/#\/schema\/logo\/image\/"}}]}},"_links":{"self":[{"href":"https:\/\/repairandshop.ch\/en\/wp-json\/wp\/v2\/pages\/30390","targetHints":{"allow":["GET"]}}],"collection":[{"href":"https:\/\/repairandshop.ch\/en\/wp-json\/wp\/v2\/pages"}],"about":[{"href":"https:\/\/repairandshop.ch\/en\/wp-json\/wp\/v2\/types\/page"}],"author":[{"embeddable":true,"href":"https:\/\/repairandshop.ch\/en\/wp-json\/wp\/v2\/users\/1"}],"replies":[{"embeddable":true,"href":"https:\/\/repairandshop.ch\/en\/wp-json\/wp\/v2\/comments?post=30390"}],"version-history":[{"count":0,"href":"https:\/\/repairandshop.ch\/en\/wp-json\/wp\/v2\/pages\/30390\/revisions"}],"up":[{"embeddable":true,"href":"https:\/\/repairandshop.ch\/en\/wp-json\/wp\/v2\/pages\/30380"}],"wp:featuredmedia":[{"embeddable":true,"href":"https:\/\/repairandshop.ch\/en\/wp-json\/wp\/v2\/media\/26432"}],"wp:attachment":[{"href":"https:\/\/repairandshop.ch\/en\/wp-json\/wp\/v2\/media?parent=30390"}],"curies":[{"name":"wp","href":"https:\/\/api.w.org\/{rel}","templated":true}]}}