{"id":30392,"date":"2025-03-10T18:57:21","date_gmt":"2025-03-10T18:57:21","guid":{"rendered":"https:\/\/repairandshop.ch\/samsung-repair-2\/galaxy-z-series-repair-2\/samsung-z-fold-2-5g-sm-f916b\/"},"modified":"2025-10-03T21:37:45","modified_gmt":"2025-10-03T21:37:45","slug":"samsung-z-fold-2-5g-repair","status":"publish","type":"page","link":"https:\/\/repairandshop.ch\/en\/samsung\/galaxy-z-series\/samsung-z-fold-2-5g-repair\/","title":{"rendered":"Samsung Z Fold 2 5G (SM-F916B)"},"content":{"rendered":"\t\t<div data-elementor-type=\"wp-page\" data-elementor-id=\"30392\" class=\"elementor elementor-30392 elementor-17991\" data-elementor-post-type=\"page\">\n\t\t\t\t<div class=\"wd-negative-gap elementor-element elementor-element-c4693bd e-flex e-con-boxed e-con e-parent\" data-id=\"c4693bd\" data-element_type=\"container\" data-e-type=\"container\" data-settings=\"{&quot;background_background&quot;:&quot;classic&quot;,&quot;_ha_eqh_enable&quot;:false}\">\n\t\t\t\t\t<div class=\"e-con-inner\">\n\t\t<div class=\"elementor-element elementor-element-5a5c95a e-con-full e-flex e-con e-child\" data-id=\"5a5c95a\" data-element_type=\"container\" data-e-type=\"container\" data-settings=\"{&quot;_ha_eqh_enable&quot;:false}\">\n\t\t\t\t<div class=\"elementor-element elementor-element-b0bf2bc elementor-widget elementor-widget-heading\" data-id=\"b0bf2bc\" data-element_type=\"widget\" data-e-type=\"widget\" data-widget_type=\"heading.default\">\n\t\t\t\t<div class=\"elementor-widget-container\">\n\t\t\t\t\t<h2 class=\"elementor-heading-title elementor-size-default\">Samsung Galaxy Z Fold 2<\/h2>\t\t\t\t<\/div>\n\t\t\t\t<\/div>\n\t\t\t\t<div class=\"elementor-element elementor-element-b7d08b0 elementor-widget elementor-widget-image\" data-id=\"b7d08b0\" data-element_type=\"widget\" data-e-type=\"widget\" data-widget_type=\"image.default\">\n\t\t\t\t<div class=\"elementor-widget-container\">\n\t\t\t\t\t\t\t\t\t\t\t\t\t\t\t<img loading=\"lazy\" decoding=\"async\" width=\"300\" height=\"300\" src=\"https:\/\/repairandshop.ch\/wp-content\/uploads\/2025\/03\/samsung-galaxy-z-fold-2-5g-300x300-1.jpeg\" class=\"attachment-large size-large wp-image-26453\" alt=\"Samsung Galaxy Z Fold 2 5G\" srcset=\"https:\/\/repairandshop.ch\/wp-content\/uploads\/2025\/03\/samsung-galaxy-z-fold-2-5g-300x300-1.jpeg 300w, https:\/\/repairandshop.ch\/wp-content\/uploads\/2025\/03\/samsung-galaxy-z-fold-2-5g-300x300-1-150x150.jpeg 150w\" sizes=\"auto, (max-width: 300px) 100vw, 300px\" \/>\t\t\t\t\t\t\t\t\t\t\t\t\t\t\t<\/div>\n\t\t\t\t<\/div>\n\t\t\t\t<\/div>\n\t\t<div class=\"elementor-element elementor-element-025d350 e-con-full e-flex e-con e-child\" data-id=\"025d350\" data-element_type=\"container\" data-e-type=\"container\" data-settings=\"{&quot;_ha_eqh_enable&quot;:false}\">\n\t\t\t\t<div class=\"elementor-element elementor-element-9f49d26 elementor-widget elementor-widget-wd_text_block\" data-id=\"9f49d26\" data-element_type=\"widget\" data-e-type=\"widget\" data-widget_type=\"wd_text_block.default\">\n\t\t\t\t<div class=\"elementor-widget-container\">\n\t\t\t\t\t\t\t<div class=\"wd-text-block reset-last-child text-left\">\n\t\t\t\n\t\t\t<h3><strong>Galaxy Z Fold 2 repair prices:<\/strong><\/h3><table class=\" alignleft\" width=\"663\"><tbody><tr><td>Main display replacement<\/td><td>649 CHF<\/td><\/tr><tr><td>Backcover Display Exchange<\/td><td>229 CHF<\/td><\/tr><tr><td>Battery replacement<\/td><td>129 CHF<\/td><\/tr><tr><td>Back<\/td><td>119 CHF<\/td><\/tr><tr><td>Software \/ Update<\/td><td> 39 CHF<\/td><\/tr><tr><td>Other repairs on request<\/td><td>xx.x<\/td><\/tr><\/tbody><\/table>\n\t\t\t\t\t<\/div>\n\t\t\t\t\t\t<\/div>\n\t\t\t\t<\/div>\n\t\t\t\t<\/div>\n\t\t\t\t\t<\/div>\n\t\t\t\t<\/div>\n\t\t<div class=\"wd-negative-gap elementor-element elementor-element-e196aa3 e-flex e-con-boxed e-con e-parent\" data-id=\"e196aa3\" data-element_type=\"container\" data-e-type=\"container\" data-settings=\"{&quot;_ha_eqh_enable&quot;:false}\">\n\t\t\t\t\t<div class=\"e-con-inner\">\n\t\t<div class=\"elementor-element elementor-element-2428ff9 e-con-full e-flex e-con e-child\" data-id=\"2428ff9\" data-element_type=\"container\" data-e-type=\"container\" data-settings=\"{&quot;_ha_eqh_enable&quot;:false}\">\n\t\t\t\t<div class=\"elementor-element elementor-element-b52364e elementor-align-justify elementor-widget elementor-widget-button\" data-id=\"b52364e\" data-element_type=\"widget\" data-e-type=\"widget\" data-widget_type=\"button.default\">\n\t\t\t\t<div class=\"elementor-widget-container\">\n\t\t\t\t\t\t\t\t\t<div class=\"elementor-button-wrapper\">\n\t\t\t\t\t<a class=\"elementor-button elementor-button-link elementor-size-sm\" href=\"https:\/\/repairandshop.ch\/en\/contact-us\/\">\n\t\t\t\t\t\t<span class=\"elementor-button-content-wrapper\">\n\t\t\t\t\t\t\t\t\t<span class=\"elementor-button-text\">Contact us<\/span>\n\t\t\t\t\t<\/span>\n\t\t\t\t\t<\/a>\n\t\t\t\t<\/div>\n\t\t\t\t\t\t\t\t<\/div>\n\t\t\t\t<\/div>\n\t\t\t\t<\/div>\n\t\t<div class=\"elementor-element elementor-element-42aaa7a e-con-full e-flex e-con e-child\" data-id=\"42aaa7a\" data-element_type=\"container\" data-e-type=\"container\" data-settings=\"{&quot;_ha_eqh_enable&quot;:false}\">\n\t\t\t\t<div class=\"elementor-element elementor-element-778faf0 elementor-align-justify elementor-widget elementor-widget-button\" data-id=\"778faf0\" data-element_type=\"widget\" data-e-type=\"widget\" data-widget_type=\"button.default\">\n\t\t\t\t<div class=\"elementor-widget-container\">\n\t\t\t\t\t\t\t\t\t<div class=\"elementor-button-wrapper\">\n\t\t\t\t\t<a class=\"elementor-button elementor-button-link elementor-size-sm\" href=\"#\">\n\t\t\t\t\t\t<span class=\"elementor-button-content-wrapper\">\n\t\t\t\t\t\t\t\t\t<span class=\"elementor-button-text\">Information<\/span>\n\t\t\t\t\t<\/span>\n\t\t\t\t\t<\/a>\n\t\t\t\t<\/div>\n\t\t\t\t\t\t\t\t<\/div>\n\t\t\t\t<\/div>\n\t\t\t\t<\/div>\n\t\t\t\t\t<\/div>\n\t\t\t\t<\/div>\n\t\t<div class=\"wd-negative-gap elementor-element elementor-element-043249e e-flex e-con-boxed e-con e-parent\" data-id=\"043249e\" data-element_type=\"container\" data-e-type=\"container\" data-settings=\"{&quot;_ha_eqh_enable&quot;:false}\">\n\t\t\t\t\t<div class=\"e-con-inner\">\n\t\t\t\t<div class=\"elementor-element elementor-element-743c201 elementor-widget elementor-widget-wd_text_block\" data-id=\"743c201\" data-element_type=\"widget\" data-e-type=\"widget\" data-widget_type=\"wd_text_block.default\">\n\t\t\t\t<div class=\"elementor-widget-container\">\n\t\t\t\t\t\t\t<div class=\"wd-text-block reset-last-child text-left\">\n\t\t\t\n\t\t\t<div class=\"fl-row fl-row-fixed-width fl-row-bg-none fl-node-5df65a09b6ba5 fl-row-default-height fl-row-align-center\" data-node=\"5df65a09b6ba5\"><div class=\"fl-row-content-wrap\"><div class=\"fl-row-content fl-row-fixed-width fl-node-content\"><div class=\"fl-col-group fl-node-5df65a09ba1d8\" data-node=\"5df65a09ba1d8\"><div class=\"fl-col fl-node-5df65a09ba264 fl-col-bg-color\" data-node=\"5df65a09ba264\"><div class=\"fl-col-content fl-node-content\"><div class=\"fl-module fl-module-rich-text fl-node-5df65a09b687e\" data-node=\"5df65a09b687e\"><div class=\"fl-module-content fl-node-content\"><div class=\"fl-rich-text\"><div class=\"fl-row fl-row-fixed-width fl-row-bg-none fl-node-z0usp5yfa6kx fl-row-default-height fl-row-align-center\" data-node=\"z0usp5yfa6kx\"><div class=\"fl-row-content-wrap\"><div class=\"fl-row-content fl-row-fixed-width fl-node-content\"><div class=\"fl-col-group fl-node-45vmxyb3fwil\" data-node=\"45vmxyb3fwil\"><div class=\"fl-col fl-node-8geyvf2j3rt5 fl-col-bg-color\" data-node=\"8geyvf2j3rt5\"><div class=\"fl-col-content fl-node-content\"><div class=\"fl-module fl-module-rich-text fl-node-cx78byotgn0f\" data-node=\"cx78byotgn0f\"><div class=\"fl-module-content fl-node-content\"><div class=\"fl-rich-text\"><h1 class=\"\" data-start=\"278\" data-end=\"335\">Switzerland-wide Samsung Galaxy Z series repair service<\/h1><p class=\"\" data-start=\"337\" data-end=\"426\"><strong data-start=\"337\" data-end=\"426\">We offer professional repairs for the following Samsung Galaxy Z models:<\/strong><\/p><ul data-start=\"428\" data-end=\"595\"><li class=\"\" data-start=\"428\" data-end=\"455\"><p class=\"\" data-start=\"430\" data-end=\"455\">Samsung Galaxy Z Flip 6<\/p><\/li><li class=\"\" data-start=\"456\" data-end=\"483\"><p class=\"\" data-start=\"458\" data-end=\"483\">Samsung Galaxy Z Flip 5<\/p><\/li><li class=\"\" data-start=\"484\" data-end=\"511\"><p class=\"\" data-start=\"486\" data-end=\"511\">Samsung Galaxy Z Flip 4<\/p><\/li><li class=\"\" data-start=\"512\" data-end=\"539\"><p class=\"\" data-start=\"514\" data-end=\"539\">Samsung Galaxy Z Flip 3<\/p><\/li><li class=\"\" data-start=\"540\" data-end=\"567\"><p class=\"\" data-start=\"542\" data-end=\"567\">Samsung Galaxy Z Fold 4<\/p><\/li><li class=\"\" data-start=\"568\" data-end=\"595\"><p class=\"\" data-start=\"570\" data-end=\"595\">Samsung Galaxy Z Fold 3<\/p><\/li><\/ul><p class=\"\" data-start=\"597\" data-end=\"704\"><strong data-start=\"600\" data-end=\"704\">Rely on our experienced and Switzerland-wide cell phone repair service for your Samsung device.<\/strong><\/p><h2 class=\"\" data-start=\"711\" data-end=\"757\">Repair service throughout Switzerland<\/h2><p class=\"\" data-start=\"759\" data-end=\"1155\">Our Samsung repair services are available in:<br data-start=\"809\" data-end=\"812\"><strong data-start=\"812\" data-end=\"1155\">Zurich, Geneva, Basel, Lausanne, Bern, Urtenen-Sch\u00f6nb\u00fchl, M\u00fcnsingen, Thun, Interlaken, Langnau im Emmental, Winterthur, Lucerne, St. Gallen, Lugano, Biel, Fribourg, Appenzell, Glarus, Graub\u00fcnden, Chur, Jura, Lucerne Emmen, Neuch\u00e2tel, Nidwalden, Obwalden, Schaffhausen, Schwyz, Einsiedeln, Solothurn, Thurgau, Ticino, Uri, Vaud, Valais and Zug.<\/strong><\/p><h2 class=\"\" data-start=\"1162\" data-end=\"1199\">Procedure for your Samsung repair<\/h2><p class=\"\" data-start=\"1201\" data-end=\"1390\">As soon as we receive your package, we immediately start analyzing the damage. Our experienced technicians carefully check which components are defective and need to be replaced. <\/p><p class=\"\" data-start=\"1392\" data-end=\"1509\">All repair work is precisely documented and summarized in a transparent <strong data-start=\"1471\" data-end=\"1492\">cost estimate<\/strong>.<\/p><p class=\"\" data-start=\"1511\" data-end=\"1691\"><strong data-start=\"1514\" data-end=\"1577\">Analysis and cost estimate are 100% free of charge for you.<\/strong><br data-start=\"1577\" data-end=\"1580\">Our customers appreciate our fast processing, reliable repairs and <strong data-start=\"1662\" data-end=\"1690\">unbeatably fair prices<\/strong>.<\/p><h2 class=\"\" data-start=\"1698\" data-end=\"1760\">Typical repair services for Samsung Galaxy Z devices<\/h2><ul data-start=\"1762\" data-end=\"2067\"><li class=\"\" data-start=\"1762\" data-end=\"1791\"><p class=\"\" data-start=\"1764\" data-end=\"1791\"><strong data-start=\"1764\" data-end=\"1789\">Replace Samsung battery<\/strong><\/p><\/li><li class=\"\" data-start=\"1792\" data-end=\"1857\"><p class=\"\" data-start=\"1794\" data-end=\"1857\"><strong data-start=\"1794\" data-end=\"1855\">Have the battery replaced in the event of inflation or malfunction<\/strong><\/p><\/li><li class=\"\" data-start=\"1858\" data-end=\"1935\"><p class=\"\" data-start=\"1860\" data-end=\"1935\"><strong data-start=\"1860\" data-end=\"1933\">Display comes loose or does not respond? - We repair professionally <\/strong><\/p><\/li><li class=\"\" data-start=\"1936\" data-end=\"2001\"><p class=\"\" data-start=\"1938\" data-end=\"2001\"><strong data-start=\"1938\" data-end=\"1999\">Samsung display repair for glass breakage or touch errors<\/strong><\/p><\/li><li class=\"\" data-start=\"2002\" data-end=\"2067\"><p class=\"\" data-start=\"2004\" data-end=\"2067\"><strong data-start=\"2004\" data-end=\"2067\">Full service for water damage or technical defects<\/strong><\/p><\/li><\/ul><h2 class=\"\" data-start=\"2074\" data-end=\"2124\">Online repair with free return shipment<\/h2><p class=\"\" data-start=\"2126\" data-end=\"2251\">Simply order a repair online: send in your device to<br data-start=\"2168\" data-end=\"2171\">and take advantage of <strong data-start=\"2194\" data-end=\"2243\">free return shipping within Switzerland<\/strong>.<\/p><\/div><\/div><\/div><\/div><\/div><\/div><\/div><\/div><\/div><\/div><\/div><\/div><\/div><\/div><\/div><\/div><\/div><\/div>\n\t\t\t\t\t<\/div>\n\t\t\t\t\t\t<\/div>\n\t\t\t\t<\/div>\n\t\t\t\t\t<\/div>\n\t\t\t\t<\/div>\n\t\t\t\t<\/div>\n\t\t\n    <div class=\"xs_social_share_widget xs_share_url after_content \t\tmain_content  wslu-style-1 wslu-share-box-shaped wslu-fill-colored wslu-none wslu-share-horizontal wslu-theme-font-no wslu-main_content\">\n\n\t\t\n        <ul>\n\t\t\t        <\/ul>\n    <\/div> \n","protected":false},"excerpt":{"rendered":"<p>Samsung Galaxy Z Fold 2 Galaxy Z Fold 2 repair prices: Main display replacement 649 CHF Backcover Display Exchange 229<\/p>\n","protected":false},"author":1,"featured_media":26453,"parent":30380,"menu_order":0,"comment_status":"closed","ping_status":"closed","template":"","meta":{"postBodyCss":"","postBodyMargin":[],"postBodyPadding":[],"postBodyBackground":{"backgroundType":"classic","gradient":""},"footnotes":""},"class_list":["post-30392","page","type-page","status-publish","has-post-thumbnail","hentry"],"yoast_head":"<!-- This site is optimized with the Yoast SEO Premium plugin v26.8 (Yoast SEO v27.3) - https:\/\/yoast.com\/product\/yoast-seo-premium-wordpress\/ -->\n<title>Samsung Z Fold 2 5G repair service in Switzerland<\/title>\n<meta name=\"description\" content=\"Reliable Samsung Z Fold 2 5G repair service in Switzerland. Fast, professional and at fair prices.\" \/>\n<meta name=\"robots\" content=\"index, follow, max-snippet:-1, max-image-preview:large, max-video-preview:-1\" \/>\n<link rel=\"canonical\" href=\"https:\/\/repairandshop.ch\/en\/samsung\/galaxy-z-series\/samsung-z-fold-2-5g-repair\/\" \/>\n<meta property=\"og:locale\" content=\"en_US\" \/>\n<meta property=\"og:type\" content=\"article\" \/>\n<meta property=\"og:title\" content=\"Samsung Z Fold 2 5G (SM-F916B)\" \/>\n<meta property=\"og:description\" content=\"Reliable Samsung Z Fold 2 5G repair service in Switzerland. Fast, professional and at fair prices.\" \/>\n<meta property=\"og:url\" content=\"https:\/\/repairandshop.ch\/en\/samsung\/galaxy-z-series\/samsung-z-fold-2-5g-repair\/\" \/>\n<meta property=\"og:site_name\" content=\"repair and shop\" \/>\n<meta property=\"article:modified_time\" content=\"2025-10-03T21:37:45+00:00\" \/>\n<meta property=\"og:image\" content=\"https:\/\/repairandshop.ch\/wp-content\/uploads\/2025\/03\/samsung-galaxy-z-fold-2-5g-300x300-1.jpeg\" \/>\n\t<meta property=\"og:image:width\" content=\"300\" \/>\n\t<meta property=\"og:image:height\" content=\"300\" \/>\n\t<meta property=\"og:image:type\" content=\"image\/jpeg\" \/>\n<meta name=\"twitter:card\" content=\"summary_large_image\" \/>\n<meta name=\"twitter:label1\" content=\"Est. reading time\" \/>\n\t<meta name=\"twitter:data1\" content=\"1 minute\" \/>\n<!-- \/ Yoast SEO Premium plugin. -->","yoast_head_json":{"title":"Samsung Z Fold 2 5G repair service in Switzerland","description":"Reliable Samsung Z Fold 2 5G repair service in Switzerland. Fast, professional and at fair prices.","robots":{"index":"index","follow":"follow","max-snippet":"max-snippet:-1","max-image-preview":"max-image-preview:large","max-video-preview":"max-video-preview:-1"},"canonical":"https:\/\/repairandshop.ch\/en\/samsung\/galaxy-z-series\/samsung-z-fold-2-5g-repair\/","og_locale":"en_US","og_type":"article","og_title":"Samsung Z Fold 2 5G (SM-F916B)","og_description":"Reliable Samsung Z Fold 2 5G repair service in Switzerland. Fast, professional and at fair prices.","og_url":"https:\/\/repairandshop.ch\/en\/samsung\/galaxy-z-series\/samsung-z-fold-2-5g-repair\/","og_site_name":"repair and shop","article_modified_time":"2025-10-03T21:37:45+00:00","og_image":[{"width":300,"height":300,"url":"https:\/\/repairandshop.ch\/wp-content\/uploads\/2025\/03\/samsung-galaxy-z-fold-2-5g-300x300-1.jpeg","type":"image\/jpeg"}],"twitter_card":"summary_large_image","twitter_misc":{"Est. reading time":"1 minute"},"schema":{"@context":"https:\/\/schema.org","@graph":[{"@type":"WebPage","@id":"https:\/\/repairandshop.ch\/en\/samsung\/galaxy-z-series\/samsung-z-fold-2-5g-repair\/","url":"https:\/\/repairandshop.ch\/en\/samsung\/galaxy-z-series\/samsung-z-fold-2-5g-repair\/","name":"Samsung Z Fold 2 5G repair service in Switzerland","isPartOf":{"@id":"https:\/\/repairandshop.ch\/en\/#website"},"primaryImageOfPage":{"@id":"https:\/\/repairandshop.ch\/en\/samsung\/galaxy-z-series\/samsung-z-fold-2-5g-repair\/#primaryimage"},"image":{"@id":"https:\/\/repairandshop.ch\/en\/samsung\/galaxy-z-series\/samsung-z-fold-2-5g-repair\/#primaryimage"},"thumbnailUrl":"https:\/\/repairandshop.ch\/wp-content\/uploads\/2025\/03\/samsung-galaxy-z-fold-2-5g-300x300-1.jpeg","datePublished":"2025-03-10T18:57:21+00:00","dateModified":"2025-10-03T21:37:45+00:00","description":"Reliable Samsung Z Fold 2 5G repair service in Switzerland. Fast, professional and at fair prices.","breadcrumb":{"@id":"https:\/\/repairandshop.ch\/en\/samsung\/galaxy-z-series\/samsung-z-fold-2-5g-repair\/#breadcrumb"},"inLanguage":"en-US","potentialAction":[{"@type":"ReadAction","target":["https:\/\/repairandshop.ch\/en\/samsung\/galaxy-z-series\/samsung-z-fold-2-5g-repair\/"]}]},{"@type":"ImageObject","inLanguage":"en-US","@id":"https:\/\/repairandshop.ch\/en\/samsung\/galaxy-z-series\/samsung-z-fold-2-5g-repair\/#primaryimage","url":"https:\/\/repairandshop.ch\/wp-content\/uploads\/2025\/03\/samsung-galaxy-z-fold-2-5g-300x300-1.jpeg","contentUrl":"https:\/\/repairandshop.ch\/wp-content\/uploads\/2025\/03\/samsung-galaxy-z-fold-2-5g-300x300-1.jpeg","width":300,"height":300,"caption":"Samsung Galaxy Z Fold 2 5G"},{"@type":"BreadcrumbList","@id":"https:\/\/repairandshop.ch\/en\/samsung\/galaxy-z-series\/samsung-z-fold-2-5g-repair\/#breadcrumb","itemListElement":[{"@type":"ListItem","position":1,"name":"Home","item":"https:\/\/repairandshop.ch\/en\/"},{"@type":"ListItem","position":2,"name":"Samsung repair","item":"https:\/\/repairandshop.ch\/en\/samsung\/"},{"@type":"ListItem","position":3,"name":"Galaxy Z Series Repair","item":"https:\/\/repairandshop.ch\/en\/samsung\/galaxy-z-series\/"},{"@type":"ListItem","position":4,"name":"Samsung Z Fold 2 5G (SM-F916B)"}]},{"@type":"WebSite","@id":"https:\/\/repairandshop.ch\/en\/#website","url":"https:\/\/repairandshop.ch\/en\/","name":"Repair And Shop","description":"","publisher":{"@id":"https:\/\/repairandshop.ch\/en\/#organization"},"potentialAction":[{"@type":"SearchAction","target":{"@type":"EntryPoint","urlTemplate":"https:\/\/repairandshop.ch\/en\/?s={search_term_string}"},"query-input":{"@type":"PropertyValueSpecification","valueRequired":true,"valueName":"search_term_string"}}],"inLanguage":"en-US"},{"@type":"Organization","@id":"https:\/\/repairandshop.ch\/en\/#organization","name":"Repair And Shop","url":"https:\/\/repairandshop.ch\/en\/","logo":{"@type":"ImageObject","inLanguage":"en-US","@id":"https:\/\/repairandshop.ch\/en\/#\/schema\/logo\/image\/","url":"https:\/\/repairandshop.ch\/wp-content\/uploads\/2025\/02\/RepairandShop-Logo.png","contentUrl":"https:\/\/repairandshop.ch\/wp-content\/uploads\/2025\/02\/RepairandShop-Logo.png","width":834,"height":193,"caption":"Repair And Shop"},"image":{"@id":"https:\/\/repairandshop.ch\/en\/#\/schema\/logo\/image\/"}}]}},"_links":{"self":[{"href":"https:\/\/repairandshop.ch\/en\/wp-json\/wp\/v2\/pages\/30392","targetHints":{"allow":["GET"]}}],"collection":[{"href":"https:\/\/repairandshop.ch\/en\/wp-json\/wp\/v2\/pages"}],"about":[{"href":"https:\/\/repairandshop.ch\/en\/wp-json\/wp\/v2\/types\/page"}],"author":[{"embeddable":true,"href":"https:\/\/repairandshop.ch\/en\/wp-json\/wp\/v2\/users\/1"}],"replies":[{"embeddable":true,"href":"https:\/\/repairandshop.ch\/en\/wp-json\/wp\/v2\/comments?post=30392"}],"version-history":[{"count":0,"href":"https:\/\/repairandshop.ch\/en\/wp-json\/wp\/v2\/pages\/30392\/revisions"}],"up":[{"embeddable":true,"href":"https:\/\/repairandshop.ch\/en\/wp-json\/wp\/v2\/pages\/30380"}],"wp:featuredmedia":[{"embeddable":true,"href":"https:\/\/repairandshop.ch\/en\/wp-json\/wp\/v2\/media\/26453"}],"wp:attachment":[{"href":"https:\/\/repairandshop.ch\/en\/wp-json\/wp\/v2\/media?parent=30392"}],"curies":[{"name":"wp","href":"https:\/\/api.w.org\/{rel}","templated":true}]}}