{"id":30400,"date":"2025-03-10T18:36:32","date_gmt":"2025-03-10T18:36:32","guid":{"rendered":"https:\/\/repairandshop.ch\/samsung-repair-2\/galaxy-z-series-repair-2\/samsung-z-fold-6-sm-f956b\/"},"modified":"2025-10-03T21:36:20","modified_gmt":"2025-10-03T21:36:20","slug":"samsung-z-fold-6-repair","status":"publish","type":"page","link":"https:\/\/repairandshop.ch\/en\/samsung\/galaxy-z-series\/samsung-z-fold-6-repair\/","title":{"rendered":"Samsung Z Fold 6 (SM-F956B)"},"content":{"rendered":"\t\t<div data-elementor-type=\"wp-page\" data-elementor-id=\"30400\" class=\"elementor elementor-30400 elementor-17966\" data-elementor-post-type=\"page\">\n\t\t\t\t<div class=\"wd-negative-gap elementor-element elementor-element-c4693bd e-flex e-con-boxed e-con e-parent\" data-id=\"c4693bd\" data-element_type=\"container\" data-e-type=\"container\" data-settings=\"{&quot;background_background&quot;:&quot;classic&quot;,&quot;_ha_eqh_enable&quot;:false}\">\n\t\t\t\t\t<div class=\"e-con-inner\">\n\t\t<div class=\"elementor-element elementor-element-5a5c95a e-con-full e-flex e-con e-child\" data-id=\"5a5c95a\" data-element_type=\"container\" data-e-type=\"container\" data-settings=\"{&quot;_ha_eqh_enable&quot;:false}\">\n\t\t\t\t<div class=\"elementor-element elementor-element-b0bf2bc elementor-widget elementor-widget-heading\" data-id=\"b0bf2bc\" data-element_type=\"widget\" data-e-type=\"widget\" data-widget_type=\"heading.default\">\n\t\t\t\t<div class=\"elementor-widget-container\">\n\t\t\t\t\t<h2 class=\"elementor-heading-title elementor-size-default\">Galaxy Z Fold 6<\/h2>\t\t\t\t<\/div>\n\t\t\t\t<\/div>\n\t\t\t\t<div class=\"elementor-element elementor-element-b7d08b0 elementor-widget elementor-widget-image\" data-id=\"b7d08b0\" data-element_type=\"widget\" data-e-type=\"widget\" data-widget_type=\"image.default\">\n\t\t\t\t<div class=\"elementor-widget-container\">\n\t\t\t\t\t\t\t\t\t\t\t\t\t\t\t<img loading=\"lazy\" decoding=\"async\" width=\"300\" height=\"300\" src=\"https:\/\/repairandshop.ch\/wp-content\/uploads\/2025\/03\/samsung-galaxy-z-fold6.png\" class=\"attachment-large size-large wp-image-26444\" alt=\"Samsung Galaxy Z Fold 6 Reparatur\" srcset=\"https:\/\/repairandshop.ch\/wp-content\/uploads\/2025\/03\/samsung-galaxy-z-fold6.png 300w, https:\/\/repairandshop.ch\/wp-content\/uploads\/2025\/03\/samsung-galaxy-z-fold6-150x150.png 150w\" sizes=\"auto, (max-width: 300px) 100vw, 300px\" \/>\t\t\t\t\t\t\t\t\t\t\t\t\t\t\t<\/div>\n\t\t\t\t<\/div>\n\t\t\t\t<\/div>\n\t\t<div class=\"elementor-element elementor-element-025d350 e-con-full e-flex e-con e-child\" data-id=\"025d350\" data-element_type=\"container\" data-e-type=\"container\" data-settings=\"{&quot;_ha_eqh_enable&quot;:false}\">\n\t\t\t\t<div class=\"elementor-element elementor-element-9f49d26 elementor-widget elementor-widget-wd_text_block\" data-id=\"9f49d26\" data-element_type=\"widget\" data-e-type=\"widget\" data-widget_type=\"wd_text_block.default\">\n\t\t\t\t<div class=\"elementor-widget-container\">\n\t\t\t\t\t\t\t<div class=\"wd-text-block reset-last-child text-left\">\n\t\t\t\n\t\t\t<h3><strong>Repair prices:<\/strong><\/h3><table class=\" alignleft\" width=\"663\"><tbody><tr><td>Galaxy Z Fold 6 Display<\/td><td>799 CHF<\/td><\/tr><tr><td>Galaxy Z Fold 6 Backcover Display<\/td><td>269 CHF<\/td><\/tr><tr><td>Galaxy Z Fold 6 Back cover<\/td><td>99 CHF<\/td><\/tr><tr><td>Galaxy Z Fold 6 Battery<\/td><td>179 CHF<\/td><\/tr><tr><td>Galaxy Z Fold 6 Microphone<\/td><td>99 CHF<\/td><\/tr><tr><td>Galaxy Z Fold 6 charging socket<\/td><td>99 CHF<\/td><\/tr><tr><td>Galaxy Z Fold 6 speaker<\/td><td>99 CHF<\/td><\/tr><tr><td>Galaxy Z Fold 6 earpiece<\/td><td>99 CHF<\/td><\/tr><tr><td>Galaxy Z Fold 6 camera (front)<\/td><td>99 CHF<\/td><\/tr><tr><td>Galaxy Z Fold 6 Camera (Rear)<\/td><td>249 CHF<\/td><\/tr><tr><td>Galaxy Z Fold 6 Software \/ Update<\/td><td>39 CHF<\/td><\/tr><tr><td>Other repairs on request<\/td><td>xx.x<\/td><\/tr><\/tbody><\/table><h3><br><br><\/h3>\n\t\t\t\t\t<\/div>\n\t\t\t\t\t\t<\/div>\n\t\t\t\t<\/div>\n\t\t\t\t<\/div>\n\t\t\t\t\t<\/div>\n\t\t\t\t<\/div>\n\t\t<div class=\"wd-negative-gap elementor-element elementor-element-e196aa3 e-flex e-con-boxed e-con e-parent\" data-id=\"e196aa3\" data-element_type=\"container\" data-e-type=\"container\" data-settings=\"{&quot;_ha_eqh_enable&quot;:false}\">\n\t\t\t\t\t<div class=\"e-con-inner\">\n\t\t<div class=\"elementor-element elementor-element-2428ff9 e-con-full e-flex e-con e-child\" data-id=\"2428ff9\" data-element_type=\"container\" data-e-type=\"container\" data-settings=\"{&quot;_ha_eqh_enable&quot;:false}\">\n\t\t\t\t<div class=\"elementor-element elementor-element-b52364e elementor-align-justify elementor-widget elementor-widget-button\" data-id=\"b52364e\" data-element_type=\"widget\" data-e-type=\"widget\" data-widget_type=\"button.default\">\n\t\t\t\t<div class=\"elementor-widget-container\">\n\t\t\t\t\t\t\t\t\t<div class=\"elementor-button-wrapper\">\n\t\t\t\t\t<a class=\"elementor-button elementor-button-link elementor-size-sm\" href=\"https:\/\/repairandshop.ch\/en\/contact-us\/\">\n\t\t\t\t\t\t<span class=\"elementor-button-content-wrapper\">\n\t\t\t\t\t\t\t\t\t<span class=\"elementor-button-text\">Contact us<\/span>\n\t\t\t\t\t<\/span>\n\t\t\t\t\t<\/a>\n\t\t\t\t<\/div>\n\t\t\t\t\t\t\t\t<\/div>\n\t\t\t\t<\/div>\n\t\t\t\t<\/div>\n\t\t<div class=\"elementor-element elementor-element-42aaa7a e-con-full e-flex e-con e-child\" data-id=\"42aaa7a\" data-element_type=\"container\" data-e-type=\"container\" data-settings=\"{&quot;_ha_eqh_enable&quot;:false}\">\n\t\t\t\t<div class=\"elementor-element elementor-element-778faf0 elementor-align-justify elementor-widget elementor-widget-button\" data-id=\"778faf0\" data-element_type=\"widget\" data-e-type=\"widget\" data-widget_type=\"button.default\">\n\t\t\t\t<div class=\"elementor-widget-container\">\n\t\t\t\t\t\t\t\t\t<div class=\"elementor-button-wrapper\">\n\t\t\t\t\t<a class=\"elementor-button elementor-button-link elementor-size-sm\" href=\"#\">\n\t\t\t\t\t\t<span class=\"elementor-button-content-wrapper\">\n\t\t\t\t\t\t\t\t\t<span class=\"elementor-button-text\">Information<\/span>\n\t\t\t\t\t<\/span>\n\t\t\t\t\t<\/a>\n\t\t\t\t<\/div>\n\t\t\t\t\t\t\t\t<\/div>\n\t\t\t\t<\/div>\n\t\t\t\t<\/div>\n\t\t\t\t\t<\/div>\n\t\t\t\t<\/div>\n\t\t<div class=\"wd-negative-gap elementor-element elementor-element-043249e e-flex e-con-boxed e-con e-parent\" data-id=\"043249e\" data-element_type=\"container\" data-e-type=\"container\" data-settings=\"{&quot;_ha_eqh_enable&quot;:false}\">\n\t\t\t\t\t<div class=\"e-con-inner\">\n\t\t\t\t<div class=\"elementor-element elementor-element-743c201 elementor-widget elementor-widget-wd_text_block\" data-id=\"743c201\" data-element_type=\"widget\" data-e-type=\"widget\" data-widget_type=\"wd_text_block.default\">\n\t\t\t\t<div class=\"elementor-widget-container\">\n\t\t\t\t\t\t\t<div class=\"wd-text-block reset-last-child text-left\">\n\t\t\t\n\t\t\t<div class=\"fl-row fl-row-fixed-width fl-row-bg-none fl-node-5df65a09b6ba5 fl-row-default-height fl-row-align-center\" data-node=\"5df65a09b6ba5\"><div class=\"fl-row-content-wrap\"><div class=\"fl-row-content fl-row-fixed-width fl-node-content\"><div class=\"fl-col-group fl-node-5df65a09ba1d8\" data-node=\"5df65a09ba1d8\"><div class=\"fl-col fl-node-5df65a09ba264 fl-col-bg-color\" data-node=\"5df65a09ba264\"><div class=\"fl-col-content fl-node-content\"><div class=\"fl-module fl-module-rich-text fl-node-5df65a09b687e\" data-node=\"5df65a09b687e\"><div class=\"fl-module-content fl-node-content\"><div class=\"fl-rich-text\"><div class=\"fl-row fl-row-fixed-width fl-row-bg-none fl-node-z0usp5yfa6kx fl-row-default-height fl-row-align-center\" data-node=\"z0usp5yfa6kx\"><div class=\"fl-row-content-wrap\"><div class=\"fl-row-content fl-row-fixed-width fl-node-content\"><div class=\"fl-col-group fl-node-45vmxyb3fwil\" data-node=\"45vmxyb3fwil\"><div class=\"fl-col fl-node-8geyvf2j3rt5 fl-col-bg-color\" data-node=\"8geyvf2j3rt5\"><div class=\"fl-col-content fl-node-content\"><div class=\"fl-module fl-module-rich-text fl-node-cx78byotgn0f\" data-node=\"cx78byotgn0f\"><div class=\"fl-module-content fl-node-content\"><div class=\"fl-rich-text\"><h1 class=\"\" data-start=\"201\" data-end=\"265\">Samsung Galaxy Z Series Repair \u2013 Switzerland-wide specialist service<\/h1><p class=\"\" data-start=\"267\" data-end=\"350\"><strong data-start=\"267\" data-end=\"350\">Repair service for the following Samsung Galaxy Z models throughout Switzerland:<\/strong><\/p><ul data-start=\"352\" data-end=\"519\"><li class=\"\" data-start=\"352\" data-end=\"379\"><p class=\"\" data-start=\"354\" data-end=\"379\">Samsung Galaxy Z Flip 6<\/p><\/li><li class=\"\" data-start=\"380\" data-end=\"407\"><p class=\"\" data-start=\"382\" data-end=\"407\">Samsung Galaxy Z Flip 5<\/p><\/li><li class=\"\" data-start=\"408\" data-end=\"435\"><p class=\"\" data-start=\"410\" data-end=\"435\">Samsung Galaxy Z Flip 4<\/p><\/li><li class=\"\" data-start=\"436\" data-end=\"463\"><p class=\"\" data-start=\"438\" data-end=\"463\">Samsung Galaxy Z Flip 3<\/p><\/li><li class=\"\" data-start=\"464\" data-end=\"491\"><p class=\"\" data-start=\"466\" data-end=\"491\">Samsung Galaxy Z Fold 4<\/p><\/li><li class=\"\" data-start=\"492\" data-end=\"519\"><p class=\"\" data-start=\"494\" data-end=\"519\">Samsung Galaxy Z Fold 3<\/p><\/li><\/ul><p class=\"\" data-start=\"521\" data-end=\"678\">\ud83d\udd27 <strong data-start=\"524\" data-end=\"678\">Have your Samsung Galaxy Z device professionally repaired by our Switzerland-wide cell phone repair service - quickly, safely and reliably.<\/strong><\/p><h2 class=\"\" data-start=\"685\" data-end=\"722\">Our locations in Switzerland<\/h2><p class=\"\" data-start=\"724\" data-end=\"1149\">Our repair services are available in the following Swiss cities and regions:<br data-start=\"807\" data-end=\"810\">Zurich, Geneva, Basel, Lausanne, Bern, Urtenen-Sch\u00f6nb\u00fchl, M\u00fcnsingen, Thun, Interlaken, Langnau im Emmental, Winterthur, Lucerne, St. Gallen, Lugano, Biel, Fribourg, Appenzell, Glarus, Graub\u00fcnden, Chur, Jura, Lucerne Emmen, Neuch\u00e2tel, Nidwalden, Obwalden, Schaffhausen, Schwyz, Einsiedeln, Solothurn, Thurgau, Ticino, Uri, Vaud, Valais and Zug.<\/p><h2 class=\"\" data-start=\"1156\" data-end=\"1196\">How the Samsung repair works<\/h2><p class=\"\" data-start=\"1198\" data-end=\"1371\">As soon as we receive your package, we start analyzing the fault straight away. Our technicians will check exactly which components are defective and need to be replaced. <\/p><p class=\"\" data-start=\"1373\" data-end=\"1551\">All work is documented and listed in a <strong data-start=\"1420\" data-end=\"1468\">detailed, free cost estimate<\/strong>.<br data-start=\"1480\" data-end=\"1483\">The analysis and cost estimate <strong data-start=\"1536\" data-end=\"1550\">are free of charge<\/strong> for you.<\/p><h2 class=\"\" data-start=\"1558\" data-end=\"1601\">Typical Samsung repair services:<\/h2><ul data-start=\"1603\" data-end=\"1885\"><li class=\"\" data-start=\"1603\" data-end=\"1632\"><p class=\"\" data-start=\"1605\" data-end=\"1632\"><strong data-start=\"1605\" data-end=\"1630\">Replace Samsung battery<\/strong><\/p><\/li><li class=\"\" data-start=\"1633\" data-end=\"1688\"><p class=\"\" data-start=\"1635\" data-end=\"1688\"><strong data-start=\"1635\" data-end=\"1686\">Have a defective or deflated battery replaced<\/strong><\/p><\/li><li class=\"\" data-start=\"1689\" data-end=\"1755\"><p class=\"\" data-start=\"1691\" data-end=\"1755\"><strong data-start=\"1691\" data-end=\"1753\">Display comes loose or does not respond? - We help immediately <\/strong><\/p><\/li><li class=\"\" data-start=\"1756\" data-end=\"1827\"><p class=\"\" data-start=\"1758\" data-end=\"1827\"><strong data-start=\"1758\" data-end=\"1825\">Professional Samsung display repair in the event of breakage or faults<\/strong><\/p><\/li><li class=\"\" data-start=\"1828\" data-end=\"1885\"><p class=\"\" data-start=\"1830\" data-end=\"1885\"><strong data-start=\"1830\" data-end=\"1885\">Other technical problems? We'll find the solution! <\/strong><\/p><\/li><\/ul><hr class=\"\" data-start=\"1887\" data-end=\"1890\"><h2 class=\"\" data-start=\"1892\" data-end=\"1949\">Online repair service with free return shipping<\/h2><p class=\"\" data-start=\"1951\" data-end=\"2112\">Order repairs conveniently online, send in your device by post and take advantage of <strong data-start=\"2021\" data-end=\"2070\">free return shipping within Switzerland<\/strong>.<br data-start=\"2078\" data-end=\"2081\">Simple. Safe. Stress-free.<\/p><\/div><\/div><\/div><\/div><\/div><\/div><\/div><\/div><\/div><\/div><\/div><\/div><\/div><\/div><\/div><\/div><\/div><\/div>\n\t\t\t\t\t<\/div>\n\t\t\t\t\t\t<\/div>\n\t\t\t\t<\/div>\n\t\t\t\t\t<\/div>\n\t\t\t\t<\/div>\n\t\t\t\t<\/div>\n\t\t\n    <div class=\"xs_social_share_widget xs_share_url after_content \t\tmain_content  wslu-style-1 wslu-share-box-shaped wslu-fill-colored wslu-none wslu-share-horizontal wslu-theme-font-no wslu-main_content\">\n\n\t\t\n        <ul>\n\t\t\t        <\/ul>\n    <\/div> \n","protected":false},"excerpt":{"rendered":"<p>Galaxy Z Fold 6 Repair prices: Galaxy Z Fold 6 Display 799 CHF Galaxy Z Fold 6 Backcover Display 269<\/p>\n","protected":false},"author":1,"featured_media":26444,"parent":30380,"menu_order":0,"comment_status":"closed","ping_status":"closed","template":"","meta":{"postBodyCss":"","postBodyMargin":[],"postBodyPadding":[],"postBodyBackground":{"backgroundType":"classic","gradient":""},"footnotes":""},"class_list":["post-30400","page","type-page","status-publish","has-post-thumbnail","hentry"],"yoast_head":"<!-- This site is optimized with the Yoast SEO Premium plugin v26.8 (Yoast SEO v27.3) - https:\/\/yoast.com\/product\/yoast-seo-premium-wordpress\/ -->\n<title>Samsung Z Fold 6 repair service in Switzerland<\/title>\n<meta name=\"description\" content=\"Professional Samsung Z Fold 6 repair service in Switzerland. Fast, reliable and at fair prices.\" \/>\n<meta name=\"robots\" content=\"index, follow, max-snippet:-1, max-image-preview:large, max-video-preview:-1\" \/>\n<link rel=\"canonical\" href=\"https:\/\/repairandshop.ch\/en\/samsung\/galaxy-z-series\/samsung-z-fold-6-repair\/\" \/>\n<meta property=\"og:locale\" content=\"en_US\" \/>\n<meta property=\"og:type\" content=\"article\" \/>\n<meta property=\"og:title\" content=\"Samsung Z Fold 6 (SM-F956B)\" \/>\n<meta property=\"og:description\" content=\"Professional Samsung Z Fold 6 repair service in Switzerland. Fast, reliable and at fair prices.\" \/>\n<meta property=\"og:url\" content=\"https:\/\/repairandshop.ch\/en\/samsung\/galaxy-z-series\/samsung-z-fold-6-repair\/\" \/>\n<meta property=\"og:site_name\" content=\"repair and shop\" \/>\n<meta property=\"article:modified_time\" content=\"2025-10-03T21:36:20+00:00\" \/>\n<meta property=\"og:image\" content=\"https:\/\/repairandshop.ch\/wp-content\/uploads\/2025\/03\/samsung-galaxy-z-fold6.png\" \/>\n\t<meta property=\"og:image:width\" content=\"300\" \/>\n\t<meta property=\"og:image:height\" content=\"300\" \/>\n\t<meta property=\"og:image:type\" content=\"image\/png\" \/>\n<meta name=\"twitter:card\" content=\"summary_large_image\" \/>\n<meta name=\"twitter:label1\" content=\"Est. reading time\" \/>\n\t<meta name=\"twitter:data1\" content=\"2 minutes\" \/>\n<!-- \/ Yoast SEO Premium plugin. -->","yoast_head_json":{"title":"Samsung Z Fold 6 repair service in Switzerland","description":"Professional Samsung Z Fold 6 repair service in Switzerland. Fast, reliable and at fair prices.","robots":{"index":"index","follow":"follow","max-snippet":"max-snippet:-1","max-image-preview":"max-image-preview:large","max-video-preview":"max-video-preview:-1"},"canonical":"https:\/\/repairandshop.ch\/en\/samsung\/galaxy-z-series\/samsung-z-fold-6-repair\/","og_locale":"en_US","og_type":"article","og_title":"Samsung Z Fold 6 (SM-F956B)","og_description":"Professional Samsung Z Fold 6 repair service in Switzerland. Fast, reliable and at fair prices.","og_url":"https:\/\/repairandshop.ch\/en\/samsung\/galaxy-z-series\/samsung-z-fold-6-repair\/","og_site_name":"repair and shop","article_modified_time":"2025-10-03T21:36:20+00:00","og_image":[{"width":300,"height":300,"url":"https:\/\/repairandshop.ch\/wp-content\/uploads\/2025\/03\/samsung-galaxy-z-fold6.png","type":"image\/png"}],"twitter_card":"summary_large_image","twitter_misc":{"Est. reading time":"2 minutes"},"schema":{"@context":"https:\/\/schema.org","@graph":[{"@type":"WebPage","@id":"https:\/\/repairandshop.ch\/en\/samsung\/galaxy-z-series\/samsung-z-fold-6-repair\/","url":"https:\/\/repairandshop.ch\/en\/samsung\/galaxy-z-series\/samsung-z-fold-6-repair\/","name":"Samsung Z Fold 6 repair service in Switzerland","isPartOf":{"@id":"https:\/\/repairandshop.ch\/en\/#website"},"primaryImageOfPage":{"@id":"https:\/\/repairandshop.ch\/en\/samsung\/galaxy-z-series\/samsung-z-fold-6-repair\/#primaryimage"},"image":{"@id":"https:\/\/repairandshop.ch\/en\/samsung\/galaxy-z-series\/samsung-z-fold-6-repair\/#primaryimage"},"thumbnailUrl":"https:\/\/repairandshop.ch\/wp-content\/uploads\/2025\/03\/samsung-galaxy-z-fold6.png","datePublished":"2025-03-10T18:36:32+00:00","dateModified":"2025-10-03T21:36:20+00:00","description":"Professional Samsung Z Fold 6 repair service in Switzerland. Fast, reliable and at fair prices.","breadcrumb":{"@id":"https:\/\/repairandshop.ch\/en\/samsung\/galaxy-z-series\/samsung-z-fold-6-repair\/#breadcrumb"},"inLanguage":"en-US","potentialAction":[{"@type":"ReadAction","target":["https:\/\/repairandshop.ch\/en\/samsung\/galaxy-z-series\/samsung-z-fold-6-repair\/"]}]},{"@type":"ImageObject","inLanguage":"en-US","@id":"https:\/\/repairandshop.ch\/en\/samsung\/galaxy-z-series\/samsung-z-fold-6-repair\/#primaryimage","url":"https:\/\/repairandshop.ch\/wp-content\/uploads\/2025\/03\/samsung-galaxy-z-fold6.png","contentUrl":"https:\/\/repairandshop.ch\/wp-content\/uploads\/2025\/03\/samsung-galaxy-z-fold6.png","width":300,"height":300,"caption":"Samsung Galaxy Z Fold 6 Reparatur"},{"@type":"BreadcrumbList","@id":"https:\/\/repairandshop.ch\/en\/samsung\/galaxy-z-series\/samsung-z-fold-6-repair\/#breadcrumb","itemListElement":[{"@type":"ListItem","position":1,"name":"Home","item":"https:\/\/repairandshop.ch\/en\/"},{"@type":"ListItem","position":2,"name":"Samsung repair","item":"https:\/\/repairandshop.ch\/en\/samsung\/"},{"@type":"ListItem","position":3,"name":"Galaxy Z Series Repair","item":"https:\/\/repairandshop.ch\/en\/samsung\/galaxy-z-series\/"},{"@type":"ListItem","position":4,"name":"Samsung Z Fold 6 (SM-F956B)"}]},{"@type":"WebSite","@id":"https:\/\/repairandshop.ch\/en\/#website","url":"https:\/\/repairandshop.ch\/en\/","name":"Repair And Shop","description":"","publisher":{"@id":"https:\/\/repairandshop.ch\/en\/#organization"},"potentialAction":[{"@type":"SearchAction","target":{"@type":"EntryPoint","urlTemplate":"https:\/\/repairandshop.ch\/en\/?s={search_term_string}"},"query-input":{"@type":"PropertyValueSpecification","valueRequired":true,"valueName":"search_term_string"}}],"inLanguage":"en-US"},{"@type":"Organization","@id":"https:\/\/repairandshop.ch\/en\/#organization","name":"Repair And Shop","url":"https:\/\/repairandshop.ch\/en\/","logo":{"@type":"ImageObject","inLanguage":"en-US","@id":"https:\/\/repairandshop.ch\/en\/#\/schema\/logo\/image\/","url":"https:\/\/repairandshop.ch\/wp-content\/uploads\/2025\/02\/RepairandShop-Logo.png","contentUrl":"https:\/\/repairandshop.ch\/wp-content\/uploads\/2025\/02\/RepairandShop-Logo.png","width":834,"height":193,"caption":"Repair And Shop"},"image":{"@id":"https:\/\/repairandshop.ch\/en\/#\/schema\/logo\/image\/"}}]}},"_links":{"self":[{"href":"https:\/\/repairandshop.ch\/en\/wp-json\/wp\/v2\/pages\/30400","targetHints":{"allow":["GET"]}}],"collection":[{"href":"https:\/\/repairandshop.ch\/en\/wp-json\/wp\/v2\/pages"}],"about":[{"href":"https:\/\/repairandshop.ch\/en\/wp-json\/wp\/v2\/types\/page"}],"author":[{"embeddable":true,"href":"https:\/\/repairandshop.ch\/en\/wp-json\/wp\/v2\/users\/1"}],"replies":[{"embeddable":true,"href":"https:\/\/repairandshop.ch\/en\/wp-json\/wp\/v2\/comments?post=30400"}],"version-history":[{"count":0,"href":"https:\/\/repairandshop.ch\/en\/wp-json\/wp\/v2\/pages\/30400\/revisions"}],"up":[{"embeddable":true,"href":"https:\/\/repairandshop.ch\/en\/wp-json\/wp\/v2\/pages\/30380"}],"wp:featuredmedia":[{"embeddable":true,"href":"https:\/\/repairandshop.ch\/en\/wp-json\/wp\/v2\/media\/26444"}],"wp:attachment":[{"href":"https:\/\/repairandshop.ch\/en\/wp-json\/wp\/v2\/media?parent=30400"}],"curies":[{"name":"wp","href":"https:\/\/api.w.org\/{rel}","templated":true}]}}