{"id":27036,"date":"2025-03-04T08:05:25","date_gmt":"2025-03-04T08:05:25","guid":{"rendered":"https:\/\/repairandshop.ch\/autres-modeles\/"},"modified":"2025-05-04T19:00:24","modified_gmt":"2025-05-04T19:00:24","slug":"autres-modeles","status":"publish","type":"page","link":"https:\/\/repairandshop.ch\/fr\/autres-modeles\/","title":{"rendered":"Autres mod\u00e8les"},"content":{"rendered":"\t\t<div data-elementor-type=\"wp-page\" data-elementor-id=\"27036\" class=\"elementor elementor-27036 elementor-16404\" data-elementor-settings=\"{&quot;ha_cmc_init_switcher&quot;:&quot;no&quot;}\" data-elementor-post-type=\"page\">\n\t\t\t\t<div class=\"wd-negative-gap elementor-element elementor-element-28aff64 e-flex e-con-boxed e-con e-parent\" data-id=\"28aff64\" data-element_type=\"container\" data-e-type=\"container\" data-settings=\"{&quot;_ha_eqh_enable&quot;:false}\">\n\t\t\t\t\t<div class=\"e-con-inner\">\n\t\t\t\t<div class=\"elementor-element elementor-element-9ac07f8 elementor-widget elementor-widget-heading\" data-id=\"9ac07f8\" data-element_type=\"widget\" data-e-type=\"widget\" data-widget_type=\"heading.default\">\n\t\t\t\t<div class=\"elementor-widget-container\">\n\t\t\t\t\t<h2 class=\"elementor-heading-title elementor-size-default\">R\u00e9paration pour d'autres mod\u00e8les<\/h2>\t\t\t\t<\/div>\n\t\t\t\t<\/div>\n\t\t\t\t\t<\/div>\n\t\t\t\t<\/div>\n\t\t<div class=\"wd-negative-gap elementor-element elementor-element-b56d67c e-flex e-con-boxed e-con e-parent\" data-id=\"b56d67c\" data-element_type=\"container\" data-e-type=\"container\" data-settings=\"{&quot;_ha_eqh_enable&quot;:false}\">\n\t\t\t\t\t<div class=\"e-con-inner\">\n\t\t<div class=\"elementor-element elementor-element-0dd19e5 e-con-full e-flex e-con e-child\" data-id=\"0dd19e5\" data-element_type=\"container\" data-e-type=\"container\" data-settings=\"{&quot;_ha_eqh_enable&quot;:false}\">\n\t\t\t\t<div class=\"elementor-element elementor-element-3a9d4db elementor-align-justify elementor-widget elementor-widget-button\" data-id=\"3a9d4db\" data-element_type=\"widget\" data-e-type=\"widget\" data-widget_type=\"button.default\">\n\t\t\t\t<div class=\"elementor-widget-container\">\n\t\t\t\t\t\t\t\t\t<div class=\"elementor-button-wrapper\">\n\t\t\t\t\t<a class=\"elementor-button elementor-button-link elementor-size-sm\" href=\"https:\/\/repairandshop.ch\/kontakt\/\">\n\t\t\t\t\t\t<span class=\"elementor-button-content-wrapper\">\n\t\t\t\t\t\t\t\t\t<span class=\"elementor-button-text\">Contactez notre \u00e9quipe de service<\/span>\n\t\t\t\t\t<\/span>\n\t\t\t\t\t<\/a>\n\t\t\t\t<\/div>\n\t\t\t\t\t\t\t\t<\/div>\n\t\t\t\t<\/div>\n\t\t\t\t<div class=\"elementor-element elementor-element-86866a7 elementor-button-align-start elementor-widget elementor-widget-form\" data-id=\"86866a7\" data-element_type=\"widget\" data-e-type=\"widget\" data-settings=\"{&quot;step_next_label&quot;:&quot;Suivant&quot;,&quot;step_previous_label&quot;:&quot;Previous&quot;,&quot;step_type&quot;:&quot;number_text&quot;,&quot;step_icon_shape&quot;:&quot;circle&quot;}\" data-widget_type=\"form.default\">\n\t\t\t\t<div class=\"elementor-widget-container\">\n\t\t\t\t\t\t\t<form class=\"elementor-form\" method=\"post\" name=\"Nouvelle forme\" aria-label=\"Nouvelle forme\">\n\t\t\t<input type=\"hidden\" name=\"post_id\" value=\"27036\"\/>\n\t\t\t<input type=\"hidden\" name=\"form_id\" value=\"86866a7\"\/>\n\t\t\t<input type=\"hidden\" name=\"referer_title\" value=\"Autres mod\u00e8les - repairandshop\" \/>\n\n\t\t\t\t\t\t\t<input type=\"hidden\" name=\"queried_id\" value=\"27036\"\/>\n\t\t\t\n\t\t\t<div class=\"elementor-form-fields-wrapper elementor-labels-above\">\n\t\t\t\t\t\t\t\t<div class=\"elementor-field-type-text elementor-field-group elementor-column elementor-field-group-name elementor-col-100\">\n\t\t\t\t\t\t\t\t\t\t\t\t<label for=\"form-field-name\" class=\"elementor-field-label\">\n\t\t\t\t\t\t\t\tNom\t\t\t\t\t\t\t<\/label>\n\t\t\t\t\t\t\t\t\t\t\t\t\t\t<input size=\"1\" type=\"text\" name=\"form_fields[name]\" id=\"form-field-name\" class=\"elementor-field elementor-size-sm  elementor-field-textual\">\n\t\t\t\t\t\t\t\t\t\t\t<\/div>\n\t\t\t\t\t\t\t\t<div class=\"elementor-field-type-email elementor-field-group elementor-column elementor-field-group-email elementor-col-100 elementor-field-required elementor-mark-required\">\n\t\t\t\t\t\t\t\t\t\t\t\t<label for=\"form-field-email\" class=\"elementor-field-label\">\n\t\t\t\t\t\t\t\tEmail\t\t\t\t\t\t\t<\/label>\n\t\t\t\t\t\t\t\t\t\t\t\t\t\t<input size=\"1\" type=\"email\" name=\"form_fields[email]\" id=\"form-field-email\" class=\"elementor-field elementor-size-sm  elementor-field-textual\" required=\"required\">\n\t\t\t\t\t\t\t\t\t\t\t<\/div>\n\t\t\t\t\t\t\t\t<div class=\"elementor-field-type-textarea elementor-field-group elementor-column elementor-field-group-message elementor-col-100\">\n\t\t\t\t\t\t\t\t\t\t\t\t<label for=\"form-field-message\" class=\"elementor-field-label\">\n\t\t\t\t\t\t\t\tPrendre contact\t\t\t\t\t\t\t<\/label>\n\t\t\t\t\t\t<textarea class=\"elementor-field-textual elementor-field  elementor-size-sm\" name=\"form_fields[message]\" id=\"form-field-message\" rows=\"4\"><\/textarea>\t\t\t\t<\/div>\n\t\t\t\t\t\t\t\t<div class=\"elementor-field-group elementor-column elementor-field-type-submit elementor-col-100 e-form__buttons\">\n\t\t\t\t\t<button class=\"elementor-button elementor-size-sm\" type=\"submit\">\n\t\t\t\t\t\t<span class=\"elementor-button-content-wrapper\">\n\t\t\t\t\t\t\t\t\t\t\t\t\t\t\t\t\t\t\t\t\t\t<span class=\"elementor-button-text\">Envoyer<\/span>\n\t\t\t\t\t\t\t\t\t\t\t\t\t<\/span>\n\t\t\t\t\t<\/button>\n\t\t\t\t<\/div>\n\t\t\t<\/div>\n\t\t<\/form>\n\t\t\t\t\t\t<\/div>\n\t\t\t\t<\/div>\n\t\t\t\t<\/div>\n\t\t<div class=\"elementor-element elementor-element-54c45bb e-con-full e-flex e-con e-child\" data-id=\"54c45bb\" data-element_type=\"container\" data-e-type=\"container\" data-settings=\"{&quot;_ha_eqh_enable&quot;:false}\">\n\t\t\t\t<div class=\"elementor-element elementor-element-17646ed elementor-widget elementor-widget-heading\" data-id=\"17646ed\" data-element_type=\"widget\" data-e-type=\"widget\" data-widget_type=\"heading.default\">\n\t\t\t\t<div class=\"elementor-widget-container\">\n\t\t\t\t\t<h2 class=\"elementor-heading-title elementor-size-default\">D\u00e9poser l'appareil directement chez nous<\/h2>\t\t\t\t<\/div>\n\t\t\t\t<\/div>\n\t\t\t\t<div class=\"elementor-element elementor-element-2f800bf elementor-widget elementor-widget-image\" data-id=\"2f800bf\" data-element_type=\"widget\" data-e-type=\"widget\" data-widget_type=\"image.default\">\n\t\t\t\t<div class=\"elementor-widget-container\">\n\t\t\t\t\t\t\t\t\t\t\t\t\t\t\t<img loading=\"lazy\" decoding=\"async\" width=\"500\" height=\"500\" src=\"https:\/\/repairandshop.ch\/wp-content\/uploads\/2025\/04\/IMG_6107-removebg-preview.png\" class=\"attachment-medium_large size-medium_large wp-image-26973\" alt=\"\" srcset=\"https:\/\/repairandshop.ch\/wp-content\/uploads\/2025\/04\/IMG_6107-removebg-preview.png 500w, https:\/\/repairandshop.ch\/wp-content\/uploads\/2025\/04\/IMG_6107-removebg-preview-300x300.png 300w, https:\/\/repairandshop.ch\/wp-content\/uploads\/2025\/04\/IMG_6107-removebg-preview-150x150.png 150w\" sizes=\"auto, (max-width: 500px) 100vw, 500px\" \/>\t\t\t\t\t\t\t\t\t\t\t\t\t\t\t<\/div>\n\t\t\t\t<\/div>\n\t\t\t\t<div class=\"elementor-element elementor-element-b8c0dd2 elementor-align-center elementor-widget elementor-widget-button\" data-id=\"b8c0dd2\" data-element_type=\"widget\" data-e-type=\"widget\" data-widget_type=\"button.default\">\n\t\t\t\t<div class=\"elementor-widget-container\">\n\t\t\t\t\t\t\t\t\t<div class=\"elementor-button-wrapper\">\n\t\t\t\t\t<a class=\"elementor-button elementor-button-link elementor-size-sm\" href=\"#\">\n\t\t\t\t\t\t<span class=\"elementor-button-content-wrapper\">\n\t\t\t\t\t\t\t\t\t<span class=\"elementor-button-text\">D\u00e9poser l'appareil directement chez nous<\/span>\n\t\t\t\t\t<\/span>\n\t\t\t\t\t<\/a>\n\t\t\t\t<\/div>\n\t\t\t\t\t\t\t\t<\/div>\n\t\t\t\t<\/div>\n\t\t\t\t<div class=\"elementor-element elementor-element-b320b40 elementor-widget elementor-widget-heading\" data-id=\"b320b40\" data-element_type=\"widget\" data-e-type=\"widget\" data-widget_type=\"heading.default\">\n\t\t\t\t<div class=\"elementor-widget-container\">\n\t\t\t\t\t<h2 class=\"elementor-heading-title elementor-size-default\">Envoyer facilement et en toute s\u00e9curit\u00e9<\/h2>\t\t\t\t<\/div>\n\t\t\t\t<\/div>\n\t\t\t\t<div class=\"elementor-element elementor-element-985ee77 elementor-widget elementor-widget-image\" data-id=\"985ee77\" data-element_type=\"widget\" data-e-type=\"widget\" data-widget_type=\"image.default\">\n\t\t\t\t<div class=\"elementor-widget-container\">\n\t\t\t\t\t\t\t\t\t\t\t\t\t\t\t<img loading=\"lazy\" decoding=\"async\" width=\"1020\" height=\"1020\" src=\"https:\/\/repairandshop.ch\/wp-content\/uploads\/2025\/04\/IMG_6108-Photoroom-1.png\" class=\"attachment-large size-large wp-image-26979\" alt=\"\" srcset=\"https:\/\/repairandshop.ch\/wp-content\/uploads\/2025\/04\/IMG_6108-Photoroom-1.png 1020w, https:\/\/repairandshop.ch\/wp-content\/uploads\/2025\/04\/IMG_6108-Photoroom-1-300x300.png 300w, https:\/\/repairandshop.ch\/wp-content\/uploads\/2025\/04\/IMG_6108-Photoroom-1-150x150.png 150w, https:\/\/repairandshop.ch\/wp-content\/uploads\/2025\/04\/IMG_6108-Photoroom-1-768x768.png 768w, https:\/\/repairandshop.ch\/wp-content\/uploads\/2025\/04\/IMG_6108-Photoroom-1-600x600.png 600w\" sizes=\"auto, (max-width: 1020px) 100vw, 1020px\" \/>\t\t\t\t\t\t\t\t\t\t\t\t\t\t\t<\/div>\n\t\t\t\t<\/div>\n\t\t\t\t<div class=\"elementor-element elementor-element-a24f8a0 elementor-align-center elementor-widget elementor-widget-button\" data-id=\"a24f8a0\" data-element_type=\"widget\" data-e-type=\"widget\" data-widget_type=\"button.default\">\n\t\t\t\t<div class=\"elementor-widget-container\">\n\t\t\t\t\t\t\t\t\t<div class=\"elementor-button-wrapper\">\n\t\t\t\t\t<a class=\"elementor-button elementor-button-link elementor-size-sm\" href=\"#\">\n\t\t\t\t\t\t<span class=\"elementor-button-content-wrapper\">\n\t\t\t\t\t\t\t\t\t<span class=\"elementor-button-text\">Envoyer facilement et en toute s\u00e9curit\u00e9<\/span>\n\t\t\t\t\t<\/span>\n\t\t\t\t\t<\/a>\n\t\t\t\t<\/div>\n\t\t\t\t\t\t\t\t<\/div>\n\t\t\t\t<\/div>\n\t\t\t\t<\/div>\n\t\t\t\t\t<\/div>\n\t\t\t\t<\/div>\n\t\t<div class=\"wd-negative-gap elementor-element elementor-element-fdbf9f7 e-flex e-con-boxed e-con e-parent\" data-id=\"fdbf9f7\" data-element_type=\"container\" data-e-type=\"container\" data-settings=\"{&quot;_ha_eqh_enable&quot;:false}\">\n\t\t\t\t\t<div class=\"e-con-inner\">\n\t\t\t\t<div class=\"elementor-element elementor-element-dbbea5b elementor-widget elementor-widget-wd_text_block\" data-id=\"dbbea5b\" data-element_type=\"widget\" data-e-type=\"widget\" data-widget_type=\"wd_text_block.default\">\n\t\t\t\t<div class=\"elementor-widget-container\">\n\t\t\t\t\t\t\t<div class=\"wd-text-block reset-last-child text-left\">\n\t\t\t\n\t\t\t<h2 class=\"\" data-start=\"180\" data-end=\"246\"><strong data-start=\"183\" data-end=\"246\">repairandshop - votre service de r\u00e9paration dans toute la Suisse<\/strong><\/h2><p class=\"\" data-start=\"248\" data-end=\"441\"><strong data-start=\"248\" data-end=\"301\">Votre smartphone, tablette ou ordinateur portable est en panne ?<\/strong> Chez <strong data-start=\"306\" data-end=\"323\">repairandshop<\/strong>, vous \u00eates entre de bonnes mains, que vous souhaitiez apporter votre appareil sur place ou l'envoyer confortablement par la poste.<\/p><hr class=\"\" data-start=\"443\" data-end=\"446\"><h3 class=\"\" data-start=\"448\" data-end=\"503\"><strong data-start=\"452\" data-end=\"503\">Conseil personnalis\u00e9 &amp; r\u00e9paration pr\u00e8s de chez vous<\/strong><\/h3><p class=\"\" data-start=\"505\" data-end=\"841\">Nos <strong data-start=\"512\" data-end=\"549\">sites de r\u00e9paration en Suisse<\/strong> - dont <strong data-start=\"561\" data-end=\"686\">La Chaux-de-Fonds, Neuch\u00e2tel, Berne, Thoune, Interlaken, Zurich, B\u00e2le, Soleure, Olten, Yverdon, Biel\/Bienne et M\u00fcnsingen<\/strong> - sont \u00e0 ta disposition avec des techniciens certifi\u00e9s. Tu peux tout simplement nous apporter ton appareil d\u00e9fectueux et b\u00e9n\u00e9ficier d'un conseil personnalis\u00e9. <\/p><hr class=\"\" data-start=\"843\" data-end=\"846\"><h3 class=\"\" data-start=\"848\" data-end=\"901\"><strong data-start=\"852\" data-end=\"901\">R\u00e9paration par courrier - s\u00fbre, pratique &amp; rapide<\/strong><\/h3><p class=\"\" data-start=\"903\" data-end=\"1013\">Pas de magasin pr\u00e8s de chez vous ou simplement peu de temps ? Alors utilisez notre <strong data-start=\"976\" data-end=\"1012\">service de r\u00e9paration en ligne par courrier<\/strong>: <\/p><ol data-start=\"1015\" data-end=\"1234\"><li class=\"\" data-start=\"1015\" data-end=\"1095\"><p class=\"\" data-start=\"1018\" data-end=\"1095\">Visitez notre site web : <a class=\"\" href=\"http:\/\/www.repairandshop.ch\/\" target=\"_new\" rel=\"noopener\" data-start=\"1042\" data-end=\"1093\">www.repairandshop.ch<\/a><\/p><\/li><li class=\"\" data-start=\"1096\" data-end=\"1144\"><p class=\"\" data-start=\"1099\" data-end=\"1144\">S\u00e9lectionnez votre appareil et d\u00e9crivez le probl\u00e8me<\/p><\/li><li class=\"\" data-start=\"1145\" data-end=\"1178\"><p class=\"\" data-start=\"1148\" data-end=\"1178\">R\u00e9servez votre r\u00e9paration en ligne<\/p><\/li><li class=\"\" data-start=\"1179\" data-end=\"1234\"><p class=\"\" data-start=\"1182\" data-end=\"1234\">Envoyez-nous votre appareil en <strong data-start=\"1207\" data-end=\"1229\">colis assur\u00e9<\/strong> <\/p><\/li><\/ol><p class=\"\" data-start=\"1236\" data-end=\"1401\">Apr\u00e8s r\u00e9ception, nos techniciens analysent votre appareil dans un d\u00e9lai d'un jour ouvrable. Vous recevrez un devis transparent - avec analyse des erreurs si vous le souhaitez. <\/p><p class=\"\" data-start=\"1403\" data-end=\"1584\"><strong data-start=\"1403\" data-end=\"1421\">Bon \u00e0 savoir :<\/strong><br data-start=\"1421\" data-end=\"1424\">Si vous optez pour la r\u00e9paration, l'analyse sera d\u00e9duite des frais de r\u00e9paration. Nous nous chargeons bien entendu de la <strong data-start=\"1521\" data-end=\"1549\">r\u00e9exp\u00e9dition assur\u00e9e<\/strong>. <\/p><hr class=\"\" data-start=\"1586\" data-end=\"1589\"><h3 class=\"\" data-start=\"1591\" data-end=\"1631\"><strong data-start=\"1595\" data-end=\"1631\">Vos avantages chez repairandshop<\/strong><\/h3><ul data-start=\"1633\" data-end=\"1865\"><li class=\"\" data-start=\"1633\" data-end=\"1681\"><p class=\"\" data-start=\"1635\" data-end=\"1681\">Service de r\u00e9paration dans toute la Suisse - \u00e9galement par la poste<\/p><\/li><li class=\"\" data-start=\"1682\" data-end=\"1730\"><p class=\"\" data-start=\"1684\" data-end=\"1730\">Traitement rapide (souvent dans les 24h)<\/p><\/li><li class=\"\" data-start=\"1731\" data-end=\"1778\"><p class=\"\" data-start=\"1733\" data-end=\"1778\">Pi\u00e8ces de rechange de haute qualit\u00e9 &amp; 6 mois de garantie<\/p><\/li><li class=\"\" data-start=\"1779\" data-end=\"1818\"><p class=\"\" data-start=\"1781\" data-end=\"1818\">Des prix justes &amp; des conseils personnalis\u00e9s<\/p><\/li><li class=\"\" data-start=\"1819\" data-end=\"1865\"><p class=\"\" data-start=\"1821\" data-end=\"1865\">Transparence totale - pas de co\u00fbts cach\u00e9s<\/p><\/li><\/ul><hr class=\"\" data-start=\"1867\" data-end=\"1870\"><p class=\"\" data-start=\"1872\" data-end=\"1961\"><strong data-start=\"1872\" data-end=\"1961\" data-is-last-node=\"\">R\u00e9servez d\u00e8s maintenant votre r\u00e9paration ou envoyez votre appareil - nous le remettrons en \u00e9tat de marche !<\/strong><\/p>\n\t\t\t\t\t<\/div>\n\t\t\t\t\t\t<\/div>\n\t\t\t\t<\/div>\n\t\t\t\t\t<\/div>\n\t\t\t\t<\/div>\n\t\t\t\t<\/div>\n\t\t\n    <div class=\"xs_social_share_widget xs_share_url after_content \t\tmain_content  wslu-style-1 wslu-share-box-shaped wslu-fill-colored wslu-none wslu-share-horizontal wslu-theme-font-no wslu-main_content\">\n\n\t\t\n        <ul>\n\t\t\t        <\/ul>\n    <\/div> \n","protected":false},"excerpt":{"rendered":"<p>R\u00e9paration pour d&rsquo;autres mod\u00e8les Contactez notre \u00e9quipe de service D\u00e9poser l&rsquo;appareil directement chez nous D\u00e9poser l&rsquo;appareil directement chez nous Envoyer<\/p>\n","protected":false},"author":1,"featured_media":0,"parent":0,"menu_order":0,"comment_status":"closed","ping_status":"closed","template":"","meta":{"postBodyCss":"","postBodyMargin":[],"postBodyPadding":[],"postBodyBackground":{"backgroundType":"classic","gradient":""},"footnotes":""},"class_list":["post-27036","page","type-page","status-publish","hentry"],"yoast_head":"<!-- This site is optimized with the Yoast SEO Premium plugin v26.8 (Yoast SEO v27.3) - https:\/\/yoast.com\/product\/yoast-seo-premium-wordpress\/ -->\n<title>Autres mod\u00e8les - repairandshop<\/title>\n<meta name=\"robots\" content=\"index, follow, max-snippet:-1, max-image-preview:large, max-video-preview:-1\" \/>\n<link rel=\"canonical\" href=\"https:\/\/repairandshop.ch\/fr\/autres-modeles\/\" \/>\n<meta property=\"og:locale\" content=\"fr_FR\" \/>\n<meta property=\"og:type\" content=\"article\" \/>\n<meta property=\"og:title\" content=\"Autres mod\u00e8les\" \/>\n<meta property=\"og:description\" content=\"R\u00e9paration pour d&rsquo;autres mod\u00e8les Contactez notre \u00e9quipe de service D\u00e9poser l&rsquo;appareil directement chez nous D\u00e9poser l&rsquo;appareil directement chez nous Envoyer\" \/>\n<meta property=\"og:url\" content=\"https:\/\/repairandshop.ch\/fr\/autres-modeles\/\" \/>\n<meta property=\"og:site_name\" content=\"repairandshop\" \/>\n<meta property=\"article:modified_time\" content=\"2025-05-04T19:00:24+00:00\" \/>\n<meta property=\"og:image\" content=\"https:\/\/repairandshop.ch\/wp-content\/uploads\/2025\/04\/IMG_6107-removebg-preview.png\" \/>\n\t<meta property=\"og:image:width\" content=\"500\" \/>\n\t<meta property=\"og:image:height\" content=\"500\" \/>\n\t<meta property=\"og:image:type\" content=\"image\/png\" \/>\n<meta name=\"twitter:card\" content=\"summary_large_image\" \/>\n<meta name=\"twitter:label1\" content=\"Dur\u00e9e de lecture estim\u00e9e\" \/>\n\t<meta name=\"twitter:data1\" content=\"2 minutes\" \/>\n<!-- \/ Yoast SEO Premium plugin. -->","yoast_head_json":{"title":"Autres mod\u00e8les - repairandshop","robots":{"index":"index","follow":"follow","max-snippet":"max-snippet:-1","max-image-preview":"max-image-preview:large","max-video-preview":"max-video-preview:-1"},"canonical":"https:\/\/repairandshop.ch\/fr\/autres-modeles\/","og_locale":"fr_FR","og_type":"article","og_title":"Autres mod\u00e8les","og_description":"R\u00e9paration pour d&rsquo;autres mod\u00e8les Contactez notre \u00e9quipe de service D\u00e9poser l&rsquo;appareil directement chez nous D\u00e9poser l&rsquo;appareil directement chez nous Envoyer","og_url":"https:\/\/repairandshop.ch\/fr\/autres-modeles\/","og_site_name":"repairandshop","article_modified_time":"2025-05-04T19:00:24+00:00","og_image":[{"width":500,"height":500,"url":"https:\/\/repairandshop.ch\/wp-content\/uploads\/2025\/04\/IMG_6107-removebg-preview.png","type":"image\/png"}],"twitter_card":"summary_large_image","twitter_misc":{"Dur\u00e9e de lecture estim\u00e9e":"2 minutes"},"schema":{"@context":"https:\/\/schema.org","@graph":[{"@type":"WebPage","@id":"https:\/\/repairandshop.ch\/fr\/autres-modeles\/","url":"https:\/\/repairandshop.ch\/fr\/autres-modeles\/","name":"Autres mod\u00e8les - repairandshop","isPartOf":{"@id":"https:\/\/repairandshop.ch\/fr\/#website"},"primaryImageOfPage":{"@id":"https:\/\/repairandshop.ch\/fr\/autres-modeles\/#primaryimage"},"image":{"@id":"https:\/\/repairandshop.ch\/fr\/autres-modeles\/#primaryimage"},"thumbnailUrl":"https:\/\/repairandshop.ch\/wp-content\/uploads\/2025\/04\/IMG_6107-removebg-preview.png","datePublished":"2025-03-04T08:05:25+00:00","dateModified":"2025-05-04T19:00:24+00:00","breadcrumb":{"@id":"https:\/\/repairandshop.ch\/fr\/autres-modeles\/#breadcrumb"},"inLanguage":"fr-FR","potentialAction":[{"@type":"ReadAction","target":["https:\/\/repairandshop.ch\/fr\/autres-modeles\/"]}]},{"@type":"ImageObject","inLanguage":"fr-FR","@id":"https:\/\/repairandshop.ch\/fr\/autres-modeles\/#primaryimage","url":"https:\/\/repairandshop.ch\/wp-content\/uploads\/2025\/04\/IMG_6107-removebg-preview.png","contentUrl":"https:\/\/repairandshop.ch\/wp-content\/uploads\/2025\/04\/IMG_6107-removebg-preview.png"},{"@type":"BreadcrumbList","@id":"https:\/\/repairandshop.ch\/fr\/autres-modeles\/#breadcrumb","itemListElement":[{"@type":"ListItem","position":1,"name":"Home","item":"https:\/\/repairandshop.ch\/fr\/"},{"@type":"ListItem","position":2,"name":"Autres mod\u00e8les"}]},{"@type":"WebSite","@id":"https:\/\/repairandshop.ch\/fr\/#website","url":"https:\/\/repairandshop.ch\/fr\/","name":"Repair And Shop","description":"","publisher":{"@id":"https:\/\/repairandshop.ch\/fr\/#organization"},"potentialAction":[{"@type":"SearchAction","target":{"@type":"EntryPoint","urlTemplate":"https:\/\/repairandshop.ch\/fr\/?s={search_term_string}"},"query-input":{"@type":"PropertyValueSpecification","valueRequired":true,"valueName":"search_term_string"}}],"inLanguage":"fr-FR"},{"@type":"Organization","@id":"https:\/\/repairandshop.ch\/fr\/#organization","name":"Repair And Shop","url":"https:\/\/repairandshop.ch\/fr\/","logo":{"@type":"ImageObject","inLanguage":"fr-FR","@id":"https:\/\/repairandshop.ch\/fr\/#\/schema\/logo\/image\/","url":"https:\/\/repairandshop.ch\/wp-content\/uploads\/2025\/02\/RepairandShop-Logo.png","contentUrl":"https:\/\/repairandshop.ch\/wp-content\/uploads\/2025\/02\/RepairandShop-Logo.png","width":834,"height":193,"caption":"Repair And Shop"},"image":{"@id":"https:\/\/repairandshop.ch\/fr\/#\/schema\/logo\/image\/"}}]}},"_links":{"self":[{"href":"https:\/\/repairandshop.ch\/fr\/wp-json\/wp\/v2\/pages\/27036","targetHints":{"allow":["GET"]}}],"collection":[{"href":"https:\/\/repairandshop.ch\/fr\/wp-json\/wp\/v2\/pages"}],"about":[{"href":"https:\/\/repairandshop.ch\/fr\/wp-json\/wp\/v2\/types\/page"}],"author":[{"embeddable":true,"href":"https:\/\/repairandshop.ch\/fr\/wp-json\/wp\/v2\/users\/1"}],"replies":[{"embeddable":true,"href":"https:\/\/repairandshop.ch\/fr\/wp-json\/wp\/v2\/comments?post=27036"}],"version-history":[{"count":0,"href":"https:\/\/repairandshop.ch\/fr\/wp-json\/wp\/v2\/pages\/27036\/revisions"}],"wp:attachment":[{"href":"https:\/\/repairandshop.ch\/fr\/wp-json\/wp\/v2\/media?parent=27036"}],"curies":[{"name":"wp","href":"https:\/\/api.w.org\/{rel}","templated":true}]}}