{"id":27566,"date":"2025-03-08T15:00:55","date_gmt":"2025-03-08T15:00:55","guid":{"rendered":"https:\/\/repairandshop.ch\/microsoft-surface\/surface-laptop-3\/"},"modified":"2025-06-01T21:57:06","modified_gmt":"2025-06-01T21:57:06","slug":"reparation-surface-laptop-3","status":"publish","type":"page","link":"https:\/\/repairandshop.ch\/fr\/microsoft-surface\/reparation-surface-laptop-3\/","title":{"rendered":"Surface Laptop 3"},"content":{"rendered":"\t\t<div data-elementor-type=\"wp-page\" data-elementor-id=\"27566\" class=\"elementor elementor-27566 elementor-16902\" data-elementor-post-type=\"page\">\n\t\t\t\t<div class=\"wd-negative-gap elementor-element elementor-element-28aff64 e-flex e-con-boxed e-con e-parent\" data-id=\"28aff64\" data-element_type=\"container\" data-e-type=\"container\" data-settings=\"{&quot;_ha_eqh_enable&quot;:false}\">\n\t\t\t\t\t<div class=\"e-con-inner\">\n\t\t\t\t<div class=\"elementor-element elementor-element-9ac07f8 elementor-widget elementor-widget-heading\" data-id=\"9ac07f8\" data-element_type=\"widget\" data-e-type=\"widget\" data-widget_type=\"heading.default\">\n\t\t\t\t<div class=\"elementor-widget-container\">\n\t\t\t\t\t<h2 class=\"elementor-heading-title elementor-size-default\">Laptop 3 R\u00e9paration<\/h2>\t\t\t\t<\/div>\n\t\t\t\t<\/div>\n\t\t\t\t\t<\/div>\n\t\t\t\t<\/div>\n\t\t<div class=\"wd-negative-gap elementor-element elementor-element-c4693bd e-flex e-con-boxed e-con e-parent\" data-id=\"c4693bd\" data-element_type=\"container\" data-e-type=\"container\" data-settings=\"{&quot;background_background&quot;:&quot;classic&quot;,&quot;_ha_eqh_enable&quot;:false}\">\n\t\t\t\t\t<div class=\"e-con-inner\">\n\t\t<div class=\"elementor-element elementor-element-5a5c95a e-con-full e-flex e-con e-child\" data-id=\"5a5c95a\" data-element_type=\"container\" data-e-type=\"container\" data-settings=\"{&quot;_ha_eqh_enable&quot;:false}\">\n\t\t\t\t<div class=\"elementor-element elementor-element-ca082a0 elementor-widget elementor-widget-heading\" data-id=\"ca082a0\" data-element_type=\"widget\" data-e-type=\"widget\" data-widget_type=\"heading.default\">\n\t\t\t\t<div class=\"elementor-widget-container\">\n\t\t\t\t\t<h2 class=\"elementor-heading-title elementor-size-default\">Surface Laptop 3 R\u00e9paration<\/h2>\t\t\t\t<\/div>\n\t\t\t\t<\/div>\n\t\t\t\t<div class=\"elementor-element elementor-element-b7d08b0 elementor-widget elementor-widget-image\" data-id=\"b7d08b0\" data-element_type=\"widget\" data-e-type=\"widget\" data-widget_type=\"image.default\">\n\t\t\t\t<div class=\"elementor-widget-container\">\n\t\t\t\t\t\t\t\t\t\t\t\t\t\t\t<img loading=\"lazy\" decoding=\"async\" width=\"300\" height=\"300\" src=\"https:\/\/repairandshop.ch\/wp-content\/uploads\/2025\/03\/Surface-Laptop-1.png\" class=\"attachment-large size-large wp-image-26352\" alt=\"\" srcset=\"https:\/\/repairandshop.ch\/wp-content\/uploads\/2025\/03\/Surface-Laptop-1.png 300w, https:\/\/repairandshop.ch\/wp-content\/uploads\/2025\/03\/Surface-Laptop-1-150x150.png 150w\" sizes=\"auto, (max-width: 300px) 100vw, 300px\" \/>\t\t\t\t\t\t\t\t\t\t\t\t\t\t\t<\/div>\n\t\t\t\t<\/div>\n\t\t\t\t<\/div>\n\t\t<div class=\"elementor-element elementor-element-025d350 e-con-full e-flex e-con e-child\" data-id=\"025d350\" data-element_type=\"container\" data-e-type=\"container\" data-settings=\"{&quot;_ha_eqh_enable&quot;:false}\">\n\t\t<div class=\"elementor-element elementor-element-a79f8ec e-con-full e-flex e-con e-child\" data-id=\"a79f8ec\" data-element_type=\"container\" data-e-type=\"container\" data-settings=\"{&quot;_ha_eqh_enable&quot;:false}\">\n\t\t\t\t<div class=\"elementor-element elementor-element-86d63d3 elementor-widget elementor-widget-wd_text_block\" data-id=\"86d63d3\" data-element_type=\"widget\" data-e-type=\"widget\" data-widget_type=\"wd_text_block.default\">\n\t\t\t\t<div class=\"elementor-widget-container\">\n\t\t\t\t\t\t\t<div class=\"wd-text-block reset-last-child text-center\">\n\t\t\t\n\t\t\t<h3 class=\"fl-callout-title\"><span class=\"fl-callout-title-text\">Aper\u00e7u des prix de r\u00e9paration:<\/span><\/h3><div class=\"fl-callout-text-wrap\"><div class=\"fl-callout-text\"><table class=\" alignleft\" width=\"663\"><tbody><tr><td>Surface Laptop 3 Remplacement d'\u00e9cran 13,5\"<\/td><td>359 CHF<\/td><\/tr><tr><td>Surface Laptop 3 Remplacement d'\u00e9cran15\"<\/td><td>499 CHF<\/td><\/tr><tr><td>Surface Laptop 3 Remplacement de la batterie 13,5\"<\/td><td>249 CHF<\/td><\/tr><tr><td>Surface Laptop 3 Remplacement de la batterie 15\"<\/td><td>349 CHF<\/td><\/tr><tr><td>Surface Laptop 3 R\u00e9parer l'\u00e9lectronique de charge<\/td><td>499 CHF<\/td><\/tr><tr><td>Surface Laptop 3 Installation \/ r\u00e9paration de fen\u00eatres.<\/td><td>99 CHF<\/td><\/tr><\/tbody><\/table><\/div><\/div><p> <\/p>\n\t\t\t\t\t<\/div>\n\t\t\t\t\t\t<\/div>\n\t\t\t\t<\/div>\n\t\t\t\t<\/div>\n\t\t\t\t<\/div>\n\t\t\t\t\t<\/div>\n\t\t\t\t<\/div>\n\t\t<div class=\"wd-negative-gap elementor-element elementor-element-e196aa3 e-flex e-con-boxed e-con e-parent\" data-id=\"e196aa3\" data-element_type=\"container\" data-e-type=\"container\" data-settings=\"{&quot;_ha_eqh_enable&quot;:false}\">\n\t\t\t\t\t<div class=\"e-con-inner\">\n\t\t<div class=\"elementor-element elementor-element-2428ff9 e-con-full e-flex e-con e-child\" data-id=\"2428ff9\" data-element_type=\"container\" data-e-type=\"container\" data-settings=\"{&quot;_ha_eqh_enable&quot;:false}\">\n\t\t\t\t<div class=\"elementor-element elementor-element-b52364e elementor-align-justify elementor-widget elementor-widget-button\" data-id=\"b52364e\" data-element_type=\"widget\" data-e-type=\"widget\" data-widget_type=\"button.default\">\n\t\t\t\t<div class=\"elementor-widget-container\">\n\t\t\t\t\t\t\t\t\t<div class=\"elementor-button-wrapper\">\n\t\t\t\t\t<a class=\"elementor-button elementor-button-link elementor-size-sm\" href=\"https:\/\/repairandshop.ch\/fr\/contact\/\">\n\t\t\t\t\t\t<span class=\"elementor-button-content-wrapper\">\n\t\t\t\t\t\t\t\t\t<span class=\"elementor-button-text\">Contact<\/span>\n\t\t\t\t\t<\/span>\n\t\t\t\t\t<\/a>\n\t\t\t\t<\/div>\n\t\t\t\t\t\t\t\t<\/div>\n\t\t\t\t<\/div>\n\t\t\t\t<\/div>\n\t\t<div class=\"elementor-element elementor-element-42aaa7a e-con-full e-flex e-con e-child\" data-id=\"42aaa7a\" data-element_type=\"container\" data-e-type=\"container\" data-settings=\"{&quot;_ha_eqh_enable&quot;:false}\">\n\t\t\t\t<div class=\"elementor-element elementor-element-778faf0 elementor-align-justify elementor-widget elementor-widget-button\" data-id=\"778faf0\" data-element_type=\"widget\" data-e-type=\"widget\" data-widget_type=\"button.default\">\n\t\t\t\t<div class=\"elementor-widget-container\">\n\t\t\t\t\t\t\t\t\t<div class=\"elementor-button-wrapper\">\n\t\t\t\t\t<a class=\"elementor-button elementor-button-link elementor-size-sm\" href=\"#\">\n\t\t\t\t\t\t<span class=\"elementor-button-content-wrapper\">\n\t\t\t\t\t\t\t\t\t<span class=\"elementor-button-text\">Information<\/span>\n\t\t\t\t\t<\/span>\n\t\t\t\t\t<\/a>\n\t\t\t\t<\/div>\n\t\t\t\t\t\t\t\t<\/div>\n\t\t\t\t<\/div>\n\t\t\t\t<\/div>\n\t\t\t\t\t<\/div>\n\t\t\t\t<\/div>\n\t\t<div class=\"wd-negative-gap elementor-element elementor-element-7ca3a62 e-grid e-con-boxed e-con e-parent\" data-id=\"7ca3a62\" data-element_type=\"container\" data-e-type=\"container\" data-settings=\"{&quot;_ha_eqh_enable&quot;:false}\">\n\t\t\t\t\t<div class=\"e-con-inner\">\n\t\t\t\t<div class=\"elementor-element elementor-element-c56e4f4 elementor-widget elementor-widget-wd_text_block\" data-id=\"c56e4f4\" data-element_type=\"widget\" data-e-type=\"widget\" data-widget_type=\"wd_text_block.default\">\n\t\t\t\t<div class=\"elementor-widget-container\">\n\t\t\t\t\t\t\t<div class=\"wd-text-block reset-last-child text-left\">\n\t\t\t\n\t\t\t<h3><strong>Remplacement d'\u00e9cran pour Surface Laptop 3<\/strong><\/h3><p>Des dommages m\u00e9caniques ou liquides peuvent emp\u00eacher votre Surface Laptop 3 d 'afficher l' image. Nous vous proposons une solution rapide et professionnelle en rempla\u00e7ant l'\u00e9cran d\u00e9fectueux de mani\u00e8re professionnelle. <\/p>\n\t\t\t\t\t<\/div>\n\t\t\t\t\t\t<\/div>\n\t\t\t\t<\/div>\n\t\t\t\t<div class=\"elementor-element elementor-element-c665823 elementor-widget elementor-widget-wd_text_block\" data-id=\"c665823\" data-element_type=\"widget\" data-e-type=\"widget\" data-widget_type=\"wd_text_block.default\">\n\t\t\t\t<div class=\"elementor-widget-container\">\n\t\t\t\t\t\t\t<div class=\"wd-text-block reset-last-child text-left\">\n\t\t\t\n\t\t\t<h3><strong>Remplacement de la batterie pour Surface Laptop 3<\/strong><\/h3><p>Le Surface Laptop 3 est \u00e9quip\u00e9 de deux batteries - une derri\u00e8re la tablette en verre et une autre dans le clavier. Nous vous proposons un remplacement rapide et professionnel de labatterie du clavier \u00e0 un prix fixe. <\/p>\n\t\t\t\t\t<\/div>\n\t\t\t\t\t\t<\/div>\n\t\t\t\t<\/div>\n\t\t\t\t\t<\/div>\n\t\t\t\t<\/div>\n\t\t<div class=\"wd-negative-gap elementor-element elementor-element-cdf8d67 e-flex e-con-boxed e-con e-parent\" data-id=\"cdf8d67\" data-element_type=\"container\" data-e-type=\"container\" data-settings=\"{&quot;_ha_eqh_enable&quot;:false}\">\n\t\t\t\t\t<div class=\"e-con-inner\">\n\t\t\t\t<div class=\"elementor-element elementor-element-a998837 elementor-widget elementor-widget-wd_text_block\" data-id=\"a998837\" data-element_type=\"widget\" data-e-type=\"widget\" data-widget_type=\"wd_text_block.default\">\n\t\t\t\t<div class=\"elementor-widget-container\">\n\t\t\t\t\t\t\t<div class=\"wd-text-block reset-last-child text-left\">\n\t\t\t\n\t\t\t<h3><strong>Installation et r\u00e9paration de Windows pour Surface Laptop 3<\/strong><\/h3><p>Nous proposons un d\u00e9pannage professionnel pour votre Surface Laptop 3. Cela comprend l'installation de la derni\u00e8re build du syst\u00e8me d'exploitation ainsi que la mise \u00e0 jour du firmware et des pilotes. Apr\u00e8s notre service, votre ordinateur portable Surface fonctionnera \u00e0 nouveau de mani\u00e8re optimale et efficace.  <\/p>\n\t\t\t\t\t<\/div>\n\t\t\t\t\t\t<\/div>\n\t\t\t\t<\/div>\n\t\t\t\t\t<\/div>\n\t\t\t\t<\/div>\n\t\t<div class=\"wd-negative-gap elementor-element elementor-element-a706b57 e-grid e-con-boxed e-con e-parent\" data-id=\"a706b57\" data-element_type=\"container\" data-e-type=\"container\" data-settings=\"{&quot;_ha_eqh_enable&quot;:false}\">\n\t\t\t\t\t<div class=\"e-con-inner\">\n\t\t\t\t<div class=\"elementor-element elementor-element-2fc0e49 elementor-widget elementor-widget-wd_text_block\" data-id=\"2fc0e49\" data-element_type=\"widget\" data-e-type=\"widget\" data-widget_type=\"wd_text_block.default\">\n\t\t\t\t<div class=\"elementor-widget-container\">\n\t\t\t\t\t\t\t<div class=\"wd-text-block reset-last-child text-left\">\n\t\t\t\n\t\t\t<h3><strong>Microsoft Surface Laptop 3 Nettoyage int\u00e9rieur<\/strong><\/h3><p>Notre service veille \u00e0 ce que les composants internes de votre Surface Laptop 3 fonctionnent \u00e0 nouveau parfaitement gr\u00e2ce \u00e0 un nettoyage professionnel approfondi. Nous tenons compte des \u00e9ventuelles conditions poussi\u00e9reuses ou humides afin de garantir des performances optimales de votre appareil. <\/p>\n\t\t\t\t\t<\/div>\n\t\t\t\t\t\t<\/div>\n\t\t\t\t<\/div>\n\t\t\t\t<div class=\"elementor-element elementor-element-619567d elementor-widget elementor-widget-wd_text_block\" data-id=\"619567d\" data-element_type=\"widget\" data-e-type=\"widget\" data-widget_type=\"wd_text_block.default\">\n\t\t\t\t<div class=\"elementor-widget-container\">\n\t\t\t\t\t\t\t<div class=\"wd-text-block reset-last-child text-left\">\n\t\t\t\n\t\t\t<h3><strong>Diagnostic et r\u00e9solution des probl\u00e8mes mat\u00e9riels pour Surface Laptop 3<\/strong><\/h3><p>Nos techniciens sp\u00e9cialis\u00e9s sont sp\u00e9cialis\u00e9s dans le diagnostic et la r\u00e9solution des probl\u00e8mes mat\u00e9riels des appareils Surface Laptop 3. Nous analysons les \u00e9crans d\u00e9fectueux, les claviers d\u00e9faillants et les probl\u00e8mes de connectivit\u00e9 ou d'autres composants. Apr\u00e8s une analyse approfondie de la panne, nous trouvons la cause du probl\u00e8me et le r\u00e9parons de mani\u00e8re professionnelle afin de r\u00e9tablir la fonctionnalit\u00e9 optimale de votre appareil.  <\/p>\n\t\t\t\t\t<\/div>\n\t\t\t\t\t\t<\/div>\n\t\t\t\t<\/div>\n\t\t\t\t\t<\/div>\n\t\t\t\t<\/div>\n\t\t<div class=\"wd-negative-gap elementor-element elementor-element-6d122f9 e-flex e-con-boxed e-con e-parent\" data-id=\"6d122f9\" data-element_type=\"container\" data-e-type=\"container\" data-settings=\"{&quot;_ha_eqh_enable&quot;:false}\">\n\t\t\t\t\t<div class=\"e-con-inner\">\n\t\t\t\t<div class=\"elementor-element elementor-element-9793298 elementor-widget elementor-widget-wd_text_block\" data-id=\"9793298\" data-element_type=\"widget\" data-e-type=\"widget\" data-widget_type=\"wd_text_block.default\">\n\t\t\t\t<div class=\"elementor-widget-container\">\n\t\t\t\t\t\t\t<div class=\"wd-text-block reset-last-child text-left\">\n\t\t\t\n\t\t\t<div class=\"fl-row fl-row-fixed-width fl-row-bg-none fl-node-5df65a09b6ba5 fl-row-default-height fl-row-align-center\" data-node=\"5df65a09b6ba5\"><div class=\"fl-row-content-wrap\"><div class=\"fl-row-content fl-row-fixed-width fl-node-content\"><div class=\"fl-col-group fl-node-5df65a09ba1d8\" data-node=\"5df65a09ba1d8\"><div class=\"fl-col fl-node-5df65a09ba264 fl-col-bg-color\" data-node=\"5df65a09ba264\"><div class=\"fl-col-content fl-node-content\"><div class=\"fl-module fl-module-rich-text fl-node-5df65a09b687e\" data-node=\"5df65a09b687e\"><div class=\"fl-module-content fl-node-content\"><div class=\"fl-rich-text\"><h2><strong>Service de r\u00e9paration Microsoft Surface Laptop 3 dans toute la Suisse<\/strong><\/h2><p>Nous proposons un service de r\u00e9paration complet pour les appareils Microsoft Surface, y compris les mod\u00e8les suivants :<\/p><p>- Surface Pro S\u00e9rie<br>- Surface Go S\u00e9rie<br>- Surface Book S\u00e9rie<br>- Surface Laptop S\u00e9rie<br>- Surface Studio S\u00e9rie<\/p><p>Faites r\u00e9parer votre Microsoft Surface par notre service professionnel de r\u00e9paration d'ordinateurs portables en Suisse.<\/p><h3><strong>Microsoft Laptop R\u00e9paration dans les villes suivantes<\/strong><\/h3><p>Zurich, Gen\u00e8ve, B\u00e2le, Lausanne, Berne, Urtenen-Sch\u00f6nb\u00fchl, M\u00fcnsingen, Thoune, Interlaken, Langnau im Emmental, Winterthur, Lucerne, Saint-Gall, Lugano, Bienne, Fribourg, Appenzell, Glaris, Grisons, Coire, Jura, Lucerne Emmen, Neuchatel, Nidwald, Obwald, Schaffhouse, Schwyz, Einsiedeln, Soleure, Thurgovie, Ticino, Uri, Vaud, Valais, Zoug.<\/p><p>Nous r\u00e9parons les ordinateurs, les tablettes, les t\u00e9l\u00e9phones portables, les iPhones ainsi que les Microsoft Surface Pro et Surface Book - uniquement en Suisse.<\/p><h3><strong>D\u00e9roulement de la r\u00e9paration<\/strong><\/h3><ol><li><p>Nous recevons votre colis et analysons les dommages.<\/p><\/li><li><p>Nous d\u00e9terminons les pi\u00e8ces qui doivent \u00eatre remplac\u00e9es.<\/p><\/li><li><p>Tous les travaux effectu\u00e9s sont document\u00e9s avec pr\u00e9cision et sont int\u00e9gr\u00e9s dans notre devis d\u00e9taill\u00e9.<\/p><\/li><\/ol><p><strong>L' analyse des d\u00e9g\u00e2ts et l'\u00e9tablissement du devis ne vous co\u00fbteront rien.<\/strong><\/p><h4><strong>R\u00e9parations fr\u00e9quentes<\/strong><\/h4><ul><li><p>Surface Laptop 3 Remplacer la batterie<\/p><\/li><li><p>Changer la batterie de la Surface<\/p><\/li><li><p>Batterie Surface gonfl\u00e9e<\/p><\/li><li><p>Surface Laptop 3 R\u00e9paration d'\u00e9cran<\/p><\/li><li><p>Autres r\u00e9parations Surface<\/p><\/li><li><p>Batterie Surface d\u00e9fectueuse Remplacement<\/p><\/li><\/ul><p>Nos clients appr\u00e9cient notre service de r\u00e9paration attractif et bon march\u00e9!<\/p><\/div><\/div><\/div><\/div><\/div><\/div><\/div><\/div><\/div>\n\t\t\t\t\t<\/div>\n\t\t\t\t\t\t<\/div>\n\t\t\t\t<\/div>\n\t\t\t\t\t<\/div>\n\t\t\t\t<\/div>\n\t\t\t\t<\/div>\n\t\t\n    <div class=\"xs_social_share_widget xs_share_url after_content \t\tmain_content  wslu-style-1 wslu-share-box-shaped wslu-fill-colored wslu-none wslu-share-horizontal wslu-theme-font-no wslu-main_content\">\n\n\t\t\n        <ul>\n\t\t\t        <\/ul>\n    <\/div> \n","protected":false},"excerpt":{"rendered":"<p>Laptop 3 R\u00e9paration Surface Laptop 3 R\u00e9paration Aper\u00e7u des prix de r\u00e9paration: Surface Laptop 3 Remplacement d&rsquo;\u00e9cran 13,5&Prime; 359 CHF<\/p>\n","protected":false},"author":1,"featured_media":26019,"parent":27545,"menu_order":0,"comment_status":"closed","ping_status":"closed","template":"","meta":{"postBodyCss":"","postBodyMargin":[],"postBodyPadding":[],"postBodyBackground":{"backgroundType":"classic","gradient":""},"footnotes":""},"class_list":["post-27566","page","type-page","status-publish","has-post-thumbnail","hentry"],"yoast_head":"<!-- This site is optimized with the Yoast SEO Premium plugin v26.8 (Yoast SEO v27.3) - https:\/\/yoast.com\/product\/yoast-seo-premium-wordpress\/ -->\n<title>R\u00e9paration du Microsoft Surface Laptop 3 en Suisse<\/title>\n<meta name=\"description\" content=\"R\u00e9paration du Microsoft Surface Laptop 3 en Suisse. Service rapide pour \u00e9cran, batterie, clavier et plus. Qualit\u00e9 garantie avec pi\u00e8ces d\u2019origine.\" \/>\n<meta name=\"robots\" content=\"index, follow, max-snippet:-1, max-image-preview:large, max-video-preview:-1\" \/>\n<link rel=\"canonical\" href=\"https:\/\/repairandshop.ch\/fr\/microsoft-surface\/reparation-surface-laptop-3\/\" \/>\n<meta property=\"og:locale\" content=\"fr_FR\" \/>\n<meta property=\"og:type\" content=\"article\" \/>\n<meta property=\"og:title\" content=\"Surface Laptop 3\" \/>\n<meta property=\"og:description\" content=\"R\u00e9paration du Microsoft Surface Laptop 3 en Suisse. Service rapide pour \u00e9cran, batterie, clavier et plus. Qualit\u00e9 garantie avec pi\u00e8ces d\u2019origine.\" \/>\n<meta property=\"og:url\" content=\"https:\/\/repairandshop.ch\/fr\/microsoft-surface\/reparation-surface-laptop-3\/\" \/>\n<meta property=\"og:site_name\" content=\"repairandshop\" \/>\n<meta property=\"article:modified_time\" content=\"2025-06-01T21:57:06+00:00\" \/>\n<meta property=\"og:image\" content=\"https:\/\/repairandshop.ch\/wp-content\/uploads\/2025\/03\/Surface-Laptop.png\" \/>\n\t<meta property=\"og:image:width\" content=\"150\" \/>\n\t<meta property=\"og:image:height\" content=\"150\" \/>\n\t<meta property=\"og:image:type\" content=\"image\/png\" \/>\n<meta name=\"twitter:card\" content=\"summary_large_image\" \/>\n<meta name=\"twitter:label1\" content=\"Dur\u00e9e de lecture estim\u00e9e\" \/>\n\t<meta name=\"twitter:data1\" content=\"3 minutes\" \/>\n<!-- \/ Yoast SEO Premium plugin. -->","yoast_head_json":{"title":"R\u00e9paration du Microsoft Surface Laptop 3 en Suisse","description":"R\u00e9paration du Microsoft Surface Laptop 3 en Suisse. Service rapide pour \u00e9cran, batterie, clavier et plus. Qualit\u00e9 garantie avec pi\u00e8ces d\u2019origine.","robots":{"index":"index","follow":"follow","max-snippet":"max-snippet:-1","max-image-preview":"max-image-preview:large","max-video-preview":"max-video-preview:-1"},"canonical":"https:\/\/repairandshop.ch\/fr\/microsoft-surface\/reparation-surface-laptop-3\/","og_locale":"fr_FR","og_type":"article","og_title":"Surface Laptop 3","og_description":"R\u00e9paration du Microsoft Surface Laptop 3 en Suisse. Service rapide pour \u00e9cran, batterie, clavier et plus. Qualit\u00e9 garantie avec pi\u00e8ces d\u2019origine.","og_url":"https:\/\/repairandshop.ch\/fr\/microsoft-surface\/reparation-surface-laptop-3\/","og_site_name":"repairandshop","article_modified_time":"2025-06-01T21:57:06+00:00","og_image":[{"width":150,"height":150,"url":"https:\/\/repairandshop.ch\/wp-content\/uploads\/2025\/03\/Surface-Laptop.png","type":"image\/png"}],"twitter_card":"summary_large_image","twitter_misc":{"Dur\u00e9e de lecture estim\u00e9e":"3 minutes"},"schema":{"@context":"https:\/\/schema.org","@graph":[{"@type":"WebPage","@id":"https:\/\/repairandshop.ch\/fr\/microsoft-surface\/reparation-surface-laptop-3\/","url":"https:\/\/repairandshop.ch\/fr\/microsoft-surface\/reparation-surface-laptop-3\/","name":"R\u00e9paration du Microsoft Surface Laptop 3 en Suisse","isPartOf":{"@id":"https:\/\/repairandshop.ch\/fr\/#website"},"primaryImageOfPage":{"@id":"https:\/\/repairandshop.ch\/fr\/microsoft-surface\/reparation-surface-laptop-3\/#primaryimage"},"image":{"@id":"https:\/\/repairandshop.ch\/fr\/microsoft-surface\/reparation-surface-laptop-3\/#primaryimage"},"thumbnailUrl":"https:\/\/repairandshop.ch\/wp-content\/uploads\/2025\/03\/Surface-Laptop.png","datePublished":"2025-03-08T15:00:55+00:00","dateModified":"2025-06-01T21:57:06+00:00","description":"R\u00e9paration du Microsoft Surface Laptop 3 en Suisse. Service rapide pour \u00e9cran, batterie, clavier et plus. Qualit\u00e9 garantie avec pi\u00e8ces d\u2019origine.","breadcrumb":{"@id":"https:\/\/repairandshop.ch\/fr\/microsoft-surface\/reparation-surface-laptop-3\/#breadcrumb"},"inLanguage":"fr-FR","potentialAction":[{"@type":"ReadAction","target":["https:\/\/repairandshop.ch\/fr\/microsoft-surface\/reparation-surface-laptop-3\/"]}]},{"@type":"ImageObject","inLanguage":"fr-FR","@id":"https:\/\/repairandshop.ch\/fr\/microsoft-surface\/reparation-surface-laptop-3\/#primaryimage","url":"https:\/\/repairandshop.ch\/wp-content\/uploads\/2025\/03\/Surface-Laptop.png","contentUrl":"https:\/\/repairandshop.ch\/wp-content\/uploads\/2025\/03\/Surface-Laptop.png","width":150,"height":150},{"@type":"BreadcrumbList","@id":"https:\/\/repairandshop.ch\/fr\/microsoft-surface\/reparation-surface-laptop-3\/#breadcrumb","itemListElement":[{"@type":"ListItem","position":1,"name":"Home","item":"https:\/\/repairandshop.ch\/fr\/"},{"@type":"ListItem","position":2,"name":"Microsoft Surface","item":"https:\/\/repairandshop.ch\/fr\/microsoft-surface\/"},{"@type":"ListItem","position":3,"name":"Surface Laptop 3"}]},{"@type":"WebSite","@id":"https:\/\/repairandshop.ch\/fr\/#website","url":"https:\/\/repairandshop.ch\/fr\/","name":"Repair And Shop","description":"","publisher":{"@id":"https:\/\/repairandshop.ch\/fr\/#organization"},"potentialAction":[{"@type":"SearchAction","target":{"@type":"EntryPoint","urlTemplate":"https:\/\/repairandshop.ch\/fr\/?s={search_term_string}"},"query-input":{"@type":"PropertyValueSpecification","valueRequired":true,"valueName":"search_term_string"}}],"inLanguage":"fr-FR"},{"@type":"Organization","@id":"https:\/\/repairandshop.ch\/fr\/#organization","name":"Repair And Shop","url":"https:\/\/repairandshop.ch\/fr\/","logo":{"@type":"ImageObject","inLanguage":"fr-FR","@id":"https:\/\/repairandshop.ch\/fr\/#\/schema\/logo\/image\/","url":"https:\/\/repairandshop.ch\/wp-content\/uploads\/2025\/02\/RepairandShop-Logo.png","contentUrl":"https:\/\/repairandshop.ch\/wp-content\/uploads\/2025\/02\/RepairandShop-Logo.png","width":834,"height":193,"caption":"Repair And Shop"},"image":{"@id":"https:\/\/repairandshop.ch\/fr\/#\/schema\/logo\/image\/"}}]}},"_links":{"self":[{"href":"https:\/\/repairandshop.ch\/fr\/wp-json\/wp\/v2\/pages\/27566","targetHints":{"allow":["GET"]}}],"collection":[{"href":"https:\/\/repairandshop.ch\/fr\/wp-json\/wp\/v2\/pages"}],"about":[{"href":"https:\/\/repairandshop.ch\/fr\/wp-json\/wp\/v2\/types\/page"}],"author":[{"embeddable":true,"href":"https:\/\/repairandshop.ch\/fr\/wp-json\/wp\/v2\/users\/1"}],"replies":[{"embeddable":true,"href":"https:\/\/repairandshop.ch\/fr\/wp-json\/wp\/v2\/comments?post=27566"}],"version-history":[{"count":0,"href":"https:\/\/repairandshop.ch\/fr\/wp-json\/wp\/v2\/pages\/27566\/revisions"}],"up":[{"embeddable":true,"href":"https:\/\/repairandshop.ch\/fr\/wp-json\/wp\/v2\/pages\/27545"}],"wp:featuredmedia":[{"embeddable":true,"href":"https:\/\/repairandshop.ch\/fr\/wp-json\/wp\/v2\/media\/26019"}],"wp:attachment":[{"href":"https:\/\/repairandshop.ch\/fr\/wp-json\/wp\/v2\/media?parent=27566"}],"curies":[{"name":"wp","href":"https:\/\/api.w.org\/{rel}","templated":true}]}}