{"id":27568,"date":"2025-03-08T15:00:46","date_gmt":"2025-03-08T15:00:46","guid":{"rendered":"https:\/\/repairandshop.ch\/microsoft-surface\/surface-laptop-4\/"},"modified":"2025-06-01T21:57:13","modified_gmt":"2025-06-01T21:57:13","slug":"reparation-surface-laptop-4","status":"publish","type":"page","link":"https:\/\/repairandshop.ch\/fr\/microsoft-surface\/reparation-surface-laptop-4\/","title":{"rendered":"Surface Laptop 4"},"content":{"rendered":"\t\t<div data-elementor-type=\"wp-page\" data-elementor-id=\"27568\" class=\"elementor elementor-27568 elementor-16901\" data-elementor-settings=\"{&quot;ha_cmc_init_switcher&quot;:&quot;no&quot;}\" data-elementor-post-type=\"page\">\n\t\t\t\t<div class=\"wd-negative-gap elementor-element elementor-element-28aff64 e-flex e-con-boxed e-con e-parent\" data-id=\"28aff64\" data-element_type=\"container\" data-e-type=\"container\" data-settings=\"{&quot;_ha_eqh_enable&quot;:false}\">\n\t\t\t\t\t<div class=\"e-con-inner\">\n\t\t\t\t<div class=\"elementor-element elementor-element-9ac07f8 elementor-widget elementor-widget-heading\" data-id=\"9ac07f8\" data-element_type=\"widget\" data-e-type=\"widget\" data-widget_type=\"heading.default\">\n\t\t\t\t<div class=\"elementor-widget-container\">\n\t\t\t\t\t<h2 class=\"elementor-heading-title elementor-size-default\"> Laptop 4 R\u00e9paration<\/h2>\t\t\t\t<\/div>\n\t\t\t\t<\/div>\n\t\t\t\t\t<\/div>\n\t\t\t\t<\/div>\n\t\t<div class=\"wd-negative-gap elementor-element elementor-element-c4693bd e-flex e-con-boxed e-con e-parent\" data-id=\"c4693bd\" data-element_type=\"container\" data-e-type=\"container\" data-settings=\"{&quot;background_background&quot;:&quot;classic&quot;,&quot;_ha_eqh_enable&quot;:false}\">\n\t\t\t\t\t<div class=\"e-con-inner\">\n\t\t<div class=\"elementor-element elementor-element-5a5c95a e-con-full e-flex e-con e-child\" data-id=\"5a5c95a\" data-element_type=\"container\" data-e-type=\"container\" data-settings=\"{&quot;_ha_eqh_enable&quot;:false}\">\n\t\t\t\t<div class=\"elementor-element elementor-element-ca082a0 elementor-widget elementor-widget-heading\" data-id=\"ca082a0\" data-element_type=\"widget\" data-e-type=\"widget\" data-widget_type=\"heading.default\">\n\t\t\t\t<div class=\"elementor-widget-container\">\n\t\t\t\t\t<h2 class=\"elementor-heading-title elementor-size-default\">Surface Laptop 4 R\u00e9paration<\/h2>\t\t\t\t<\/div>\n\t\t\t\t<\/div>\n\t\t\t\t<div class=\"elementor-element elementor-element-b7d08b0 elementor-widget elementor-widget-image\" data-id=\"b7d08b0\" data-element_type=\"widget\" data-e-type=\"widget\" data-widget_type=\"image.default\">\n\t\t\t\t<div class=\"elementor-widget-container\">\n\t\t\t\t\t\t\t\t\t\t\t\t\t\t\t<img loading=\"lazy\" decoding=\"async\" width=\"300\" height=\"300\" src=\"https:\/\/repairandshop.ch\/wp-content\/uploads\/2025\/03\/Surface-Laptop-1.png\" class=\"attachment-large size-large wp-image-26352\" alt=\"\" srcset=\"https:\/\/repairandshop.ch\/wp-content\/uploads\/2025\/03\/Surface-Laptop-1.png 300w, https:\/\/repairandshop.ch\/wp-content\/uploads\/2025\/03\/Surface-Laptop-1-150x150.png 150w\" sizes=\"auto, (max-width: 300px) 100vw, 300px\" \/>\t\t\t\t\t\t\t\t\t\t\t\t\t\t\t<\/div>\n\t\t\t\t<\/div>\n\t\t\t\t<\/div>\n\t\t<div class=\"elementor-element elementor-element-025d350 e-con-full e-flex e-con e-child\" data-id=\"025d350\" data-element_type=\"container\" data-e-type=\"container\" data-settings=\"{&quot;_ha_eqh_enable&quot;:false}\">\n\t\t<div class=\"elementor-element elementor-element-a79f8ec e-con-full e-flex e-con e-child\" data-id=\"a79f8ec\" data-element_type=\"container\" data-e-type=\"container\" data-settings=\"{&quot;_ha_eqh_enable&quot;:false}\">\n\t\t\t\t<div class=\"elementor-element elementor-element-86d63d3 elementor-widget elementor-widget-wd_text_block\" data-id=\"86d63d3\" data-element_type=\"widget\" data-e-type=\"widget\" data-widget_type=\"wd_text_block.default\">\n\t\t\t\t<div class=\"elementor-widget-container\">\n\t\t\t\t\t\t\t<div class=\"wd-text-block reset-last-child text-left\">\n\t\t\t\n\t\t\t<h3 class=\"fl-callout-title\"><span class=\"fl-callout-title-text\">Aper\u00e7u des prix de r\u00e9paration:<\/span><\/h3><div class=\"fl-callout-text-wrap\"><div class=\"fl-callout-text\"><table class=\" alignleft\" width=\"663\"><tbody><tr><td>Surface Laptop 4 Remplacement d'\u00e9cran 13,5\"<\/td><td>359 CHF<\/td><\/tr><tr><td>Surface Laptop 4 Remplacement d'\u00e9cran 15\"<\/td><td>499 CHF<\/td><\/tr><tr><td>Surface Laptop 4 remplacement de la batterie 13,5\"<\/td><td>249 CHF<\/td><\/tr><tr><td>Surface Laptop 4 Remplacement de la batterie 15\"<\/td><td>349 CHF<\/td><\/tr><tr><td>Surface Laptop 4 R\u00e9parer l'\u00e9lectronique de charge<\/td><td>499 CHF<\/td><\/tr><tr><td>Surface Laptop 4 Installation \/ r\u00e9paration de fen\u00eatres.<\/td><td>99 CHF<\/td><\/tr><\/tbody><\/table><\/div><\/div>\n\t\t\t\t\t<\/div>\n\t\t\t\t\t\t<\/div>\n\t\t\t\t<\/div>\n\t\t\t\t<\/div>\n\t\t\t\t<\/div>\n\t\t\t\t\t<\/div>\n\t\t\t\t<\/div>\n\t\t<div class=\"wd-negative-gap elementor-element elementor-element-e196aa3 e-flex e-con-boxed e-con e-parent\" data-id=\"e196aa3\" data-element_type=\"container\" data-e-type=\"container\" data-settings=\"{&quot;_ha_eqh_enable&quot;:false}\">\n\t\t\t\t\t<div class=\"e-con-inner\">\n\t\t<div class=\"elementor-element elementor-element-2428ff9 e-con-full e-flex e-con e-child\" data-id=\"2428ff9\" data-element_type=\"container\" data-e-type=\"container\" data-settings=\"{&quot;_ha_eqh_enable&quot;:false}\">\n\t\t\t\t<div class=\"elementor-element elementor-element-b52364e elementor-align-justify elementor-widget elementor-widget-button\" data-id=\"b52364e\" data-element_type=\"widget\" data-e-type=\"widget\" data-widget_type=\"button.default\">\n\t\t\t\t<div class=\"elementor-widget-container\">\n\t\t\t\t\t\t\t\t\t<div class=\"elementor-button-wrapper\">\n\t\t\t\t\t<a class=\"elementor-button elementor-button-link elementor-size-sm\" href=\"https:\/\/repairandshop.ch\/fr\/contact\/\">\n\t\t\t\t\t\t<span class=\"elementor-button-content-wrapper\">\n\t\t\t\t\t\t\t\t\t<span class=\"elementor-button-text\">Contact<\/span>\n\t\t\t\t\t<\/span>\n\t\t\t\t\t<\/a>\n\t\t\t\t<\/div>\n\t\t\t\t\t\t\t\t<\/div>\n\t\t\t\t<\/div>\n\t\t\t\t<\/div>\n\t\t<div class=\"elementor-element elementor-element-42aaa7a e-con-full e-flex e-con e-child\" data-id=\"42aaa7a\" data-element_type=\"container\" data-e-type=\"container\" data-settings=\"{&quot;_ha_eqh_enable&quot;:false}\">\n\t\t\t\t<div class=\"elementor-element elementor-element-778faf0 elementor-align-justify elementor-widget elementor-widget-button\" data-id=\"778faf0\" data-element_type=\"widget\" data-e-type=\"widget\" data-widget_type=\"button.default\">\n\t\t\t\t<div class=\"elementor-widget-container\">\n\t\t\t\t\t\t\t\t\t<div class=\"elementor-button-wrapper\">\n\t\t\t\t\t<a class=\"elementor-button elementor-button-link elementor-size-sm\" href=\"#\">\n\t\t\t\t\t\t<span class=\"elementor-button-content-wrapper\">\n\t\t\t\t\t\t\t\t\t<span class=\"elementor-button-text\">Information<\/span>\n\t\t\t\t\t<\/span>\n\t\t\t\t\t<\/a>\n\t\t\t\t<\/div>\n\t\t\t\t\t\t\t\t<\/div>\n\t\t\t\t<\/div>\n\t\t\t\t<\/div>\n\t\t\t\t\t<\/div>\n\t\t\t\t<\/div>\n\t\t<div class=\"wd-negative-gap elementor-element elementor-element-553915f e-grid e-con-boxed e-con e-parent\" data-id=\"553915f\" data-element_type=\"container\" data-e-type=\"container\" data-settings=\"{&quot;_ha_eqh_enable&quot;:false}\">\n\t\t\t\t\t<div class=\"e-con-inner\">\n\t\t\t\t<div class=\"elementor-element elementor-element-9b4825c elementor-widget elementor-widget-wd_text_block\" data-id=\"9b4825c\" data-element_type=\"widget\" data-e-type=\"widget\" data-widget_type=\"wd_text_block.default\">\n\t\t\t\t<div class=\"elementor-widget-container\">\n\t\t\t\t\t\t\t<div class=\"wd-text-block reset-last-child text-left\">\n\t\t\t\n\t\t\t<h2 data-start=\"0\" data-end=\"35\">Surface Laptop 4 Remplacement d'\u00e9cran<\/h2><p class=\"\" data-start=\"37\" data-end=\"256\">L' \u00e9cran de votre Surface Laptop 4 peut ne plus afficher d'image en raisonde dommages m\u00e9caniques ou de liquides. Nous proposons une solution rapide et professionnelle en rempla\u00e7ant l'\u00e9cran pour vous. <\/p>\n\t\t\t\t\t<\/div>\n\t\t\t\t\t\t<\/div>\n\t\t\t\t<\/div>\n\t\t\t\t<div class=\"elementor-element elementor-element-763ff57 elementor-widget elementor-widget-wd_text_block\" data-id=\"763ff57\" data-element_type=\"widget\" data-e-type=\"widget\" data-widget_type=\"wd_text_block.default\">\n\t\t\t\t<div class=\"elementor-widget-container\">\n\t\t\t\t\t\t\t<div class=\"wd-text-block reset-last-child text-left\">\n\t\t\t\n\t\t\t<h3 data-start=\"0\" data-end=\"42\">Surface Laptop 4 Remplacement de la batterie<\/h3><p class=\"\" data-start=\"44\" data-end=\"279\">Le Surface Laptop 4 est \u00e9quip\u00e9 de deux batteries - une derri\u00e8re la tablette en verre et une autre dans le clavier. Notre service offre un remplacement rapide et professionnel de labatterie du clavier \u00e0 un prix fixe et transparent. <\/p>\n\t\t\t\t\t<\/div>\n\t\t\t\t\t\t<\/div>\n\t\t\t\t<\/div>\n\t\t\t\t\t<\/div>\n\t\t\t\t<\/div>\n\t\t<div class=\"wd-negative-gap elementor-element elementor-element-9190f5e e-flex e-con-boxed e-con e-parent\" data-id=\"9190f5e\" data-element_type=\"container\" data-e-type=\"container\" data-settings=\"{&quot;_ha_eqh_enable&quot;:false}\">\n\t\t\t\t\t<div class=\"e-con-inner\">\n\t\t\t\t<div class=\"elementor-element elementor-element-c05ef98 elementor-widget elementor-widget-wd_text_block\" data-id=\"c05ef98\" data-element_type=\"widget\" data-e-type=\"widget\" data-widget_type=\"wd_text_block.default\">\n\t\t\t\t<div class=\"elementor-widget-container\">\n\t\t\t\t\t\t\t<div class=\"wd-text-block reset-last-child text-left\">\n\t\t\t\n\t\t\t<h3 data-start=\"0\" data-end=\"54\">Installation et r\u00e9paration de Windows pour Surface Laptop 4<\/h3><p class=\"\" data-start=\"56\" data-end=\"293\">Notre service offre un d\u00e9pannage professionnel, y compris l'installation du dernier syst\u00e8me d'exploitation Windows. Nous mettons\u00e9galement \u00e0 jour le micrologiciel et les pilotes afin que votre ordinateur portable Surface fonctionne de mani\u00e8re optimale apr\u00e8s la r\u00e9paration. <\/p>\n\t\t\t\t\t<\/div>\n\t\t\t\t\t\t<\/div>\n\t\t\t\t<\/div>\n\t\t\t\t\t<\/div>\n\t\t\t\t<\/div>\n\t\t<div class=\"wd-negative-gap elementor-element elementor-element-28f3cdc e-grid e-con-boxed e-con e-parent\" data-id=\"28f3cdc\" data-element_type=\"container\" data-e-type=\"container\" data-settings=\"{&quot;_ha_eqh_enable&quot;:false}\">\n\t\t\t\t\t<div class=\"e-con-inner\">\n\t\t\t\t<div class=\"elementor-element elementor-element-5abe48f elementor-widget elementor-widget-wd_text_block\" data-id=\"5abe48f\" data-element_type=\"widget\" data-e-type=\"widget\" data-widget_type=\"wd_text_block.default\">\n\t\t\t\t<div class=\"elementor-widget-container\">\n\t\t\t\t\t\t\t<div class=\"wd-text-block reset-last-child text-left\">\n\t\t\t\n\t\t\t<h3 data-start=\"0\" data-end=\"42\">Microsoft Surface Laptop 4 Nettoyage int\u00e9rieur<\/h3><p class=\"\" data-start=\"44\" data-end=\"295\">Notre service veille \u00e0 ce que les composants internes de votre Surface Laptop 4 fonctionnent \u00e0 nouveau parfaitement gr\u00e2ce \u00e0 un nettoyage professionnel. Nous tenons compte d'\u00e9ventuelles conditions poussi\u00e9reuses ou humides afin d'optimiser les performances. <\/p>\n\t\t\t\t\t<\/div>\n\t\t\t\t\t\t<\/div>\n\t\t\t\t<\/div>\n\t\t\t\t<div class=\"elementor-element elementor-element-aed7f70 elementor-widget elementor-widget-wd_text_block\" data-id=\"aed7f70\" data-element_type=\"widget\" data-e-type=\"widget\" data-widget_type=\"wd_text_block.default\">\n\t\t\t\t<div class=\"elementor-widget-container\">\n\t\t\t\t\t\t\t<div class=\"wd-text-block reset-last-child text-left\">\n\t\t\t\n\t\t\t<h3 data-start=\"0\" data-end=\"62\">Diagnostic et r\u00e9solution des probl\u00e8mes mat\u00e9riels pour les Surface Books<\/h3><p class=\"\" data-start=\"64\" data-end=\"366\">Nos techniciens sont sp\u00e9cialis\u00e9s dans le diagnostic et la r\u00e9solution des probl\u00e8mes mat\u00e9riels des Surface Books. Nous analysons les \u00e9crans d\u00e9fectueux, les claviers d\u00e9faillants ainsi que les probl\u00e8mes de connecteurs et autres composants. Une fois la cause identifi\u00e9e, nous r\u00e9parons le probl\u00e8me rapidement et de mani\u00e8re professionnelle.  <\/p>\n\t\t\t\t\t<\/div>\n\t\t\t\t\t\t<\/div>\n\t\t\t\t<\/div>\n\t\t\t\t\t<\/div>\n\t\t\t\t<\/div>\n\t\t<div class=\"wd-negative-gap elementor-element elementor-element-d67aba4 e-flex e-con-boxed e-con e-parent\" data-id=\"d67aba4\" data-element_type=\"container\" data-e-type=\"container\" data-settings=\"{&quot;_ha_eqh_enable&quot;:false}\">\n\t\t\t\t\t<div class=\"e-con-inner\">\n\t\t\t\t<div class=\"elementor-element elementor-element-eea2d99 elementor-widget elementor-widget-wd_text_block\" data-id=\"eea2d99\" data-element_type=\"widget\" data-e-type=\"widget\" data-widget_type=\"wd_text_block.default\">\n\t\t\t\t<div class=\"elementor-widget-container\">\n\t\t\t\t\t\t\t<div class=\"wd-text-block reset-last-child text-left\">\n\t\t\t\n\t\t\t<div class=\"fl-row fl-row-fixed-width fl-row-bg-none fl-node-5df65a09b6ba5 fl-row-default-height fl-row-align-center\" data-node=\"5df65a09b6ba5\"><div class=\"fl-row-content-wrap\"><div class=\"fl-row-content fl-row-fixed-width fl-node-content\"><div class=\"fl-col-group fl-node-5df65a09ba1d8\" data-node=\"5df65a09ba1d8\"><div class=\"fl-col fl-node-5df65a09ba264 fl-col-bg-color\" data-node=\"5df65a09ba264\"><div class=\"fl-col-content fl-node-content\"><div class=\"fl-module fl-module-rich-text fl-node-5df65a09b687e\" data-node=\"5df65a09b687e\"><div class=\"fl-module-content fl-node-content\"><div class=\"fl-rich-text\"><h2><strong>Service de r\u00e9paration Microsoft Surface Laptop 4 dans toute la Suisse<\/strong><\/h2><p>Nous proposons un service de r\u00e9paration professionnel pour les appareils Microsoft Surface. Nous effectuons des r\u00e9parations pour les mod\u00e8les suivants: <\/p><ul><li><p>Surface Pro S\u00e9rie<\/p><\/li><li><p>Surface Go S\u00e9rie<\/p><\/li><li><p>Surface Book S\u00e9rie<\/p><\/li><li><p>Surface Ordinateur portable S\u00e9rie<\/p><\/li><li><p>Surface Studio S\u00e9rie<\/p><\/li><\/ul><h3><strong>Service de r\u00e9paration Microsoft Surface 5 en Suisse<\/strong><\/h3><p>Notre service de r\u00e9paration complet est disponible dans des villes comme Zurich, Gen\u00e8ve, B\u00e2le, Lausanne, Berne, Urtenen-Sch\u00f6nb\u00fchl, M\u00fcnsingen, Thoune, Interlaken, Langnau im Emmental, Winterthur, Lucerne, St. Gallen, Lugano, Bienne, Fribourg, Appenzell, Glaris, Grisons, Coire, Jura, Lucerne Emmen, Neuchatel, Nidwald, Obwald, Schaffhouse, Schwyz, Einsiedeln, Soleure, Thurgovie, Ticino, Uri, Vaud, Valais et Zoug.<\/p><h3><strong>Nos r\u00e9parations comprennent<\/strong><\/h3><ul><li><p>Surface Pro<\/p><\/li><li><p>Surface Book<\/p><\/li><li><p>Surface Go<\/p><\/li><li><p>Surface Laptop<\/p><\/li><li><p>Surface Studio<\/p><\/li><\/ul><h3><strong>Processus de r\u00e9paration<\/strong><\/h3><ol><li><p><strong>Analyse des dommages<\/strong>: d\u00e8s que nous recevons votre appareil, nous effectuons une analyse approfondie des dommages afin de d\u00e9terminer quelles pi\u00e8ces doivent \u00eatre remplac\u00e9es.<\/p><\/li><li><p><strong>Devis<\/strong>: les r\u00e9parations et les pi\u00e8ces n\u00e9cessaires sont document\u00e9es avec pr\u00e9cision et font l'objet d'un devis d\u00e9taill\u00e9.<\/p><\/li><li><p><strong>Analysegratuite<\/strong>: l 'analyse des d\u00e9g\u00e2ts et l'\u00e9tablissement du devis ne vous co\u00fbtent rien.<\/p><\/li><\/ol><h3><strong>Des prix attractifs et un excellent service<\/strong><\/h3><p>Nos clients nous choisissent toujours pour la rapidit\u00e9, le professionnalisme et le co\u00fbt de nos r\u00e9parations. Nous proposons une large gamme de r\u00e9parations, notamment <\/p><ul><li><p><strong>Surface Laptop 4 Remplacement de la batterie<\/strong><\/p><\/li><li><p><strong>Faire changer la batterie de Surface<\/strong><\/p><\/li><li><p><strong>Batterie Surface gonfl\u00e9e<\/strong><\/p><\/li><li><p><strong>Surface Laptop 4 R\u00e9paration d'\u00e9cran<\/strong><\/p><\/li><li><p><strong>Surface Remplacement de la pile<\/strong><\/p><\/li><\/ul><p>Que vous ayez un probl\u00e8me de batterie, d'\u00e9cran ou d'autres composants, notre service vous propose la solution optimale - rapidement, de mani\u00e8re fiable et \u00e0 des prix \u00e9quitables.<\/p><\/div><\/div><\/div><\/div><\/div><\/div><\/div><\/div><\/div>\n\t\t\t\t\t<\/div>\n\t\t\t\t\t\t<\/div>\n\t\t\t\t<\/div>\n\t\t\t\t\t<\/div>\n\t\t\t\t<\/div>\n\t\t\t\t<\/div>\n\t\t\n    <div class=\"xs_social_share_widget xs_share_url after_content \t\tmain_content  wslu-style-1 wslu-share-box-shaped wslu-fill-colored wslu-none wslu-share-horizontal wslu-theme-font-no wslu-main_content\">\n\n\t\t\n        <ul>\n\t\t\t        <\/ul>\n    <\/div> \n","protected":false},"excerpt":{"rendered":"<p>Laptop 4 R\u00e9paration Surface Laptop 4 R\u00e9paration Aper\u00e7u des prix de r\u00e9paration: Surface Laptop 4 Remplacement d&rsquo;\u00e9cran 13,5&Prime; 359 CHF<\/p>\n","protected":false},"author":1,"featured_media":26019,"parent":27545,"menu_order":0,"comment_status":"closed","ping_status":"closed","template":"","meta":{"postBodyCss":"","postBodyMargin":[],"postBodyPadding":[],"postBodyBackground":{"backgroundType":"classic","gradient":""},"footnotes":""},"class_list":["post-27568","page","type-page","status-publish","has-post-thumbnail","hentry"],"yoast_head":"<!-- This site is optimized with the Yoast SEO Premium plugin v26.8 (Yoast SEO v27.3) - https:\/\/yoast.com\/product\/yoast-seo-premium-wordpress\/ -->\n<title>R\u00e9paration du Microsoft Surface Laptop 4 en Suisse<\/title>\n<meta name=\"description\" content=\"R\u00e9paration du Microsoft Surface Laptop 4 en Suisse. Service rapide pour \u00e9cran, batterie, clavier et plus. Qualit\u00e9 garantie avec pi\u00e8ces d\u2019origine.\" \/>\n<meta name=\"robots\" content=\"index, follow, max-snippet:-1, max-image-preview:large, max-video-preview:-1\" \/>\n<link rel=\"canonical\" href=\"https:\/\/repairandshop.ch\/fr\/microsoft-surface\/reparation-surface-laptop-4\/\" \/>\n<meta property=\"og:locale\" content=\"fr_FR\" \/>\n<meta property=\"og:type\" content=\"article\" \/>\n<meta property=\"og:title\" content=\"Surface Laptop 4\" \/>\n<meta property=\"og:description\" content=\"R\u00e9paration du Microsoft Surface Laptop 4 en Suisse. Service rapide pour \u00e9cran, batterie, clavier et plus. Qualit\u00e9 garantie avec pi\u00e8ces d\u2019origine.\" \/>\n<meta property=\"og:url\" content=\"https:\/\/repairandshop.ch\/fr\/microsoft-surface\/reparation-surface-laptop-4\/\" \/>\n<meta property=\"og:site_name\" content=\"repairandshop\" \/>\n<meta property=\"article:modified_time\" content=\"2025-06-01T21:57:13+00:00\" \/>\n<meta property=\"og:image\" content=\"https:\/\/repairandshop.ch\/wp-content\/uploads\/2025\/03\/Surface-Laptop.png\" \/>\n\t<meta property=\"og:image:width\" content=\"150\" \/>\n\t<meta property=\"og:image:height\" content=\"150\" \/>\n\t<meta property=\"og:image:type\" content=\"image\/png\" \/>\n<meta name=\"twitter:card\" content=\"summary_large_image\" \/>\n<meta name=\"twitter:label1\" content=\"Dur\u00e9e de lecture estim\u00e9e\" \/>\n\t<meta name=\"twitter:data1\" content=\"3 minutes\" \/>\n<!-- \/ Yoast SEO Premium plugin. -->","yoast_head_json":{"title":"R\u00e9paration du Microsoft Surface Laptop 4 en Suisse","description":"R\u00e9paration du Microsoft Surface Laptop 4 en Suisse. Service rapide pour \u00e9cran, batterie, clavier et plus. Qualit\u00e9 garantie avec pi\u00e8ces d\u2019origine.","robots":{"index":"index","follow":"follow","max-snippet":"max-snippet:-1","max-image-preview":"max-image-preview:large","max-video-preview":"max-video-preview:-1"},"canonical":"https:\/\/repairandshop.ch\/fr\/microsoft-surface\/reparation-surface-laptop-4\/","og_locale":"fr_FR","og_type":"article","og_title":"Surface Laptop 4","og_description":"R\u00e9paration du Microsoft Surface Laptop 4 en Suisse. Service rapide pour \u00e9cran, batterie, clavier et plus. Qualit\u00e9 garantie avec pi\u00e8ces d\u2019origine.","og_url":"https:\/\/repairandshop.ch\/fr\/microsoft-surface\/reparation-surface-laptop-4\/","og_site_name":"repairandshop","article_modified_time":"2025-06-01T21:57:13+00:00","og_image":[{"width":150,"height":150,"url":"https:\/\/repairandshop.ch\/wp-content\/uploads\/2025\/03\/Surface-Laptop.png","type":"image\/png"}],"twitter_card":"summary_large_image","twitter_misc":{"Dur\u00e9e de lecture estim\u00e9e":"3 minutes"},"schema":{"@context":"https:\/\/schema.org","@graph":[{"@type":"WebPage","@id":"https:\/\/repairandshop.ch\/fr\/microsoft-surface\/reparation-surface-laptop-4\/","url":"https:\/\/repairandshop.ch\/fr\/microsoft-surface\/reparation-surface-laptop-4\/","name":"R\u00e9paration du Microsoft Surface Laptop 4 en Suisse","isPartOf":{"@id":"https:\/\/repairandshop.ch\/fr\/#website"},"primaryImageOfPage":{"@id":"https:\/\/repairandshop.ch\/fr\/microsoft-surface\/reparation-surface-laptop-4\/#primaryimage"},"image":{"@id":"https:\/\/repairandshop.ch\/fr\/microsoft-surface\/reparation-surface-laptop-4\/#primaryimage"},"thumbnailUrl":"https:\/\/repairandshop.ch\/wp-content\/uploads\/2025\/03\/Surface-Laptop.png","datePublished":"2025-03-08T15:00:46+00:00","dateModified":"2025-06-01T21:57:13+00:00","description":"R\u00e9paration du Microsoft Surface Laptop 4 en Suisse. Service rapide pour \u00e9cran, batterie, clavier et plus. Qualit\u00e9 garantie avec pi\u00e8ces d\u2019origine.","breadcrumb":{"@id":"https:\/\/repairandshop.ch\/fr\/microsoft-surface\/reparation-surface-laptop-4\/#breadcrumb"},"inLanguage":"fr-FR","potentialAction":[{"@type":"ReadAction","target":["https:\/\/repairandshop.ch\/fr\/microsoft-surface\/reparation-surface-laptop-4\/"]}]},{"@type":"ImageObject","inLanguage":"fr-FR","@id":"https:\/\/repairandshop.ch\/fr\/microsoft-surface\/reparation-surface-laptop-4\/#primaryimage","url":"https:\/\/repairandshop.ch\/wp-content\/uploads\/2025\/03\/Surface-Laptop.png","contentUrl":"https:\/\/repairandshop.ch\/wp-content\/uploads\/2025\/03\/Surface-Laptop.png","width":150,"height":150},{"@type":"BreadcrumbList","@id":"https:\/\/repairandshop.ch\/fr\/microsoft-surface\/reparation-surface-laptop-4\/#breadcrumb","itemListElement":[{"@type":"ListItem","position":1,"name":"Home","item":"https:\/\/repairandshop.ch\/fr\/"},{"@type":"ListItem","position":2,"name":"Microsoft Surface","item":"https:\/\/repairandshop.ch\/fr\/microsoft-surface\/"},{"@type":"ListItem","position":3,"name":"Surface Laptop 4"}]},{"@type":"WebSite","@id":"https:\/\/repairandshop.ch\/fr\/#website","url":"https:\/\/repairandshop.ch\/fr\/","name":"Repair And Shop","description":"","publisher":{"@id":"https:\/\/repairandshop.ch\/fr\/#organization"},"potentialAction":[{"@type":"SearchAction","target":{"@type":"EntryPoint","urlTemplate":"https:\/\/repairandshop.ch\/fr\/?s={search_term_string}"},"query-input":{"@type":"PropertyValueSpecification","valueRequired":true,"valueName":"search_term_string"}}],"inLanguage":"fr-FR"},{"@type":"Organization","@id":"https:\/\/repairandshop.ch\/fr\/#organization","name":"Repair And Shop","url":"https:\/\/repairandshop.ch\/fr\/","logo":{"@type":"ImageObject","inLanguage":"fr-FR","@id":"https:\/\/repairandshop.ch\/fr\/#\/schema\/logo\/image\/","url":"https:\/\/repairandshop.ch\/wp-content\/uploads\/2025\/02\/RepairandShop-Logo.png","contentUrl":"https:\/\/repairandshop.ch\/wp-content\/uploads\/2025\/02\/RepairandShop-Logo.png","width":834,"height":193,"caption":"Repair And Shop"},"image":{"@id":"https:\/\/repairandshop.ch\/fr\/#\/schema\/logo\/image\/"}}]}},"_links":{"self":[{"href":"https:\/\/repairandshop.ch\/fr\/wp-json\/wp\/v2\/pages\/27568","targetHints":{"allow":["GET"]}}],"collection":[{"href":"https:\/\/repairandshop.ch\/fr\/wp-json\/wp\/v2\/pages"}],"about":[{"href":"https:\/\/repairandshop.ch\/fr\/wp-json\/wp\/v2\/types\/page"}],"author":[{"embeddable":true,"href":"https:\/\/repairandshop.ch\/fr\/wp-json\/wp\/v2\/users\/1"}],"replies":[{"embeddable":true,"href":"https:\/\/repairandshop.ch\/fr\/wp-json\/wp\/v2\/comments?post=27568"}],"version-history":[{"count":0,"href":"https:\/\/repairandshop.ch\/fr\/wp-json\/wp\/v2\/pages\/27568\/revisions"}],"up":[{"embeddable":true,"href":"https:\/\/repairandshop.ch\/fr\/wp-json\/wp\/v2\/pages\/27545"}],"wp:featuredmedia":[{"embeddable":true,"href":"https:\/\/repairandshop.ch\/fr\/wp-json\/wp\/v2\/media\/26019"}],"wp:attachment":[{"href":"https:\/\/repairandshop.ch\/fr\/wp-json\/wp\/v2\/media?parent=27568"}],"curies":[{"name":"wp","href":"https:\/\/api.w.org\/{rel}","templated":true}]}}