{"id":30008,"date":"2025-03-09T10:31:02","date_gmt":"2025-03-09T10:31:02","guid":{"rendered":"https:\/\/repairandshop.ch\/google-pixel-xl-2\/"},"modified":"2025-07-25T21:44:52","modified_gmt":"2025-07-25T21:44:52","slug":"google-pixel-xl-2","status":"publish","type":"page","link":"https:\/\/repairandshop.ch\/fr\/xiaomi-redmi\/google-pixel-xl-2\/","title":{"rendered":"Google Pixel XL"},"content":{"rendered":"\t\t<div data-elementor-type=\"wp-page\" data-elementor-id=\"30008\" class=\"elementor elementor-30008\" data-elementor-post-type=\"page\">\n\t\t\t\t<div class=\"elementor-element elementor-element-12d9f10 e-con-full e-flex e-con e-parent\" data-id=\"12d9f10\" data-element_type=\"container\" data-e-type=\"container\" data-settings=\"{&quot;background_background&quot;:&quot;classic&quot;,&quot;_ha_eqh_enable&quot;:false}\">\n\t\t<div class=\"elementor-element elementor-element-9b8d134 e-con-full e-flex e-con e-child\" data-id=\"9b8d134\" data-element_type=\"container\" data-e-type=\"container\" data-settings=\"{&quot;_ha_eqh_enable&quot;:false}\">\n\t\t\t\t<div class=\"elementor-element elementor-element-eb4352f elementor-widget elementor-widget-heading\" data-id=\"eb4352f\" data-element_type=\"widget\" data-e-type=\"widget\" data-widget_type=\"heading.default\">\n\t\t\t\t<div class=\"elementor-widget-container\">\n\t\t\t\t\t<h2 class=\"elementor-heading-title elementor-size-default\">Google Pixel 9 Pro Pli\u00e9<\/h2>\t\t\t\t<\/div>\n\t\t\t\t<\/div>\n\t\t\t\t<div class=\"elementor-element elementor-element-44eb389 elementor-widget elementor-widget-image\" data-id=\"44eb389\" data-element_type=\"widget\" data-e-type=\"widget\" data-widget_type=\"image.default\">\n\t\t\t\t<div class=\"elementor-widget-container\">\n\t\t\t\t\t\t\t\t\t\t\t\t\t\t\t<img loading=\"lazy\" decoding=\"async\" width=\"300\" height=\"300\" src=\"https:\/\/repairandshop.ch\/wp-content\/uploads\/2025\/03\/google-pixel-pro-fold-reparatur-1.png\" class=\"attachment-large size-large wp-image-26295\" alt=\"Google Pixel 9 Pro Fold Reparatur\" srcset=\"https:\/\/repairandshop.ch\/wp-content\/uploads\/2025\/03\/google-pixel-pro-fold-reparatur-1.png 300w, https:\/\/repairandshop.ch\/wp-content\/uploads\/2025\/03\/google-pixel-pro-fold-reparatur-1-150x150.png 150w\" sizes=\"auto, (max-width: 300px) 100vw, 300px\" \/>\t\t\t\t\t\t\t\t\t\t\t\t\t\t\t<\/div>\n\t\t\t\t<\/div>\n\t\t\t\t<\/div>\n\t\t<div class=\"elementor-element elementor-element-ffcaace e-con-full e-flex e-con e-child\" data-id=\"ffcaace\" data-element_type=\"container\" data-e-type=\"container\" data-settings=\"{&quot;_ha_eqh_enable&quot;:false}\">\n\t\t\t\t<div class=\"elementor-element elementor-element-f694241 elementor-widget elementor-widget-heading\" data-id=\"f694241\" data-element_type=\"widget\" data-e-type=\"widget\" data-widget_type=\"heading.default\">\n\t\t\t\t<div class=\"elementor-widget-container\">\n\t\t\t\t\t<h2 class=\"elementor-heading-title elementor-size-default\">Prix des r\u00e9parations :<\/h2>\t\t\t\t<\/div>\n\t\t\t\t<\/div>\n\t\t\t\t<div class=\"elementor-element elementor-element-0bd0628 color-scheme-inherit text-left elementor-widget elementor-widget-text-editor\" data-id=\"0bd0628\" data-element_type=\"widget\" data-e-type=\"widget\" data-widget_type=\"text-editor.default\">\n\t\t\t\t<div class=\"elementor-widget-container\">\n\t\t\t\t\t\t\t\t\t<table class=\" alignleft\" width=\"663\"><tbody><tr><td>Google Pixel 9 Pro Remplacement de l&rsquo;\u00e9cran pli\u00e9<\/td><td>x.xx CHF<\/td><\/tr><tr><td>Google Pixel 9 Pro Fold Backcover \u00e9cran<\/td><td>299 CHF<\/td><\/tr><tr><td>Google Pixel 9 Pro Fold Remplacement de la batterie<\/td><td>199 CHF<\/td><\/tr><tr><td>Google Pixel 9 Pro Fold dos<\/td><td>199 CHF<\/td><\/tr><tr><td>Google Pixel 9 Pro Fold Software \/ Mise \u00e0 jour<\/td><td>39 CHF<\/td><\/tr><tr><td>Autres r\u00e9parations sur demande<\/td><td>xx.x<\/td><\/tr><\/tbody><\/table>\t\t\t\t\t\t\t\t<\/div>\n\t\t\t\t<\/div>\n\t\t\t\t<\/div>\n\t\t\t\t<\/div>\n\t\t<div class=\"wd-negative-gap elementor-element elementor-element-92d3a26 e-flex e-con-boxed e-con e-parent\" data-id=\"92d3a26\" data-element_type=\"container\" data-e-type=\"container\" data-settings=\"{&quot;background_background&quot;:&quot;classic&quot;,&quot;_ha_eqh_enable&quot;:false}\">\n\t\t\t\t\t<div class=\"e-con-inner\">\n\t\t<div class=\"elementor-element elementor-element-ccd29b3 e-con-full e-flex e-con e-child\" data-id=\"ccd29b3\" data-element_type=\"container\" data-e-type=\"container\" data-settings=\"{&quot;_ha_eqh_enable&quot;:false}\">\n\t\t\t\t<div class=\"elementor-element elementor-element-d0a2651 elementor-align-justify elementor-widget elementor-widget-button\" data-id=\"d0a2651\" data-element_type=\"widget\" data-e-type=\"widget\" data-widget_type=\"button.default\">\n\t\t\t\t<div class=\"elementor-widget-container\">\n\t\t\t\t\t\t\t\t\t<div class=\"elementor-button-wrapper\">\n\t\t\t\t\t<a class=\"elementor-button elementor-button-link elementor-size-sm\" href=\"https:\/\/repairandshop.ch\/fr\/apporter-pour-reparation\/\">\n\t\t\t\t\t\t<span class=\"elementor-button-content-wrapper\">\n\t\t\t\t\t\t<span class=\"elementor-button-icon\">\n\t\t\t\t<svg aria-hidden=\"true\" class=\"e-font-icon-svg e-fas-map-marker-alt\" viewBox=\"0 0 384 512\" xmlns=\"http:\/\/www.w3.org\/2000\/svg\"><path d=\"M172.268 501.67C26.97 291.031 0 269.413 0 192 0 85.961 85.961 0 192 0s192 85.961 192 192c0 77.413-26.97 99.031-172.268 309.67-9.535 13.774-29.93 13.773-39.464 0zM192 272c44.183 0 80-35.817 80-80s-35.817-80-80-80-80 35.817-80 80 35.817 80 80 80z\"><\/path><\/svg>\t\t\t<\/span>\n\t\t\t\t\t\t\t\t\t<span class=\"elementor-button-text\">Apporter pour r\u00e9paration<\/span>\n\t\t\t\t\t<\/span>\n\t\t\t\t\t<\/a>\n\t\t\t\t<\/div>\n\t\t\t\t\t\t\t\t<\/div>\n\t\t\t\t<\/div>\n\t\t\t\t<\/div>\n\t\t<div class=\"elementor-element elementor-element-c084f3b e-con-full e-flex e-con e-child\" data-id=\"c084f3b\" data-element_type=\"container\" data-e-type=\"container\" data-settings=\"{&quot;_ha_eqh_enable&quot;:false}\">\n\t\t\t\t<div class=\"elementor-element elementor-element-e591d1e elementor-align-justify elementor-widget elementor-widget-button\" data-id=\"e591d1e\" data-element_type=\"widget\" data-e-type=\"widget\" data-widget_type=\"button.default\">\n\t\t\t\t<div class=\"elementor-widget-container\">\n\t\t\t\t\t\t\t\t\t<div class=\"elementor-button-wrapper\">\n\t\t\t\t\t<a class=\"elementor-button elementor-button-link elementor-size-sm\" href=\"https:\/\/repairandshop.ch\/fr\/envoyer-pour-reparation\/\">\n\t\t\t\t\t\t<span class=\"elementor-button-content-wrapper\">\n\t\t\t\t\t\t<span class=\"elementor-button-icon\">\n\t\t\t\t<svg aria-hidden=\"true\" class=\"e-font-icon-svg e-fas-shopping-cart\" viewBox=\"0 0 576 512\" xmlns=\"http:\/\/www.w3.org\/2000\/svg\"><path d=\"M528.12 301.319l47.273-208C578.806 78.301 567.391 64 551.99 64H159.208l-9.166-44.81C147.758 8.021 137.93 0 126.529 0H24C10.745 0 0 10.745 0 24v16c0 13.255 10.745 24 24 24h69.883l70.248 343.435C147.325 417.1 136 435.222 136 456c0 30.928 25.072 56 56 56s56-25.072 56-56c0-15.674-6.447-29.835-16.824-40h209.647C430.447 426.165 424 440.326 424 456c0 30.928 25.072 56 56 56s56-25.072 56-56c0-22.172-12.888-41.332-31.579-50.405l5.517-24.276c3.413-15.018-8.002-29.319-23.403-29.319H218.117l-6.545-32h293.145c11.206 0 20.92-7.754 23.403-18.681z\"><\/path><\/svg>\t\t\t<\/span>\n\t\t\t\t\t\t\t\t\t<span class=\"elementor-button-text\">Envoyer pour r\u00e9paration<\/span>\n\t\t\t\t\t<\/span>\n\t\t\t\t\t<\/a>\n\t\t\t\t<\/div>\n\t\t\t\t\t\t\t\t<\/div>\n\t\t\t\t<\/div>\n\t\t\t\t<\/div>\n\t\t\t\t\t<\/div>\n\t\t\t\t<\/div>\n\t\t<div class=\"wd-negative-gap elementor-element elementor-element-fcb192c e-flex e-con-boxed e-con e-parent\" data-id=\"fcb192c\" data-element_type=\"container\" data-e-type=\"container\" data-settings=\"{&quot;_ha_eqh_enable&quot;:false}\">\n\t\t\t\t\t<div class=\"e-con-inner\">\n\t\t\t\t<div class=\"elementor-element elementor-element-3d04085 elementor-widget elementor-widget-heading\" data-id=\"3d04085\" data-element_type=\"widget\" data-e-type=\"widget\" data-widget_type=\"heading.default\">\n\t\t\t\t<div class=\"elementor-widget-container\">\n\t\t\t\t\t<h3 class=\"elementor-heading-title elementor-size-default\">Service de r\u00e9paration Google Pixel 9 Pro Fold dans toute l'Allemagne - nous pouvons effectuer la r\u00e9paration pour les mod\u00e8les suivants<\/h3>\t\t\t\t<\/div>\n\t\t\t\t<\/div>\n\t\t\t\t\t<\/div>\n\t\t\t\t<\/div>\n\t\t<div class=\"wd-negative-gap elementor-element elementor-element-2ba0c1d e-flex e-con-boxed e-con e-parent\" data-id=\"2ba0c1d\" data-element_type=\"container\" data-e-type=\"container\" data-settings=\"{&quot;_ha_eqh_enable&quot;:false}\">\n\t\t\t\t\t<div class=\"e-con-inner\">\n\t\t\t\t<div class=\"elementor-element elementor-element-35a51f4 elementor-widget elementor-widget-wd_text_block\" data-id=\"35a51f4\" data-element_type=\"widget\" data-e-type=\"widget\" data-widget_type=\"wd_text_block.default\">\n\t\t\t\t<div class=\"elementor-widget-container\">\n\t\t\t\t\t\t\t<div class=\"wd-text-block reset-last-child text-left\">\n\t\t\t\n\t\t\t<div class=\"fl-row fl-row-full-width fl-row-bg-none fl-node-6149d743c157a fl-row-custom-height fl-row-align-center\" data-node=\"6149d743c157a\"><div class=\"fl-row-content-wrap\"><div class=\"fl-row-content fl-row-full-width fl-node-content\"><div class=\"fl-col-group fl-node-6149d743ca4f4\" data-node=\"6149d743ca4f4\"><div class=\"fl-col fl-node-6149d743ca5a9 fl-col-bg-color\" data-node=\"6149d743ca5a9\"><div class=\"fl-col-content fl-node-content\"><div class=\"fl-module fl-module-rich-text fl-node-6149d743c0ddd\" data-node=\"6149d743c0ddd\"><div class=\"fl-module-content fl-node-content\"><div class=\"fl-rich-text\"><div class=\"fl-row fl-row-fixed-width fl-row-bg-none fl-node-eu1sbzolt2y8 fl-row-default-height fl-row-align-center\" data-node=\"eu1sbzolt2y8\"><div class=\"fl-row-content-wrap\"><div class=\"fl-row-content fl-row-fixed-width fl-node-content\"><div class=\"fl-col-group fl-node-biuk1x2rl8zc\" data-node=\"biuk1x2rl8zc\"><div class=\"fl-col fl-node-8nhfulatc7ei fl-col-bg-color\" data-node=\"8nhfulatc7ei\"><div class=\"fl-col-content fl-node-content\"><div class=\"fl-module fl-module-cta fl-node-qdikw1jr36hl\" data-node=\"qdikw1jr36hl\"><div class=\"fl-module-content fl-node-content\"><div class=\"fl-cta-wrap fl-cta-inline\"><div class=\"fl-cta-text\"><div class=\"fl-row fl-row-fixed-width fl-row-bg-none fl-node-z0usp5yfa6kx fl-row-default-height fl-row-align-center\" data-node=\"z0usp5yfa6kx\"><div class=\"fl-row-content-wrap\"><div class=\"fl-row-content fl-row-fixed-width fl-node-content\"><div class=\"fl-col-group fl-node-45vmxyb3fwil\" data-node=\"45vmxyb3fwil\"><div class=\"fl-col fl-node-8geyvf2j3rt5 fl-col-bg-color\" data-node=\"8geyvf2j3rt5\"><div class=\"fl-col-content fl-node-content\"><div class=\"fl-module fl-module-rich-text fl-node-cx78byotgn0f\" data-node=\"cx78byotgn0f\"><div class=\"fl-module-content fl-node-content\"><div class=\"fl-rich-text\"><ul><li><strong>Google Pixel 8 Pro<\/strong><\/li><li><strong>Google Pixel 8<\/strong><\/li><li><strong>Google Pixel 8a<\/strong><\/li><li><strong>Google Pixel 7 Pro<\/strong><\/li><li><strong>Google Pixel 7<\/strong><\/li><li><strong>Google Pixel 7a<\/strong><\/li><li><strong>Google Pixel 6 Pro<br><\/strong><\/li><li><strong>Google Pixel 6<\/strong><\/li><li><strong>Google Pixel 6a<\/strong><\/li><li><strong>Google Pixel 5 5G<\/strong><\/li><li><strong>Google Pixel 4a 5G<\/strong><\/li><li><strong>Google Pixel 4a<\/strong><\/li><li><strong>Google Pixel 4 XL<\/strong><\/li><li><strong>Google Pixel 4<\/strong><\/li><li><strong>Google Pixel 3a XL<\/strong><\/li><li><strong>Google Pixel 3a<\/strong><\/li><li><strong>Google Pixel 3 XL<\/strong><\/li><li><strong>Google Pixel 3<\/strong><\/li><li><strong>Google Pixel 2 XL<\/strong><\/li><li><strong>Google Pixel 2<\/strong><\/li><li><strong>Google Pixel XL<\/strong><\/li><li><strong>Google Pixel<\/strong><\/li><\/ul><h2>Faites r\u00e9parer votre Google Pixel par notre service de r\u00e9paration de t\u00e9l\u00e9phones portables dans toute la Suisse.<\/h2><p>Sites <a href=\"https:\/\/www.repairnstore.ch\/zurich\/\">Zurich<\/a> - <a href=\"https:\/\/www.repairnstore.ch\/genf\/\">Gen\u00e8ve<\/a>, - <a href=\"https:\/\/www.repairnstore.ch\/basel\/\">B\u00e2le<\/a> - <a href=\"https:\/\/www.repairnstore.ch\/lausanne\/\">Lausanne<\/a> - <a href=\"https:\/\/www.repairnstore.ch\/bern\/\">Berne<\/a> - <a href=\"https:\/\/www.repairnstore.ch\/urtenen-schoenbuehl\/\">Urtenen-Sch\u00f6nb\u00fchl<\/a> - <a href=\"https:\/\/www.repairnstore.ch\/muensingen\/\">M\u00fcnsingen<\/a>, - <a href=\"https:\/\/www.repairnstore.ch\/thun\/\">Thoune<\/a> - <a href=\"https:\/\/www.repairnstore.ch\/interlaken\/\">Interlaken<\/a> - <a href=\"https:\/\/www.repairnstore.ch\/langnau-im-emmental\/\">Langnau im Emmental<\/a> - <a href=\"https:\/\/www.repairnstore.ch\/winterthur\/\">Winterthur<\/a> - <a href=\"https:\/\/www.repairnstore.ch\/luzern\/\">Lucerne<\/a> - <a href=\"https:\/\/www.repairnstore.ch\/st-gallen\/\">St. Gallen<\/a>, - <a href=\"https:\/\/www.repairnstore.ch\/lugano\/\">Lugano<\/a> - <a href=\"https:\/\/www.repairnstore.ch\/biel\/\">Bienne<\/a>, -               <a href=\"https:\/\/www.repairnstore.ch\/fribourg\/\">Fribourg<\/a> - <a href=\"https:\/\/www.repairnstore.ch\/appenzell\/\">Appenzell<\/a> - <a href=\"https:\/\/www.repairnstore.ch\/glarus\/\">Glaris<\/a> - <a href=\"https:\/\/www.repairnstore.ch\/graubunden\/\">Grisons<\/a> - <a href=\"https:\/\/www.repairnstore.ch\/chur\/\">Coire<\/a> - <a href=\"https:\/\/www.repairnstore.ch\/jura\/\">Jura<\/a> - <a href=\"https:\/\/www.repairnstore.ch\/luzern\/\">Lucerne<\/a> - <a href=\"https:\/\/www.repairnstore.ch\/luzern-emmen\/\">Lucerne Emmen<\/a> - <a href=\"https:\/\/www.repairnstore.ch\/neuchatel\/\">Neuchatel<\/a> - <a href=\"https:\/\/www.repairnstore.ch\/nidwalden\/\">Nidwald<\/a> - <a href=\"https:\/\/www.repairnstore.ch\/obwalden\/\">Obwald<\/a> - <a href=\"https:\/\/www.repairnstore.ch\/schaffhausen\/\">Schaffhouse<\/a>, - <a href=\"https:\/\/www.repairnstore.ch\/schwyz\/\">Schwyz<\/a> - <a href=\"https:\/\/www.repairnstore.ch\/einsiedeln\/\">Einsiedeln<\/a> - <a href=\"https:\/\/www.repairnstore.ch\/solothurn\/\">Solothurn<\/a>, -               <a href=\"https:\/\/www.repairnstore.ch\/thurgau\/\">Thurgovie<\/a> - <a href=\"https:\/\/www.repairnstore.ch\/ticino\/\">Tessin<\/a> - <a href=\"https:\/\/www.repairnstore.ch\/uri\/\">Uri<\/a> - <a href=\"https:\/\/www.repairnstore.ch\/vaud\/\">Vaud<\/a> - <a href=\"https:\/\/www.repairnstore.ch\/wallis\/\">Wallis<\/a> -     <a href=\"https:\/\/www.repairnstore.ch\/zug\/\">Zoug.<\/a><\/p><p>D\u00e8s que nous recevons votre colis, nous proc\u00e9dons imm\u00e9diatement \u00e0 l 'analyse des dommages afin de d\u00e9terminer quelles pi\u00e8ces doivent \u00eatre remplac\u00e9es. Les travaux \u00e0 effectuer sont document\u00e9s avec pr\u00e9cision et sont int\u00e9gr\u00e9s dans notre devis de mani\u00e8re d\u00e9taill\u00e9e. La r\u00e9alisation de l'analyse des dommages et l'\u00e9tablissement du devis ne vous co\u00fbtent rien. La plupart de nos clients nous confient la r\u00e9paration de leurs appareils , car nous proposons nos services \u00e0 des prix imbattables.<\/p><\/div><\/div><\/div><\/div><\/div><\/div><\/div><\/div><\/div><div class=\"fl-row fl-row-full-width fl-row-bg-none fl-node-vuowa59c1kiy fl-row-default-height fl-row-align-center\" data-node=\"vuowa59c1kiy\"><div class=\"fl-row-content-wrap\"><div class=\"fl-row-content fl-row-full-width fl-node-content\"><div class=\"fl-col-group fl-node-zpxy8vtgma1i\" data-node=\"zpxy8vtgma1i\"><div class=\"fl-col fl-node-d4gw5l60fnti fl-col-bg-color\" data-node=\"d4gw5l60fnti\"><div class=\"fl-col-content fl-node-content\"><div class=\"fl-module fl-module-rich-text fl-node-8eqostx6hu3j\" data-node=\"8eqostx6hu3j\"><div class=\"fl-module-content fl-node-content\"><div class=\"fl-rich-text\"><h2><strong>Google Pixel changer batterie!, faire changer batterie !, batterie gonfl\u00e9e? !, \u00e9cran qui se d\u00e9tache? !, r\u00e9paration \u00e9cran Google Pixel !, r\u00e9paration Google Pixel 6<br><\/strong><\/h2><p> <\/p><\/div><\/div><\/div><\/div><\/div><\/div><\/div><\/div><\/div><div class=\"fl-row fl-row-full-width fl-row-bg-none fl-node-rfqesb57okhn fl-row-default-height fl-row-align-center\" data-node=\"rfqesb57okhn\"><div class=\"fl-row-content-wrap\"><div class=\"fl-row-content fl-row-full-width fl-node-content\"><div class=\"fl-col-group fl-node-yk0mw9astrex\" data-node=\"yk0mw9astrex\"><div class=\"fl-col fl-node-q6r3v9hjapy8 fl-col-bg-color\" data-node=\"q6r3v9hjapy8\"><div class=\"fl-col-content fl-node-content\"><div class=\"fl-module fl-module-rich-text fl-node-8uqf3jchrd4o\" data-node=\"8uqf3jchrd4o\"><div class=\"fl-module-content fl-node-content\"><div class=\"fl-rich-text\"><div class=\"fl-col-group fl-node-5df861d185568\" data-node=\"5df861d185568\"><div class=\"fl-col fl-node-5df861d1855db\" data-node=\"5df861d1855db\"><div class=\"fl-col-content fl-node-content\"><div class=\"fl-module fl-module-callout fl-node-5e2f2ad01b778\" data-node=\"5e2f2ad01b778\"><div class=\"fl-module-content fl-node-content\"><div class=\"fl-callout fl-callout-center fl-callout-has-photo fl-callout-photo-above-title\"><div class=\"fl-callout-content\"><h2 class=\"fl-callout-title\"><span class=\"fl-callout-title-text\">R\u00e9parationsen ligne<\/span><\/h2><div class=\"fl-callout-text-wrap\"><div class=\"fl-callout-text\"><p><strong>Retourgratuit<\/strong><\/p><\/div><\/div><\/div><\/div><\/div><\/div><\/div><\/div><\/div><\/div><\/div><\/div><\/div><\/div><\/div><\/div><\/div><\/div><\/div><\/div><\/div><\/div><\/div><\/div><\/div><\/div><\/div><\/div><\/div><\/div><\/div><\/div><\/div><\/div><\/div><\/div><\/div>\n\t\t\t\t\t<\/div>\n\t\t\t\t\t\t<\/div>\n\t\t\t\t<\/div>\n\t\t\t\t\t<\/div>\n\t\t\t\t<\/div>\n\t\t\t\t<\/div>\n\t\t\n    <div class=\"xs_social_share_widget xs_share_url after_content \t\tmain_content  wslu-style-1 wslu-share-box-shaped wslu-fill-colored wslu-none wslu-share-horizontal wslu-theme-font-no wslu-main_content\">\n\n\t\t\n        <ul>\n\t\t\t        <\/ul>\n    <\/div> \n","protected":false},"excerpt":{"rendered":"<p>Google Pixel 9 Pro Pli\u00e9 Prix des r\u00e9parations : Google Pixel 9 Pro Remplacement de l&rsquo;\u00e9cran pli\u00e9 x.xx CHF Google<\/p>\n","protected":false},"author":1,"featured_media":0,"parent":30060,"menu_order":0,"comment_status":"closed","ping_status":"closed","template":"","meta":{"postBodyCss":"","postBodyMargin":[],"postBodyPadding":[],"postBodyBackground":{"backgroundType":"classic","gradient":""},"footnotes":""},"class_list":["post-30008","page","type-page","status-publish","hentry"],"yoast_head":"<!-- This site is optimized with the Yoast SEO Premium plugin v26.8 (Yoast SEO v27.3) - https:\/\/yoast.com\/product\/yoast-seo-premium-wordpress\/ -->\n<title>Google Pixel XL - repairandshop<\/title>\n<meta name=\"robots\" content=\"index, follow, max-snippet:-1, max-image-preview:large, max-video-preview:-1\" \/>\n<link rel=\"canonical\" href=\"https:\/\/repairandshop.ch\/fr\/xiaomi-redmi\/google-pixel-xl-2\/\" \/>\n<meta property=\"og:locale\" content=\"fr_FR\" \/>\n<meta property=\"og:type\" content=\"article\" \/>\n<meta property=\"og:title\" content=\"Google Pixel XL\" \/>\n<meta property=\"og:description\" content=\"Google Pixel 9 Pro Pli\u00e9 Prix des r\u00e9parations : Google Pixel 9 Pro Remplacement de l&rsquo;\u00e9cran pli\u00e9 x.xx CHF Google\" \/>\n<meta property=\"og:url\" content=\"https:\/\/repairandshop.ch\/fr\/xiaomi-redmi\/google-pixel-xl-2\/\" \/>\n<meta property=\"og:site_name\" content=\"repairandshop\" \/>\n<meta property=\"article:modified_time\" content=\"2025-07-25T21:44:52+00:00\" \/>\n<meta property=\"og:image\" content=\"https:\/\/repairandshop.ch\/wp-content\/uploads\/2025\/03\/google-pixel-pro-fold-reparatur-1.png\" \/>\n<meta name=\"twitter:card\" content=\"summary_large_image\" \/>\n<meta name=\"twitter:label1\" content=\"Dur\u00e9e de lecture estim\u00e9e\" \/>\n\t<meta name=\"twitter:data1\" content=\"2 minutes\" \/>\n<!-- \/ Yoast SEO Premium plugin. -->","yoast_head_json":{"title":"Google Pixel XL - repairandshop","robots":{"index":"index","follow":"follow","max-snippet":"max-snippet:-1","max-image-preview":"max-image-preview:large","max-video-preview":"max-video-preview:-1"},"canonical":"https:\/\/repairandshop.ch\/fr\/xiaomi-redmi\/google-pixel-xl-2\/","og_locale":"fr_FR","og_type":"article","og_title":"Google Pixel XL","og_description":"Google Pixel 9 Pro Pli\u00e9 Prix des r\u00e9parations : Google Pixel 9 Pro Remplacement de l&rsquo;\u00e9cran pli\u00e9 x.xx CHF Google","og_url":"https:\/\/repairandshop.ch\/fr\/xiaomi-redmi\/google-pixel-xl-2\/","og_site_name":"repairandshop","article_modified_time":"2025-07-25T21:44:52+00:00","og_image":[{"url":"https:\/\/repairandshop.ch\/wp-content\/uploads\/2025\/03\/google-pixel-pro-fold-reparatur-1.png","type":"","width":"","height":""}],"twitter_card":"summary_large_image","twitter_misc":{"Dur\u00e9e de lecture estim\u00e9e":"2 minutes"},"schema":{"@context":"https:\/\/schema.org","@graph":[{"@type":"WebPage","@id":"https:\/\/repairandshop.ch\/fr\/xiaomi-redmi\/google-pixel-xl-2\/","url":"https:\/\/repairandshop.ch\/fr\/xiaomi-redmi\/google-pixel-xl-2\/","name":"Google Pixel XL - repairandshop","isPartOf":{"@id":"https:\/\/repairandshop.ch\/fr\/#website"},"primaryImageOfPage":{"@id":"https:\/\/repairandshop.ch\/fr\/xiaomi-redmi\/google-pixel-xl-2\/#primaryimage"},"image":{"@id":"https:\/\/repairandshop.ch\/fr\/xiaomi-redmi\/google-pixel-xl-2\/#primaryimage"},"thumbnailUrl":"https:\/\/repairandshop.ch\/wp-content\/uploads\/2025\/03\/google-pixel-pro-fold-reparatur-1.png","datePublished":"2025-03-09T10:31:02+00:00","dateModified":"2025-07-25T21:44:52+00:00","breadcrumb":{"@id":"https:\/\/repairandshop.ch\/fr\/xiaomi-redmi\/google-pixel-xl-2\/#breadcrumb"},"inLanguage":"fr-FR","potentialAction":[{"@type":"ReadAction","target":["https:\/\/repairandshop.ch\/fr\/xiaomi-redmi\/google-pixel-xl-2\/"]}]},{"@type":"ImageObject","inLanguage":"fr-FR","@id":"https:\/\/repairandshop.ch\/fr\/xiaomi-redmi\/google-pixel-xl-2\/#primaryimage","url":"https:\/\/repairandshop.ch\/wp-content\/uploads\/2025\/03\/google-pixel-pro-fold-reparatur-1.png","contentUrl":"https:\/\/repairandshop.ch\/wp-content\/uploads\/2025\/03\/google-pixel-pro-fold-reparatur-1.png"},{"@type":"BreadcrumbList","@id":"https:\/\/repairandshop.ch\/fr\/xiaomi-redmi\/google-pixel-xl-2\/#breadcrumb","itemListElement":[{"@type":"ListItem","position":1,"name":"Home","item":"https:\/\/repairandshop.ch\/fr\/"},{"@type":"ListItem","position":2,"name":"Xiaomi Redmi","item":"https:\/\/repairandshop.ch\/fr\/xiaomi-redmi\/"},{"@type":"ListItem","position":3,"name":"Google Pixel XL"}]},{"@type":"WebSite","@id":"https:\/\/repairandshop.ch\/fr\/#website","url":"https:\/\/repairandshop.ch\/fr\/","name":"Repair And Shop","description":"","publisher":{"@id":"https:\/\/repairandshop.ch\/fr\/#organization"},"potentialAction":[{"@type":"SearchAction","target":{"@type":"EntryPoint","urlTemplate":"https:\/\/repairandshop.ch\/fr\/?s={search_term_string}"},"query-input":{"@type":"PropertyValueSpecification","valueRequired":true,"valueName":"search_term_string"}}],"inLanguage":"fr-FR"},{"@type":"Organization","@id":"https:\/\/repairandshop.ch\/fr\/#organization","name":"Repair And Shop","url":"https:\/\/repairandshop.ch\/fr\/","logo":{"@type":"ImageObject","inLanguage":"fr-FR","@id":"https:\/\/repairandshop.ch\/fr\/#\/schema\/logo\/image\/","url":"https:\/\/repairandshop.ch\/wp-content\/uploads\/2025\/02\/RepairandShop-Logo.png","contentUrl":"https:\/\/repairandshop.ch\/wp-content\/uploads\/2025\/02\/RepairandShop-Logo.png","width":834,"height":193,"caption":"Repair And Shop"},"image":{"@id":"https:\/\/repairandshop.ch\/fr\/#\/schema\/logo\/image\/"}}]}},"_links":{"self":[{"href":"https:\/\/repairandshop.ch\/fr\/wp-json\/wp\/v2\/pages\/30008","targetHints":{"allow":["GET"]}}],"collection":[{"href":"https:\/\/repairandshop.ch\/fr\/wp-json\/wp\/v2\/pages"}],"about":[{"href":"https:\/\/repairandshop.ch\/fr\/wp-json\/wp\/v2\/types\/page"}],"author":[{"embeddable":true,"href":"https:\/\/repairandshop.ch\/fr\/wp-json\/wp\/v2\/users\/1"}],"replies":[{"embeddable":true,"href":"https:\/\/repairandshop.ch\/fr\/wp-json\/wp\/v2\/comments?post=30008"}],"version-history":[{"count":0,"href":"https:\/\/repairandshop.ch\/fr\/wp-json\/wp\/v2\/pages\/30008\/revisions"}],"up":[{"embeddable":true,"href":"https:\/\/repairandshop.ch\/fr\/wp-json\/wp\/v2\/pages\/30060"}],"wp:attachment":[{"href":"https:\/\/repairandshop.ch\/fr\/wp-json\/wp\/v2\/media?parent=30008"}],"curies":[{"name":"wp","href":"https:\/\/api.w.org\/{rel}","templated":true}]}}