{"id":30181,"date":"2025-02-15T18:34:05","date_gmt":"2025-02-15T18:34:05","guid":{"rendered":"https:\/\/repairandshop.ch\/apporter-pour-reparation\/"},"modified":"2026-01-24T18:00:30","modified_gmt":"2026-01-24T18:00:30","slug":"apporter-pour-reparation","status":"publish","type":"page","link":"https:\/\/repairandshop.ch\/fr\/apporter-pour-reparation\/","title":{"rendered":"Apporter pour r\u00e9paration"},"content":{"rendered":"\t\t<div data-elementor-type=\"wp-page\" data-elementor-id=\"30181\" class=\"elementor elementor-30181 elementor-11509\" data-elementor-post-type=\"page\">\n\t\t\t\t<div class=\"wd-negative-gap elementor-element elementor-element-f4e44d0 e-flex e-con-boxed e-con e-parent\" data-id=\"f4e44d0\" data-element_type=\"container\" data-e-type=\"container\" data-settings=\"{&quot;_ha_eqh_enable&quot;:false}\">\n\t\t\t\t\t<div class=\"e-con-inner\">\n\t\t\t\t<div class=\"elementor-element elementor-element-a16b0ec elementor-widget elementor-widget-heading\" data-id=\"a16b0ec\" data-element_type=\"widget\" data-e-type=\"widget\" data-widget_type=\"heading.default\">\n\t\t\t\t<div class=\"elementor-widget-container\">\n\t\t\t\t\t<h2 class=\"elementor-heading-title elementor-size-default\">Apporter pour r\u00e9paration<\/h2>\t\t\t\t<\/div>\n\t\t\t\t<\/div>\n\t\t\t\t\t<\/div>\n\t\t\t\t<\/div>\n\t\t<div class=\"wd-negative-gap elementor-element elementor-element-d181deb e-flex e-con-boxed e-con e-parent\" data-id=\"d181deb\" data-element_type=\"container\" data-e-type=\"container\" data-settings=\"{&quot;_ha_eqh_enable&quot;:false}\">\n\t\t\t\t\t<div class=\"e-con-inner\">\n\t\t\t\t<div class=\"elementor-element elementor-element-fcaa55e elementor-widget elementor-widget-shortcode\" data-id=\"fcaa55e\" data-element_type=\"widget\" data-e-type=\"widget\" data-widget_type=\"shortcode.default\">\n\t\t\t\t<div class=\"elementor-widget-container\">\n\t\t\t\t\t\t\t<div class=\"elementor-shortcode\"><style type=\"text\/css\">\n   #asl-storelocator.asl-cont.asl-template-4 .asl-wrapper .asl-top-area  > .pol-lg-12 .Filter_section .search_btn_box .sl-search-btn {margin-bottom: 1.5rem;}\n   body #asl-storelocator.asl-cont.asl-template-4 {--sl-font-size: 18px;--sl-title-size: 15px;--sl-btn-size: 13px;--sl-primary: #004aad;--sl-header: #F7F7F7;--sl-header-color: #32373c;--sl-infobox-color: #555d66;--sl-infobox-bg: #FFFFFF;--sl-infobox-a: #004aad;--sl-action-btn-color: #FFFFFF;--sl-action-btn-bg: #004aad;--sl-color: #555d66;--sl-list-bg: #FFFFFF;--sl-list-title: #32373c;--sl-list-sub-title: #6a6a6a;--sl-highlighted: #F7F7F7;}<\/style>\n<section id=\"asl-storelocator\" class=\"asl-cont asl-template-4 asl-layout-0 asl-bg-0  asl-text-1\">\n        <div class=\"asl-overlay\" id=\"map-loading\">\n        <div class=\"white\"><\/div>\n        <div class=\"sl-loading\">\n          <i class=\"animate-sl-spin icon-spin3\"><\/i>\n          Chargement...        <\/div>\n    <\/div>\n     <div class=\"asl-wrapper\">\n         <div class=\"sl-container\">\n            <div class=\"sl-row asl-top-area\">\n               <div class=\"pol-md-6 pol-lg-6\">\n                  <div class=\"Filter_section\">\n                    <div class=\"search_filter\">\n                       <label for=\"auto-complete-search\" class=\"asl-filter-top-title\">Search Your Nearest Location<\/label>\n                       <div class=\"sl-search-group\">\n                          <input type=\"text\" value=\"\" data-submit=\"disable\" id=\"auto-complete-search\" placeholder=\"Emplacement de recherche\"  class=\"asl-search-address isp_ignore\">\n                          <button aria-label=\"Emplacement de recherche\" title=\"Emplacement de recherche\" type=\"button\" class=\"span-geo\"><i class=\"asl-geo icon-direction-outline\" title=\"Current Location\"><\/i><\/button>\n                       <\/div>\n                    <\/div>\n                    <div class=\"asl-advance-filters hide\">\n                       <div class=\"sl-row\">\n                                                                                                        <div class=\"pol-lg-6 pol-md-12 pol-sm-6 col-12 range_filter hide asl-ddl-filters\">\n                             <div class=\"asl-filter-cntrl rangeFilter\">\n                                <label class=\"asl-cntrl-lbl\">Plage de distances<\/label>\n                                <input id=\"asl-radius-slide\" type=\"text\" class=\"span2\" \/>\n                                <span class=\"rad-unit\">Rayon: <span id=\"asl-radius-input\"><\/span> <span id=\"asl-dist-unit\">Km<\/span><\/span>\n                             <\/div>\n                          <\/div>\n                          <div class=\"pol-lg-6 pol-md-12 pol-sm-6 col-12 Status_filter\">\n                             <div class=\"asl-filter-cntrl\">\n                                <label class=\"asl-cntrl-lbl\">Statut<\/label>\n                                <div class=\"onoffswitch\">\n                                   <input type=\"checkbox\" name=\"onoffswitch\" class=\"onoffswitch-checkbox\" id=\"asl-open-close\" checked>\n                                   <label aria-label=\"Opened Stores\" title=\"Opened Stores\" class=\"onoffswitch-label\" for=\"asl-open-close\">\n                                     <span class=\"onoffswitch-inner\"><\/span>\n                                     <span class=\"onoffswitch-switch\"><\/span>\n                                   <\/label>\n                                <\/div>\n                             <\/div>\n                          <\/div>\n                          \n                       <\/div>\n                    <\/div>\n                    <div class=\"d-md-flex search_btn_box mb-3 mb-md-0\">\n                        <button type=\"button\" title=\"Emplacement de recherche\" class=\"icon-search sl-search-btn\">Recherche<\/button>\n                        <button type=\"button\" title=\"Reset Map\" class=\"ml-0 ml-md-2 asl-reset-btn\">Reset Map<\/button>\n                    <\/div>\n                  <\/div>\n               <\/div>\n               <div class=\"pol-md-6 pol-lg-6\">\n                  <div class=\"asl-map\">\n                    <div class=\"map-image\">\n                       <div id=\"asl-map-canv\" class=\"asl-map-canv\"><\/div>\n                        <div id=\"agile-modal-direction\" class=\"agile-modal fade\">\n    <div class=\"agile-modal-backdrop-in\"><\/div>\n    <div class=\"agile-modal-dialog in\">\n        <div class=\"agile-modal-content\">\n            <div class=\"sl-form-group d-flex justify-content-between\">\n                <h4 >OBTENIR DES DIRECTIONS<\/h4>\n                <button type=\"button\" class=\"close-directions sl-close\" data-dismiss=\"agile-modal\" aria-label=\"Close\">&times;<\/button>\n            <\/div>\n            <div class=\"sl-form-group\">\n                <label for=\"frm-lbl\">Depuis:<\/label>\n                <input type=\"text\" class=\"form-control frm-place\" id=\"frm-lbl\" placeholder=\"Entrez un lieu\">\n            <\/div>\n            <div class=\"sl-form-group\">\n                <label for=\"to-lbl\">Pour:<\/label>\n                <input readonly=\"true\" type=\"text\"  class=\"directions-to form-control\" id=\"to-lbl\" placeholder=\"Adresse de destination pr\u00e9remplie\">\n            <\/div>\n            <div class=\"sl-form-group mb-0\">\n                <label for=\"rbtn-km\" class=\"checkbox-inline\">\n                    <input type=\"radio\" name=\"dist-type\"  id=\"rbtn-km\" value=\"0\"> Km                <\/label>\n                <label for=\"rbtn-mile\" class=\"checkbox-inline\">\n                    <input type=\"radio\" name=\"dist-type\" checked id=\"rbtn-mile\" value=\"1\"> Milles                <\/label>\n            <\/div>\n            <div class=\"sl-form-group mb-0\">\n                <button type=\"submit\" class=\"btn btn-default btn-submit\">OBTENIR DES DIRECTIONS<\/button>\n            <\/div>\n        <\/div>\n    <\/div>\n<\/div>\n\n<div id=\"asl-geolocation-agile-modal\" class=\"agile-modal fade\">\n  <div class=\"agile-modal-backdrop-in\"><\/div>\n  <div class=\"agile-modal-dialog in\">\n    <div class=\"agile-modal-content\">\n            <div class=\"sl-form-group d-flex justify-content-between\">\n        <h5>Utilisez ma position pour trouver le fournisseur de services le plus proche de chez moi<\/h5>\n        <button type=\"button\" class=\"close-directions sl-close\" data-dismiss=\"agile-modal\" aria-label=\"Close\">&times;<\/button>\n      <\/div>\n      <div class=\"sl-form-group text-center mb-0\">\n        <button type=\"button\" id=\"asl-btn-geolocation\" class=\"btn btn-block btn-default\">UTILISER L&#039;EMPLACEMENT<\/button>\n      <\/div>\n          <\/div>\n  <\/div>\n<\/div>\n\n<div id=\"asl-desc-agile-modal\" class=\"agile-modal fade\">\n  <div class=\"agile-modal-backdrop-in\"><\/div>\n  <div class=\"agile-modal-dialog in\">\n    <div class=\"agile-modal-content\">\n      <div class=\"sl-row\">\n        <div class=\"pol-md-12\">\n          <div class=\"sl-form-group d-flex justify-content-between\">\n            <h4 class=\"sl-title\">Description<\/h4>\n            <button type=\"button\" class=\"close-directions sl-close\" data-dismiss=\"agile-modal\" aria-label=\"Close\">&times;<\/button>\n          <\/div>\n          <div class=\"sl-desc\"><\/div>\n        <\/div>\n      <\/div>\n    <\/div>\n  <\/div>\n<\/div>                    <\/div>\n                  <\/div>\n               <\/div>\n            <\/div>\n            <div class=\"sl-row\">\n               <div class=\"pol-12\">\n                  <div class=\"sl-main-cont\">\n                     <div id=\"asl-panel\" class=\"sl-main-row\">\n                        <div id=\"asl-list\" class=\"asl-panel\">\n                           <div class=\"asl-panel-inner\">\n                                <div class=\"Num_of_store pb-3\">\n                                  <span class=\"count-result-text\">Number Of Shops: <span class=\"count-result\">0<\/span><\/span>\n                                                                      <a class=\"asl-print-btn\" aria-label=\"PRINT\"><span>PRINT<\/span><span class=\"asl-print\"><\/span><\/a>\n                                                                  <\/div>\n                              <div class=\"sl-main-cont-box\">\n                                 <div class=\"sl-list-wrapper\">\n                                    <ul id=\"p-statelist\" class=\"sl-list sl-row panel-inner\">\n                                    <\/ul>\n                                 <\/div>\n                              <\/div>\n                           <\/div>\n                           <div class=\"directions-cont hide\">\n                              <div class=\"agile-modal-header\">\n                                 <button type=\"button\" class=\"close\"><span aria-hidden=\"true\">\u00d7<\/span><\/button>\n                                 <h4>Direction du magasin<\/h4>\n                              <\/div>\n                              <div class=\"rendered-directions\" id=\"asl-rendered-dir\" style=\"direction: ltr;\"><\/div>\n                           <\/div>\n                        <\/div>\n                     <\/div>\n                  <\/div>\n               <\/div>\n            <\/div>\n         <\/div>\n      <\/div>\n<\/section>\n<!-- This plugin is developed by \"Agile Store Locator for WordPress\" https:\/\/agilestorelocator.com --><\/div>\n\t\t\t\t\t\t<\/div>\n\t\t\t\t<\/div>\n\t\t\t\t\t<\/div>\n\t\t\t\t<\/div>\n\t\t<div class=\"wd-negative-gap elementor-element elementor-element-89b0855 e-flex e-con-boxed e-con e-parent\" data-id=\"89b0855\" data-element_type=\"container\" data-e-type=\"container\" data-settings=\"{&quot;_ha_eqh_enable&quot;:false}\">\n\t\t\t\t\t<div class=\"e-con-inner\">\n\t\t\t\t<div class=\"elementor-element elementor-element-df6a515 elementor-widget elementor-widget-html\" data-id=\"df6a515\" data-element_type=\"widget\" data-e-type=\"widget\" data-widget_type=\"html.default\">\n\t\t\t\t<div class=\"elementor-widget-container\">\n\t\t\t\t\t<!-- MIXED CONTENT SECTION -->\r\n<div style=\"font-family:Arial, sans-serif; color:#1A1A1A;\">\r\n\r\n  <!-- OUTSIDE LOCATIONS -->\r\n  <section style=\"background:#F5F9FF; padding:50px 20px;\">\r\n    <div style=\"max-width:1100px; margin:auto;\">\r\n      <h2 style=\"color:#1E6BFF; font-size:28px; margin-bottom:10px;\">\r\n        Pour les clients en dehors de nos emplacements\r\n      <\/h2>\r\n\r\n      <p style=\"font-size:16px; color:#444; line-height:1.6; max-width:900px;\">\r\n        Vous n\u2019habitez pas pr\u00e8s de l\u2019une de nos boutiques ? Aucun souci !  \r\n        Gr\u00e2ce \u00e0 notre <strong>service de r\u00e9paration par envoi postal<\/strong> disponible dans toute la Suisse,  \r\n        vous pouvez envoyer votre appareil facilement depuis votre domicile.  \r\n        Nos techniciens effectuent la r\u00e9paration en <strong>24\u201348 heures<\/strong> et vous renvoient votre appareil  \r\n        en toute s\u00e9curit\u00e9 apr\u00e8s la r\u00e9paration.\r\n      <\/p>\r\n\r\n      <ul style=\"margin-top:15px; padding-left:18px; font-size:15px; color:#333;\">\r\n        <li>\u2714 Envoyez votre appareil en toute s\u00e9curit\u00e9 par la poste<\/li>\r\n        <li>\u2714 R\u00e9paration rapide en 24\u201348 heures<\/li>\r\n        <li>\u2714 Retour directement \u00e0 votre domicile<\/li>\r\n      <\/ul>\r\n\r\n      <a href=\"https:\/\/repairandshop.ch\/fr\/envoyer-pour-reparation\/\"\r\n         style=\"display:inline-block; margin-top:20px; padding:14px 30px;\r\n                background:#1E6BFF; color:#fff; text-decoration:none;\r\n                border-radius:6px; font-weight:600; font-size:15px;\">\r\n        D\u00e9marrer une r\u00e9paration par envoi postal\r\n      <\/a>\r\n    <\/div>\r\n  <\/section>\r\n\r\n\r\n  <!-- MIXED \"WHY WE ARE BEST + IRP + WARRANTY\" -->\r\n  <section style=\"padding:60px 20px; max-width:1100px; margin:auto;\">\r\n    <h2 style=\"color:#1E6BFF; font-size:28px; margin-bottom:25px;\">\r\n      Pourquoi Repair & Shop est le meilleur choix\r\n    <\/h2>\r\n\r\n    <p style=\"font-size:16px; color:#444; line-height:1.6; max-width:900px;\">\r\n      Repair & Shop repr\u00e9sente la <strong>qualit\u00e9 suisse, la transparence et des r\u00e9parations certifi\u00e9es<\/strong>.  \r\n      En tant que <strong>Apple Independent Repair Provider (IRP)<\/strong>, nous utilisons exclusivement  \r\n      <strong>des pi\u00e8ces d\u2019origine Apple<\/strong> ainsi que les outils de diagnostic officiels Apple.  \r\n      Cela garantit une s\u00e9curit\u00e9 maximale, une compatibilit\u00e9 parfaite et une fiabilit\u00e9 durable \u2013  \r\n      exactement comme le pr\u00e9voit le fabricant.\r\n    <\/p>\r\n\r\n    <div style=\"display:grid; grid-template-columns:repeat(auto-fit,minmax(260px,1fr)); gap:20px; margin-top:30px;\">\r\n      <div style=\"padding:20px; border:1px solid #e5e5e5; border-radius:8px;\">\u2714 Apple Independent Repair Provider (IRP)<\/div>\r\n      <div style=\"padding:20px; border:1px solid #e5e5e5; border-radius:8px;\">\u2714 Pi\u00e8ces d\u2019origine & techniciens certifi\u00e9s<\/div>\r\n      <div style=\"padding:20px; border:1px solid #e5e5e5; border-radius:8px;\">\u2714 R\u00e9parations souvent le jour m\u00eame<\/div>\r\n      <div style=\"padding:20px; border:1px solid #e5e5e5; border-radius:8px;\">\u2714 Prix justes & transparents<\/div>\r\n      <div style=\"padding:20px; border:1px solid #e5e5e5; border-radius:8px;\">\u2714 Plus de 50 000 appareils r\u00e9par\u00e9s avec succ\u00e8s<\/div>\r\n      <div style=\"padding:20px; border:1px solid #e5e5e5; border-radius:8px;\">\u2714 Qualit\u00e9 suisse & satisfaction client<\/div>\r\n    <\/div>\r\n\r\n    <h3 style=\"color:#1E6BFF; font-size:24px; margin-top:40px;\">\r\n      \ud83c\udf4f Apple IRP \u2013 Qualit\u00e9 originale garantie\r\n    <\/h3>\r\n    <p style=\"font-size:16px; color:#444; line-height:1.6; max-width:900px;\">\r\n      En tant que partenaire IRP officiel, nous travaillons selon les m\u00eames standards qu\u2019Apple.  \r\n      Cela signifie : <strong>pi\u00e8ces d\u2019origine, outils officiels, processus contr\u00f4l\u00e9s<\/strong>  \r\n      et un niveau maximal de s\u00e9curit\u00e9 pour votre appareil.\r\n    <\/p>\r\n\r\n    <h3 style=\"color:#1E6BFF; font-size:24px; margin-top:30px;\">\r\n      Garantie & engagement de service\r\n    <\/h3>\r\n    <ul style=\"margin-top:10px; padding-left:18px; font-size:15px; color:#333;\">\r\n      <li>\u2714 180 jours \u00e0 12 mois de garantie sur les r\u00e9parations<\/li>\r\n      <li>\u2714 Contr\u00f4le qualit\u00e9 avant & apr\u00e8s chaque r\u00e9paration<\/li>\r\n      <li>\u2714 Protection des donn\u00e9es \u2013 aucun acc\u00e8s \u00e0 vos informations personnelles<\/li>\r\n      <li>\u2714 Pas de r\u00e9paration \u2013 pas de frais<\/li>\r\n    <\/ul>\r\n  <\/section>\r\n\r\n<\/div>\r\n\t\t\t\t<\/div>\n\t\t\t\t<\/div>\n\t\t\t\t\t<\/div>\n\t\t\t\t<\/div>\n\t\t\t\t<\/div>\n\t\t\n    <div class=\"xs_social_share_widget xs_share_url after_content \t\tmain_content  wslu-style-1 wslu-share-box-shaped wslu-fill-colored wslu-none wslu-share-horizontal wslu-theme-font-no wslu-main_content\">\n\n\t\t\n        <ul>\n\t\t\t        <\/ul>\n    <\/div> \n","protected":false},"excerpt":{"rendered":"<p>Apporter pour r\u00e9paration Pour les clients en dehors de nos emplacements Vous n\u2019habitez pas pr\u00e8s de l\u2019une de nos boutiques<\/p>\n","protected":false},"author":1,"featured_media":0,"parent":0,"menu_order":0,"comment_status":"closed","ping_status":"closed","template":"","meta":{"postBodyCss":"","postBodyMargin":[],"postBodyPadding":[],"postBodyBackground":{"backgroundType":"classic","gradient":""},"footnotes":""},"class_list":["post-30181","page","type-page","status-publish","hentry"],"yoast_head":"<!-- This site is optimized with the Yoast SEO Premium plugin v26.8 (Yoast SEO v27.3) - https:\/\/yoast.com\/product\/yoast-seo-premium-wordpress\/ -->\n<title>Apporter pour r\u00e9paration - repairandshop<\/title>\n<meta name=\"robots\" content=\"index, follow, max-snippet:-1, max-image-preview:large, max-video-preview:-1\" \/>\n<link rel=\"canonical\" href=\"https:\/\/repairandshop.ch\/fr\/apporter-pour-reparation\/\" \/>\n<meta property=\"og:locale\" content=\"fr_FR\" \/>\n<meta property=\"og:type\" content=\"article\" \/>\n<meta property=\"og:title\" content=\"Apporter pour r\u00e9paration\" \/>\n<meta property=\"og:description\" content=\"Apporter pour r\u00e9paration Pour les clients en dehors de nos emplacements Vous n\u2019habitez pas pr\u00e8s de l\u2019une de nos boutiques\" \/>\n<meta property=\"og:url\" content=\"https:\/\/repairandshop.ch\/fr\/apporter-pour-reparation\/\" \/>\n<meta property=\"og:site_name\" content=\"repairandshop\" \/>\n<meta property=\"article:modified_time\" content=\"2026-01-24T18:00:30+00:00\" \/>\n<meta name=\"twitter:card\" content=\"summary_large_image\" \/>\n<meta name=\"twitter:label1\" content=\"Dur\u00e9e de lecture estim\u00e9e\" \/>\n\t<meta name=\"twitter:data1\" content=\"2 minutes\" \/>\n<!-- \/ Yoast SEO Premium plugin. -->","yoast_head_json":{"title":"Apporter pour r\u00e9paration - repairandshop","robots":{"index":"index","follow":"follow","max-snippet":"max-snippet:-1","max-image-preview":"max-image-preview:large","max-video-preview":"max-video-preview:-1"},"canonical":"https:\/\/repairandshop.ch\/fr\/apporter-pour-reparation\/","og_locale":"fr_FR","og_type":"article","og_title":"Apporter pour r\u00e9paration","og_description":"Apporter pour r\u00e9paration Pour les clients en dehors de nos emplacements Vous n\u2019habitez pas pr\u00e8s de l\u2019une de nos boutiques","og_url":"https:\/\/repairandshop.ch\/fr\/apporter-pour-reparation\/","og_site_name":"repairandshop","article_modified_time":"2026-01-24T18:00:30+00:00","twitter_card":"summary_large_image","twitter_misc":{"Dur\u00e9e de lecture estim\u00e9e":"2 minutes"},"schema":{"@context":"https:\/\/schema.org","@graph":[{"@type":"WebPage","@id":"https:\/\/repairandshop.ch\/fr\/apporter-pour-reparation\/","url":"https:\/\/repairandshop.ch\/fr\/apporter-pour-reparation\/","name":"Apporter pour r\u00e9paration - repairandshop","isPartOf":{"@id":"https:\/\/repairandshop.ch\/fr\/#website"},"datePublished":"2025-02-15T18:34:05+00:00","dateModified":"2026-01-24T18:00:30+00:00","breadcrumb":{"@id":"https:\/\/repairandshop.ch\/fr\/apporter-pour-reparation\/#breadcrumb"},"inLanguage":"fr-FR","potentialAction":[{"@type":"ReadAction","target":["https:\/\/repairandshop.ch\/fr\/apporter-pour-reparation\/"]}]},{"@type":"BreadcrumbList","@id":"https:\/\/repairandshop.ch\/fr\/apporter-pour-reparation\/#breadcrumb","itemListElement":[{"@type":"ListItem","position":1,"name":"Home","item":"https:\/\/repairandshop.ch\/fr\/"},{"@type":"ListItem","position":2,"name":"Apporter pour r\u00e9paration"}]},{"@type":"WebSite","@id":"https:\/\/repairandshop.ch\/fr\/#website","url":"https:\/\/repairandshop.ch\/fr\/","name":"Repair And Shop","description":"","publisher":{"@id":"https:\/\/repairandshop.ch\/fr\/#organization"},"potentialAction":[{"@type":"SearchAction","target":{"@type":"EntryPoint","urlTemplate":"https:\/\/repairandshop.ch\/fr\/?s={search_term_string}"},"query-input":{"@type":"PropertyValueSpecification","valueRequired":true,"valueName":"search_term_string"}}],"inLanguage":"fr-FR"},{"@type":"Organization","@id":"https:\/\/repairandshop.ch\/fr\/#organization","name":"Repair And Shop","url":"https:\/\/repairandshop.ch\/fr\/","logo":{"@type":"ImageObject","inLanguage":"fr-FR","@id":"https:\/\/repairandshop.ch\/fr\/#\/schema\/logo\/image\/","url":"https:\/\/repairandshop.ch\/wp-content\/uploads\/2025\/02\/RepairandShop-Logo.png","contentUrl":"https:\/\/repairandshop.ch\/wp-content\/uploads\/2025\/02\/RepairandShop-Logo.png","width":834,"height":193,"caption":"Repair And Shop"},"image":{"@id":"https:\/\/repairandshop.ch\/fr\/#\/schema\/logo\/image\/"}}]}},"_links":{"self":[{"href":"https:\/\/repairandshop.ch\/fr\/wp-json\/wp\/v2\/pages\/30181","targetHints":{"allow":["GET"]}}],"collection":[{"href":"https:\/\/repairandshop.ch\/fr\/wp-json\/wp\/v2\/pages"}],"about":[{"href":"https:\/\/repairandshop.ch\/fr\/wp-json\/wp\/v2\/types\/page"}],"author":[{"embeddable":true,"href":"https:\/\/repairandshop.ch\/fr\/wp-json\/wp\/v2\/users\/1"}],"replies":[{"embeddable":true,"href":"https:\/\/repairandshop.ch\/fr\/wp-json\/wp\/v2\/comments?post=30181"}],"version-history":[{"count":3,"href":"https:\/\/repairandshop.ch\/fr\/wp-json\/wp\/v2\/pages\/30181\/revisions"}],"predecessor-version":[{"id":61342,"href":"https:\/\/repairandshop.ch\/fr\/wp-json\/wp\/v2\/pages\/30181\/revisions\/61342"}],"wp:attachment":[{"href":"https:\/\/repairandshop.ch\/fr\/wp-json\/wp\/v2\/media?parent=30181"}],"curies":[{"name":"wp","href":"https:\/\/api.w.org\/{rel}","templated":true}]}}