{"id":70026,"date":"2026-03-10T10:52:02","date_gmt":"2026-03-10T10:52:02","guid":{"rendered":"https:\/\/repairandshop.ch\/reparation-samsung-galaxy-z-flip-7-fe\/"},"modified":"2026-03-10T10:52:02","modified_gmt":"2026-03-10T10:52:02","slug":"reparation-samsung-galaxy-z-flip-7-fe","status":"publish","type":"page","link":"https:\/\/repairandshop.ch\/fr\/reparation-samsung-galaxy-z-flip-7-fe\/","title":{"rendered":"R\u00e9paration Samsung Galaxy Z Flip 7 FE"},"content":{"rendered":"\n    <div class=\"xs_social_share_widget xs_share_url after_content \t\tmain_content  wslu-style-1 wslu-share-box-shaped wslu-fill-colored wslu-none wslu-share-horizontal wslu-theme-font-no wslu-main_content\">\n\n\t\t\n        <ul>\n\t\t\t        <\/ul>\n    <\/div> \n","protected":false},"excerpt":{"rendered":"","protected":false},"author":4,"featured_media":70021,"parent":0,"menu_order":0,"comment_status":"closed","ping_status":"closed","template":"","meta":{"postBodyCss":"","postBodyMargin":[],"postBodyPadding":[],"postBodyBackground":{"backgroundType":"classic","gradient":""},"footnotes":""},"class_list":["post-70026","page","type-page","status-publish","has-post-thumbnail","hentry"],"yoast_head":"<!-- This site is optimized with the Yoast SEO Premium plugin v26.8 (Yoast SEO v27.3) - https:\/\/yoast.com\/product\/yoast-seo-premium-wordpress\/ -->\n<title>R\u00e9paration Samsung Galaxy Z Flip 7 FE<\/title>\n<meta name=\"description\" content=\"R\u00e9paration Samsung Galaxy Z Flip 7 FE (SM\u2011F761B) en Suisse. Remplacement rapide de l\u2019\u00e9cran, batterie, cam\u00e9ra et port de charge par des techniciens exp\u00e9riment\u00e9s. Prenez rendez-vous en ligne.\" \/>\n<meta name=\"robots\" content=\"index, follow, max-snippet:-1, max-image-preview:large, max-video-preview:-1\" \/>\n<link rel=\"canonical\" href=\"https:\/\/repairandshop.ch\/fr\/reparation-samsung-galaxy-z-flip-7-fe\/\" \/>\n<meta property=\"og:locale\" content=\"fr_FR\" \/>\n<meta property=\"og:type\" content=\"article\" \/>\n<meta property=\"og:title\" content=\"R\u00e9paration Samsung Galaxy Z Flip 7 FE\" \/>\n<meta property=\"og:description\" content=\"R\u00e9paration Samsung Galaxy Z Flip 7 FE (SM\u2011F761B) en Suisse. Remplacement rapide de l\u2019\u00e9cran, batterie, cam\u00e9ra et port de charge par des techniciens exp\u00e9riment\u00e9s. Prenez rendez-vous en ligne.\" \/>\n<meta property=\"og:url\" content=\"https:\/\/repairandshop.ch\/fr\/reparation-samsung-galaxy-z-flip-7-fe\/\" \/>\n<meta property=\"og:site_name\" content=\"repairandshop\" \/>\n<meta property=\"og:image\" content=\"https:\/\/repairandshop.ch\/wp-content\/uploads\/2026\/03\/Samsung-Galaxy-Z-Flip-7-FE-SM\u2011F761B.webp\" \/>\n\t<meta property=\"og:image:width\" content=\"1000\" \/>\n\t<meta property=\"og:image:height\" content=\"1000\" \/>\n\t<meta property=\"og:image:type\" content=\"image\/webp\" \/>\n<meta name=\"twitter:card\" content=\"summary_large_image\" \/>\n<!-- \/ Yoast SEO Premium plugin. -->","yoast_head_json":{"title":"R\u00e9paration Samsung Galaxy Z Flip 7 FE","description":"R\u00e9paration Samsung Galaxy Z Flip 7 FE (SM\u2011F761B) en Suisse. Remplacement rapide de l\u2019\u00e9cran, batterie, cam\u00e9ra et port de charge par des techniciens exp\u00e9riment\u00e9s. Prenez rendez-vous en ligne.","robots":{"index":"index","follow":"follow","max-snippet":"max-snippet:-1","max-image-preview":"max-image-preview:large","max-video-preview":"max-video-preview:-1"},"canonical":"https:\/\/repairandshop.ch\/fr\/reparation-samsung-galaxy-z-flip-7-fe\/","og_locale":"fr_FR","og_type":"article","og_title":"R\u00e9paration Samsung Galaxy Z Flip 7 FE","og_description":"R\u00e9paration Samsung Galaxy Z Flip 7 FE (SM\u2011F761B) en Suisse. Remplacement rapide de l\u2019\u00e9cran, batterie, cam\u00e9ra et port de charge par des techniciens exp\u00e9riment\u00e9s. Prenez rendez-vous en ligne.","og_url":"https:\/\/repairandshop.ch\/fr\/reparation-samsung-galaxy-z-flip-7-fe\/","og_site_name":"repairandshop","og_image":[{"width":1000,"height":1000,"url":"https:\/\/repairandshop.ch\/wp-content\/uploads\/2026\/03\/Samsung-Galaxy-Z-Flip-7-FE-SM\u2011F761B.webp","type":"image\/webp"}],"twitter_card":"summary_large_image","schema":{"@context":"https:\/\/schema.org","@graph":[{"@type":"WebPage","@id":"https:\/\/repairandshop.ch\/fr\/reparation-samsung-galaxy-z-flip-7-fe\/","url":"https:\/\/repairandshop.ch\/fr\/reparation-samsung-galaxy-z-flip-7-fe\/","name":"R\u00e9paration Samsung Galaxy Z Flip 7 FE","isPartOf":{"@id":"https:\/\/repairandshop.ch\/fr\/#website"},"primaryImageOfPage":{"@id":"https:\/\/repairandshop.ch\/fr\/reparation-samsung-galaxy-z-flip-7-fe\/#primaryimage"},"image":{"@id":"https:\/\/repairandshop.ch\/fr\/reparation-samsung-galaxy-z-flip-7-fe\/#primaryimage"},"thumbnailUrl":"https:\/\/repairandshop.ch\/wp-content\/uploads\/2026\/03\/Samsung-Galaxy-Z-Flip-7-FE-SM\u2011F761B.webp","datePublished":"2026-03-10T10:52:02+00:00","description":"R\u00e9paration Samsung Galaxy Z Flip 7 FE (SM\u2011F761B) en Suisse. Remplacement rapide de l\u2019\u00e9cran, batterie, cam\u00e9ra et port de charge par des techniciens exp\u00e9riment\u00e9s. Prenez rendez-vous en ligne.","breadcrumb":{"@id":"https:\/\/repairandshop.ch\/fr\/reparation-samsung-galaxy-z-flip-7-fe\/#breadcrumb"},"inLanguage":"fr-FR","potentialAction":[{"@type":"ReadAction","target":["https:\/\/repairandshop.ch\/fr\/reparation-samsung-galaxy-z-flip-7-fe\/"]}]},{"@type":"ImageObject","inLanguage":"fr-FR","@id":"https:\/\/repairandshop.ch\/fr\/reparation-samsung-galaxy-z-flip-7-fe\/#primaryimage","url":"https:\/\/repairandshop.ch\/wp-content\/uploads\/2026\/03\/Samsung-Galaxy-Z-Flip-7-FE-SM\u2011F761B.webp","contentUrl":"https:\/\/repairandshop.ch\/wp-content\/uploads\/2026\/03\/Samsung-Galaxy-Z-Flip-7-FE-SM\u2011F761B.webp","width":1000,"height":1000,"caption":"Samsung Galaxy Z Flip 7 FE (SM\u2011F761B)"},{"@type":"BreadcrumbList","@id":"https:\/\/repairandshop.ch\/fr\/reparation-samsung-galaxy-z-flip-7-fe\/#breadcrumb","itemListElement":[{"@type":"ListItem","position":1,"name":"Home","item":"https:\/\/repairandshop.ch\/fr\/"},{"@type":"ListItem","position":2,"name":"R\u00e9paration Samsung Galaxy Z Flip 7 FE"}]},{"@type":"WebSite","@id":"https:\/\/repairandshop.ch\/fr\/#website","url":"https:\/\/repairandshop.ch\/fr\/","name":"Repair And Shop","description":"","publisher":{"@id":"https:\/\/repairandshop.ch\/fr\/#organization"},"potentialAction":[{"@type":"SearchAction","target":{"@type":"EntryPoint","urlTemplate":"https:\/\/repairandshop.ch\/fr\/?s={search_term_string}"},"query-input":{"@type":"PropertyValueSpecification","valueRequired":true,"valueName":"search_term_string"}}],"inLanguage":"fr-FR"},{"@type":"Organization","@id":"https:\/\/repairandshop.ch\/fr\/#organization","name":"Repair And Shop","url":"https:\/\/repairandshop.ch\/fr\/","logo":{"@type":"ImageObject","inLanguage":"fr-FR","@id":"https:\/\/repairandshop.ch\/fr\/#\/schema\/logo\/image\/","url":"https:\/\/repairandshop.ch\/wp-content\/uploads\/2025\/02\/RepairandShop-Logo.png","contentUrl":"https:\/\/repairandshop.ch\/wp-content\/uploads\/2025\/02\/RepairandShop-Logo.png","width":834,"height":193,"caption":"Repair And Shop"},"image":{"@id":"https:\/\/repairandshop.ch\/fr\/#\/schema\/logo\/image\/"}}]}},"_links":{"self":[{"href":"https:\/\/repairandshop.ch\/fr\/wp-json\/wp\/v2\/pages\/70026","targetHints":{"allow":["GET"]}}],"collection":[{"href":"https:\/\/repairandshop.ch\/fr\/wp-json\/wp\/v2\/pages"}],"about":[{"href":"https:\/\/repairandshop.ch\/fr\/wp-json\/wp\/v2\/types\/page"}],"author":[{"embeddable":true,"href":"https:\/\/repairandshop.ch\/fr\/wp-json\/wp\/v2\/users\/4"}],"replies":[{"embeddable":true,"href":"https:\/\/repairandshop.ch\/fr\/wp-json\/wp\/v2\/comments?post=70026"}],"version-history":[{"count":0,"href":"https:\/\/repairandshop.ch\/fr\/wp-json\/wp\/v2\/pages\/70026\/revisions"}],"wp:featuredmedia":[{"embeddable":true,"href":"https:\/\/repairandshop.ch\/fr\/wp-json\/wp\/v2\/media\/70021"}],"wp:attachment":[{"href":"https:\/\/repairandshop.ch\/fr\/wp-json\/wp\/v2\/media?parent=70026"}],"curies":[{"name":"wp","href":"https:\/\/api.w.org\/{rel}","templated":true}]}}