{"id":27150,"date":"2025-03-08T15:25:16","date_gmt":"2025-03-08T15:25:16","guid":{"rendered":"https:\/\/repairandshop.ch\/google-pixel-7-pro\/"},"modified":"2025-05-04T19:13:43","modified_gmt":"2025-05-04T19:13:43","slug":"google-pixel-7-pro","status":"publish","type":"page","link":"https:\/\/repairandshop.ch\/it\/google-pixel-7-pro\/","title":{"rendered":"Google Pixel 7 Pro"},"content":{"rendered":"\t\t<div data-elementor-type=\"wp-page\" data-elementor-id=\"27150\" class=\"elementor elementor-27150 elementor-16991\" data-elementor-settings=\"{&quot;ha_cmc_init_switcher&quot;:&quot;no&quot;}\" data-elementor-post-type=\"page\">\n\t\t\t\t<div class=\"elementor-element elementor-element-12d9f10 e-con-full e-flex e-con e-parent\" data-id=\"12d9f10\" data-element_type=\"container\" data-e-type=\"container\" data-settings=\"{&quot;background_background&quot;:&quot;classic&quot;,&quot;_ha_eqh_enable&quot;:false}\">\n\t\t<div class=\"elementor-element elementor-element-9b8d134 e-con-full e-flex e-con e-child\" data-id=\"9b8d134\" data-element_type=\"container\" data-e-type=\"container\" data-settings=\"{&quot;_ha_eqh_enable&quot;:false}\">\n\t\t\t\t<div class=\"elementor-element elementor-element-eb4352f elementor-widget elementor-widget-heading\" data-id=\"eb4352f\" data-element_type=\"widget\" data-e-type=\"widget\" data-widget_type=\"heading.default\">\n\t\t\t\t<div class=\"elementor-widget-container\">\n\t\t\t\t\t<h2 class=\"elementor-heading-title elementor-size-default\">Riparazione di Google Pixel 7 Pro  <\/h2>\t\t\t\t<\/div>\n\t\t\t\t<\/div>\n\t\t\t\t<div class=\"elementor-element elementor-element-44eb389 elementor-widget elementor-widget-image\" data-id=\"44eb389\" data-element_type=\"widget\" data-e-type=\"widget\" data-widget_type=\"image.default\">\n\t\t\t\t<div class=\"elementor-widget-container\">\n\t\t\t\t\t\t\t\t\t\t\t\t\t\t\t<img loading=\"lazy\" decoding=\"async\" width=\"300\" height=\"300\" src=\"https:\/\/repairandshop.ch\/wp-content\/uploads\/2025\/03\/google-pixel-7-pro-reparatur-1.png\" class=\"attachment-large size-large wp-image-26404\" alt=\"\" srcset=\"https:\/\/repairandshop.ch\/wp-content\/uploads\/2025\/03\/google-pixel-7-pro-reparatur-1.png 300w, https:\/\/repairandshop.ch\/wp-content\/uploads\/2025\/03\/google-pixel-7-pro-reparatur-1-150x150.png 150w\" sizes=\"auto, (max-width: 300px) 100vw, 300px\" \/>\t\t\t\t\t\t\t\t\t\t\t\t\t\t\t<\/div>\n\t\t\t\t<\/div>\n\t\t\t\t<\/div>\n\t\t<div class=\"elementor-element elementor-element-ffcaace e-con-full e-flex e-con e-child\" data-id=\"ffcaace\" data-element_type=\"container\" data-e-type=\"container\" data-settings=\"{&quot;_ha_eqh_enable&quot;:false}\">\n\t\t\t\t<div class=\"elementor-element elementor-element-0bd0628 color-scheme-inherit text-left elementor-widget elementor-widget-text-editor\" data-id=\"0bd0628\" data-element_type=\"widget\" data-e-type=\"widget\" data-widget_type=\"text-editor.default\">\n\t\t\t\t<div class=\"elementor-widget-container\">\n\t\t\t\t\t\t\t\t\t<h3><strong>Prezzi di riparazione di Google Pixel 7 Pro:<\/strong><\/h3><table class=\" alignleft\" width=\"663\"><tbody><tr><td>Sostituzione del display<\/td><td>499 CHF<\/td><\/tr><tr><td>Sostituzione della batteria<\/td><td>159 CHF<\/td><\/tr><tr><td>Copertina posteriore<\/td><td>259 CHF<\/td><\/tr><tr><td>Software \/ Aggiornamento<\/td><td> 39 CHF<\/td><\/tr><tr><td>Altre riparazioni su richiesta<\/td><td>xx.x<\/td><\/tr><\/tbody><\/table><p> <\/p>\t\t\t\t\t\t\t\t<\/div>\n\t\t\t\t<\/div>\n\t\t\t\t<\/div>\n\t\t\t\t<\/div>\n\t\t<div class=\"wd-negative-gap elementor-element elementor-element-92d3a26 e-flex e-con-boxed e-con e-parent\" data-id=\"92d3a26\" data-element_type=\"container\" data-e-type=\"container\" data-settings=\"{&quot;background_background&quot;:&quot;classic&quot;,&quot;_ha_eqh_enable&quot;:false}\">\n\t\t\t\t\t<div class=\"e-con-inner\">\n\t\t<div class=\"elementor-element elementor-element-ccd29b3 e-con-full e-flex e-con e-child\" data-id=\"ccd29b3\" data-element_type=\"container\" data-e-type=\"container\" data-settings=\"{&quot;_ha_eqh_enable&quot;:false}\">\n\t\t\t\t<div class=\"elementor-element elementor-element-d0a2651 elementor-align-justify elementor-widget elementor-widget-button\" data-id=\"d0a2651\" data-element_type=\"widget\" data-e-type=\"widget\" data-widget_type=\"button.default\">\n\t\t\t\t<div class=\"elementor-widget-container\">\n\t\t\t\t\t\t\t\t\t<div class=\"elementor-button-wrapper\">\n\t\t\t\t\t<a class=\"elementor-button elementor-button-link elementor-size-sm\" href=\"https:\/\/repairandshop.ch\/zur-reparatur-vorbeibringen\/\">\n\t\t\t\t\t\t<span class=\"elementor-button-content-wrapper\">\n\t\t\t\t\t\t<span class=\"elementor-button-icon\">\n\t\t\t\t<svg aria-hidden=\"true\" class=\"e-font-icon-svg e-fas-map-marker-alt\" viewBox=\"0 0 384 512\" xmlns=\"http:\/\/www.w3.org\/2000\/svg\"><path d=\"M172.268 501.67C26.97 291.031 0 269.413 0 192 0 85.961 85.961 0 192 0s192 85.961 192 192c0 77.413-26.97 99.031-172.268 309.67-9.535 13.774-29.93 13.773-39.464 0zM192 272c44.183 0 80-35.817 80-80s-35.817-80-80-80-80 35.817-80 80 35.817 80 80 80z\"><\/path><\/svg>\t\t\t<\/span>\n\t\t\t\t\t\t\t\t\t<span class=\"elementor-button-text\">Porta in riparazione<\/span>\n\t\t\t\t\t<\/span>\n\t\t\t\t\t<\/a>\n\t\t\t\t<\/div>\n\t\t\t\t\t\t\t\t<\/div>\n\t\t\t\t<\/div>\n\t\t\t\t<\/div>\n\t\t<div class=\"elementor-element elementor-element-c084f3b e-con-full e-flex e-con e-child\" data-id=\"c084f3b\" data-element_type=\"container\" data-e-type=\"container\" data-settings=\"{&quot;_ha_eqh_enable&quot;:false}\">\n\t\t\t\t<div class=\"elementor-element elementor-element-e591d1e elementor-align-justify elementor-widget elementor-widget-button\" data-id=\"e591d1e\" data-element_type=\"widget\" data-e-type=\"widget\" data-widget_type=\"button.default\">\n\t\t\t\t<div class=\"elementor-widget-container\">\n\t\t\t\t\t\t\t\t\t<div class=\"elementor-button-wrapper\">\n\t\t\t\t\t<a class=\"elementor-button elementor-button-link elementor-size-sm\" href=\"https:\/\/repairandshop.ch\/zur-reparatur-einsenden\/\">\n\t\t\t\t\t\t<span class=\"elementor-button-content-wrapper\">\n\t\t\t\t\t\t<span class=\"elementor-button-icon\">\n\t\t\t\t<svg aria-hidden=\"true\" class=\"e-font-icon-svg e-fas-shopping-cart\" viewBox=\"0 0 576 512\" xmlns=\"http:\/\/www.w3.org\/2000\/svg\"><path d=\"M528.12 301.319l47.273-208C578.806 78.301 567.391 64 551.99 64H159.208l-9.166-44.81C147.758 8.021 137.93 0 126.529 0H24C10.745 0 0 10.745 0 24v16c0 13.255 10.745 24 24 24h69.883l70.248 343.435C147.325 417.1 136 435.222 136 456c0 30.928 25.072 56 56 56s56-25.072 56-56c0-15.674-6.447-29.835-16.824-40h209.647C430.447 426.165 424 440.326 424 456c0 30.928 25.072 56 56 56s56-25.072 56-56c0-22.172-12.888-41.332-31.579-50.405l5.517-24.276c3.413-15.018-8.002-29.319-23.403-29.319H218.117l-6.545-32h293.145c11.206 0 20.92-7.754 23.403-18.681z\"><\/path><\/svg>\t\t\t<\/span>\n\t\t\t\t\t\t\t\t\t<span class=\"elementor-button-text\">Invia per la riparazione<\/span>\n\t\t\t\t\t<\/span>\n\t\t\t\t\t<\/a>\n\t\t\t\t<\/div>\n\t\t\t\t\t\t\t\t<\/div>\n\t\t\t\t<\/div>\n\t\t\t\t<\/div>\n\t\t\t\t\t<\/div>\n\t\t\t\t<\/div>\n\t\t<div class=\"wd-negative-gap elementor-element elementor-element-9909ece e-flex e-con-boxed e-con e-parent\" data-id=\"9909ece\" data-element_type=\"container\" data-e-type=\"container\" data-settings=\"{&quot;_ha_eqh_enable&quot;:false}\">\n\t\t\t\t\t<div class=\"e-con-inner\">\n\t\t\t\t<div class=\"elementor-element elementor-element-4288580 elementor-widget elementor-widget-wd_text_block\" data-id=\"4288580\" data-element_type=\"widget\" data-e-type=\"widget\" data-widget_type=\"wd_text_block.default\">\n\t\t\t\t<div class=\"elementor-widget-container\">\n\t\t\t\t\t\t\t<div class=\"wd-text-block reset-last-child text-left\">\n\t\t\t\n\t\t\t<div class=\"fl-row fl-row-full-width fl-row-bg-none fl-node-6149d743c157a fl-row-custom-height fl-row-align-center\" data-node=\"6149d743c157a\"><div class=\"fl-row-content-wrap\"><div class=\"fl-row-content fl-row-full-width fl-node-content\"><div class=\"fl-col-group fl-node-6149d743ca4f4\" data-node=\"6149d743ca4f4\"><div class=\"fl-col fl-node-6149d743ca5a9 fl-col-bg-color\" data-node=\"6149d743ca5a9\"><div class=\"fl-col-content fl-node-content\"><div class=\"fl-module fl-module-rich-text fl-node-6149d743c0ddd\" data-node=\"6149d743c0ddd\"><div class=\"fl-module-content fl-node-content\"><div class=\"fl-rich-text\"><div class=\"fl-row fl-row-fixed-width fl-row-bg-none fl-node-eu1sbzolt2y8 fl-row-default-height fl-row-align-center\" data-node=\"eu1sbzolt2y8\"><div class=\"fl-row-content-wrap\"><div class=\"fl-row-content fl-row-fixed-width fl-node-content\"><div class=\"fl-col-group fl-node-biuk1x2rl8zc\" data-node=\"biuk1x2rl8zc\"><div class=\"fl-col fl-node-8nhfulatc7ei fl-col-bg-color\" data-node=\"8nhfulatc7ei\"><div class=\"fl-col-content fl-node-content\"><div class=\"fl-module fl-module-cta fl-node-qdikw1jr36hl\" data-node=\"qdikw1jr36hl\"><div class=\"fl-module-content fl-node-content\"><div class=\"fl-cta-wrap fl-cta-inline\"><div class=\"fl-cta-text\"><div class=\"fl-row fl-row-fixed-width fl-row-bg-none fl-node-z0usp5yfa6kx fl-row-default-height fl-row-align-center\" data-node=\"z0usp5yfa6kx\"><div class=\"fl-row-content-wrap\"><div class=\"fl-row-content fl-row-fixed-width fl-node-content\"><div class=\"fl-col-group fl-node-45vmxyb3fwil\" data-node=\"45vmxyb3fwil\"><div class=\"fl-col fl-node-8geyvf2j3rt5 fl-col-bg-color\" data-node=\"8geyvf2j3rt5\"><div class=\"fl-col-content fl-node-content\"><div class=\"fl-module fl-module-rich-text fl-node-cx78byotgn0f\" data-node=\"cx78byotgn0f\"><div class=\"fl-module-content fl-node-content\"><div class=\"fl-rich-text\"><div class=\"fl-row fl-row-fixed-width fl-row-bg-none fl-node-5df65a09b6ba5 fl-row-default-height fl-row-align-center\" data-node=\"5df65a09b6ba5\"><div class=\"fl-row-content-wrap\"><div class=\"fl-row-content fl-row-fixed-width fl-node-content\"><div class=\"fl-col-group fl-node-5df65a09ba1d8\" data-node=\"5df65a09ba1d8\"><div class=\"fl-col fl-node-5df65a09ba264 fl-col-bg-color\" data-node=\"5df65a09ba264\"><div class=\"fl-col-content fl-node-content\"><div class=\"fl-module fl-module-rich-text fl-node-5df65a09b687e\" data-node=\"5df65a09b687e\"><div class=\"fl-module-content fl-node-content\"><div class=\"fl-rich-text\"><div class=\"fl-row fl-row-fixed-width fl-row-bg-none fl-node-5df65a09b6ba5 fl-row-default-height fl-row-align-center\" data-node=\"5df65a09b6ba5\"><div class=\"fl-row-content-wrap\"><div class=\"fl-row-content fl-row-fixed-width fl-node-content\"><div class=\"fl-col-group fl-node-5df65a09ba1d8\" data-node=\"5df65a09ba1d8\"><div class=\"fl-col fl-node-5df65a09ba264 fl-col-bg-color\" data-node=\"5df65a09ba264\"><div class=\"fl-col-content fl-node-content\"><div class=\"fl-module fl-module-rich-text fl-node-5df65a09b687e\" data-node=\"5df65a09b687e\"><div class=\"fl-module-content fl-node-content\"><div class=\"fl-rich-text\"><h2 data-start=\"0\" data-end=\"89\"><strong data-start=\"0\" data-end=\"89\">Servizio di riparazione di Google Pixel 7 Pro - Servizio in tutta la Svizzera per i modelli Google Pixel<\/strong><\/h2><p class=\"\" data-start=\"91\" data-end=\"296\">Hai bisogno di una riparazione affidabile del Google Pixel 7 Pro? Il nostro servizio di riparazione in tutta la Svizzera ti offre riparazioni rapide e professionali per numerosi modelli di Google Pixel, tra cui:<\/p><ul data-start=\"298\" data-end=\"539\"><li class=\"\" data-start=\"298\" data-end=\"317\"><p class=\"\" data-start=\"300\" data-end=\"317\">Google Pixel 5 5G<\/p><\/li><li class=\"\" data-start=\"318\" data-end=\"338\"><p class=\"\" data-start=\"320\" data-end=\"338\">Google Pixel 4a 5G<\/p><\/li><li class=\"\" data-start=\"339\" data-end=\"356\"><p class=\"\" data-start=\"341\" data-end=\"356\">Google Pixel 4a<\/p><\/li><li class=\"\" data-start=\"357\" data-end=\"376\"><p class=\"\" data-start=\"359\" data-end=\"376\">Google Pixel 4 XL<\/p><\/li><li class=\"\" data-start=\"377\" data-end=\"393\"><p class=\"\" data-start=\"379\" data-end=\"393\">Google Pixel 4<\/p><\/li><li class=\"\" data-start=\"394\" data-end=\"414\"><p class=\"\" data-start=\"396\" data-end=\"414\">Google Pixel 3a XL<\/p><\/li><li class=\"\" data-start=\"415\" data-end=\"432\"><p class=\"\" data-start=\"417\" data-end=\"432\">Google Pixel 3a<\/p><\/li><li class=\"\" data-start=\"433\" data-end=\"452\"><p class=\"\" data-start=\"435\" data-end=\"452\">Google Pixel 3 XL<\/p><\/li><li class=\"\" data-start=\"453\" data-end=\"469\"><p class=\"\" data-start=\"455\" data-end=\"469\">Google Pixel 3<\/p><\/li><li class=\"\" data-start=\"470\" data-end=\"489\"><p class=\"\" data-start=\"472\" data-end=\"489\">Google Pixel 2 XL<\/p><\/li><li class=\"\" data-start=\"490\" data-end=\"506\"><p class=\"\" data-start=\"492\" data-end=\"506\">Google Pixel 2<\/p><\/li><li class=\"\" data-start=\"507\" data-end=\"524\"><p class=\"\" data-start=\"509\" data-end=\"524\">Google Pixel XL<\/p><\/li><li class=\"\" data-start=\"525\" data-end=\"539\"><p class=\"\" data-start=\"527\" data-end=\"539\">Google Pixel<\/p><\/li><\/ul><p class=\"\" data-start=\"541\" data-end=\"1009\">Se ti trovi a Zurigo, Ginevra, Basilea, Losanna, Berna, Winterthur, Lucerna, San Gallo, Lugano, Biel\/Bienne, Thun, K\u00f6niz, La Chaux-de-Fonds, Sciaffusa, Friburgo, Coira, Neuch\u00e2tel, Vernier, Uster, Sion, Lancy, Yverdon-les-Bains, Zug, D\u00fcbendorf, Montreux, Frauenfeld, Dietikon, Wetzikon, Rapperswil-Jona, Meyrin o Bellinzona, il nostro servizio \u00e8 disponibile in tutta la Svizzera. Offriamo riparazioni professionali per il tuo dispositivo Google Pixel, indipendentemente dal danno.<\/p><h3 data-start=\"1011\" data-end=\"1067\"><strong data-start=\"1011\" data-end=\"1067\">Riparazione rapida e precisa - Spedizione gratuita<\/strong><\/h3><p class=\"\" data-start=\"1069\" data-end=\"1465\">Non appena riceviamo il tuo dispositivo, iniziamo immediatamente ad analizzare il danno. Verifichiamo quali parti devono essere sostituite e redigiamo un preventivo dettagliato. L'analisi e il preventivo sono gratuiti per te. Nella maggior parte dei casi, i nostri clienti effettuano l'ordine di riparazione direttamente a noi, poich\u00e9 offriamo i nostri servizi a prezzi imbattibili.<\/p><h3 data-start=\"1467\" data-end=\"1519\"><strong data-start=\"1467\" data-end=\"1519\">Riparazioni per Google Pixel - esempi di servizi:<\/strong><\/h3><ul data-start=\"1520\" data-end=\"1651\"><li class=\"\" data-start=\"1520\" data-end=\"1548\"><p class=\"\" data-start=\"1522\" data-end=\"1548\">Sostituire la batteria del Google Pixel<\/p><\/li><li class=\"\" data-start=\"1549\" data-end=\"1581\"><p class=\"\" data-start=\"1551\" data-end=\"1581\">Riparazione del display di Google Pixel<\/p><\/li><li class=\"\" data-start=\"1582\" data-end=\"1624\"><p class=\"\" data-start=\"1584\" data-end=\"1624\">Batteria gonfia? \u00c8 necessaria una riparazione!<\/p><\/li><li class=\"\" data-start=\"1625\" data-end=\"1651\"><p class=\"\" data-start=\"1627\" data-end=\"1651\">Riparazione di Google Pixel 7 Pro<\/p><\/li><\/ul><h3 data-start=\"1653\" data-end=\"1695\"><strong data-start=\"1653\" data-end=\"1695\">Riparazione online - Spedizione gratuita<\/strong><\/h3><p class=\"\" data-start=\"1697\" data-end=\"1944\">Ti offriamo gratuitamente un'etichetta per pacchi DHL che potrai stampare e incollare sul tuo dispositivo imballato in modo sicuro. Potrai quindi rispedircelo comodamente tramite qualsiasi centro pacchi o stazione di imballaggio DHL. Anche la spedizione di ritorno \u00e8 gratuita.<\/p><h4 data-start=\"1946\" data-end=\"1979\"><strong data-start=\"1946\" data-end=\"1979\">Garanzia su tutte le riparazioni<\/strong><\/h4><p class=\"\" data-start=\"1981\" data-end=\"2132\">Offriamo una garanzia di 6 mesi su tutte le riparazioni effettuate. In caso di reclami, puoi restituire il dispositivo in qualsiasi momento.<\/p><p class=\"\" data-start=\"2134\" data-end=\"2264\">Affidati al nostro servizio quando si tratta di riparare il tuo Google Pixel: in modo rapido, professionale e al miglior prezzo!<\/p><\/div><\/div><\/div><\/div><\/div><\/div><\/div><\/div><\/div><\/div><\/div><\/div><\/div><\/div><\/div><\/div><\/div><\/div><\/div><\/div><\/div><\/div><\/div><\/div><\/div><\/div><\/div><\/div><\/div><\/div><\/div><\/div><\/div><\/div><\/div><\/div><\/div><\/div><\/div><\/div><\/div><\/div><\/div><\/div><\/div><\/div>\n\t\t\t\t\t<\/div>\n\t\t\t\t\t\t<\/div>\n\t\t\t\t<\/div>\n\t\t\t\t\t<\/div>\n\t\t\t\t<\/div>\n\t\t\t\t<\/div>\n\t\t\n    <div class=\"xs_social_share_widget xs_share_url after_content \t\tmain_content  wslu-style-1 wslu-share-box-shaped wslu-fill-colored wslu-none wslu-share-horizontal wslu-theme-font-no wslu-main_content\">\n\n\t\t\n        <ul>\n\t\t\t        <\/ul>\n    <\/div> \n","protected":false},"excerpt":{"rendered":"<p>Riparazione di Google Pixel 7 Pro Prezzi di riparazione di Google Pixel 7 Pro: Sostituzione del display 499 CHF Sostituzione<\/p>\n","protected":false},"author":1,"featured_media":0,"parent":0,"menu_order":0,"comment_status":"closed","ping_status":"closed","template":"","meta":{"postBodyCss":"","postBodyMargin":[],"postBodyPadding":[],"postBodyBackground":{"backgroundType":"classic","gradient":""},"footnotes":""},"class_list":["post-27150","page","type-page","status-publish","hentry"],"yoast_head":"<!-- This site is optimized with the Yoast SEO Premium plugin v26.8 (Yoast SEO v27.3) - https:\/\/yoast.com\/product\/yoast-seo-premium-wordpress\/ -->\n<title>Riparazione di Google Pixel 7 Pro in Svizzera<\/title>\n<meta name=\"description\" content=\"Riparazione affidabile di Google Pixel 7 Pro in Svizzera! Display, batteria e altro ancora - servizio veloce e professionale.\" \/>\n<meta name=\"robots\" content=\"index, follow, max-snippet:-1, max-image-preview:large, max-video-preview:-1\" \/>\n<link rel=\"canonical\" href=\"https:\/\/repairandshop.ch\/it\/google-pixel-7-pro\/\" \/>\n<meta property=\"og:locale\" content=\"it_IT\" \/>\n<meta property=\"og:type\" content=\"article\" \/>\n<meta property=\"og:title\" content=\"Google Pixel 7 Pro\" \/>\n<meta property=\"og:description\" content=\"Riparazione affidabile di Google Pixel 7 Pro in Svizzera! Display, batteria e altro ancora - servizio veloce e professionale.\" \/>\n<meta property=\"og:url\" content=\"https:\/\/repairandshop.ch\/it\/google-pixel-7-pro\/\" \/>\n<meta property=\"og:site_name\" content=\"Repair And Shop\" \/>\n<meta property=\"article:modified_time\" content=\"2025-05-04T19:13:43+00:00\" \/>\n<meta property=\"og:image\" content=\"https:\/\/repairandshop.ch\/wp-content\/uploads\/2025\/03\/google-pixel-7-pro-reparatur-1.png\" \/>\n\t<meta property=\"og:image:width\" content=\"300\" \/>\n\t<meta property=\"og:image:height\" content=\"300\" \/>\n\t<meta property=\"og:image:type\" content=\"image\/png\" \/>\n<meta name=\"twitter:card\" content=\"summary_large_image\" \/>\n<meta name=\"twitter:label1\" content=\"Tempo di lettura stimato\" \/>\n\t<meta name=\"twitter:data1\" content=\"2 minuti\" \/>\n<!-- \/ Yoast SEO Premium plugin. -->","yoast_head_json":{"title":"Riparazione di Google Pixel 7 Pro in Svizzera","description":"Riparazione affidabile di Google Pixel 7 Pro in Svizzera! Display, batteria e altro ancora - servizio veloce e professionale.","robots":{"index":"index","follow":"follow","max-snippet":"max-snippet:-1","max-image-preview":"max-image-preview:large","max-video-preview":"max-video-preview:-1"},"canonical":"https:\/\/repairandshop.ch\/it\/google-pixel-7-pro\/","og_locale":"it_IT","og_type":"article","og_title":"Google Pixel 7 Pro","og_description":"Riparazione affidabile di Google Pixel 7 Pro in Svizzera! Display, batteria e altro ancora - servizio veloce e professionale.","og_url":"https:\/\/repairandshop.ch\/it\/google-pixel-7-pro\/","og_site_name":"Repair And Shop","article_modified_time":"2025-05-04T19:13:43+00:00","og_image":[{"width":300,"height":300,"url":"https:\/\/repairandshop.ch\/wp-content\/uploads\/2025\/03\/google-pixel-7-pro-reparatur-1.png","type":"image\/png"}],"twitter_card":"summary_large_image","twitter_misc":{"Tempo di lettura stimato":"2 minuti"},"schema":{"@context":"https:\/\/schema.org","@graph":[{"@type":"WebPage","@id":"https:\/\/repairandshop.ch\/it\/google-pixel-7-pro\/","url":"https:\/\/repairandshop.ch\/it\/google-pixel-7-pro\/","name":"Riparazione di Google Pixel 7 Pro in Svizzera","isPartOf":{"@id":"https:\/\/repairandshop.ch\/it\/#website"},"primaryImageOfPage":{"@id":"https:\/\/repairandshop.ch\/it\/google-pixel-7-pro\/#primaryimage"},"image":{"@id":"https:\/\/repairandshop.ch\/it\/google-pixel-7-pro\/#primaryimage"},"thumbnailUrl":"https:\/\/repairandshop.ch\/wp-content\/uploads\/2025\/03\/google-pixel-7-pro-reparatur-1.png","datePublished":"2025-03-08T15:25:16+00:00","dateModified":"2025-05-04T19:13:43+00:00","description":"Riparazione affidabile di Google Pixel 7 Pro in Svizzera! Display, batteria e altro ancora - servizio veloce e professionale.","breadcrumb":{"@id":"https:\/\/repairandshop.ch\/it\/google-pixel-7-pro\/#breadcrumb"},"inLanguage":"it-IT","potentialAction":[{"@type":"ReadAction","target":["https:\/\/repairandshop.ch\/it\/google-pixel-7-pro\/"]}]},{"@type":"ImageObject","inLanguage":"it-IT","@id":"https:\/\/repairandshop.ch\/it\/google-pixel-7-pro\/#primaryimage","url":"https:\/\/repairandshop.ch\/wp-content\/uploads\/2025\/03\/google-pixel-7-pro-reparatur-1.png","contentUrl":"https:\/\/repairandshop.ch\/wp-content\/uploads\/2025\/03\/google-pixel-7-pro-reparatur-1.png"},{"@type":"BreadcrumbList","@id":"https:\/\/repairandshop.ch\/it\/google-pixel-7-pro\/#breadcrumb","itemListElement":[{"@type":"ListItem","position":1,"name":"Home","item":"https:\/\/repairandshop.ch\/it\/repairandshop-ch\/"},{"@type":"ListItem","position":2,"name":"Google Pixel 7 Pro"}]},{"@type":"WebSite","@id":"https:\/\/repairandshop.ch\/it\/#website","url":"https:\/\/repairandshop.ch\/it\/","name":"Repair And Shop","description":"","publisher":{"@id":"https:\/\/repairandshop.ch\/it\/#organization"},"potentialAction":[{"@type":"SearchAction","target":{"@type":"EntryPoint","urlTemplate":"https:\/\/repairandshop.ch\/it\/?s={search_term_string}"},"query-input":{"@type":"PropertyValueSpecification","valueRequired":true,"valueName":"search_term_string"}}],"inLanguage":"it-IT"},{"@type":"Organization","@id":"https:\/\/repairandshop.ch\/it\/#organization","name":"Repair And Shop","url":"https:\/\/repairandshop.ch\/it\/","logo":{"@type":"ImageObject","inLanguage":"it-IT","@id":"https:\/\/repairandshop.ch\/it\/#\/schema\/logo\/image\/","url":"https:\/\/repairandshop.ch\/wp-content\/uploads\/2025\/02\/RepairandShop-Logo.png","contentUrl":"https:\/\/repairandshop.ch\/wp-content\/uploads\/2025\/02\/RepairandShop-Logo.png","width":834,"height":193,"caption":"Repair And Shop"},"image":{"@id":"https:\/\/repairandshop.ch\/it\/#\/schema\/logo\/image\/"}}]}},"_links":{"self":[{"href":"https:\/\/repairandshop.ch\/it\/wp-json\/wp\/v2\/pages\/27150","targetHints":{"allow":["GET"]}}],"collection":[{"href":"https:\/\/repairandshop.ch\/it\/wp-json\/wp\/v2\/pages"}],"about":[{"href":"https:\/\/repairandshop.ch\/it\/wp-json\/wp\/v2\/types\/page"}],"author":[{"embeddable":true,"href":"https:\/\/repairandshop.ch\/it\/wp-json\/wp\/v2\/users\/1"}],"replies":[{"embeddable":true,"href":"https:\/\/repairandshop.ch\/it\/wp-json\/wp\/v2\/comments?post=27150"}],"version-history":[{"count":0,"href":"https:\/\/repairandshop.ch\/it\/wp-json\/wp\/v2\/pages\/27150\/revisions"}],"wp:attachment":[{"href":"https:\/\/repairandshop.ch\/it\/wp-json\/wp\/v2\/media?parent=27150"}],"curies":[{"name":"wp","href":"https:\/\/api.w.org\/{rel}","templated":true}]}}