{"id":27169,"date":"2025-03-08T15:25:03","date_gmt":"2025-03-08T15:25:03","guid":{"rendered":"https:\/\/repairandshop.ch\/google-pixel-7a\/"},"modified":"2025-05-04T19:19:01","modified_gmt":"2025-05-04T19:19:01","slug":"google-pixel-7a","status":"publish","type":"page","link":"https:\/\/repairandshop.ch\/it\/google-pixel-7a\/","title":{"rendered":"Google Pixel 7a"},"content":{"rendered":"\t\t<div data-elementor-type=\"wp-page\" data-elementor-id=\"27169\" class=\"elementor elementor-27169 elementor-16993\" data-elementor-settings=\"{&quot;ha_cmc_init_switcher&quot;:&quot;no&quot;}\" data-elementor-post-type=\"page\">\n\t\t\t\t<div class=\"elementor-element elementor-element-12d9f10 e-con-full e-flex e-con e-parent\" data-id=\"12d9f10\" data-element_type=\"container\" data-e-type=\"container\" data-settings=\"{&quot;background_background&quot;:&quot;classic&quot;,&quot;_ha_eqh_enable&quot;:false}\">\n\t\t<div class=\"elementor-element elementor-element-9b8d134 e-con-full e-flex e-con e-child\" data-id=\"9b8d134\" data-element_type=\"container\" data-e-type=\"container\" data-settings=\"{&quot;_ha_eqh_enable&quot;:false}\">\n\t\t\t\t<div class=\"elementor-element elementor-element-eb4352f elementor-widget elementor-widget-heading\" data-id=\"eb4352f\" data-element_type=\"widget\" data-e-type=\"widget\" data-widget_type=\"heading.default\">\n\t\t\t\t<div class=\"elementor-widget-container\">\n\t\t\t\t\t<h2 class=\"elementor-heading-title elementor-size-default\">Riparazione Google Pixel 7a<\/h2>\t\t\t\t<\/div>\n\t\t\t\t<\/div>\n\t\t\t\t<div class=\"elementor-element elementor-element-44eb389 elementor-widget elementor-widget-image\" data-id=\"44eb389\" data-element_type=\"widget\" data-e-type=\"widget\" data-widget_type=\"image.default\">\n\t\t\t\t<div class=\"elementor-widget-container\">\n\t\t\t\t\t\t\t\t\t\t\t\t\t\t\t<img loading=\"lazy\" decoding=\"async\" width=\"300\" height=\"300\" src=\"https:\/\/repairandshop.ch\/wp-content\/uploads\/2025\/03\/Google-Pixel-7a-reparatur-basel-zuerich-bern-luzern-300x300-1.jpeg\" class=\"attachment-large size-large wp-image-26398\" alt=\"\" srcset=\"https:\/\/repairandshop.ch\/wp-content\/uploads\/2025\/03\/Google-Pixel-7a-reparatur-basel-zuerich-bern-luzern-300x300-1.jpeg 300w, https:\/\/repairandshop.ch\/wp-content\/uploads\/2025\/03\/Google-Pixel-7a-reparatur-basel-zuerich-bern-luzern-300x300-1-150x150.jpeg 150w\" sizes=\"auto, (max-width: 300px) 100vw, 300px\" \/>\t\t\t\t\t\t\t\t\t\t\t\t\t\t\t<\/div>\n\t\t\t\t<\/div>\n\t\t\t\t<\/div>\n\t\t<div class=\"elementor-element elementor-element-ffcaace e-con-full e-flex e-con e-child\" data-id=\"ffcaace\" data-element_type=\"container\" data-e-type=\"container\" data-settings=\"{&quot;_ha_eqh_enable&quot;:false}\">\n\t\t\t\t<div class=\"elementor-element elementor-element-0bd0628 color-scheme-inherit text-left elementor-widget elementor-widget-text-editor\" data-id=\"0bd0628\" data-element_type=\"widget\" data-e-type=\"widget\" data-widget_type=\"text-editor.default\">\n\t\t\t\t<div class=\"elementor-widget-container\">\n\t\t\t\t\t\t\t\t\t<h3><strong>Prezzi della riparazione di Google Pixel 7a:<\/strong><\/h3><table class=\" alignleft\" width=\"663\"><tbody><tr><td>Sostituzione del display (LCD + vetro)<\/td><td>249 CHF<\/td><\/tr><tr><td>Sostituzione della batteria<\/td><td>139 CHF<\/td><\/tr><tr><td>Copertina posteriore<\/td><td>159 CHF<\/td><\/tr><tr><td>Software \/ Aggiornamento<\/td><td> 39 CHF<\/td><\/tr><tr><td>Altre riparazioni su richiesta<\/td><td>xx.x<\/td><\/tr><\/tbody><\/table><p> <\/p>\t\t\t\t\t\t\t\t<\/div>\n\t\t\t\t<\/div>\n\t\t\t\t<\/div>\n\t\t\t\t<\/div>\n\t\t<div class=\"wd-negative-gap elementor-element elementor-element-92d3a26 e-flex e-con-boxed e-con e-parent\" data-id=\"92d3a26\" data-element_type=\"container\" data-e-type=\"container\" data-settings=\"{&quot;background_background&quot;:&quot;classic&quot;,&quot;_ha_eqh_enable&quot;:false}\">\n\t\t\t\t\t<div class=\"e-con-inner\">\n\t\t<div class=\"elementor-element elementor-element-ccd29b3 e-con-full e-flex e-con e-child\" data-id=\"ccd29b3\" data-element_type=\"container\" data-e-type=\"container\" data-settings=\"{&quot;_ha_eqh_enable&quot;:false}\">\n\t\t\t\t<div class=\"elementor-element elementor-element-d0a2651 elementor-align-justify elementor-widget elementor-widget-button\" data-id=\"d0a2651\" data-element_type=\"widget\" data-e-type=\"widget\" data-widget_type=\"button.default\">\n\t\t\t\t<div class=\"elementor-widget-container\">\n\t\t\t\t\t\t\t\t\t<div class=\"elementor-button-wrapper\">\n\t\t\t\t\t<a class=\"elementor-button elementor-button-link elementor-size-sm\" href=\"https:\/\/repairandshop.ch\/zur-reparatur-vorbeibringen\/\">\n\t\t\t\t\t\t<span class=\"elementor-button-content-wrapper\">\n\t\t\t\t\t\t<span class=\"elementor-button-icon\">\n\t\t\t\t<svg aria-hidden=\"true\" class=\"e-font-icon-svg e-fas-map-marker-alt\" viewBox=\"0 0 384 512\" xmlns=\"http:\/\/www.w3.org\/2000\/svg\"><path d=\"M172.268 501.67C26.97 291.031 0 269.413 0 192 0 85.961 85.961 0 192 0s192 85.961 192 192c0 77.413-26.97 99.031-172.268 309.67-9.535 13.774-29.93 13.773-39.464 0zM192 272c44.183 0 80-35.817 80-80s-35.817-80-80-80-80 35.817-80 80 35.817 80 80 80z\"><\/path><\/svg>\t\t\t<\/span>\n\t\t\t\t\t\t\t\t\t<span class=\"elementor-button-text\">Porta in riparazione<\/span>\n\t\t\t\t\t<\/span>\n\t\t\t\t\t<\/a>\n\t\t\t\t<\/div>\n\t\t\t\t\t\t\t\t<\/div>\n\t\t\t\t<\/div>\n\t\t\t\t<\/div>\n\t\t<div class=\"elementor-element elementor-element-c084f3b e-con-full e-flex e-con e-child\" data-id=\"c084f3b\" data-element_type=\"container\" data-e-type=\"container\" data-settings=\"{&quot;_ha_eqh_enable&quot;:false}\">\n\t\t\t\t<div class=\"elementor-element elementor-element-e591d1e elementor-align-justify elementor-widget elementor-widget-button\" data-id=\"e591d1e\" data-element_type=\"widget\" data-e-type=\"widget\" data-widget_type=\"button.default\">\n\t\t\t\t<div class=\"elementor-widget-container\">\n\t\t\t\t\t\t\t\t\t<div class=\"elementor-button-wrapper\">\n\t\t\t\t\t<a class=\"elementor-button elementor-button-link elementor-size-sm\" href=\"https:\/\/repairandshop.ch\/zur-reparatur-einsenden\/\">\n\t\t\t\t\t\t<span class=\"elementor-button-content-wrapper\">\n\t\t\t\t\t\t<span class=\"elementor-button-icon\">\n\t\t\t\t<svg aria-hidden=\"true\" class=\"e-font-icon-svg e-fas-shopping-cart\" viewBox=\"0 0 576 512\" xmlns=\"http:\/\/www.w3.org\/2000\/svg\"><path d=\"M528.12 301.319l47.273-208C578.806 78.301 567.391 64 551.99 64H159.208l-9.166-44.81C147.758 8.021 137.93 0 126.529 0H24C10.745 0 0 10.745 0 24v16c0 13.255 10.745 24 24 24h69.883l70.248 343.435C147.325 417.1 136 435.222 136 456c0 30.928 25.072 56 56 56s56-25.072 56-56c0-15.674-6.447-29.835-16.824-40h209.647C430.447 426.165 424 440.326 424 456c0 30.928 25.072 56 56 56s56-25.072 56-56c0-22.172-12.888-41.332-31.579-50.405l5.517-24.276c3.413-15.018-8.002-29.319-23.403-29.319H218.117l-6.545-32h293.145c11.206 0 20.92-7.754 23.403-18.681z\"><\/path><\/svg>\t\t\t<\/span>\n\t\t\t\t\t\t\t\t\t<span class=\"elementor-button-text\">Invia per la riparazione<\/span>\n\t\t\t\t\t<\/span>\n\t\t\t\t\t<\/a>\n\t\t\t\t<\/div>\n\t\t\t\t\t\t\t\t<\/div>\n\t\t\t\t<\/div>\n\t\t\t\t<\/div>\n\t\t\t\t\t<\/div>\n\t\t\t\t<\/div>\n\t\t<div class=\"wd-negative-gap elementor-element elementor-element-b07d6b9 e-flex e-con-boxed e-con e-parent\" data-id=\"b07d6b9\" data-element_type=\"container\" data-e-type=\"container\" data-settings=\"{&quot;_ha_eqh_enable&quot;:false}\">\n\t\t\t\t\t<div class=\"e-con-inner\">\n\t\t\t\t<div class=\"elementor-element elementor-element-55ff3a5 elementor-widget elementor-widget-wd_text_block\" data-id=\"55ff3a5\" data-element_type=\"widget\" data-e-type=\"widget\" data-widget_type=\"wd_text_block.default\">\n\t\t\t\t<div class=\"elementor-widget-container\">\n\t\t\t\t\t\t\t<div class=\"wd-text-block reset-last-child text-left\">\n\t\t\t\n\t\t\t<div class=\"fl-row fl-row-full-width fl-row-bg-none fl-node-6149d743c157a fl-row-custom-height fl-row-align-center\" data-node=\"6149d743c157a\"><div class=\"fl-row-content-wrap\"><div class=\"fl-row-content fl-row-full-width fl-node-content\"><div class=\"fl-col-group fl-node-6149d743ca4f4\" data-node=\"6149d743ca4f4\"><div class=\"fl-col fl-node-6149d743ca5a9 fl-col-bg-color\" data-node=\"6149d743ca5a9\"><div class=\"fl-col-content fl-node-content\"><div class=\"fl-module fl-module-rich-text fl-node-6149d743c0ddd\" data-node=\"6149d743c0ddd\"><div class=\"fl-module-content fl-node-content\"><div class=\"fl-rich-text\"><div class=\"fl-row fl-row-fixed-width fl-row-bg-none fl-node-eu1sbzolt2y8 fl-row-default-height fl-row-align-center\" data-node=\"eu1sbzolt2y8\"><div class=\"fl-row-content-wrap\"><div class=\"fl-row-content fl-row-fixed-width fl-node-content\"><div class=\"fl-col-group fl-node-biuk1x2rl8zc\" data-node=\"biuk1x2rl8zc\"><div class=\"fl-col fl-node-8nhfulatc7ei fl-col-bg-color\" data-node=\"8nhfulatc7ei\"><div class=\"fl-col-content fl-node-content\"><div class=\"fl-module fl-module-cta fl-node-qdikw1jr36hl\" data-node=\"qdikw1jr36hl\"><div class=\"fl-module-content fl-node-content\"><div class=\"fl-cta-wrap fl-cta-inline\"><div class=\"fl-cta-text\"><div class=\"fl-row fl-row-fixed-width fl-row-bg-none fl-node-z0usp5yfa6kx fl-row-default-height fl-row-align-center\" data-node=\"z0usp5yfa6kx\"><div class=\"fl-row-content-wrap\"><div class=\"fl-row-content fl-row-fixed-width fl-node-content\"><div class=\"fl-col-group fl-node-45vmxyb3fwil\" data-node=\"45vmxyb3fwil\"><div class=\"fl-col fl-node-8geyvf2j3rt5 fl-col-bg-color\" data-node=\"8geyvf2j3rt5\"><div class=\"fl-col-content fl-node-content\"><div class=\"fl-module fl-module-rich-text fl-node-cx78byotgn0f\" data-node=\"cx78byotgn0f\"><div class=\"fl-module-content fl-node-content\"><div class=\"fl-rich-text\"><div class=\"fl-row fl-row-fixed-width fl-row-bg-none fl-node-5df65a09b6ba5 fl-row-default-height fl-row-align-center\" data-node=\"5df65a09b6ba5\"><div class=\"fl-row-content-wrap\"><div class=\"fl-row-content fl-row-fixed-width fl-node-content\"><div class=\"fl-col-group fl-node-5df65a09ba1d8\" data-node=\"5df65a09ba1d8\"><div class=\"fl-col fl-node-5df65a09ba264 fl-col-bg-color\" data-node=\"5df65a09ba264\"><div class=\"fl-col-content fl-node-content\"><div class=\"fl-module fl-module-rich-text fl-node-5df65a09b687e\" data-node=\"5df65a09b687e\"><div class=\"fl-module-content fl-node-content\"><div class=\"fl-rich-text\"><div class=\"fl-row fl-row-fixed-width fl-row-bg-none fl-node-5df65a09b6ba5 fl-row-default-height fl-row-align-center\" data-node=\"5df65a09b6ba5\"><div class=\"fl-row-content-wrap\"><div class=\"fl-row-content fl-row-fixed-width fl-node-content\"><div class=\"fl-col-group fl-node-5df65a09ba1d8\" data-node=\"5df65a09ba1d8\"><div class=\"fl-col fl-node-5df65a09ba264 fl-col-bg-color\" data-node=\"5df65a09ba264\"><div class=\"fl-col-content fl-node-content\"><div class=\"fl-module fl-module-rich-text fl-node-5df65a09b687e\" data-node=\"5df65a09b687e\"><div class=\"fl-module-content fl-node-content\"><div class=\"fl-rich-text\"><h2 data-start=\"0\" data-end=\"91\"><strong data-start=\"0\" data-end=\"91\">Servizio di riparazione Google Pixel 7a - Servizio di riparazione in tutta la Svizzera per il tuo Google Pixel<\/strong><\/h2><p class=\"\" data-start=\"93\" data-end=\"270\">Hai bisogno di una riparazione per il tuo Google Pixel? Offriamo un servizio di riparazione veloce, affidabile e in tutta la Svizzera per tutti i modelli di Google Pixel, tra cui:<\/p><ul data-start=\"272\" data-end=\"513\"><li class=\"\" data-start=\"272\" data-end=\"291\"><p class=\"\" data-start=\"274\" data-end=\"291\">Google Pixel 5 5G<\/p><\/li><li class=\"\" data-start=\"292\" data-end=\"312\"><p class=\"\" data-start=\"294\" data-end=\"312\">Google Pixel 4a 5G<\/p><\/li><li class=\"\" data-start=\"313\" data-end=\"330\"><p class=\"\" data-start=\"315\" data-end=\"330\">Google Pixel 4a<\/p><\/li><li class=\"\" data-start=\"331\" data-end=\"350\"><p class=\"\" data-start=\"333\" data-end=\"350\">Google Pixel 4 XL<\/p><\/li><li class=\"\" data-start=\"351\" data-end=\"367\"><p class=\"\" data-start=\"353\" data-end=\"367\">Google Pixel 4<\/p><\/li><li class=\"\" data-start=\"368\" data-end=\"388\"><p class=\"\" data-start=\"370\" data-end=\"388\">Google Pixel 3a XL<\/p><\/li><li class=\"\" data-start=\"389\" data-end=\"406\"><p class=\"\" data-start=\"391\" data-end=\"406\">Google Pixel 3a<\/p><\/li><li class=\"\" data-start=\"407\" data-end=\"426\"><p class=\"\" data-start=\"409\" data-end=\"426\">Google Pixel 3 XL<\/p><\/li><li class=\"\" data-start=\"427\" data-end=\"443\"><p class=\"\" data-start=\"429\" data-end=\"443\">Google Pixel 3<\/p><\/li><li class=\"\" data-start=\"444\" data-end=\"463\"><p class=\"\" data-start=\"446\" data-end=\"463\">Google Pixel 2 XL<\/p><\/li><li class=\"\" data-start=\"464\" data-end=\"480\"><p class=\"\" data-start=\"466\" data-end=\"480\">Google Pixel 2<\/p><\/li><li class=\"\" data-start=\"481\" data-end=\"498\"><p class=\"\" data-start=\"483\" data-end=\"498\">Google Pixel XL<\/p><\/li><li class=\"\" data-start=\"499\" data-end=\"513\"><p class=\"\" data-start=\"501\" data-end=\"513\">Google Pixel<\/p><\/li><\/ul><p class=\"\" data-start=\"515\" data-end=\"609\">Fai riparare il tuo Google Pixel in modo professionale dal nostro servizio di riparazione in tutta la Svizzera.<\/p><h3 data-start=\"611\" data-end=\"680\"><strong data-start=\"611\" data-end=\"680\">Riparazione in Svizzera - Da Zurigo a Ginevra e oltre<\/strong><\/h3><p class=\"\" data-start=\"682\" data-end=\"1228\">Che tu viva a Zurigo, Ginevra, Basilea, Losanna, Berna, Winterthur, Lucerna, St. Gallen, Lugano, Biel\/Bienne, Thun, K\u00f6niz, La Chaux-de-Fonds, Sciaffusa, Friburgo, Coira, Neuch\u00e2tel, Vernier, Uster, Sion, Lancy, Yverdon-les-Bains, Zug, D\u00fcbendorf, Montreux, Frauenfeld, Dietikon, Wetzikon, Rapperswil-Jona, Meyrin o Bellinzona - offriamo riparazioni professionali per il tuo Google Pixel in tutta la Svizzera. Siamo il tuo contatto quando si tratta di riparare un Google Pixel danneggiato in modo rapido e professionale.<\/p><h3 data-start=\"1230\" data-end=\"1282\"><strong data-start=\"1230\" data-end=\"1282\">Analisi gratuita dei danni e stima dei costi<\/strong><\/h3><p class=\"\" data-start=\"1284\" data-end=\"1636\">Non appena riceviamo il tuo dispositivo, effettuiamo immediatamente un'analisi dettagliata dei danni per determinare quali parti devono essere sostituite. Il lavoro di riparazione viene documentato con precisione e incluso in dettaglio nel nostro preventivo trasparente. L'analisi dei danni e la stima dei costi non comportano alcun costo per l'utente.<\/p><p class=\"\" data-start=\"1638\" data-end=\"1750\">Molti dei nostri clienti ci scelgono perch\u00e9 offriamo i nostri servizi a prezzi imbattibili.<\/p><h3 data-start=\"1752\" data-end=\"1781\"><strong data-start=\"1752\" data-end=\"1781\">Riparazione dei Google Pixel:<\/strong><\/h3><ul data-start=\"1783\" data-end=\"2051\"><li class=\"\" data-start=\"1783\" data-end=\"1878\"><p class=\"\" data-start=\"1785\" data-end=\"1878\"><strong data-start=\"1785\" data-end=\"1817\">Riparazione della batteria del Google Pixel<\/strong><\/p><\/li><li class=\"\" data-start=\"1879\" data-end=\"1978\"><p class=\"\" data-start=\"1881\" data-end=\"1978\"><strong data-start=\"1881\" data-end=\"1916\">Riparazione del display di Google Pixel<\/strong><\/p><\/li><li class=\"\" data-start=\"1979\" data-end=\"2051\"><p class=\"\" data-start=\"1981\" data-end=\"2051\"><strong data-start=\"1981\" data-end=\"2010\">Riparazione Google Pixel 7a<\/strong><\/p><\/li><\/ul><h3 data-start=\"2053\" data-end=\"2097\"><strong data-start=\"2053\" data-end=\"2097\">Riparazione online: semplice e gratuita<\/strong><\/h3><p class=\"\" data-start=\"2099\" data-end=\"2361\">Inviaci comodamente il tuo dispositivo. Ti invieremo via e-mail un'etichetta gratuita per il pacco DHL, che potrai stampare e incollare sul pacco imballato in modo sicuro. Potrai quindi consegnare il pacco presso un centro pacchi DHL o una Packstation.<\/p><h3 data-start=\"2363\" data-end=\"2407\"><strong data-start=\"2363\" data-end=\"2407\">Servizio di riparazione di vari dispositivi<\/strong><\/h3><p class=\"\" data-start=\"2409\" data-end=\"2633\">Oltre ai Google Pixel, ripariamo anche altri dispositivi come iPhone, Samsung Galaxy, tablet, notebook e PC. Il nostro servizio di riparazione \u00e8 disponibile in tutta la Svizzera e offriamo una soluzione rapida per ogni tipo di danno.<\/p><h4 data-start=\"2635\" data-end=\"2675\"><strong data-start=\"2635\" data-end=\"2675\">6 mesi di garanzia sulla riparazione<\/strong><\/h4><p class=\"\" data-start=\"2677\" data-end=\"2831\">Offriamo una garanzia di 6 mesi su tutte le riparazioni effettuate. In caso di problemi, puoi restituire il dispositivo in qualsiasi momento.<\/p><\/div><\/div><\/div><\/div><\/div><\/div><\/div><\/div><\/div><\/div><\/div><\/div><\/div><\/div><\/div><\/div><\/div><\/div><\/div><\/div><\/div><\/div><\/div><\/div><\/div><\/div><\/div><\/div><\/div><\/div><\/div><\/div><\/div><\/div><\/div><\/div><\/div><\/div><\/div><\/div><\/div><\/div><\/div><\/div><\/div><\/div>\n\t\t\t\t\t<\/div>\n\t\t\t\t\t\t<\/div>\n\t\t\t\t<\/div>\n\t\t\t\t\t<\/div>\n\t\t\t\t<\/div>\n\t\t\t\t<\/div>\n\t\t\n    <div class=\"xs_social_share_widget xs_share_url after_content \t\tmain_content  wslu-style-1 wslu-share-box-shaped wslu-fill-colored wslu-none wslu-share-horizontal wslu-theme-font-no wslu-main_content\">\n\n\t\t\n        <ul>\n\t\t\t        <\/ul>\n    <\/div> \n","protected":false},"excerpt":{"rendered":"<p>Riparazione Google Pixel 7a Prezzi della riparazione di Google Pixel 7a: Sostituzione del display (LCD + vetro) 249 CHF Sostituzione<\/p>\n","protected":false},"author":1,"featured_media":26398,"parent":0,"menu_order":0,"comment_status":"closed","ping_status":"closed","template":"","meta":{"postBodyCss":"","postBodyMargin":[],"postBodyPadding":[],"postBodyBackground":{"backgroundType":"classic","gradient":""},"footnotes":""},"class_list":["post-27169","page","type-page","status-publish","has-post-thumbnail","hentry"],"yoast_head":"<!-- This site is optimized with the Yoast SEO Premium plugin v26.8 (Yoast SEO v27.3) - https:\/\/yoast.com\/product\/yoast-seo-premium-wordpress\/ -->\n<title>Riparazione Google Pixel 7a - Servizio rapido<\/title>\n<meta name=\"description\" content=\"Riparazione Google Pixel 7a - Assistenza veloce e affidabile per il tuo dispositivo. Riparazione professionale con ricambi di alta qualit\u00e0.\" \/>\n<meta name=\"robots\" content=\"index, follow, max-snippet:-1, max-image-preview:large, max-video-preview:-1\" \/>\n<link rel=\"canonical\" href=\"https:\/\/repairandshop.ch\/it\/google-pixel-7a\/\" \/>\n<meta property=\"og:locale\" content=\"it_IT\" \/>\n<meta property=\"og:type\" content=\"article\" \/>\n<meta property=\"og:title\" content=\"Google Pixel 7a\" \/>\n<meta property=\"og:description\" content=\"Riparazione Google Pixel 7a - Assistenza veloce e affidabile per il tuo dispositivo. Riparazione professionale con ricambi di alta qualit\u00e0.\" \/>\n<meta property=\"og:url\" content=\"https:\/\/repairandshop.ch\/it\/google-pixel-7a\/\" \/>\n<meta property=\"og:site_name\" content=\"Repair And Shop\" \/>\n<meta property=\"article:modified_time\" content=\"2025-05-04T19:19:01+00:00\" \/>\n<meta property=\"og:image\" content=\"https:\/\/repairandshop.ch\/wp-content\/uploads\/2025\/03\/Google-Pixel-7a-reparatur-basel-zuerich-bern-luzern-300x300-1.jpeg\" \/>\n\t<meta property=\"og:image:width\" content=\"300\" \/>\n\t<meta property=\"og:image:height\" content=\"300\" \/>\n\t<meta property=\"og:image:type\" content=\"image\/jpeg\" \/>\n<meta name=\"twitter:card\" content=\"summary_large_image\" \/>\n<meta name=\"twitter:label1\" content=\"Tempo di lettura stimato\" \/>\n\t<meta name=\"twitter:data1\" content=\"2 minuti\" \/>\n<!-- \/ Yoast SEO Premium plugin. -->","yoast_head_json":{"title":"Riparazione Google Pixel 7a - Servizio rapido","description":"Riparazione Google Pixel 7a - Assistenza veloce e affidabile per il tuo dispositivo. Riparazione professionale con ricambi di alta qualit\u00e0.","robots":{"index":"index","follow":"follow","max-snippet":"max-snippet:-1","max-image-preview":"max-image-preview:large","max-video-preview":"max-video-preview:-1"},"canonical":"https:\/\/repairandshop.ch\/it\/google-pixel-7a\/","og_locale":"it_IT","og_type":"article","og_title":"Google Pixel 7a","og_description":"Riparazione Google Pixel 7a - Assistenza veloce e affidabile per il tuo dispositivo. Riparazione professionale con ricambi di alta qualit\u00e0.","og_url":"https:\/\/repairandshop.ch\/it\/google-pixel-7a\/","og_site_name":"Repair And Shop","article_modified_time":"2025-05-04T19:19:01+00:00","og_image":[{"width":300,"height":300,"url":"https:\/\/repairandshop.ch\/wp-content\/uploads\/2025\/03\/Google-Pixel-7a-reparatur-basel-zuerich-bern-luzern-300x300-1.jpeg","type":"image\/jpeg"}],"twitter_card":"summary_large_image","twitter_misc":{"Tempo di lettura stimato":"2 minuti"},"schema":{"@context":"https:\/\/schema.org","@graph":[{"@type":"WebPage","@id":"https:\/\/repairandshop.ch\/it\/google-pixel-7a\/","url":"https:\/\/repairandshop.ch\/it\/google-pixel-7a\/","name":"Riparazione Google Pixel 7a - Servizio rapido","isPartOf":{"@id":"https:\/\/repairandshop.ch\/it\/#website"},"primaryImageOfPage":{"@id":"https:\/\/repairandshop.ch\/it\/google-pixel-7a\/#primaryimage"},"image":{"@id":"https:\/\/repairandshop.ch\/it\/google-pixel-7a\/#primaryimage"},"thumbnailUrl":"https:\/\/repairandshop.ch\/wp-content\/uploads\/2025\/03\/Google-Pixel-7a-reparatur-basel-zuerich-bern-luzern-300x300-1.jpeg","datePublished":"2025-03-08T15:25:03+00:00","dateModified":"2025-05-04T19:19:01+00:00","description":"Riparazione Google Pixel 7a - Assistenza veloce e affidabile per il tuo dispositivo. Riparazione professionale con ricambi di alta qualit\u00e0.","breadcrumb":{"@id":"https:\/\/repairandshop.ch\/it\/google-pixel-7a\/#breadcrumb"},"inLanguage":"it-IT","potentialAction":[{"@type":"ReadAction","target":["https:\/\/repairandshop.ch\/it\/google-pixel-7a\/"]}]},{"@type":"ImageObject","inLanguage":"it-IT","@id":"https:\/\/repairandshop.ch\/it\/google-pixel-7a\/#primaryimage","url":"https:\/\/repairandshop.ch\/wp-content\/uploads\/2025\/03\/Google-Pixel-7a-reparatur-basel-zuerich-bern-luzern-300x300-1.jpeg","contentUrl":"https:\/\/repairandshop.ch\/wp-content\/uploads\/2025\/03\/Google-Pixel-7a-reparatur-basel-zuerich-bern-luzern-300x300-1.jpeg","width":300,"height":300},{"@type":"BreadcrumbList","@id":"https:\/\/repairandshop.ch\/it\/google-pixel-7a\/#breadcrumb","itemListElement":[{"@type":"ListItem","position":1,"name":"Home","item":"https:\/\/repairandshop.ch\/it\/repairandshop-ch\/"},{"@type":"ListItem","position":2,"name":"Google Pixel 7a"}]},{"@type":"WebSite","@id":"https:\/\/repairandshop.ch\/it\/#website","url":"https:\/\/repairandshop.ch\/it\/","name":"Repair And Shop","description":"","publisher":{"@id":"https:\/\/repairandshop.ch\/it\/#organization"},"potentialAction":[{"@type":"SearchAction","target":{"@type":"EntryPoint","urlTemplate":"https:\/\/repairandshop.ch\/it\/?s={search_term_string}"},"query-input":{"@type":"PropertyValueSpecification","valueRequired":true,"valueName":"search_term_string"}}],"inLanguage":"it-IT"},{"@type":"Organization","@id":"https:\/\/repairandshop.ch\/it\/#organization","name":"Repair And Shop","url":"https:\/\/repairandshop.ch\/it\/","logo":{"@type":"ImageObject","inLanguage":"it-IT","@id":"https:\/\/repairandshop.ch\/it\/#\/schema\/logo\/image\/","url":"https:\/\/repairandshop.ch\/wp-content\/uploads\/2025\/02\/RepairandShop-Logo.png","contentUrl":"https:\/\/repairandshop.ch\/wp-content\/uploads\/2025\/02\/RepairandShop-Logo.png","width":834,"height":193,"caption":"Repair And Shop"},"image":{"@id":"https:\/\/repairandshop.ch\/it\/#\/schema\/logo\/image\/"}}]}},"_links":{"self":[{"href":"https:\/\/repairandshop.ch\/it\/wp-json\/wp\/v2\/pages\/27169","targetHints":{"allow":["GET"]}}],"collection":[{"href":"https:\/\/repairandshop.ch\/it\/wp-json\/wp\/v2\/pages"}],"about":[{"href":"https:\/\/repairandshop.ch\/it\/wp-json\/wp\/v2\/types\/page"}],"author":[{"embeddable":true,"href":"https:\/\/repairandshop.ch\/it\/wp-json\/wp\/v2\/users\/1"}],"replies":[{"embeddable":true,"href":"https:\/\/repairandshop.ch\/it\/wp-json\/wp\/v2\/comments?post=27169"}],"version-history":[{"count":0,"href":"https:\/\/repairandshop.ch\/it\/wp-json\/wp\/v2\/pages\/27169\/revisions"}],"wp:featuredmedia":[{"embeddable":true,"href":"https:\/\/repairandshop.ch\/it\/wp-json\/wp\/v2\/media\/26398"}],"wp:attachment":[{"href":"https:\/\/repairandshop.ch\/it\/wp-json\/wp\/v2\/media?parent=27169"}],"curies":[{"name":"wp","href":"https:\/\/api.w.org\/{rel}","templated":true}]}}